{"id":902,"date":"2016-03-15T20:11:11","date_gmt":"2016-03-15T18:11:11","guid":{"rendered":"https:\/\/muraste.ee\/vana\/?page_id=902"},"modified":"2019-07-07T23:45:20","modified_gmt":"2019-07-07T20:45:20","slug":"vabatahtlik-too-murastes","status":"publish","type":"page","link":"https:\/\/muraste.ee\/vana\/?page_id=902","title":{"rendered":"Vabatahtlik t\u00f6\u00f6 Murastes"},"content":{"rendered":"<p><a href=\"https:\/\/muraste.ee\/vana\/wp-content\/uploads\/2015\/11\/vabatahtlik_sober-2.jpg\"><img decoding=\"async\" loading=\"lazy\" class=\"alignnone wp-image-863\" src=\"https:\/\/muraste.ee\/vana\/wp-content\/uploads\/2015\/11\/vabatahtlik_sober-2.jpg\" alt=\"vabatahtlik_sober (2)\" width=\"131\" height=\"128\" \/><\/a><br \/>\nV\u00e4ga suur osa Murastes korraldatavatest \u00fcritustest saab teoks tublide vabatahtlike kaasabil.<\/p>\n<p>Tulekul taas p\u00f5nevad\u00a0ettev\u00f5tmised ning uued\/senised vabatahtlikud seega r\u00f5\u00f5muga\u00a0oodaud!<\/p>\n<p><strong>MEIE SUUREP\u00c4RASED VABATAHTLIKUD*\u00a0<\/strong><em>(nimekiri on pidevas liikumises)<\/em><\/p>\n<p><strong>ANNALIISA PRIIVITS<\/strong> &#8211; kaunid kunstid kujundusest k\u00e4sit\u00f6\u00f6 ja \u00a0lilleseadeni ning alati olemas ja abiks \u00a0olemiseni<br \/>\n<strong>ANNELI HABICH<\/strong>&#8211; tarkus ja teadmised tervisest ja liikumisest<br \/>\n<strong>ANDRUS SALISTE<\/strong> &#8211; tark mees taskus<br \/>\n<strong>AIRI MARK &#8211; <\/strong>aktiivsus korraldusest m\u00e4ngujuhtimiseni<strong><br \/>\nEVAR OJASAAR &#8211; <\/strong>\u00a0p\u00fcsib kahtlus, et ta \u00f6\u00f6p\u00e4evas on v\u00e4hemalt 72 h. Ta lihtsalt on\u00a0<strong><br \/>\n<\/strong><strong>KALLE JOOST<\/strong> &#8211; tehnnilisest taibust tugevate abik\u00e4teni<br \/>\n<strong>LIISA OVIIR-<\/strong> nutikad lahendused ja juriidiline hoitus<br \/>\n<strong>MONIKA OTS<\/strong> &#8211; Naiskodukaitse on hoitud<br \/>\n<strong>MARGUS KIKAS<\/strong> &#8211; nipikad lahendused<br \/>\n<strong>SANDER KIKAS<\/strong> &#8211; plakatid ja kujundus<\/p>\n<p>NB! Nimekiri tegevustest, kuhu vajame vabatahtlikke abilisi, t\u00e4ieneb\/muutub pidevalt!\u00a0Rohkem teavet Muraste kogukonnakeskusest muraste@muraste.ee<\/p>\n","protected":false},"excerpt":{"rendered":"<p>V\u00e4ga suur osa Murastes korraldatavatest \u00fcritustest saab teoks tublide vabatahtlike kaasabil. Tulekul taas p\u00f5nevad\u00a0ettev\u00f5tmised ning uued\/senised vabatahtlikud seega r\u00f5\u00f5muga\u00a0oodaud! MEIE SUUREP\u00c4RASED VABATAHTLIKUD*\u00a0(nimekiri on pidevas liikumises) ANNALIISA PRIIVITS &#8211; kaunid kunstid kujundusest k\u00e4sit\u00f6\u00f6 ja \u00a0lilleseadeni ning alati olemas ja abiks \u00a0olemiseni ANNELI HABICH&#8211; tarkus ja teadmised tervisest ja liikumisest ANDRUS SALISTE &#8211; tark mees taskus AIRI<a class=\"moretag\" href=\"https:\/\/muraste.ee\/vana\/?page_id=902\"><br \/>&#8230;Loe edasi<\/a><\/p>\n","protected":false},"author":2,"featured_media":0,"parent":0,"menu_order":0,"comment_status":"closed","ping_status":"closed","template":"","meta":{"_bbp_topic_count":0,"_bbp_reply_count":0,"_bbp_total_topic_count":0,"_bbp_total_reply_count":0,"_bbp_voice_count":0,"_bbp_anonymous_reply_count":0,"_bbp_topic_count_hidden":0,"_bbp_reply_count_hidden":0,"_bbp_forum_subforum_count":0,"_mc_calendar":[]},"_links":{"self":[{"href":"https:\/\/muraste.ee\/vana\/index.php?rest_route=\/wp\/v2\/pages\/902"}],"collection":[{"href":"https:\/\/muraste.ee\/vana\/index.php?rest_route=\/wp\/v2\/pages"}],"about":[{"href":"https:\/\/muraste.ee\/vana\/index.php?rest_route=\/wp\/v2\/types\/page"}],"author":[{"embeddable":true,"href":"https:\/\/muraste.ee\/vana\/index.php?rest_route=\/wp\/v2\/users\/2"}],"replies":[{"embeddable":true,"href":"https:\/\/muraste.ee\/vana\/index.php?rest_route=%2Fwp%2Fv2%2Fcomments&post=902"}],"version-history":[{"count":9,"href":"https:\/\/muraste.ee\/vana\/index.php?rest_route=\/wp\/v2\/pages\/902\/revisions"}],"predecessor-version":[{"id":7333,"href":"https:\/\/muraste.ee\/vana\/index.php?rest_route=\/wp\/v2\/pages\/902\/revisions\/7333"}],"wp:attachment":[{"href":"https:\/\/muraste.ee\/vana\/index.php?rest_route=%2Fwp%2Fv2%2Fmedia&parent=902"}],"curies":[{"name":"wp","href":"https:\/\/api.w.org\/{rel}","templated":true}]}}