{"id":92,"date":"2015-11-23T20:12:50","date_gmt":"2015-11-23T18:12:50","guid":{"rendered":"https:\/\/muraste.ee\/vana\/?page_id=92"},"modified":"2018-01-13T13:30:41","modified_gmt":"2018-01-13T11:30:41","slug":"pohikiri","status":"publish","type":"page","link":"https:\/\/muraste.ee\/vana\/?page_id=92","title":{"rendered":"P\u00f5hikiri"},"content":{"rendered":"<h5><em>MT\u00dc Muraste K\u00fclaselts sai alguse kodukandi arengu eest hea seista tahtvate elanike koosistumistest ja m\u00f5ttevahetustest. \u00dcsna kiiresti j\u00f5uti arusaamale, et koos tegutsedes on v\u00f5imalik tekkinud ideed ellu viia. M\u00f5te luua k\u00fclaselts oli meelt m\u00f6\u00f6da paljudele Muraste kandi elanikele &#8211; nii loodigi 28.aprillil 2009. aastal MT\u00dc Muraste k\u00fclaselts.<\/em><\/h5>\n<h4 style=\"text-align: justify;\">MURASTE K\u00dcLASELTS MT\u00dc P\u00d5HIKIRI<\/h4>\n<p style=\"text-align: justify;\">Kinnitatud 28. aprilli 2009 s\u00f5lmitud asutamislepinguga, muudetud 25. mai 2016 ja 16.\u00a0novembri 2017 \u00fcldkoosoleku otsusega<\/p>\n<p style=\"text-align: justify;\"><strong>1. \u00dcLDS\u00c4TTED<\/strong><br \/>\n1.1. Mittetulundus\u00fching nimetusega Muraste K\u00fclaselts (edaspidi: Selts) on vabatahtlikkuse alusel \u00fchinenud isikute \u00fchendus, mis tegutseb avalikes huvides ja demokraatlikel p\u00f5him\u00f5tetel.<br \/>\n1.2. Seltsi tegevuspiirkond on Harku valla Muraste kant.<br \/>\n1.3. Seltsi asukoht on Muraste k\u00fcla, Harku vald, 76905, Harjumaa, Eesti Vabariik.<br \/>\n1.4. Selts juhindub oma tegevuses Eesti Vabariigi seadusandlusest ja k\u00e4esolevast p\u00f5hikirjast.<\/p>\n<p><strong>2. SELTSI EESM\u00c4RK JA \u00dcLESANDED<\/strong><br \/>\n2.1. Seltsi tegevuse eesm\u00e4rgiks on Muraste kandi seltsielu taaselustamine, looduse ja kultuurip\u00e4randi s\u00e4ilitamine ja kandi harmoonilisele arengule kaasaaitamine; sotsiaalse, majandusliku ja kultuurilise infrastruktuuri edendamine ning piirkonna elanike huvide esindamine ja kaitsmine.<br \/>\n2.2. Tegevuse eesm\u00e4rgist tulenevalt on Seltsi \u00fclesanded:<br \/>\n2.2.1. piirkonna arenguprioriteetide m\u00e4\u00e4ratlemine, arengukava koostamine ning selles kavandatud tegevuste elluviimine;<br \/>\n2.2.2. ettepanekute tegemine kohalikule omavalitsusele k\u00fclakogukonna ja tema elukeskkonna k\u00fcsimustes ja koost\u00f6\u00f6 edendamine kohaliku omavalitsusega;<br \/>\n2.2.3. piirkonna vabaajakeskuse v\u00e4ljaarendamine;<br \/>\n2.2.4. piirkonna ajaloo uurimisele, kogumisele ja j\u00e4\u00e4dvustamisele kaasaaitamine;<br \/>\n2.2.5. piirkonna arengule kaasa aitavate \u00fcrituste, kursuste, koolituste ja infop\u00e4evade korraldamine ja vahendamine;<br \/>\n2.2.6. rahaliste ja muude vahendite hankimine ja vahendamine kogukonnale;<br \/>\n2.2.7. s\u00e4\u00e4stva arengu, heakorra ning loodushoiu p\u00f5him\u00f5tete realiseerimine;<br \/>\n2.2.8. igak\u00fclgse koost\u00f6\u00f6 arendamine teiste sarnase eesm\u00e4rgiga \u00fchenduste ja organisatsioonidega Eestis ja teistes riikides.<\/p>\n<p><strong>3. SELTSI LIIKMEKS VASTUV\u00d5TMISE TINGIMUSED JA KORD<\/strong><br \/>\n3.1. Seltsi asutajaliikmeteks on asutamislepingu s\u00f5lminud isikud.<br \/>\n3.2. Peale asutajaliikmete v\u00f5ib seltsi liikmeks olla iga f\u00fc\u00fcsiline v\u00f5i juriidiline isik, kes soovib arendada seltsi eesm\u00e4rkidega koosk\u00f5las olevat tegevust, esitab seltsi juhatusele juhatuse poolt kinnitatud vormis kirjaliku avalduse, milles kohustub t\u00e4itma seltsi p\u00f5hikirja ja tasuma seltsi \u00fcldkoosoleku poolt kinnitatud liikmemaksu<br \/>\n3.3. Seltsi liikmeks vastuv\u00f5tmise otsustab juhatus lihth\u00e4\u00e4lteenamusega.<\/p>\n<p><strong>4. SELTSIST V\u00c4LJAASTUMISE JA V\u00c4LJAARVAMISE TINGIMUSED JA KORD<\/strong><br \/>\n4.1. Seltsist v\u00e4ljaastumiseks esitab seltsi liige juhatusele kirjaliku avalduse. Seltsi liige loetakse v\u00e4ljaastunuks avalduse esitamisele j\u00e4rgnevast p\u00e4evast, kui avalduses ei ole m\u00e4rgitud hilisemat aega.<br \/>\n4.2. Juhatuse otsusel v\u00f5ib seltsi liikme seltsist v\u00e4lja arvata kui ta:<br \/>\n4.2.1. ei ole majandusaasta l\u00f5puks tasunud liikmemaksu;<br \/>\n4.2.2. on korduvalt rikkunud korduvalt seltsi p\u00f5hikirja;<br \/>\n4.2.3. on olulisel m\u00e4\u00e4ral kahjustanud seltsi mainet;<br \/>\n4.2.4. on esitanud Seltsi liikmeks astumisel teadlikult eba\u00f5igeid andmeid.<br \/>\n4.3. Seltsi liikmel on \u00f5igus osaleda juhatuse koosolekul oma v\u00e4ljaarvamise k\u00fcsimuse arutamisel s\u00f5na\u00f5igusega. Koosoleku aeg tuleb talle teatavaks teha v\u00e4hemalt 2 n\u00e4dalat enne toimumist kirjalikult v\u00f5i e-postiga. Otsus loetakse vastuv\u00f5etuks, kui selle poolt h\u00e4\u00e4letab 2\/3 juhatuse liikmetest.<br \/>\n4.4. Seltsist v\u00e4ljaastunud v\u00f5i v\u00e4ljaarvatud liige on kohustatud likvideerima oma v\u00f5lgnevused Seltsi ees.<\/p>\n<p><strong>5. LIIKME \u00d5IGUSED JA KOHUSTUSED<\/strong><br \/>\n5.1. Seltsi liikmel on \u00f5igus:<br \/>\n5.1.1. osaleda h\u00e4\u00e4le\u00f5igusega seltsi \u00fcldkoosolekul;<br \/>\n5.1.2. olla valitud seltsi juhatuse ja muude organite liikmeks;<br \/>\n5.1.3. osaleda seltsi tegevuses ja kasutada muid p\u00f5hikirjas etten\u00e4htud \u00f5igusi;<br \/>\n5.1.4. saada juhatuselt teavet seltsi tegevuse kohta;<br \/>\n5.1.5. teha ettepanekuid seltsi tegevust puudutavates k\u00fcsimustes.<br \/>\n5.2. Seltsi liige on kohustatud:<br \/>\n5.2.1. v\u00f5tma osa seltsi tegevusest;<br \/>\n5.2.2. t\u00e4itma seltsi p\u00f5hikirja ja seltsi \u00fcldkoosoleku ning juhatuse otsuseid;<br \/>\n5.2.3. tasuma seltsi liikmemaksu m\u00e4\u00e4ratud t\u00e4htajaks;<br \/>\n5.2.4. teatama seltsi juhatusele arvestuse pidamiseks ja info edastamiseks oma kontaktandmed ja kontaktandmete muutumisel teavitama juhatust sellest 1 kuu jooksul;<br \/>\n5.2.5. heastama seltsi varale tekitatud kahju;<br \/>\n5.2.6. hoidma ja kaitsma seltsi nime ja mainet.<\/p>\n<p><strong>6. \u00dcLDKOOSOLEKU P\u00c4DEVUS<\/strong><br \/>\n6.1. Seltsi k\u00f5rgeimaks organiks on \u00fcldkoosolek. Igal seltsi liikmel on \u00fcldkoosolekul \u00fcks h\u00e4\u00e4l.<br \/>\n6.2. \u00dcldkoosoleku p\u00e4devuses on lisaks seaduses s\u00e4testatule:<br \/>\n6.2.1. juhatuse liikmete arvu m\u00e4\u00e4ramine; juhatuse liikmete valimine ja tagasikutsumine;<br \/>\n6.2.2. revisjonikomisjoni liikmete valimine ja tagasikutsumine,<br \/>\n6.2.3. liikmemaksu suuruse ja tasumise korra ning t\u00e4htaja m\u00e4\u00e4ramine;<br \/>\n6.2.4. seltsile kuuluvate kinnisasjade ja registrisse kantavate vallasasjade v\u00f5\u00f5randamise ja asja\u00f5igusseadustega koormamise otsustamine ja tingimuste m\u00e4\u00e4ramine nimetatud tehinguteks;<br \/>\n6.2.5. n\u00f5usoleku andmine tehingute sooritamiseks, mille v\u00e4\u00e4rtus on\u00a0<span style=\"color: #000000;\">10 000 eurot<\/span> ja rohkem.<em>\u00a0[\u00dcldkoosoleku otsus 25.05.2016]<\/em><br \/>\n6.2.6. muude k\u00fcsimuste otsustamine, mida seaduse v\u00f5i p\u00f5hikirjaga ei ole antud seltsi teiste organite p\u00e4devusse.<\/p>\n<p><strong>7. \u00dcLDKOOSOLEKU KOKKUKUTSUMINE<\/strong><br \/>\n7.1. \u00dcldkoosoleku kutsub kokku juhatus:<br \/>\n7.1.1. aastaaruande kinnitamiseks;<br \/>\n7.1.2. kui et n\u00f5uab kirjalikult ja p\u00f5hjust \u00e4ra n\u00e4idates v\u00e4hemalt 1\/10 Seltsi liikmetest;<br \/>\n7.1.3. muudel juhtudel, kui see on seltsi huvides vajalik.<br \/>\n7.2. \u00dcldkoosoleku kokkukutsumiseks avaldab juhatus v\u00e4hemalt 2 n\u00e4dalat enne selle toimumise p\u00e4eva avaliku teate, milles on n\u00e4idatud koosoleku toimumise aeg, koht ja p\u00e4evakord v\u00f5i saadab igale seltsi liikmele 2 n\u00e4dalat enne \u00fcldkoosoleku toimumist samasisulise teate kirjalikult v\u00f5i e-postiga. Seltsi liikmel on \u00f5igus kolme p\u00e4eva jooksul teate k\u00e4ttesaamisest lisada p\u00e4evakorda t\u00e4iendavaid punkte.<br \/>\n7.3. \u00dcldkoosolek on otsustusv\u00f5imeline, kui koosolekul osaleb v\u00e4hemalt 1\/10 seltsi liikmetest v\u00f5i nende esindajatest. Otsus on vastu v\u00f5etud, kui selle poolt h\u00e4\u00e4letab \u00fcle poole \u00fcldkoosolekul osalenutest v\u00f5i nende esindajatest. Juhul, kui \u00fcldkoosolekule ilmub v\u00e4hem kui 1\/10\u00a0 seltsi liikmetest, kutsub juhatus k\u00f5ige varem n\u00e4dala ja k\u00f5ige hiljem kolme n\u00e4dala jooksul kokku uue \u00fcldkoosoleku sama p\u00e4evakorraga. Teistkordselt kokkukutsutud \u00fcldkoosolek on p\u00e4dev vastu v\u00f5tma otsuseid s\u00f5ltumata koosolekul esindatud liikmete arvust<span style=\"color: #000000;\">\u00a0\u00a0<em>[\u00dcldkoosoleku otsus 16.11.2017]<\/em><\/span><br \/>\n7.4. Seltsi eesm\u00e4rgi muutmiseks on vajalik 9\/10 \u00fcldkoosolekul osalenud liikmete h\u00e4\u00e4ltest.<br \/>\n7.5. Seltsi p\u00f5hikirja muutmiseks ja seltsi tegevuse l\u00f5petamiseks on vajalik \u00fcldkoosoleku 2\/3 h\u00e4\u00e4lteenamus.<\/p>\n<p><strong>8. JUHATUS<\/strong><br \/>\n8.1. Seltsi tegevust juhib ja seda esindab v\u00e4hemalt 5-liikmeline juhatus. Juhatus valib enda seast juhatuse esimehe.\u00a0\u00a0<em>[\u00dcldkoosoleku otsus 16.11.2017]<\/em><br \/>\n8.2. Juhatuse liikmed valitakse \u00fcldkoosoleku poolt avalikul h\u00e4\u00e4letamisel 3 aastaks.<br \/>\n8.3. Igal juhatuse liikmel on \u00f5igus esindada seltsi k\u00f5ikides \u00f5igustoimingutes.<br \/>\n8.4. Juhatuse otsused v\u00f5etakse vastu juhatuse liikmete poolth\u00e4\u00e4lteenamusega, kui p\u00f5hikiri ei s\u00e4testa teisiti.<\/p>\n<p><strong>9. J\u00c4RELVALVE<\/strong><br \/>\n9.1. Seltsi \u00fcldkoosolek valib avalikul h\u00e4\u00e4letusel kolmeliikmelise revisjonikomisjoni, kelle \u00fclesandeks on j\u00e4relevalve seltsi majandustegevuse ning vara ja vahendite seisundi \u00fcle.<br \/>\n9.2. Revisjonikomisjon annab oma tegevusest aru \u00fcldkoosolekule v\u00e4hemalt \u00fcks kord majandusaasta jooksul.<br \/>\n9.3. Revisjonikomisjoni liikmetel on \u00f5igus osaleda juhatuse koosolekul s\u00f5na\u00f5igusega.<\/p>\n<p><strong>10. SELTSI MAJANDUSTEGEVUS JA SELTSI VARA<\/strong><br \/>\n10.1. Selts peab raamatupidamise arvestust ja maksab \u00f5igusaktidega s\u00e4testatud korras makse.<br \/>\n10.2. Seltsi majandusaasta algab 1.jaanuaril ja l\u00f5peb 31.detsembril.<br \/>\n10.3. Seltsi rahalised vahendid moodustuvad:<br \/>\n10.3.1 liikmemaksudest;<br \/>\n10.3.2 sihtotstarbelistest eraldistest;<br \/>\n10.3.3 seltsi p\u00f5hikirjalistest eesm\u00e4rkidest tulenevate tasuliste teenuste osutamisest ja \u00fcrituste korraldamisest saadus tulust;<br \/>\n10.3.4 riigi ja kohaliku omavalitsuse poolt lepinguga \u00fcleantavast varast;<br \/>\n10.3.5 kodu- ja v\u00e4lisriikide f\u00fc\u00fcsiliste ja juriidiliste isikute rahalistest ja varalistest annetustest, sponsorlusest ning muudest seadusega lubatud laekumistest.<\/p>\n<p><strong>11. \u00dcHINEMINE. JAGUNEMINE. LIKVIDEERIMINE<\/strong><br \/>\n11.1. Seltsi \u00fchinemine, jagunemine ja likvideerimine toimuvad seaduses s\u00e4testatud korras.<br \/>\n11.2. Seltsi likvideerijateks on juhatuse liikmed.<br \/>\n11.3. Seltsi likvideerimisel antakse p\u00e4rast v\u00f5lausaldajate n\u00f5uete rahuldamist allesj\u00e4\u00e4nud vara sarnase eesm\u00e4rgiga tulumaksusoodustusega mittetulundus\u00fchingute ja sihtasutuste nimekirja liikmele v\u00f5i avalik-\u00f5iguslikule juriidilisele isikule.<\/p>\n<pre><\/pre>\n","protected":false},"excerpt":{"rendered":"<p>MT\u00dc Muraste K\u00fclaselts sai alguse kodukandi arengu eest hea seista tahtvate elanike koosistumistest ja m\u00f5ttevahetustest. \u00dcsna kiiresti j\u00f5uti arusaamale, et koos tegutsedes on v\u00f5imalik tekkinud ideed ellu viia. M\u00f5te luua k\u00fclaselts oli meelt m\u00f6\u00f6da paljudele Muraste kandi elanikele &#8211; nii loodigi 28.aprillil 2009. aastal MT\u00dc Muraste k\u00fclaselts. MURASTE K\u00dcLASELTS MT\u00dc P\u00d5HIKIRI Kinnitatud 28. aprilli 2009<a class=\"moretag\" href=\"https:\/\/muraste.ee\/vana\/?page_id=92\"><br \/>&#8230;Loe edasi<\/a><\/p>\n","protected":false},"author":1,"featured_media":0,"parent":0,"menu_order":0,"comment_status":"closed","ping_status":"closed","template":"page-templates\/full-width.php","meta":{"_bbp_topic_count":0,"_bbp_reply_count":0,"_bbp_total_topic_count":0,"_bbp_total_reply_count":0,"_bbp_voice_count":0,"_bbp_anonymous_reply_count":0,"_bbp_topic_count_hidden":0,"_bbp_reply_count_hidden":0,"_bbp_forum_subforum_count":0,"_mc_calendar":[]},"_links":{"self":[{"href":"https:\/\/muraste.ee\/vana\/index.php?rest_route=\/wp\/v2\/pages\/92"}],"collection":[{"href":"https:\/\/muraste.ee\/vana\/index.php?rest_route=\/wp\/v2\/pages"}],"about":[{"href":"https:\/\/muraste.ee\/vana\/index.php?rest_route=\/wp\/v2\/types\/page"}],"author":[{"embeddable":true,"href":"https:\/\/muraste.ee\/vana\/index.php?rest_route=\/wp\/v2\/users\/1"}],"replies":[{"embeddable":true,"href":"https:\/\/muraste.ee\/vana\/index.php?rest_route=%2Fwp%2Fv2%2Fcomments&post=92"}],"version-history":[{"count":30,"href":"https:\/\/muraste.ee\/vana\/index.php?rest_route=\/wp\/v2\/pages\/92\/revisions"}],"predecessor-version":[{"id":5072,"href":"https:\/\/muraste.ee\/vana\/index.php?rest_route=\/wp\/v2\/pages\/92\/revisions\/5072"}],"wp:attachment":[{"href":"https:\/\/muraste.ee\/vana\/index.php?rest_route=%2Fwp%2Fv2%2Fmedia&parent=92"}],"curies":[{"name":"wp","href":"https:\/\/api.w.org\/{rel}","templated":true}]}}