{"id":927,"date":"2016-03-15T21:22:35","date_gmt":"2016-03-15T19:22:35","guid":{"rendered":"https:\/\/muraste.ee\/vana\/?page_id=927"},"modified":"2019-08-01T23:55:04","modified_gmt":"2019-08-01T20:55:04","slug":"muraste-videos","status":"publish","type":"page","link":"https:\/\/muraste.ee\/vana\/?page_id=927","title":{"rendered":"Videod"},"content":{"rendered":"<p>Koost\u00f6\u00f6 <a href=\"https:\/\/youtu.be\/Tt6pJif6BTI\" target=\"_blank\">Hommikuv\u00f5\u00edmlemine<\/a>, autor Muraste k\u00fclaselts<\/p>\n<p>Reklaamklipp etendusele <a href=\"https:\/\/youtu.be\/S2y6MEwC-rw\" target=\"_blank\">Alice Imedemaal<\/a>, autor Urmo Lamp<\/p>\n<p>Reklaamklipp <a href=\"https:\/\/youtu.be\/jFUY7wgOgWM\" target=\"_blank\">Muraste rulapark<\/a>, autor Tiptiptap O\u00dc<\/p>\n<p>Reklaamklipp<a href=\"https:\/\/www.youtube.com\/watch?v=Nij23pUGK24\">\u00a0<span style=\"color: #339966;\"><strong>Meie Muraste<\/strong><\/span><\/a>; autor\u00a0Muraste k\u00fclaselts<\/p>\n<p>Vaatefilm\u00a0<span style=\"color: #339966;\"><strong><a style=\"color: #339966;\" href=\"https:\/\/www.youtube.com\/watch?v=84EyxwAbnu4\" target=\"_blank\">Muraste \u00fclelend<\/a><\/strong><\/span>, autor Kaupo Kalda<\/p>\n<p>Vaatefilm <span style=\"color: #008000;\"><strong><a style=\"color: #008000;\" href=\"https:\/\/www.youtube.com\/watch?v=vv1-jb1bbrk\" target=\"_blank\">Muraste kool<\/a>, <\/strong><span style=\"color: #000000;\">autor<\/span><\/span> Henrik Zachrau<\/p>\n<p>Vaatefilm <span style=\"color: #339966;\"><strong><a style=\"color: #339966;\" href=\"https:\/\/www.youtube.com\/watch?v=QALkkmjf7Wk\" target=\"_blank\">Flying around Muraste<\/a><\/strong><\/span>, autor Henrik Zachrau<\/p>\n<p>Vaatefilm\u00a0<span style=\"color: #339966;\"><strong><a style=\"color: #339966;\" href=\"https:\/\/www.youtube.com\/watch?v=RW1vrDMiU8I\" target=\"_blank\">Muraste zumba s\u00fcdameparaad<\/a><\/strong><\/span>, autor Kaupo Kalda<\/p>\n<p>Vaatefilm <strong><span style=\"color: #339966;\"><a style=\"color: #339966;\" href=\"https:\/\/www.youtube.com\/watch?v=GD6MS-OazWY\" target=\"_blank\">Muraste jooga<\/a><\/span><\/strong>, autor Evar Ojasaar<\/p>\n<p>Tantsufilm, &#8220;J\u00e4\u00e4aeg Live&#8221; tantsukonkursi v\u00f5itja <a href=\"https:\/\/www.youtube.com\/watch?v=aM_xubZX8r4\" target=\"_blank\"><strong><span style=\"color: #339966;\">&#8220;2 klass<\/span><\/strong>&#8220;<\/a>, 2014\/2015 \u00f5ppeaasta, autor FBI ConcertClub<\/p>\n<p>Reklaamklipp EV100 projektile <a href=\"https:\/\/www.youtube.com\/watch?v=3cCqIVyxeHs\" target=\"_blank\">&#8220;<strong><span style=\"color: #339966;\">Tantsuvahetund igasse kooli<\/span><\/strong><\/a>&#8220;, autor Muraste k\u00fclaselts<\/p>\n<p>N\u00e4idisvideo EV100 projektile &#8220;<strong><span style=\"color: #339966;\"><a style=\"color: #339966;\" href=\"https:\/\/www.youtube.com\/watch?v=RFAnOn182fk\" target=\"_blank\">Tantsuvahetund igasse kooli<\/a><\/span><\/strong>&#8220;, autor Muraste k\u00fclaselts<\/p>\n<p><strong><span style=\"color: #339966;\"><a style=\"color: #339966;\" href=\"https:\/\/www.youtube.com\/watch?v=gJSrYIEXwgU\" target=\"_blank\">Rahvusvaheline tantsup\u00e4ev Muraste koolis<\/a><\/span><\/strong>, autor Muraste kool<\/p>\n<p><strong><span style=\"color: #339966;\"><a style=\"color: #339966;\" href=\"https:\/\/www.youtube.com\/watch?v=wJa6d-1zHA0\" target=\"_blank\">Kuidas Murastesse tuli j\u00f5ulupuu 2015. aastal? <\/a><\/span><\/strong>(action),\u00a0autor Evar Ojasaar<\/p>\n<p><strong><span style=\"color: #339966;\"><a style=\"color: #339966;\" href=\"https:\/\/www.youtube.com\/watch?v=EdioXH2Eo5E\">Kuidas Murastesse tuli j\u00f5ulupuu 2016. aastal?<\/a><\/span><\/strong> (action), autor Evar Ojasaar<\/p>\n<p><strong><span style=\"color: #339966;\"><a style=\"color: #339966;\" href=\"https:\/\/www.youtube.com\/watch?v=LfV68SHL0hI\" target=\"_blank\">Muraste lennukas perep\u00e4ev 2016<\/a><\/span><\/strong>, autor Evar Ojasaar<\/p>\n<p><strong><span style=\"color: #339966;\"><a style=\"color: #339966;\" href=\"https:\/\/www.youtube.com\/watch?v=ER-eYLrOrfc\" target=\"_blank\">Muraste lennukas perep\u00e4ev 2016<\/a><\/span><\/strong>, autor Reigo Rusing<\/p>\n<p><strong><span style=\"color: #339966;\"><a style=\"color: #339966;\" href=\"https:\/\/www.youtube.com\/watch?v=ss9S4fgBqVw\" target=\"_blank\">Muraste lennukas perep\u00e4ev 2016<\/a><\/span><\/strong>, autor revlis02<\/p>\n<p><strong><span style=\"color: #339966;\"><a style=\"color: #339966;\" href=\"https:\/\/www.youtube.com\/watch?v=baAXOpu9Zxs\" target=\"_blank\">Harku valla k\u00fclade p\u00e4ev 2016 <\/a><\/span><\/strong>(Muraste ala), autor Evar Ojasaar<\/p>\n<p><strong><span style=\"color: #339966;\"><a style=\"color: #339966;\" href=\"https:\/\/www.youtube.com\/watch?v=eau3pnjhrU4\" target=\"_blank\">Tilgu h\u00fcljeste saunamaa<\/a>l<\/span><\/strong>, autor \u00a0Evar Ojasaar<\/p>\n<p><a href=\"https:\/\/www.youtube.com\/watch?v=83HFAe4_AX0\" target=\"_blank\"><strong><span style=\"color: #339966;\">Direktor Priit J\u00f5e Muraste kooli eduteguritest<\/span><\/strong>,<\/a> autor Haridusministeerium<\/p>\n","protected":false},"excerpt":{"rendered":"<p>Koost\u00f6\u00f6 Hommikuv\u00f5\u00edmlemine, autor Muraste k\u00fclaselts Reklaamklipp etendusele Alice Imedemaal, autor Urmo Lamp Reklaamklipp Muraste rulapark, autor Tiptiptap O\u00dc Reklaamklipp\u00a0Meie Muraste; autor\u00a0Muraste k\u00fclaselts Vaatefilm\u00a0Muraste \u00fclelend, autor Kaupo Kalda Vaatefilm Muraste kool, autor Henrik Zachrau Vaatefilm Flying around Muraste, autor Henrik Zachrau Vaatefilm\u00a0Muraste zumba s\u00fcdameparaad, autor Kaupo Kalda Vaatefilm Muraste jooga, autor Evar Ojasaar Tantsufilm, &#8220;J\u00e4\u00e4aeg Live&#8221;<a class=\"moretag\" href=\"https:\/\/muraste.ee\/vana\/?page_id=927\"><br \/>&#8230;Loe edasi<\/a><\/p>\n","protected":false},"author":2,"featured_media":0,"parent":0,"menu_order":0,"comment_status":"closed","ping_status":"closed","template":"page-templates\/full-width.php","meta":{"_bbp_topic_count":0,"_bbp_reply_count":0,"_bbp_total_topic_count":0,"_bbp_total_reply_count":0,"_bbp_voice_count":0,"_bbp_anonymous_reply_count":0,"_bbp_topic_count_hidden":0,"_bbp_reply_count_hidden":0,"_bbp_forum_subforum_count":0,"_mc_calendar":[]},"_links":{"self":[{"href":"https:\/\/muraste.ee\/vana\/index.php?rest_route=\/wp\/v2\/pages\/927"}],"collection":[{"href":"https:\/\/muraste.ee\/vana\/index.php?rest_route=\/wp\/v2\/pages"}],"about":[{"href":"https:\/\/muraste.ee\/vana\/index.php?rest_route=\/wp\/v2\/types\/page"}],"author":[{"embeddable":true,"href":"https:\/\/muraste.ee\/vana\/index.php?rest_route=\/wp\/v2\/users\/2"}],"replies":[{"embeddable":true,"href":"https:\/\/muraste.ee\/vana\/index.php?rest_route=%2Fwp%2Fv2%2Fcomments&post=927"}],"version-history":[{"count":27,"href":"https:\/\/muraste.ee\/vana\/index.php?rest_route=\/wp\/v2\/pages\/927\/revisions"}],"predecessor-version":[{"id":7433,"href":"https:\/\/muraste.ee\/vana\/index.php?rest_route=\/wp\/v2\/pages\/927\/revisions\/7433"}],"wp:attachment":[{"href":"https:\/\/muraste.ee\/vana\/index.php?rest_route=%2Fwp%2Fv2%2Fmedia&parent=927"}],"curies":[{"name":"wp","href":"https:\/\/api.w.org\/{rel}","templated":true}]}}