{"id":9302,"date":"2022-10-03T14:04:46","date_gmt":"2022-10-03T11:04:46","guid":{"rendered":"https:\/\/muraste.ee\/vana\/?page_id=9302"},"modified":"2022-10-03T14:04:47","modified_gmt":"2022-10-03T11:04:47","slug":"nadal-40-2022","status":"publish","type":"page","link":"https:\/\/muraste.ee\/vana\/?page_id=9302","title":{"rendered":"N\u00e4dal 40. 2022"},"content":{"rendered":"\n<p><img decoding=\"async\" loading=\"lazy\" width=\"624\" height=\"351\" src=\"https:\/\/muraste.ee\/vana\/wp-content\/uploads\/2022\/10\/307699659_5360033804095267_5836402100258512012_n.jpg\" alt=\"\"><\/p>\n\n\n\n<h1 class=\"wp-block-heading\">N\u00e4dal 40<\/h1>\n\n\n\n<p>Tere, armas Muraste! Algas oktoober ja PORIKUU Festival https:\/\/www.porikuu.ee\/, selle raames on Murastes kavas kaks TASUTA \u00fcritust \u2013 Loodusmatk ja Seenelk\u00e4ik! Reedel on k\u00f5ik oodatud sensatsioonilisele KINO\u00d5HTULE. Linastub uus m\u00e4ngufilm \u201cKALEV\u201d, no seda peaks k\u00fcll iga eestlane n\u00e4gema, kuuldavasti kandideerib see film ka Oscarile. Elame n\u00e4eme.<\/p>\n\n\n\n<p>P\u00fchap\u00e4eval toimus Murastes v\u00e4ga nunnu \u00fcritus. Esinejad Reelike ja \u00dclle on v\u00e4ga professionaalsed m\u00e4ngumeistrid, nad etendavad, m\u00e4ngivad, laulavad, teevad m\u00f5istatusi ja meisterdavad koos lastega.<\/p>\n\n\n\n<p><strong>KUKLIKOHVIK,<\/strong>&nbsp;mille ristiema on Aule Kikas \u2013 see on laste \u00fcrituste sari kuni 3 klassi lastele \u2013 j\u00e4lgi reklaamI! Tulge j\u00e4rgmisel korral kindlasti!https:\/\/www.youtube.com\/embed\/LIv4P2tAI_g?feature=oembed<\/p>\n\n\n\n<p><strong>KINO\u00d5HTU: KALEV<\/strong><\/p>\n\n\n\n<p><strong>7. okt. REEDEL kell 19.00<\/strong><\/p>\n\n\n\n<p>Muraste kinopunkt (Lee tee 9)<\/p>\n\n\n\n<p>Pilet: 5.00\/4.00<\/p>\n\n\n\n<figure class=\"wp-block-image\"><a href=\"https:\/\/muraste.ee\/vana\/wp-content\/uploads\/2022\/09\/KALEV.jpg\"><img decoding=\"async\" loading=\"lazy\" width=\"1587\" height=\"2245\" src=\"https:\/\/muraste.ee\/vana\/wp-content\/uploads\/2022\/09\/KALEV.jpg\" alt=\"\" class=\"wp-image-9284\"\/><\/a><\/figure>\n\n\n\n<p>Oscari nominent.<\/p>\n\n\n\n<p>Uus menufilm \u201cKALEV\u201d<br>7.okt. kell 19.00<br>Muraste kinopunktis Lee tee 9<br>pilet: 5.00\/4.00 eur1990 aasta suvi. Peatselt on algamas NSV Liidu meistriv\u00f5istluste j\u00e4rjekordne hooaeg. Kalevi korvpallimeeskond seisab p\u00e4rast aastaid kestnud rasket t\u00f6\u00f6d veelgi raskema valiku ees \u2013 N\u00f5ukogude Liit laguneb, Eesti p\u00fc\u00fcdleb taasiseseisvuse poole ja \u00fchiskonnas t\u00f5stab pead arvamus, et eestlased ei tohiks N\u00f5ukogude Liidu meistriv\u00f5istlustel osaleda. Mehed, kes on p\u00fchendanud kogu elu spordile ja treeninud vaid \u00fche eesm\u00e4rgi nimel, teevad raske ja \u00fchiskonnas ebapopulaarse valiku. Otsustatakse siiski m\u00e4ngida\u2026<br>Mitte miski pole aga m\u00e4ngijaid ja treenerite tiimi valmistanud ette niiv\u00f5rd tormiliseks hooajaks. P\u00e4rast k\u00f5ikv\u00f5imalikke vintsutusi saab meeskonnal olla vaid \u00fcks eesm\u00e4rk\u2026Filmi re\u017eiss\u00f6\u00f6r: Ove Musting<\/p>\n\n\n\n<p><strong>LOODUSMATK Val Rajasaarega<\/strong><\/p>\n\n\n\n<p><strong>8. okt. kell 14.00 \u2013 TASUTA<\/strong><\/p>\n\n\n\n<p><strong>algus: Muraste m\u00f5isa juurest<\/strong>&nbsp;(M\u00f5ista tee, Muraste)<\/p>\n\n\n\n<figure class=\"wp-block-image\"><a href=\"https:\/\/muraste.ee\/vana\/wp-content\/uploads\/2022\/09\/loodusmatk.jpg\"><img decoding=\"async\" loading=\"lazy\" width=\"1587\" height=\"2245\" src=\"https:\/\/muraste.ee\/vana\/wp-content\/uploads\/2022\/09\/loodusmatk.jpg\" alt=\"\" class=\"wp-image-9274\"\/><\/a><\/figure>\n\n\n\n<p>Jalgsimatk Muraste looduses.<br>TASUTA.<br>\u00dcritus toimub Porikuu festivali raames.<br>Vaata kava:<br><a rel=\"noreferrer noopener\" href=\"https:\/\/www.porikuu.ee\/?fbclid=IwAR1yFaiaqucOhlOCM45Q8FIih8cgnibsgV0aUcv18KPC4na39P6yu3v33QE\" target=\"_blank\">https:\/\/www.porikuu.ee\/<\/a><\/p>\n\n\n\n<p>Ilmastikule sobiv riietus, mugavad jalan\u00f5ud ja veepudel. Kellel binokkel, v\u00f5ta kaasa!<br>K\u00f5nnime m\u00f5isa juurest m\u00f6\u00f6da Kallaku teed alla mere \u00e4\u00e4rde. Edasi kulgeme piki randa ning hakkame loodust avastama ja tuleme klindist l\u00e4bi hiiemetsa \u00fcles ning l\u00f5petame, kus alustasime.Milliseks loodusvaatlus kujuneb, seda saab otsustada matkap\u00e4eval. Kuna on lindude s\u00fcgisr\u00e4nne, siis rannikul on binoklid abiks. K\u00f5ike, mida vaadelda v\u00f5i m\u00e4rgata, seda ei oskagi ette ennustada. Seda annab meile see p\u00e4ev, see ilm ja need olukorrad, mis parasjagu on. Elame hetkes. Kindlasti leiame aega ka \u201dm\u00f5testatud molutamiseks\u201d mida t\u00e4nap\u00e4eva kiire elutempo juures peab \u00f5ppima.Matkajuht:<br>Val Rajasaar<br>T\u00dc \u2013 bioloogia, andragoogika, taksidermist, ajakirjanduslikud t\u00f6\u00f6d loodushariduse teemal, uurimust\u00f6\u00f6d rohev\u00f5rgustiku ja loomade eksperdina, MT\u00dc Studio Viridis Loodusharidus ja Muraste looduskooli looja, \u201cTere, kevad!\u201d eestvedaja, Eesti Keskkonnahariduse Liidu asutajaliige<\/p>\n\n\n\n<p>Binokkel soeta siit:<br><a rel=\"noreferrer noopener\" href=\"https:\/\/fotoakadeemia.ee\/pood\/nikoni-sportoptika\/nikon-binoklid\/prostaff\/prostaff-7s-8x42\/?fbclid=IwAR0rwkCqLeINs7AALzaI8r59Z0Fg0-1B-tPkc-I1C1rC0VsPKkedrqTN2Zw\" target=\"_blank\">https:\/\/fotoakadeemia.ee\/\u2026\/prostaff\/prostaff-7s-8\u00d742\/<\/a><\/p>\n\n\n\n<p><strong>KLAASIMAALI \u00d5PITUBA<\/strong><\/p>\n\n\n\n<p><strong>10. okt. kell 18.00 Muraste k\u00fclaseltsis (Lee tee 9) Spordihoone uksest<\/strong><\/p>\n\n\n\n<p><strong>HIND: 33.00 eur<\/strong><\/p>\n\n\n\n<p>Eelregistr.: muraste@muraste.ee info: 5848 9661<\/p>\n\n\n\n<figure class=\"wp-block-image\"><a href=\"https:\/\/muraste.ee\/vana\/wp-content\/uploads\/2022\/09\/Klaasimaal.jpg\"><img decoding=\"async\" loading=\"lazy\" width=\"1587\" height=\"2245\" src=\"https:\/\/muraste.ee\/vana\/wp-content\/uploads\/2022\/09\/Klaasimaal.jpg\" alt=\"\" class=\"wp-image-9275\"\/><\/a><\/figure>\n\n\n\n<p>T\u00f6\u00f6tuba juhendab kunsti- ja disaini \u00f5petaja Marell R\u00f5ssT\u00f6\u00f6toa maksumus 33\u20ac (juhendamine, materjalid)Loomingulises klaasimaali t\u00f6\u00f6toas saab osaleja valmistada endale isikup\u00e4rase klaasimaali. T\u00f6\u00f6protsessi k\u00e4igus \u00f5pime tundma klaasimaali valmistamiseks vajalikke t\u00f6\u00f6vahendeid, materjale ning maalimise tehnikaid. Kasutame maalimiseks 2 mm paksust klaasi, mille k\u00f5igepealt lihvime, raamime ja siis maalime sellele.Osaleja saab valida kohapeal olemasolevatest piltidest endale meelep\u00e4rase v\u00f5i ise pilte kaasa v\u00f5tta. Valminud t\u00f6\u00f6d on hiljem v\u00f5imalik riputada kodu aknale.T\u00f6\u00f6tuba on j\u00f5ukohane k\u00f5igile ning ei n\u00f5ua eelnevaid kogemusi maalimises. Oodatud on igas vanuses osalejad!Marell on l\u00f5petanud Tartu Kunstikool Pallase naha- ja disaini eriala ning teinud Tartu \u00dclikoolis pedagoogika magistrikraadi. Igap\u00e4evaselt \u00f5petab ta p\u00f5hikoolis lapsi joonistama, maalima ja meisterdama. Lisaks koolit\u00f6\u00f6le on tema suureks kireks erinevatel teemadel \u00f5pitubade l\u00e4biviimine. \u00d5pitubade kohta saab t\u00e4psemat infot&nbsp;<a rel=\"noreferrer noopener\" href=\"http:\/\/www.sinuloovus.com\/?fbclid=IwAR0rjCs1D_exTZz2sdDjDRhEzgdMEeXpmJZVIvCLAmLUnr_3hHQRzfOG6tQ\" target=\"_blank\">www.sinuloovus.com.<\/a>&nbsp;Loomult on Marell r\u00f5\u00f5msameelne, loominguline ning hea suhtleja.<\/p>\n\n\n\n<p><strong>100 ja SEENED. Filmi\u00f5htu ja infotund \u2013 kuidas metsast elusa ja tervena v\u00e4lja tulla<\/strong><\/p>\n\n\n\n<p><strong>15. okt. kell 17.00<\/strong>&nbsp;\u2013&nbsp;<strong>TASUTA<\/strong><\/p>\n\n\n\n<p>Muraste kooli aatriumis (Lee tee 9)<\/p>\n\n\n\n<figure class=\"wp-block-image\"><a href=\"https:\/\/muraste.ee\/vana\/wp-content\/uploads\/2022\/09\/100-ja-seened.jpg\"><img decoding=\"async\" loading=\"lazy\" width=\"2245\" height=\"1587\" src=\"https:\/\/muraste.ee\/vana\/wp-content\/uploads\/2022\/09\/100-ja-seened.jpg\" alt=\"\" class=\"wp-image-9273\"\/><\/a><\/figure>\n\n\n\n<p><strong>Kino\u00f5htu + infotund.<\/strong><br>\u00dcritus on tasuta.<br>Anal\u00fc\u00fcs naiskodukaitsjatelt filmis n\u00e4htu p\u00f5hjal, kuidas metsast elusa ja tervena v\u00e4lja tulla.\u00dcritus toimub Porikuu festivali raames.<br>Vaata kogu festivali kava:<br><a rel=\"noreferrer noopener\" href=\"https:\/\/l.facebook.com\/l.php?u=https%3A%2F%2Fwww.porikuu.ee%2F%3Ffbclid%3DIwAR35fX-RtyyiyzYBFUgbx1RA9aKqaRWW2udXeglWMK74uwbFCFJXoTAXPag&amp;h=AT1PcScKNpXvLaYTSEDNLxgEldysNGsJYNgCqZvq093zWz2d3yjV87BQ648MtOX1Ln-5CCWG7Itqxr7B18eMIAnP_kDQoe1Tbh0TQPRbWtHl-0FAyQhawxlveci_D82OfuGl&amp;__tn__=q&amp;c[0]=AT2DePoXhAAEnrddkosMX_FA_umNmZUonEeOdyNyXVXCduHRYBD7lkZoRCACkjpJlNqjVLQ7i0ncHfJg-2i9fH8UXhEuYzcihYKqj6wOThqHOaHaR2yN9Ye4cvZV3bA1RBSk57Bgx6jeT4XfxswGLK_jJIyJXM5V-maAnMuMtBIWsn4CZg\" target=\"_blank\">https:\/\/www.porikuu.ee\/<\/a><\/p>\n\n\n\n<p>1. Osa Film \u201cSeenelk\u00e4ik\u201d.<br>Poliitik Aadu K\u00e4gu s\u00f5idab koos abikaasa Viiviga metsa seenele, et puhata n\u00e4rve mainekampaaniast. Nendega liitub h\u00e4\u00e4letaja, rahatu rokit\u00e4ht Z\u00e4k. V\u00e4ltimaks \u00fcldk\u00e4idavaid seenemetsi, s\u00f5idetakse umbropsu kuhugi laande, mis paistab t\u00f5eliselt \u00fcrgne ja inimt\u00fchi. Peatselt avastab kolmik end eksinuna ja samal ajal lahvatab meediaskandaal \u2013 uuriv ajakirjandus kahtlustab, et K\u00e4gu on kuritarvitanud riigi raha. Algab v\u00f5itlus au, elu ja surma peale nii metsas kui linnas.Film on p\u00e4rjatud v\u00e4ga arvukate auhindadega mainekatel filmidestivalidel. Parim film, parima nais- ja meespeaosa t\u00e4itmise eest. Hinnati satiirilist tooni ja meediapoli\u00ectika pihta suunatud intelligentset kriitikat.<\/p>\n\n\n\n<p>2. osa. Peale filmi toimub Naiskodukaitse infotund. Saame teada, kuidas minimaliseerida metsas eksimist ja mida teha, kui see juhtub.<br>Arutletakse, mis tegid filmi peategelased metsas valesti ja kuidas oleks olnud \u00f5ige k\u00e4itumine, mis on iga\u00fche\u00f5igus looduses, mida metsa minnes kaasa v\u00f5tta, mida teha kui kohtud metsloomaga.Pakume taimeteed ja seenepirukat.<a rel=\"noreferrer noopener\" href=\"https:\/\/www.visitharku.com\/sundmus\/100-ja-seened.html?fbclid=IwAR00c3spvlQymDcoY7CaUbq5pDMO4ErRxt1IoXxK6iOPa7AW-2lDX93aT4M\" target=\"_blank\">https:\/\/www.visitharku.com\/sundmus\/100-ja-seened.html<\/a>Harivaid seeneretki koos degusteerimisega pakub Hiking BalthNorth<br><a rel=\"noreferrer noopener\" href=\"https:\/\/hikingbaltnorth.com\/elamusmatkad-matkavarustuse-rent-matkavarustuse-muuk-2\/?fbclid=IwAR0GZJTzhAc8VBBx480vNsM_ClmINHD0XHobUirHiDHZdzIcB0um0YR7kuw\" target=\"_blank\">https:\/\/hikingbaltnorth.com\/elamusmatkad-matkavarustuse\u2026\/<\/a><\/p>\n\n\n\n<p><strong>EESTI MAA-KAUP M\u00dc\u00dcGIL<\/strong><\/p>\n\n\n\n<figure class=\"wp-block-image\"><a href=\"https:\/\/muraste.ee\/vana\/wp-content\/uploads\/2022\/10\/307699659_5360033804095267_5836402100258512012_n.jpg\"><img decoding=\"async\" loading=\"lazy\" width=\"1920\" height=\"1080\" src=\"https:\/\/muraste.ee\/vana\/wp-content\/uploads\/2022\/10\/307699659_5360033804095267_5836402100258512012_n.jpg\" alt=\"\" class=\"wp-image-9294\"\/><\/a><\/figure>\n\n\n\n<p>Tahaks tulla vahvale EESTI-MAA-KAUP Muraste kandi rahvale pakkuma kraami, mis hea ja kasvanud Eestimaa peal.<\/p>\n\n\n\n<p>Kartul Concordia 25 kg v\u00f5rk \u2013 15.- \u20ac<\/p>\n\n\n\n<p>Porgand Bolero \u2013 1.- \u20ac\/kg Peet Pablo \u2013 1.- \u20ac\/kg<\/p>\n\n\n\n<p>K\u00fc\u00fcslauk Ljubasha \u2013 8.- \u20ac\/kg<\/p>\n\n\n\n<p>K\u00f5rvits Kampe Melon \u2013 0.70 \u20ac\/kg<\/p>\n\n\n\n<p>Mesi 1 kg \u2013 8.- \u20ac\/kg<\/p>\n\n\n\n<p>K\u00f5ik kasvatatud kemikaale kasutamata. KUULUTUS EI AEGU! Kartul, mesi saadaval kevadeni 2023. Porgand, peet, k\u00f5rvits, k\u00fc\u00fcslauk saadaval seni, kuni kaupa j\u00e4tkub. Porgand, peet \u2013 kogused 5 kg\/10kg jne.<\/p>\n\n\n\n<p>Info ja tellimine: Teet \u2013 teetju@hot.ee, tel. 51 971185<\/p>\n","protected":false},"excerpt":{"rendered":"<p>N\u00e4dal 40 Tere, armas Muraste! Algas oktoober ja PORIKUU Festival https:\/\/www.porikuu.ee\/, selle raames on Murastes kavas kaks TASUTA \u00fcritust \u2013 Loodusmatk ja Seenelk\u00e4ik! Reedel on k\u00f5ik oodatud sensatsioonilisele KINO\u00d5HTULE. Linastub uus m\u00e4ngufilm \u201cKALEV\u201d, no seda peaks k\u00fcll iga eestlane n\u00e4gema, kuuldavasti kandideerib see film ka Oscarile. Elame n\u00e4eme. P\u00fchap\u00e4eval toimus Murastes v\u00e4ga nunnu \u00fcritus. Esinejad<a class=\"moretag\" href=\"https:\/\/muraste.ee\/vana\/?page_id=9302\"><br \/>&#8230;Loe edasi<\/a><\/p>\n","protected":false},"author":2,"featured_media":0,"parent":0,"menu_order":0,"comment_status":"closed","ping_status":"closed","template":"nadalakava.php","meta":{"_bbp_topic_count":0,"_bbp_reply_count":0,"_bbp_total_topic_count":0,"_bbp_total_reply_count":0,"_bbp_voice_count":0,"_bbp_anonymous_reply_count":0,"_bbp_topic_count_hidden":0,"_bbp_reply_count_hidden":0,"_bbp_forum_subforum_count":0,"_mc_calendar":[]},"_links":{"self":[{"href":"https:\/\/muraste.ee\/vana\/index.php?rest_route=\/wp\/v2\/pages\/9302"}],"collection":[{"href":"https:\/\/muraste.ee\/vana\/index.php?rest_route=\/wp\/v2\/pages"}],"about":[{"href":"https:\/\/muraste.ee\/vana\/index.php?rest_route=\/wp\/v2\/types\/page"}],"author":[{"embeddable":true,"href":"https:\/\/muraste.ee\/vana\/index.php?rest_route=\/wp\/v2\/users\/2"}],"replies":[{"embeddable":true,"href":"https:\/\/muraste.ee\/vana\/index.php?rest_route=%2Fwp%2Fv2%2Fcomments&post=9302"}],"version-history":[{"count":1,"href":"https:\/\/muraste.ee\/vana\/index.php?rest_route=\/wp\/v2\/pages\/9302\/revisions"}],"predecessor-version":[{"id":9304,"href":"https:\/\/muraste.ee\/vana\/index.php?rest_route=\/wp\/v2\/pages\/9302\/revisions\/9304"}],"wp:attachment":[{"href":"https:\/\/muraste.ee\/vana\/index.php?rest_route=%2Fwp%2Fv2%2Fmedia&parent=9302"}],"curies":[{"name":"wp","href":"https:\/\/api.w.org\/{rel}","templated":true}]}}