{"id":9357,"date":"2022-10-17T13:54:47","date_gmt":"2022-10-17T10:54:47","guid":{"rendered":"https:\/\/muraste.ee\/vana\/?page_id=9357"},"modified":"2022-10-17T13:54:48","modified_gmt":"2022-10-17T10:54:48","slug":"nadal-42-6","status":"publish","type":"page","link":"https:\/\/muraste.ee\/vana\/?page_id=9357","title":{"rendered":"N\u00e4dal 42"},"content":{"rendered":"\n<p>Tere, armas Muraste! M\u00f6\u00f6dunud n\u00e4dalal toimus Murastes nii m\u00f5ndagi. Meenutame neid armsaid hetki Chalice kontserdilt \u201cMeie inimesed, meie \u00f5petajad\u201d.<\/p>\n\n\n\n<p>Naiskodukaitsjate huvitav ja \u00f5petlik loeng \u201cSeenelk\u00e4ik\u201d, kuidas metsast elusa ja tervena koju tagasi tulla ning mida vajalikku peab iga seeneline teadma metsa minnes vaata videost.https:\/\/www.youtube.com\/embed\/NxzhCIQgRX0?feature=oembedhttps:\/\/www.youtube.com\/embed\/PtT_mE5SI5Y?feature=oembed<\/p>\n\n\n\n<p><strong>KINO\u00d5HTU PERELE \u2013 animatsioon<\/strong><\/p>\n\n\n\n<p><strong>NUKATUKA METSARAHVAS<\/strong><\/p>\n\n\n\n<p><strong>21. okt. kell 18.00 Muraste kinopunktis (Lee tee 9)<\/strong><\/p>\n\n\n\n<figure class=\"wp-block-image is-resized\"><a href=\"https:\/\/muraste.ee\/vana\/wp-content\/uploads\/2022\/10\/Nukatuka.jpg\"><img decoding=\"async\" loading=\"lazy\" src=\"https:\/\/muraste.ee\/vana\/wp-content\/uploads\/2022\/10\/Nukatuka.jpg\" alt=\"\" class=\"wp-image-9309\" width=\"560\" height=\"792\"\/><\/a><\/figure>\n\n\n\n<p>See film on kogu perele, \u00fcks vahva ja \u00f5petlik lugu l\u00f5busate lauludega. Soovitame soojalt!<\/p>\n\n\n\n<p>Pillimees Ronihiir, nutikas Metsahiir Morten, pagarmeister J\u00e4nes ja k\u00f5ik nende s\u00f5brad elavad Nukatuka metsas. See on elamiseks k\u00fcll kena koht, aga pisemad loomad peavad kohalike kiskjate p\u00e4rast pidevalt valvel olema. Eriti just rebasel on laiduv\u00e4\u00e4rt komme pista nahka k\u00f5ik hiired, kellega ta tee ristub. Aga kui siil proovib pista pintslisse Morteni vanaema, saab Mortenil m\u00f5\u00f5t t\u00e4is.Ta tahab kehtestada seaduse, et k\u00f5ik loomad oleks s\u00f5brad ja l\u00f5petaks \u00fcksteise s\u00f6\u00f6mise.https:\/\/www.youtube.com\/watch?v=duudn44-6sshttps:\/\/www.youtube.com\/watch?v=duudn44-6ss<\/p>\n\n\n\n<p><strong>Kogupere animatsioon<\/strong><\/p>\n\n\n\n<p><strong>KAPTEN MORTEN LOLLIDE LAEVAS<\/strong><\/p>\n\n\n\n<p><strong>04. nov. kell 18.00 Muraste kinopunktis (Lee tee 9)<\/strong><\/p>\n\n\n\n<p>Pilet: 5.00\/4.00 eur<\/p>\n\n\n\n<figure class=\"wp-block-image is-resized\"><a href=\"https:\/\/muraste.ee\/vana\/wp-content\/uploads\/2022\/10\/Kapten-Morten.jpg\"><img decoding=\"async\" loading=\"lazy\" src=\"https:\/\/muraste.ee\/vana\/wp-content\/uploads\/2022\/10\/Kapten-Morten.jpg\" alt=\"\" class=\"wp-image-9345\" width=\"540\" height=\"763\"\/><\/a><\/figure>\n\n\n\n<p>Morten on uudishimulik ja leidlik poiss. Saatuse tahtel on ta sunnitud elama koos kasuvanematega, kes ei n\u00e4e tema loovas tegevuses muud kui pahatahtlikku huligaanitsemist. Emata Morten ei ole siiski orb. Ta isa on kapten, kes t\u00f6\u00f6 t\u00f5ttu peab suurema osa ajast merel viibima. Morten soovib isa eeskujul samuti kapten olla. Ta ehitab endale m\u00e4ngulaeva, mille mehitab erinevate putukatega. Unen\u00e4oline paralleelmaailm kirjeldab Morteni elu groteskses v\u00f5tmes. Mingil hetkel maailmad segunevad. Nii Morteni p\u00e4ris kui ka fantaasiamaailm \u00e4hvardavad kokku kukkuda. M\u00f5lema maailma p\u00e4\u00e4stmiseks on vaja julgelt tegutseda. Morten v\u00f5idab ohud kangelaslikult. Tema kindlameelse tegutsemise taga on p\u00f5him\u00f5te \u2013 kapten ei j\u00e4ta kunagi \u2026<\/p>\n\n\n\n<p><strong>Filmi re\u017eiss\u00f6\u00f6r:<\/strong>&nbsp;<a href=\"https:\/\/www.efis.ee\/et\/filmitegijad\/inimene\/id\/665\/\">Kaspar Jancis<\/a>&nbsp;|&nbsp;<a href=\"https:\/\/www.efis.ee\/et\/filmitegijad\/inimene\/id\/8499\/\">Riho Unt<\/a>&nbsp;|&nbsp;<a href=\"https:\/\/www.efis.ee\/et\/filmitegijad\/inimene\/id\/29716\/\">Henry Nicholson<\/a><\/p>\n\n\n\n<p><strong>DJEMBE&nbsp;<\/strong>\u00d5PITUBA<\/p>\n\n\n\n<p><strong>07. nov. kell 18.00<\/strong><\/p>\n\n\n\n<p>Osalustasu: 45.00 eur<\/p>\n\n\n\n<p><strong>eelregistreerimine: muraste@muraste.ee<\/strong><\/p>\n\n\n\n<figure class=\"wp-block-image\"><a href=\"https:\/\/muraste.ee\/vana\/wp-content\/uploads\/2022\/10\/DJEMBE.jpg\"><img decoding=\"async\" loading=\"lazy\" width=\"2245\" height=\"1587\" src=\"https:\/\/muraste.ee\/vana\/wp-content\/uploads\/2022\/10\/DJEMBE.jpg\" alt=\"\" class=\"wp-image-9346\"\/><\/a><\/figure>\n\n\n\n<p><strong>Koolitus toimub kohtade t\u00e4itumisel.<\/strong><br><strong>Hind: 45.00 eur<br>Vajalik registr.: muraste@muraste.ee<br>info: 5848 9661<\/strong><br>Muraste k\u00fclaseltsis Lee tee 9 spordihoone uksest.<br>DJEMBE on populaarne L\u00e4\u00e4ne-Aafrika pokaaltrumm.Trummide vanust arvatakse olema umbes 800 aastat, millest kinnitavad teated vanast Mali impeeriumist.Djembet m\u00e4ngitakse tavaliselt istudes, nii et trummi j\u00e4\u00e4b m\u00e4ngija p\u00f5lvede vahele v\u00f5i toetub servaga p\u00f5randale. Seistes m\u00e4ngides kasutatakse \u00f5larihma v\u00f5i statiivi. M\u00e4ngitakse mitte ainult s\u00f5rmede vaid ka terve k\u00e4ega, mis tingib erinevusi m\u00e4ngu tehnikas. T\u00e4nu oma ehitusele on trummi t\u00e4mbriskaala v\u00e4ga lai, ulatudes s\u00fcgavast bassitoonist k\u00f5rgete \u00fclemhelideni.IAN MIKAEL KIRSSAastal 2004 v\u00f5itsin trummitaldrikute tootja Paiste konkurssi, millega kaasnes firmaga eluaegne leping. Nendel aegadel hakkasin ka andma esimesi trummitunde trummikomplektiga \u2013 djembe trummi \u00f5petamine lisandus m\u00f5ni aasta hiljem.<br>Aastal 2007 liitusin b\u00e4ndiga House of Games, millega sai samal aastal k\u00e4idud UK suurtemates linnades soojendamas USA rokilengedi W.A.S.P.<br>Mida aastaid edasi, seda enam asendas esinemistel trummikomplekti djembe. Nii m\u00f6\u00f6dus edasine muusikaline teekond m\u00e4ngides djembe trummi erinevate rahvusvaheliste v\u00e4elauljatega, seal hulgas Bali saarel maailma \u00fchel suurimal joogafestivalil BaliSpirit Festival. Tihti tuleb mul ette ka stuudiot\u00f6\u00f6d, kus saan erinevatega trummide salvestamisega anda oma panuse. Alates 2018. aasta maikuust olen ansambli Sounds of September trummar.<\/p>\n\n\n\n<figure class=\"wp-block-image is-resized\"><a href=\"https:\/\/muraste.ee\/vana\/wp-content\/uploads\/2022\/10\/TULE-JA-OSALE.jpg\"><img decoding=\"async\" loading=\"lazy\" src=\"https:\/\/muraste.ee\/vana\/wp-content\/uploads\/2022\/10\/TULE-JA-OSALE.jpg\" alt=\"\" class=\"wp-image-9347\" width=\"469\" height=\"663\"\/><\/a><\/figure>\n","protected":false},"excerpt":{"rendered":"<p>Tere, armas Muraste! M\u00f6\u00f6dunud n\u00e4dalal toimus Murastes nii m\u00f5ndagi. Meenutame neid armsaid hetki Chalice kontserdilt \u201cMeie inimesed, meie \u00f5petajad\u201d. Naiskodukaitsjate huvitav ja \u00f5petlik loeng \u201cSeenelk\u00e4ik\u201d, kuidas metsast elusa ja tervena koju tagasi tulla ning mida vajalikku peab iga seeneline teadma metsa minnes vaata videost.https:\/\/www.youtube.com\/embed\/NxzhCIQgRX0?feature=oembedhttps:\/\/www.youtube.com\/embed\/PtT_mE5SI5Y?feature=oembed KINO\u00d5HTU PERELE \u2013 animatsioon NUKATUKA METSARAHVAS 21. okt. kell 18.00 Muraste<a class=\"moretag\" href=\"https:\/\/muraste.ee\/vana\/?page_id=9357\"><br \/>&#8230;Loe edasi<\/a><\/p>\n","protected":false},"author":2,"featured_media":0,"parent":0,"menu_order":0,"comment_status":"closed","ping_status":"closed","template":"nadalakava.php","meta":{"_bbp_topic_count":0,"_bbp_reply_count":0,"_bbp_total_topic_count":0,"_bbp_total_reply_count":0,"_bbp_voice_count":0,"_bbp_anonymous_reply_count":0,"_bbp_topic_count_hidden":0,"_bbp_reply_count_hidden":0,"_bbp_forum_subforum_count":0,"_mc_calendar":[]},"_links":{"self":[{"href":"https:\/\/muraste.ee\/vana\/index.php?rest_route=\/wp\/v2\/pages\/9357"}],"collection":[{"href":"https:\/\/muraste.ee\/vana\/index.php?rest_route=\/wp\/v2\/pages"}],"about":[{"href":"https:\/\/muraste.ee\/vana\/index.php?rest_route=\/wp\/v2\/types\/page"}],"author":[{"embeddable":true,"href":"https:\/\/muraste.ee\/vana\/index.php?rest_route=\/wp\/v2\/users\/2"}],"replies":[{"embeddable":true,"href":"https:\/\/muraste.ee\/vana\/index.php?rest_route=%2Fwp%2Fv2%2Fcomments&post=9357"}],"version-history":[{"count":1,"href":"https:\/\/muraste.ee\/vana\/index.php?rest_route=\/wp\/v2\/pages\/9357\/revisions"}],"predecessor-version":[{"id":9359,"href":"https:\/\/muraste.ee\/vana\/index.php?rest_route=\/wp\/v2\/pages\/9357\/revisions\/9359"}],"wp:attachment":[{"href":"https:\/\/muraste.ee\/vana\/index.php?rest_route=%2Fwp%2Fv2%2Fmedia&parent=9357"}],"curies":[{"name":"wp","href":"https:\/\/api.w.org\/{rel}","templated":true}]}}