{"id":9368,"date":"2022-10-31T11:14:57","date_gmt":"2022-10-31T09:14:57","guid":{"rendered":"https:\/\/muraste.ee\/vana\/?page_id=9368"},"modified":"2022-10-31T11:14:58","modified_gmt":"2022-10-31T09:14:58","slug":"nadal-43-4","status":"publish","type":"page","link":"https:\/\/muraste.ee\/vana\/?page_id=9368","title":{"rendered":"N\u00e4dal 43"},"content":{"rendered":"\n<h1 class=\"wp-block-heading\">\u00dcldkoosolek<\/h1>\n\n\n\n<p>Austatud&nbsp;<a rel=\"noreferrer noopener\" href=\"https:\/\/muraste.ee\/vana\/?page_id=98\" target=\"_blank\"><strong>Muraste k\u00fclaseltsi liige<\/strong><\/a><\/p>\n\n\n\n<p><strong>T\u00c4NA!<\/strong>&nbsp;Oled&nbsp;oodatud&nbsp;Muraste k\u00fclaseltsi&nbsp;<strong>\u00fcldkoosolekule<\/strong>&nbsp;ja&nbsp;<strong>esmasp\u00e4eval, 31. oktoobril kell 19<\/strong>&nbsp;Muraste kogukonnakeskuses &nbsp;(Lee tee 9, Muraste).<\/p>\n\n\n\n<p><strong>P\u00e4evakorras:<\/strong><br>1.&nbsp;<strong>2021.a&nbsp;<a href=\"https:\/\/muraste.ee\/vana\/?page_id=107\" rel=\"noreferrer noopener\" target=\"_blank\">majandusaasta- ja tegevusaruande&nbsp;<\/a><\/strong>kinnitamine.<br>2.&nbsp;<strong>Koduk\u00fcla n\u00e4gu t\u00e4na ja homme<\/strong>&nbsp; \u2013 \u00fclevaade ning arutelu &nbsp;tehtust, teoksil olevast ja uutest&nbsp; algatustest; sh Muraste k\u00fcla&nbsp;<a href=\"https:\/\/muraste.ee\/vana\/?page_id=86\" target=\"_blank\" rel=\"noreferrer noopener\"><strong>arengukava<\/strong><\/a>.<br>3.&nbsp;<strong>Muudatused juhatuse koosseisus<\/strong>.<br>4. Kohapeal algatatud teemad.<\/p>\n\n\n\n<p>Lugupidamisega,<br>Muraste k\u00fclaseltsi juhatus<\/p>\n\n\n\n<p>T\u00e4iendav info: Urvi Nigu,&nbsp;<a rel=\"noreferrer noopener\" href=\"mailto:muraste@muraste.ee\" target=\"_blank\">muraste@muraste.ee<\/a>, tel 58489661<br><br>Majandusaasta aruanne:<\/p>\n\n\n\n<blockquote class=\"wp-block-quote\"><p><a href=\"https:\/\/muraste.ee\/vana\/?page_id=107\">Majandusaasta aruanded<\/a><\/p><\/blockquote>\n\n\n\n<figure class=\"wp-block-embed is-type-wp-embed is-provider-muraste-kulaselts wp-block-embed-muraste-kulaselts\"><div class=\"wp-block-embed__wrapper\">\n<blockquote class=\"wp-embedded-content\" data-secret=\"y23bGwrGnD\"><a href=\"https:\/\/muraste.ee\/vana\/?page_id=107\">Majandusaasta aruanded<\/a><\/blockquote><iframe class=\"wp-embedded-content\" sandbox=\"allow-scripts\" security=\"restricted\" style=\"position: absolute; clip: rect(1px, 1px, 1px, 1px);\" title=\"&#8220;Majandusaasta aruanded&#8221; &#8212; Muraste k\u00fclaselts\" src=\"https:\/\/muraste.ee\/vana\/?page_id=107&#038;embed=true#?secret=Uxz6e4cZUX#?secret=y23bGwrGnD\" data-secret=\"y23bGwrGnD\" width=\"600\" height=\"338\" frameborder=\"0\" marginwidth=\"0\" marginheight=\"0\" scrolling=\"no\"><\/iframe>\n<\/div><\/figure>\n\n\n\n<p><strong>Kogupere animatsioon<\/strong><\/p>\n\n\n\n<p><strong>KAPTEN MORTEN LOLLIDE LAEVAS<\/strong><\/p>\n\n\n\n<p><strong>04. nov. kell 18.00 Muraste kinopunktis (Lee tee 9)<\/strong><\/p>\n\n\n\n<p>Pilet: 5.00\/4.00 eur<\/p>\n\n\n\n<figure class=\"wp-block-image\"><a href=\"https:\/\/muraste.ee\/vana\/wp-content\/uploads\/2022\/10\/Kapten-Morten.jpg\"><img decoding=\"async\" loading=\"lazy\" width=\"1587\" height=\"2245\" src=\"https:\/\/muraste.ee\/vana\/wp-content\/uploads\/2022\/10\/Kapten-Morten.jpg\" alt=\"\" class=\"wp-image-9345\"\/><\/a><\/figure>\n\n\n\n<p>Morten on uudishimulik ja leidlik poiss. Saatuse tahtel on ta sunnitud elama koos kasuvanematega, kes ei n\u00e4e tema loovas tegevuses muud kui pahatahtlikku huligaanitsemist. Emata Morten ei ole siiski orb. Ta isa on kapten, kes t\u00f6\u00f6 t\u00f5ttu peab suurema osa ajast merel viibima. Morten soovib isa eeskujul samuti kapten olla. Ta ehitab endale m\u00e4ngulaeva, mille mehitab erinevate putukatega. Unen\u00e4oline paralleelmaailm kirjeldab Morteni elu groteskses v\u00f5tmes. Mingil hetkel maailmad segunevad. Nii Morteni p\u00e4ris kui ka fantaasiamaailm \u00e4hvardavad kokku kukkuda. M\u00f5lema maailma p\u00e4\u00e4stmiseks on vaja julgelt tegutseda. Morten v\u00f5idab ohud kangelaslikult. Tema kindlameelse tegutsemise taga on p\u00f5him\u00f5te \u2013 kapten ei j\u00e4ta kunagi \u2026<\/p>\n\n\n\n<p><strong>Filmi re\u017eiss\u00f6\u00f6r:<\/strong>&nbsp;<a href=\"https:\/\/www.efis.ee\/et\/filmitegijad\/inimene\/id\/665\/\">Kaspar Jancis<\/a>&nbsp;|&nbsp;<a href=\"https:\/\/www.efis.ee\/et\/filmitegijad\/inimene\/id\/8499\/\">Riho Unt<\/a>&nbsp;|&nbsp;<a href=\"https:\/\/www.efis.ee\/et\/filmitegijad\/inimene\/id\/29716\/\">Henry Nicholson<\/a><\/p>\n\n\n\n<p><strong>DJEMBE&nbsp;\u00d5PITUBA<\/strong><\/p>\n\n\n\n<p><strong>07. nov. kell 18.00<\/strong><\/p>\n\n\n\n<p>Osalustasu: 45.00 eur<\/p>\n\n\n\n<p><strong>eelregistreerimine: muraste@muraste.ee<\/strong><\/p>\n\n\n\n<figure class=\"wp-block-image\"><a href=\"https:\/\/muraste.ee\/vana\/wp-content\/uploads\/2022\/10\/DJEMBE.jpg\"><img decoding=\"async\" loading=\"lazy\" width=\"2245\" height=\"1587\" src=\"https:\/\/muraste.ee\/vana\/wp-content\/uploads\/2022\/10\/DJEMBE.jpg\" alt=\"\" class=\"wp-image-9346\"\/><\/a><\/figure>\n\n\n\n<p><strong>Koolitus toimub kohtade t\u00e4itumisel.<\/strong><br><strong>Hind: 45.00 eur<br>Vajalik registr.: muraste@muraste.ee<br>info: 5848 9661<\/strong><br>Muraste k\u00fclaseltsis Lee tee 9 spordihoone uksest.<br>DJEMBE on populaarne L\u00e4\u00e4ne-Aafrika pokaaltrumm.Trummide vanust arvatakse olema umbes 800 aastat, millest kinnitavad teated vanast Mali impeeriumist.Djembet m\u00e4ngitakse tavaliselt istudes, nii et trummi j\u00e4\u00e4b m\u00e4ngija p\u00f5lvede vahele v\u00f5i toetub servaga p\u00f5randale. Seistes m\u00e4ngides kasutatakse \u00f5larihma v\u00f5i statiivi. M\u00e4ngitakse mitte ainult s\u00f5rmede vaid ka terve k\u00e4ega, mis tingib erinevusi m\u00e4ngu tehnikas. T\u00e4nu oma ehitusele on trummi t\u00e4mbriskaala v\u00e4ga lai, ulatudes s\u00fcgavast bassitoonist k\u00f5rgete \u00fclemhelideni.IAN MIKAEL KIRSSAastal 2004 v\u00f5itsin trummitaldrikute tootja Paiste konkurssi, millega kaasnes firmaga eluaegne leping. Nendel aegadel hakkasin ka andma esimesi trummitunde trummikomplektiga \u2013 djembe trummi \u00f5petamine lisandus m\u00f5ni aasta hiljem.<br>Aastal 2007 liitusin b\u00e4ndiga House of Games, millega sai samal aastal k\u00e4idud UK suurtemates linnades soojendamas USA rokilengedi W.A.S.P.<br>Mida aastaid edasi, seda enam asendas esinemistel trummikomplekti djembe. Nii m\u00f6\u00f6dus edasine muusikaline teekond m\u00e4ngides djembe trummi erinevate rahvusvaheliste v\u00e4elauljatega, seal hulgas Bali saarel maailma \u00fchel suurimal joogafestivalil BaliSpirit Festival. Tihti tuleb mul ette ka stuudiot\u00f6\u00f6d, kus saan erinevatega trummide salvestamisega anda oma panuse. Alates 2018. aasta maikuust olen ansambli Sounds of September trummar.<\/p>\n\n\n\n<p><strong>LAUAM\u00c4NGUDE P\u00c4EV<\/strong><\/p>\n\n\n\n<p><strong>12. nov. kell 12.00-14.00 Muraste kooli aatrium (Lee tee 9)<\/strong><\/p>\n\n\n\n<p>Pilet: 5.00 eur<\/p>\n\n\n\n<figure class=\"wp-block-image\"><a href=\"https:\/\/muraste.ee\/vana\/wp-content\/uploads\/2022\/10\/LAUAMANGUDE-PAEV-1.jpg\"><img decoding=\"async\" loading=\"lazy\" width=\"2245\" height=\"1587\" src=\"https:\/\/muraste.ee\/vana\/wp-content\/uploads\/2022\/10\/LAUAMANGUDE-PAEV-1.jpg\" alt=\"\" class=\"wp-image-9364\"\/><\/a><\/figure>\n\n\n\n<p>Lauam\u00e4ngu p\u00e4ev on igas eas lastele ja t\u00e4iskvasvanutele.<br>Oodatud on nii kogenud lauam\u00e4ngurid kui ka need, kes lauam\u00e4ngudest veel midagi ei tea. Kohapeal on Brain Gamesi kogenud juhendaja, kes tutvustab m\u00e4nge, \u00f5petab reegleid ning aitab k\u00f5ige vajalikuga.<br>M\u00e4ngida on v\u00f5imalik eri moodi \u2013 saab \u00fcksi, paaris ning ka \u00fchtse meeskonnana. M\u00e4ngude pikkus ja keerukus s\u00f5ltuvad m\u00e4ngust \u2013 m\u00f5ni kestab vaid paar minutit, teised aga v\u00f5ivad kesta rohkem kui 15min. \u00dcrituse v\u00e4ltel saab proovida mitmeid erinevaid m\u00e4ngeM\u00e4ngude valikus on: \u201cSpeedy Roll\u201d, \u201cCarcassonne junior\u201d, \u201cOutfoxed\u201d, \u201cHallicups\u201d, \u201cIcecool\u201d, \u201cSoolapuhujad\u201d, \u201cSushi go\u201d, \u201cAinult \u00dcks\u201d, \u201cCodenames\u201d ja \u201cKlask\u201d ja kui on erisoove, andke julgelt m\u00e4rku<br>Lauam\u00e4ngud pakuvad suurep\u00e4rast meelelahutist, koosolemise r\u00f5\u00f5mu ja \u00f5petavad lastele kaotamist.<br><a rel=\"noreferrer noopener\" href=\"https:\/\/diktor.geenius.ee\/sisuturundus\/brain-gamesi-juht-virko-joelaid-soovitab-lauamangud-mis-pakuvad-suureparast-meelelahutust-ja-opetavad-lastele-kaotamist\/?fbclid=IwAR193-Nvsuh7fO7RBQHftm0oXByV9nyDHCWwMHg-z6ZyA7yg1eWakdnPj4Y\" target=\"_blank\">https:\/\/diktor.geenius.ee\/\u2026\/brain-gamesi-juht-virko\u2026\/<\/a><\/p>\n\n\n\n<figure class=\"wp-block-image\"><a href=\"https:\/\/muraste.ee\/vana\/wp-content\/uploads\/2022\/10\/TULE-JA-OSALE.jpg\"><img decoding=\"async\" loading=\"lazy\" width=\"1587\" height=\"2245\" src=\"https:\/\/muraste.ee\/vana\/wp-content\/uploads\/2022\/10\/TULE-JA-OSALE.jpg\" alt=\"\" class=\"wp-image-9347\"\/><\/a><\/figure>\n","protected":false},"excerpt":{"rendered":"<p>\u00dcldkoosolek Austatud&nbsp;Muraste k\u00fclaseltsi liige T\u00c4NA!&nbsp;Oled&nbsp;oodatud&nbsp;Muraste k\u00fclaseltsi&nbsp;\u00fcldkoosolekule&nbsp;ja&nbsp;esmasp\u00e4eval, 31. oktoobril kell 19&nbsp;Muraste kogukonnakeskuses &nbsp;(Lee tee 9, Muraste). P\u00e4evakorras:1.&nbsp;2021.a&nbsp;majandusaasta- ja tegevusaruande&nbsp;kinnitamine.2.&nbsp;Koduk\u00fcla n\u00e4gu t\u00e4na ja homme&nbsp; \u2013 \u00fclevaade ning arutelu &nbsp;tehtust, teoksil olevast ja uutest&nbsp; algatustest; sh Muraste k\u00fcla&nbsp;arengukava.3.&nbsp;Muudatused juhatuse koosseisus.4. Kohapeal algatatud teemad. Lugupidamisega,Muraste k\u00fclaseltsi juhatus T\u00e4iendav info: Urvi Nigu,&nbsp;muraste@muraste.ee, tel 58489661 Majandusaasta aruanne: Majandusaasta aruanded Kogupere animatsioon<a class=\"moretag\" href=\"https:\/\/muraste.ee\/vana\/?page_id=9368\"><br \/>&#8230;Loe edasi<\/a><\/p>\n","protected":false},"author":2,"featured_media":0,"parent":0,"menu_order":0,"comment_status":"closed","ping_status":"closed","template":"nadalakava.php","meta":{"_bbp_topic_count":0,"_bbp_reply_count":0,"_bbp_total_topic_count":0,"_bbp_total_reply_count":0,"_bbp_voice_count":0,"_bbp_anonymous_reply_count":0,"_bbp_topic_count_hidden":0,"_bbp_reply_count_hidden":0,"_bbp_forum_subforum_count":0,"_mc_calendar":[]},"_links":{"self":[{"href":"https:\/\/muraste.ee\/vana\/index.php?rest_route=\/wp\/v2\/pages\/9368"}],"collection":[{"href":"https:\/\/muraste.ee\/vana\/index.php?rest_route=\/wp\/v2\/pages"}],"about":[{"href":"https:\/\/muraste.ee\/vana\/index.php?rest_route=\/wp\/v2\/types\/page"}],"author":[{"embeddable":true,"href":"https:\/\/muraste.ee\/vana\/index.php?rest_route=\/wp\/v2\/users\/2"}],"replies":[{"embeddable":true,"href":"https:\/\/muraste.ee\/vana\/index.php?rest_route=%2Fwp%2Fv2%2Fcomments&post=9368"}],"version-history":[{"count":1,"href":"https:\/\/muraste.ee\/vana\/index.php?rest_route=\/wp\/v2\/pages\/9368\/revisions"}],"predecessor-version":[{"id":9370,"href":"https:\/\/muraste.ee\/vana\/index.php?rest_route=\/wp\/v2\/pages\/9368\/revisions\/9370"}],"wp:attachment":[{"href":"https:\/\/muraste.ee\/vana\/index.php?rest_route=%2Fwp%2Fv2%2Fmedia&parent=9368"}],"curies":[{"name":"wp","href":"https:\/\/api.w.org\/{rel}","templated":true}]}}