{"id":9394,"date":"2022-11-07T14:55:12","date_gmt":"2022-11-07T12:55:12","guid":{"rendered":"https:\/\/muraste.ee\/vana\/?page_id=9394"},"modified":"2022-11-07T14:55:13","modified_gmt":"2022-11-07T12:55:13","slug":"nadal-44-4","status":"publish","type":"page","link":"https:\/\/muraste.ee\/vana\/?page_id=9394","title":{"rendered":"N\u00e4dal 44"},"content":{"rendered":"\n<p>Tere, armas Muraste! See n\u00e4dal toob kaasa isadep\u00e4eva, sellel p\u00e4eval v\u00f5ib teha k\u00f5ike koos armsa isaga v\u00f5i meenutada m\u00f5nusaid ammuseid koosveedetud aegu. Vaata, mida pakub Muraste k\u00fclaselts koostegemiseks\u2026.<\/p>\n\n\n\n<p>LAUAM\u00c4NGUDE P\u00c4EV \u2013 igale eale<\/p>\n\n\n\n<p>V\u00f5ta kaasa isadep\u00e4eva puhul kaasa isa ja vanaisa. Emad on ka oodatud<\/p>\n\n\n\n<p><strong>12. nov. kell 12.00-14.00 Muraste kooli aatrium (Lee tee 9)<\/strong><\/p>\n\n\n\n<p>Pilet: 5.00 eur<\/p>\n\n\n\n<figure class=\"wp-block-image size-large\"><a href=\"https:\/\/muraste.ee\/vana\/wp-content\/uploads\/2022\/10\/LAUAMANGUDE-PAEV-1.jpg\"><img decoding=\"async\" loading=\"lazy\" width=\"2245\" height=\"1587\" src=\"https:\/\/muraste.ee\/vana\/wp-content\/uploads\/2022\/10\/LAUAMANGUDE-PAEV-1.jpg\" alt=\"\" class=\"wp-image-9364\"\/><\/a><\/figure>\n\n\n\n<p>Lauam\u00e4ngu p\u00e4ev on igas eas lastele ja t\u00e4iskvasvanutele.<br>Oodatud on nii kogenud lauam\u00e4ngurid kui ka need, kes lauam\u00e4ngudest veel midagi ei tea. Kohapeal on Brain Gamesi kogenud juhendaja, kes tutvustab m\u00e4nge, \u00f5petab reegleid ning aitab k\u00f5ige vajalikuga.<br>M\u00e4ngida on v\u00f5imalik eri moodi \u2013 saab \u00fcksi, paaris ning ka \u00fchtse meeskonnana. M\u00e4ngude pikkus ja keerukus s\u00f5ltuvad m\u00e4ngust \u2013 m\u00f5ni kestab vaid paar minutit, teised aga v\u00f5ivad kesta rohkem kui 15min. \u00dcrituse v\u00e4ltel saab proovida mitmeid erinevaid m\u00e4ngeM\u00e4ngude valikus on: \u201cSpeedy Roll\u201d, \u201cCarcassonne junior\u201d, \u201cOutfoxed\u201d, \u201cHallicups\u201d, \u201cIcecool\u201d, \u201cSoolapuhujad\u201d, \u201cSushi go\u201d, \u201cAinult \u00dcks\u201d, \u201cCodenames\u201d ja \u201cKlask\u201d ja kui on erisoove, andke julgelt m\u00e4rku<br>Lauam\u00e4ngud pakuvad suurep\u00e4rast meelelahutist, koosolemise r\u00f5\u00f5mu ja \u00f5petavad lastele kaotamist.<br><a rel=\"noreferrer noopener\" href=\"https:\/\/diktor.geenius.ee\/sisuturundus\/brain-gamesi-juht-virko-joelaid-soovitab-lauamangud-mis-pakuvad-suureparast-meelelahutust-ja-opetavad-lastele-kaotamist\/?fbclid=IwAR193-Nvsuh7fO7RBQHftm0oXByV9nyDHCWwMHg-z6ZyA7yg1eWakdnPj4Y\" target=\"_blank\">https:\/\/diktor.geenius.ee\/\u2026\/brain-gamesi-juht-virko\u2026\/<\/a><\/p>\n\n\n\n<p><\/p>\n\n\n\n<p style=\"font-size:30px\"><strong>K\u00d5RVAR\u00d5NGASTE MEISTERDAMISE \u00d5PITUBA<\/strong><\/p>\n\n\n\n<p><strong>28. nov. kell 18.30<\/strong><\/p>\n\n\n\n<p>Muraste k\u00fclaseltsis (Lee tee 9)<br>Osalustasu: 30.00 eur<\/p>\n\n\n\n<p>Vajalik eelregistreerimine: muraste@muraste.ee , info: 5848 9661<\/p>\n\n\n\n<figure class=\"wp-block-image size-large\"><a href=\"https:\/\/muraste.ee\/vana\/wp-content\/uploads\/2022\/11\/korvarongaste.jpg\"><img decoding=\"async\" loading=\"lazy\" width=\"2245\" height=\"1587\" src=\"https:\/\/muraste.ee\/vana\/wp-content\/uploads\/2022\/11\/korvarongaste.jpg\" alt=\"\" class=\"wp-image-9382\"\/><\/a><\/figure>\n\n\n\n<p>Tule veeda loominguline \u00f5htu ehete meisterdamise \u00f5pitoas \u2013 disainime, voolime, k\u00fcpsetame ja viimistleme pol\u00fcmeersavi.<br>T\u00f6\u00f6toas lood endale kaks paari k\u00f5rvar\u00f5ngaid: igap\u00e4evased ja pidulikud.<br>Pol\u00fcmeersavi voolimine on lihtne ning annab l\u00f5putuid v\u00f5imalusi ehete loomiseks. Savi v\u00e4rvivalik on rikkalik ning ehete disain on Sinu enda v\u00e4lja m\u00f5elda.T\u00f6\u00f6tuba kestab 2 tundi.<br>Oodatud on nii lapsed kui ka t\u00e4iskasvanud.<br>Osaleja panus on 30 eurot (juhendamine, materjalid, k\u00fcpsised ja tee).T\u00f6\u00f6tuba juhendab kunsti- ja disaini\u00f5petaja Marell R\u00f5ss, kes on l\u00f5petanud Tartu Kunstikool Pallase naha- ja disaini eriala ning teinud Tartu \u00dclikoolis pedagoogika magistrikraadi. Igap\u00e4evaselt \u00f5petab ta p\u00f5hikoolis lapsi joonistama, maalima ja meisterdama. Lisaks koolit\u00f6\u00f6le on tema suureks kireks erinevatel teemadel \u00f5pitubade l\u00e4biviimine. \u00d5pitubade kohta saab t\u00e4psemat infot\u00a0<a rel=\"noreferrer noopener\" href=\"https:\/\/l.facebook.com\/l.php?u=http%3A%2F%2Fwww.sinuloovus.com%2F%3Ffbclid%3DIwAR0TbZd8zXpurqUJjQv5sHtD2SZ_SWQPy3riMVXky8YNQOXHbNnPcelm4SM&amp;h=AT1EepQ0KZphsIx1o1lH4n1FzG_IzICnLtyAcAJYuYSuCgMxtQEQD3BFWoEHuSqc5ALu_-ZeLU6bA6FXAJOaR6xBU1nMdmViAJAOsaf2ADuPWkSnPXK_pacOZCqr_RQJPqeC&amp;__tn__=q&amp;c[0]=AT0IGhy9FXR7qIfQ_fNv2pcFMlaSPf0SXOA5P1LT7YBSaTfdcdOwh-pjHf8CK07xIYW_slsRh5lHULzRfi-LyWJ2kyPyd3WOGLwG8wr8y5grkwaZhrG4kGqAMQA-ntuneRv1e2tiSK4nAOJui1wHSwFNwK7Xht23xy1EhNYLQ_9qcWLu6NqizA\" target=\"_blank\">www.sinuloovus.com.<\/a><br>Loomult on Marell r\u00f5\u00f5msameelne, loominguline ning hea suhtleja.\u00a0<\/p>\n\n\n\n<p><\/p>\n\n\n\n<figure class=\"wp-block-image size-large is-resized\"><a href=\"https:\/\/muraste.ee\/vana\/wp-content\/uploads\/2022\/10\/TULE-JA-OSALE.jpg\"><img decoding=\"async\" loading=\"lazy\" src=\"https:\/\/muraste.ee\/vana\/wp-content\/uploads\/2022\/10\/TULE-JA-OSALE.jpg\" alt=\"\" class=\"wp-image-9347\" width=\"458\" height=\"647\"\/><\/a><\/figure>\n","protected":false},"excerpt":{"rendered":"<p>Tere, armas Muraste! See n\u00e4dal toob kaasa isadep\u00e4eva, sellel p\u00e4eval v\u00f5ib teha k\u00f5ike koos armsa isaga v\u00f5i meenutada m\u00f5nusaid ammuseid koosveedetud aegu. Vaata, mida pakub Muraste k\u00fclaselts koostegemiseks\u2026. LAUAM\u00c4NGUDE P\u00c4EV \u2013 igale eale V\u00f5ta kaasa isadep\u00e4eva puhul kaasa isa ja vanaisa. Emad on ka oodatud 12. nov. kell 12.00-14.00 Muraste kooli aatrium (Lee tee 9)<a class=\"moretag\" href=\"https:\/\/muraste.ee\/vana\/?page_id=9394\"><br \/>&#8230;Loe edasi<\/a><\/p>\n","protected":false},"author":2,"featured_media":0,"parent":0,"menu_order":0,"comment_status":"closed","ping_status":"closed","template":"","meta":{"_bbp_topic_count":0,"_bbp_reply_count":0,"_bbp_total_topic_count":0,"_bbp_total_reply_count":0,"_bbp_voice_count":0,"_bbp_anonymous_reply_count":0,"_bbp_topic_count_hidden":0,"_bbp_reply_count_hidden":0,"_bbp_forum_subforum_count":0,"_mc_calendar":[]},"_links":{"self":[{"href":"https:\/\/muraste.ee\/vana\/index.php?rest_route=\/wp\/v2\/pages\/9394"}],"collection":[{"href":"https:\/\/muraste.ee\/vana\/index.php?rest_route=\/wp\/v2\/pages"}],"about":[{"href":"https:\/\/muraste.ee\/vana\/index.php?rest_route=\/wp\/v2\/types\/page"}],"author":[{"embeddable":true,"href":"https:\/\/muraste.ee\/vana\/index.php?rest_route=\/wp\/v2\/users\/2"}],"replies":[{"embeddable":true,"href":"https:\/\/muraste.ee\/vana\/index.php?rest_route=%2Fwp%2Fv2%2Fcomments&post=9394"}],"version-history":[{"count":1,"href":"https:\/\/muraste.ee\/vana\/index.php?rest_route=\/wp\/v2\/pages\/9394\/revisions"}],"predecessor-version":[{"id":9397,"href":"https:\/\/muraste.ee\/vana\/index.php?rest_route=\/wp\/v2\/pages\/9394\/revisions\/9397"}],"wp:attachment":[{"href":"https:\/\/muraste.ee\/vana\/index.php?rest_route=%2Fwp%2Fv2%2Fmedia&parent=9394"}],"curies":[{"name":"wp","href":"https:\/\/api.w.org\/{rel}","templated":true}]}}