{"id":9413,"date":"2022-11-14T12:32:55","date_gmt":"2022-11-14T10:32:55","guid":{"rendered":"https:\/\/muraste.ee\/vana\/?page_id=9413"},"modified":"2022-11-14T12:32:56","modified_gmt":"2022-11-14T10:32:56","slug":"nadal-45-5","status":"publish","type":"page","link":"https:\/\/muraste.ee\/vana\/?page_id=9413","title":{"rendered":"N\u00e4dal 45"},"content":{"rendered":"\n<p>Tere, armas Muraste! Vaikselt hiilivad miinuskraadid me \u00f5uele ja vargsi hakkame m\u00f5tlema juba j\u00f5uludele. Algamas on m\u00f5nusad ja r\u00f5\u00f5msad ettevalmistuse ajad. N\u00e4iteks Muraste k\u00fclaseltsis saab meisterdada endale v\u00f5i kingiks k\u00f5rvar\u00f5ngaid\u2026<\/p>\n\n\n\n<p><strong>K\u00d5RVAR\u00d5NGASTE MEISTERDAMISE \u00d5PITUBA<\/strong><\/p>\n\n\n\n<p><strong>28. nov. kell 18.30<\/strong><\/p>\n\n\n\n<p>Muraste k\u00fclaseltsis (Lee tee 9)<br>Osalustasu: 30.00 eur<\/p>\n\n\n\n<p>Vajalik eelregistreerimine: muraste@muraste.ee , info: 5848 9661<\/p>\n\n\n\n<figure class=\"wp-block-image\"><a href=\"https:\/\/muraste.ee\/vana\/wp-content\/uploads\/2022\/11\/korvarongaste.jpg\"><img decoding=\"async\" loading=\"lazy\" width=\"2245\" height=\"1587\" src=\"https:\/\/muraste.ee\/vana\/wp-content\/uploads\/2022\/11\/korvarongaste.jpg\" alt=\"\" class=\"wp-image-9382\"\/><\/a><\/figure>\n\n\n\n<p>Tule veeda loominguline \u00f5htu ehete meisterdamise \u00f5pitoas \u2013 disainime, voolime, k\u00fcpsetame ja viimistleme pol\u00fcmeersavi.<br>T\u00f6\u00f6toas lood endale kaks paari k\u00f5rvar\u00f5ngaid: igap\u00e4evased ja pidulikud.<br>Pol\u00fcmeersavi voolimine on lihtne ning annab l\u00f5putuid v\u00f5imalusi ehete loomiseks. Savi v\u00e4rvivalik on rikkalik ning ehete disain on Sinu enda v\u00e4lja m\u00f5elda.T\u00f6\u00f6tuba kestab 2 tundi.<br>Oodatud on nii lapsed kui ka t\u00e4iskasvanud.<br>Osaleja panus on 30 eurot (juhendamine, materjalid, k\u00fcpsised ja tee).T\u00f6\u00f6tuba juhendab kunsti- ja disaini\u00f5petaja Marell R\u00f5ss, kes on l\u00f5petanud Tartu Kunstikool Pallase naha- ja disaini eriala ning teinud Tartu \u00dclikoolis pedagoogika magistrikraadi. Igap\u00e4evaselt \u00f5petab ta p\u00f5hikoolis lapsi joonistama, maalima ja meisterdama. Lisaks koolit\u00f6\u00f6le on tema suureks kireks erinevatel teemadel \u00f5pitubade l\u00e4biviimine. \u00d5pitubade kohta saab t\u00e4psemat infot&nbsp;<a rel=\"noreferrer noopener\" href=\"https:\/\/l.facebook.com\/l.php?u=http%3A%2F%2Fwww.sinuloovus.com%2F%3Ffbclid%3DIwAR0TbZd8zXpurqUJjQv5sHtD2SZ_SWQPy3riMVXky8YNQOXHbNnPcelm4SM&amp;h=AT1EepQ0KZphsIx1o1lH4n1FzG_IzICnLtyAcAJYuYSuCgMxtQEQD3BFWoEHuSqc5ALu_-ZeLU6bA6FXAJOaR6xBU1nMdmViAJAOsaf2ADuPWkSnPXK_pacOZCqr_RQJPqeC&amp;__tn__=q&amp;c[0]=AT0IGhy9FXR7qIfQ_fNv2pcFMlaSPf0SXOA5P1LT7YBSaTfdcdOwh-pjHf8CK07xIYW_slsRh5lHULzRfi-LyWJ2kyPyd3WOGLwG8wr8y5grkwaZhrG4kGqAMQA-ntuneRv1e2tiSK4nAOJui1wHSwFNwK7Xht23xy1EhNYLQ_9qcWLu6NqizA\" target=\"_blank\">www.sinuloovus.com.<\/a><br>Loomult on Marell r\u00f5\u00f5msameelne, loominguline ning hea suhtleja.&nbsp;<\/p>\n\n\n\n<p><strong>KINO\u00d5HTU: Vanamehe UUS multikas!<\/strong><\/p>\n\n\n\n<p><strong>VANAMEES JA P\u00d5RSAUSS<\/strong><\/p>\n\n\n\n<p><strong>25. nov. kell 19.00<\/strong><\/p>\n\n\n\n<p><strong>NB! Alatest vanusest 16+<\/strong><\/p>\n\n\n\n<p><strong>Pilet: 5.00\/4.00 eur<\/strong><\/p>\n\n\n\n<figure class=\"wp-block-image is-resized\"><a href=\"https:\/\/muraste.ee\/vana\/wp-content\/uploads\/2022\/11\/VANAMEES.jpg\"><img decoding=\"async\" loading=\"lazy\" src=\"https:\/\/muraste.ee\/vana\/wp-content\/uploads\/2022\/11\/VANAMEES.jpg\" alt=\"\" class=\"wp-image-9404\" width=\"559\" height=\"790\"\/><\/a><\/figure>\n\n\n\n<p><strong>NB! Alates vanusest 16+.<br>Alla selle AINULT KOOS VANEMATEGA!VANAMEHE MULTIKAS<\/strong><br>Rahamaias P\u00f5rsauss puhub Vanamehe p\u00f5rsa pingule! N\u00fc\u00fcd on Vanamehel ja Priidikul 24 tundi aega, et P\u00f5ssapomm kahjutuks teha, muidu lendab terve k\u00fcla p\u00f5rsaga \u00f5hku!Teie ees on Vanamehe veriselt v\u00e4rske l\u00fchifilm \u201cVanamees ja P\u00f5rsauss\u201d! Neljast episoodist koosnevas \u00f5uduskom\u00f6\u00f6dias satume P\u00f5rsaussiga kembeldes m\u00fcstilisele \u201cVanamehemaale\u201d, Ida-Tallinna Keskhaiglasse ja loomulikult juba armsaks saanud Vanamehe tallu. Tule ela Vanamehe ja lapselaste uutele seiklustele kaasa ja v\u00f5ib-olla unustad paar tarkusetera kana ah \u2026<br>kus ma olen.<br>Filmis astuvad \u00fcles h\u00e4\u00e4len\u00e4itlejatena Jan Uusp\u00f5ld, Anne Veski, Genka, T\u00f5nis Niinemets, saladuslik ussikeelne P\u00f5rsauss ja paljud teised.<br>Lisaks saab no\u0161ida autorite poolt hoolikalt kureeritud parimaid palukesi Vanamehe Multika kuulsusrikkast ajaloost! \u00d5htu krooniks tuleb julgematele vaatajatele n\u00e4itamiseks ka Vanamehe Multika episood, mis kukkus v\u00e4lja nii kohutavalt halb, et autorid seda varem avaldada pole julgenud. Nii sitt, et isegi Vanamehe standarditele ei vasta \u2026\u201cVanamees ja P\u00f5rsauss\u201d (25 min)<br>\u201cParimad palad\u201d (28 min)<br>\u201cVanamehe seni avaldamata sket\u0161\u201d (2 min)&nbsp;<\/p>\n\n\n\n<p><strong>KINO\u00d5HTU LASTELE<\/strong><\/p>\n\n\n\n<p><strong>\u00dcLE LINNA VINSKI<\/strong><\/p>\n\n\n\n<p><strong>2. dets. kell 18.00<\/strong><\/p>\n\n\n\n<p>Pilet: 5.00\/4.00 eur<\/p>\n\n\n\n<figure class=\"wp-block-image is-resized\"><a href=\"https:\/\/muraste.ee\/vana\/wp-content\/uploads\/2022\/11\/VINSKI.jpg\"><img decoding=\"async\" loading=\"lazy\" src=\"https:\/\/muraste.ee\/vana\/wp-content\/uploads\/2022\/11\/VINSKI.jpg\" alt=\"\" class=\"wp-image-9405\" width=\"543\" height=\"767\"\/><\/a><\/figure>\n\n\n\n<p>10-aastane Vinski saab tuttavaks salap\u00e4rase apteekriga, kes kingib talle imepulbri, millega on v\u00f5imalik end n\u00e4htamatuks muuta ja l\u00e4bi seinade k\u00f5ndida. Vinski kasutab oma uusi v\u00f5imeid esialgu vaid omavanuste t\u00fcssamisek, kuid peatselt peab ta nende abil hoopis oma kodulinna kuritegevuslaine k\u00e4est p\u00e4\u00e4stma. Superv\u00f5imed v\u00f5ivad ju toredad olla, aga peatselt \u00e4hvardab Vinskit kamp kurjategijaid, kes neid temalt varastada tahavad. Vinski avastab, et p\u00e4ris kangelased on tihtipeale n\u00e4htamatud.<\/p>\n\n\n\n<p><strong>HARKU VALLA PENSION\u00c4RIDE J\u00d5ULUPIDU<\/strong><\/p>\n\n\n\n<p><strong>7. DETS. KELL 16.00<\/strong><\/p>\n\n\n\n<p>Merik\u00fcla \u00d5ppe- ja Spordikompleksis (Tilgu tee 53, Merik\u00fcla)<\/p>\n\n\n\n<figure class=\"wp-block-image is-resized\"><a href=\"https:\/\/muraste.ee\/vana\/wp-content\/uploads\/2022\/11\/Harku_valla_pensiojoul_A3_privjuu2198-page-001-1.jpg\"><img decoding=\"async\" loading=\"lazy\" src=\"https:\/\/muraste.ee\/vana\/wp-content\/uploads\/2022\/11\/Harku_valla_pensiojoul_A3_privjuu2198-page-001-1.jpg\" alt=\"\" class=\"wp-image-9406\" width=\"537\" height=\"759\"\/><\/a><\/figure>\n\n\n\n<figure class=\"wp-block-image size-large is-resized\"><a href=\"https:\/\/muraste.ee\/vana\/wp-content\/uploads\/2022\/11\/TULE-JA-OSALE.jpg\"><img decoding=\"async\" loading=\"lazy\" src=\"https:\/\/muraste.ee\/vana\/wp-content\/uploads\/2022\/11\/TULE-JA-OSALE.jpg\" alt=\"\" class=\"wp-image-9407\" width=\"487\" height=\"688\"\/><\/a><\/figure>\n","protected":false},"excerpt":{"rendered":"<p>Tere, armas Muraste! Vaikselt hiilivad miinuskraadid me \u00f5uele ja vargsi hakkame m\u00f5tlema juba j\u00f5uludele. Algamas on m\u00f5nusad ja r\u00f5\u00f5msad ettevalmistuse ajad. N\u00e4iteks Muraste k\u00fclaseltsis saab meisterdada endale v\u00f5i kingiks k\u00f5rvar\u00f5ngaid\u2026 K\u00d5RVAR\u00d5NGASTE MEISTERDAMISE \u00d5PITUBA 28. nov. kell 18.30 Muraste k\u00fclaseltsis (Lee tee 9)Osalustasu: 30.00 eur Vajalik eelregistreerimine: muraste@muraste.ee , info: 5848 9661 Tule veeda loominguline \u00f5htu<a class=\"moretag\" href=\"https:\/\/muraste.ee\/vana\/?page_id=9413\"><br \/>&#8230;Loe edasi<\/a><\/p>\n","protected":false},"author":2,"featured_media":0,"parent":0,"menu_order":0,"comment_status":"closed","ping_status":"closed","template":"nadalakava.php","meta":{"_bbp_topic_count":0,"_bbp_reply_count":0,"_bbp_total_topic_count":0,"_bbp_total_reply_count":0,"_bbp_voice_count":0,"_bbp_anonymous_reply_count":0,"_bbp_topic_count_hidden":0,"_bbp_reply_count_hidden":0,"_bbp_forum_subforum_count":0,"_mc_calendar":[]},"_links":{"self":[{"href":"https:\/\/muraste.ee\/vana\/index.php?rest_route=\/wp\/v2\/pages\/9413"}],"collection":[{"href":"https:\/\/muraste.ee\/vana\/index.php?rest_route=\/wp\/v2\/pages"}],"about":[{"href":"https:\/\/muraste.ee\/vana\/index.php?rest_route=\/wp\/v2\/types\/page"}],"author":[{"embeddable":true,"href":"https:\/\/muraste.ee\/vana\/index.php?rest_route=\/wp\/v2\/users\/2"}],"replies":[{"embeddable":true,"href":"https:\/\/muraste.ee\/vana\/index.php?rest_route=%2Fwp%2Fv2%2Fcomments&post=9413"}],"version-history":[{"count":1,"href":"https:\/\/muraste.ee\/vana\/index.php?rest_route=\/wp\/v2\/pages\/9413\/revisions"}],"predecessor-version":[{"id":9415,"href":"https:\/\/muraste.ee\/vana\/index.php?rest_route=\/wp\/v2\/pages\/9413\/revisions\/9415"}],"wp:attachment":[{"href":"https:\/\/muraste.ee\/vana\/index.php?rest_route=%2Fwp%2Fv2%2Fmedia&parent=9413"}],"curies":[{"name":"wp","href":"https:\/\/api.w.org\/{rel}","templated":true}]}}