{"id":9466,"date":"2022-12-05T16:52:05","date_gmt":"2022-12-05T14:52:05","guid":{"rendered":"https:\/\/muraste.ee\/vana\/?page_id=9466"},"modified":"2022-12-05T16:53:53","modified_gmt":"2022-12-05T14:53:53","slug":"nadal-48-4","status":"publish","type":"page","link":"https:\/\/muraste.ee\/vana\/?page_id=9466","title":{"rendered":"N\u00e4dal 48"},"content":{"rendered":"\n<p>Tere, armas Muraste! N\u00e4dal j\u00e4lle l\u00e4hemale j\u00f5uludele. Peod on tulekul ja Muraste k\u00fclaseltsis toimuvad mitmed kasulikud, maitsvad j\u00f5ulul\u00f5hnalised \u00f5pitoad.<\/p>\n\n\n\n<p style=\"font-size:30px\"><strong>TR\u00dcHVLITE valmistamise \u00f5pituba<\/strong><\/p>\n\n\n\n<p><strong>12. dets. KELL 18.30<\/strong><\/p>\n\n\n\n<p>\u00d5pituba sisaldab k\u00f5iki vahendeid.<br>Kestus 1.5 h<br>osalustasu: 30.00 eur<br>Vajalik eelregistreerimine: muraste@muraste ee<\/p>\n\n\n\n<figure class=\"wp-block-image is-resized\"><a href=\"https:\/\/muraste.ee\/vana\/wp-content\/uploads\/2022\/11\/Signelly-truhvlid.jpg\"><img decoding=\"async\" loading=\"lazy\" src=\"https:\/\/muraste.ee\/vana\/wp-content\/uploads\/2022\/11\/Signelly-truhvlid.jpg\" alt=\"\" class=\"wp-image-9421\" width=\"595\" height=\"421\"\/><\/a><\/figure>\n\n\n\n<p>\u00d5pituba toimub kohtade t\u00e4itumisel!<\/p>\n\n\n\n<p>Magusad ja h\u00f5rgud tr\u00fchvlid on alati ergutanud gurmaanide maitsemeeli. Ja mis k\u00e4iks paremini kokku kui tr\u00fchvlid ja J\u00f5ulud! Meie on \u015bokolaaditr\u00fchvlite valmistamise \u00f5pituba on 1,5 tunnine \u00fcritus, kus saab \u00f5petused nende suus sulavate kommide valmistamiseks. Iga osaleja teeb ise maitsvaid komme, s\u00f6\u00f6b kohapeal ja viib neid ka kauni karbiga koju. Valmistame koos belgiap\u00e4raseid kastetud tr\u00fchvleid ja prantsusp\u00e4raseid pehmeid tuhvleid. Kasutame v\u00e4ga laia valikuid marjapuru-, p\u00e4hkli- ja muid p\u00f5nevaid katteid ja seega on k\u00f5ik kommid ka erineva maitsega.Juhendaja Signe Tiitso endast: Lisaks enda \u00f5pitule, olen t\u00e4iendanud oma oskusi ka Belgias Chocolate Woldi kokkade k\u00e4e all ja oman sertifikaati, millega olen ka Belgia \u0161okoladi gildi liige.<\/p>\n\n\n\n<p style=\"font-size:28px\"><strong>KRINGLI valmistamie \u00f5pituba (KORDUS)<\/strong><\/p>\n\n\n\n<p><strong>14. dets. kell 18.00 Muraste kool (Lee tee 9)<\/strong><\/p>\n\n\n\n<p>kestus: 3 h<\/p>\n\n\n\n<p>osalustasu: 25.00<\/p>\n\n\n\n<p>vajalik eelregistreerimine: muraste@muraste.ee<\/p>\n\n\n\n<figure class=\"wp-block-image is-resized\"><a href=\"https:\/\/muraste.ee\/vana\/wp-content\/uploads\/2022\/12\/Kringel.jpg\"><img decoding=\"async\" loading=\"lazy\" src=\"https:\/\/muraste.ee\/vana\/wp-content\/uploads\/2022\/12\/Kringel.jpg\" alt=\"\" class=\"wp-image-9457\" width=\"604\" height=\"427\"\/><\/a><\/figure>\n\n\n\n<p><strong>Vajalik eelregistreerimine: muraste@muraste.ee<\/strong><\/p>\n\n\n\n<p>Kuna eelmine \u00f5pituba osutus v\u00e4ga populaarseks ja paljud j\u00e4id kohtadest ilma, siis me kordame seda!<br>Koolitus kestab 3 h, teeme nii soolast kui magusat kringlit.Osalustasu 25.00 eur.<br>Sisaldab k\u00f5iki vahendeid.\u00d5pituba toimub kohtade t\u00e4itumisel!<br>Koolitus h\u00f5lmab endas p\u00e4rmitaigna tegu, et saada k\u00e4tte see \u00f5ige tunne et ei kardetakse seda teha. Valmib kolm erinevat kringlit \u2013 \u00fcks soolane ja kaks magusat. Tutvustan, kuidas olla julge proovima ja katsetama. \u00d5petan erinevaid t\u00e4idiseid.<br>Juhendaja Krista Ismael endast: Aastal 2015 v\u00f5itsin ma saate Eesti Parim Pagar. Aastal 2016 andsin v\u00e4lja raamatus \u201cSoodsad kodused toidud\u2019 k\u00f5ik mis h\u00f5lmas seal k\u00fcpsetust. Alates sellest ajast olen v\u00e4ga palju tellimuste peale k\u00fcpsetanud ja toimetanud.<\/p>\n\n\n\n<p><strong>UUS EESTI KOGUPERE FILM<\/strong><\/p>\n\n\n\n<p style=\"font-size:30px\"><strong>ERIK KIVIS\u00dcDA<\/strong><\/p>\n\n\n\n<p><strong>9. dets. kell 18.00<\/strong>&nbsp;Muraste kinopunktis (Lee tee 9)<\/p>\n\n\n\n<p>Pilet 5.00\/4.00 eur<\/p>\n\n\n\n<figure class=\"wp-block-image is-resized\"><a href=\"https:\/\/muraste.ee\/vana\/wp-content\/uploads\/2022\/11\/Erik-Kivisuda.jpg\"><img decoding=\"async\" loading=\"lazy\" src=\"https:\/\/muraste.ee\/vana\/wp-content\/uploads\/2022\/11\/Erik-Kivisuda.jpg\" alt=\"\" class=\"wp-image-9437\" width=\"511\" height=\"722\"\/><\/a><\/figure>\n\n\n\n<p>Inspireeritud Sass Henno romaanist \u201cMerer\u00f6\u00f6vlim\u00e4ng\u201d<\/p>\n\n\n\n<p>Ilmar Raagi 2022 aastal lavastatud filmi peategelane on \u00fcksildane 10-aastane Erik (Herman Avandi), kes arvab, et tal on kivist s\u00fcda. Poiss satub fantastilisele teekonnale Kahevahelmaailmasse, kus saab teada, mis on s\u00f5pruse hind.<\/p>\n\n\n\n<p>Eriku vanemad otsustavad kolida p\u00e4randuseks saadud lossi, mille k\u00f5ledad ruumid tekitavad poisis vastumeelsust. \u00dcksi koju j\u00e4\u00e4des tutvub ta Mariaga (Florin Gussak), kes elab koos isaga lossi tagatubades ja peab n\u00fc\u00fcd v\u00e4lja kolima. Kuna Maria jaoks on vana maja \u00fcks ja ainus kodu, kust ta ei kavatsegi lahkuda, m\u00f5tleb ta olukorra p\u00e4\u00e4stmiseks v\u00e4lja plaani ja asub otsima oma kadunud ema, kelle on v\u00e4idetavalt r\u00f6\u00f6vinud piraadid. Maria j\u00e4rel luurates satub ka Erik kaasa merereisile, mis viibki merer\u00f6\u00f6vlite laevale, kus teiste seas leiavad lapsed professionaalse n\u00e4itleja (Juhan Ulfsak) ja piraadiks muutunud ema (Laura Peterson-Aardam). Kuid ema ei tunne Mariat \u00e4ra ning k\u00f5ik laeval viibijad on huvitatud hoopis peeglitagusesse maailma p\u00e4\u00e4semisest. Erik saab teada, et koos emaga lahkumine on ohtlik, kuid Maria ei v\u00f5ta teda kuulda ja lapsed p\u00f5genevad laevalt koos ema ja n\u00e4itlejaga. Tagasi lossi naastes on kaalul juba elu ja surma k\u00fcsimused ning otsustavaks saab s\u00f5prus.<\/p>\n\n\n\n<p style=\"font-size:31px\"><strong>J\u00d5ULULUSTI PIDU<\/strong><br>kogupere \u00fcritus<\/p>\n\n\n\n<p><strong>18. dets. P\u00dcHAP\u00c4EVAL kell 12.00-15.00<\/strong><\/p>\n\n\n\n<p>Muraste kooli \u00f5uel (Lee tee )<br>Pilet: 5.00 eur<\/p>\n\n\n\n<figure class=\"wp-block-image is-resized\"><a href=\"https:\/\/muraste.ee\/vana\/wp-content\/uploads\/2022\/11\/Joululusti-pidu-1.jpg\"><img decoding=\"async\" loading=\"lazy\" src=\"https:\/\/muraste.ee\/vana\/wp-content\/uploads\/2022\/11\/Joululusti-pidu-1.jpg\" alt=\"\" class=\"wp-image-9445\" width=\"485\" height=\"685\"\/><\/a><\/figure>\n\n\n\n<p>2022 a. juba traditsioonilisele J\u00d5ULULUSTI PEOLE tuleb muidugi<br><strong>J\u00d5ULUVANA<\/strong>, kes teeb koos&nbsp;<strong>P\u00e4kapikkudega DISCOT ja jagab kingitusi.<\/strong>&nbsp;Selle l\u00f5busa kambaga juba igav ei hakka.<br>K\u00f5ik soovijad saavad s\u00f5ita&nbsp;<strong>HOBUSAANIGA&nbsp;<\/strong>(s\u00f5it maksab 1.00 euro).<br>Toimub&nbsp;<strong>J\u00d5ULULAAT<\/strong>, kus saab osta k\u00f5iksugu kraami ja on ka v\u00f5imalik m\u00fc\u00fca oma toodangut (registr. muraste@muraste.ee)<br>Teeme<strong>&nbsp;L\u00d5KET ja grillime l\u00f5kkel vahukomme.<\/strong><br>Toimuvad l\u00f5busad&nbsp;<strong>V\u00d5ISTLUSM\u00c4NGUD.<\/strong><br>S\u00d6\u00d6GIKS saab osta nii soolaseid kui magusaid pannkooke, sooja praadi ja siija jooki.<br><strong>PEOLE P\u00c4\u00c4SE maksab 5.00 eur.<\/strong><br><strong>VARU KAASA SULARAHA<\/strong>!<\/p>\n\n\n\n<p><strong>OOTAME ALGAJAID 2023 aastal!<\/strong><\/p>\n\n\n\n<p style=\"font-size:30px\"><strong>KARMO\u015aKA<\/strong>&nbsp;KLASS&nbsp;<strong>algajatele<\/strong><\/p>\n\n\n\n<p><strong>Kuu tasu 70.00 eur \/ 4 korda kuus<\/strong><\/p>\n\n\n\n<p><strong>NELJAP\u00c4EVITI 18.30<\/strong>&nbsp;Muraste k\u00fclaseltsis (Lee tee 9)<\/p>\n\n\n\n<p><strong>Info: 5848 9661 muraste@muraste.ee<\/strong><\/p>\n\n\n\n<figure class=\"wp-block-image is-resized\"><a href=\"https:\/\/muraste.ee\/vana\/wp-content\/uploads\/2022\/12\/karmoSka-1.jpg\"><img decoding=\"async\" loading=\"lazy\" src=\"https:\/\/muraste.ee\/vana\/wp-content\/uploads\/2022\/12\/karmoSka-1.jpg\" alt=\"\" class=\"wp-image-9459\" width=\"575\" height=\"406\"\/><\/a><\/figure>\n\n\n\n<figure class=\"wp-block-image is-resized\"><a href=\"https:\/\/muraste.ee\/vana\/wp-content\/uploads\/2022\/11\/TULE-JA-OSALE.jpg\"><img decoding=\"async\" loading=\"lazy\" src=\"https:\/\/muraste.ee\/vana\/wp-content\/uploads\/2022\/11\/TULE-JA-OSALE.jpg\" alt=\"\" class=\"wp-image-9407\" width=\"475\" height=\"671\"\/><\/a><\/figure>\n","protected":false},"excerpt":{"rendered":"<p>Tere, armas Muraste! N\u00e4dal j\u00e4lle l\u00e4hemale j\u00f5uludele. Peod on tulekul ja Muraste k\u00fclaseltsis toimuvad mitmed kasulikud, maitsvad j\u00f5ulul\u00f5hnalised \u00f5pitoad. TR\u00dcHVLITE valmistamise \u00f5pituba 12. dets. KELL 18.30 \u00d5pituba sisaldab k\u00f5iki vahendeid.Kestus 1.5 hosalustasu: 30.00 eurVajalik eelregistreerimine: muraste@muraste ee \u00d5pituba toimub kohtade t\u00e4itumisel! Magusad ja h\u00f5rgud tr\u00fchvlid on alati ergutanud gurmaanide maitsemeeli. Ja mis k\u00e4iks paremini kokku<a class=\"moretag\" href=\"https:\/\/muraste.ee\/vana\/?page_id=9466\"><br \/>&#8230;Loe edasi<\/a><\/p>\n","protected":false},"author":2,"featured_media":9460,"parent":0,"menu_order":0,"comment_status":"closed","ping_status":"closed","template":"nadalakava.php","meta":{"_bbp_topic_count":0,"_bbp_reply_count":0,"_bbp_total_topic_count":0,"_bbp_total_reply_count":0,"_bbp_voice_count":0,"_bbp_anonymous_reply_count":0,"_bbp_topic_count_hidden":0,"_bbp_reply_count_hidden":0,"_bbp_forum_subforum_count":0,"_mc_calendar":[]},"_links":{"self":[{"href":"https:\/\/muraste.ee\/vana\/index.php?rest_route=\/wp\/v2\/pages\/9466"}],"collection":[{"href":"https:\/\/muraste.ee\/vana\/index.php?rest_route=\/wp\/v2\/pages"}],"about":[{"href":"https:\/\/muraste.ee\/vana\/index.php?rest_route=\/wp\/v2\/types\/page"}],"author":[{"embeddable":true,"href":"https:\/\/muraste.ee\/vana\/index.php?rest_route=\/wp\/v2\/users\/2"}],"replies":[{"embeddable":true,"href":"https:\/\/muraste.ee\/vana\/index.php?rest_route=%2Fwp%2Fv2%2Fcomments&post=9466"}],"version-history":[{"count":3,"href":"https:\/\/muraste.ee\/vana\/index.php?rest_route=\/wp\/v2\/pages\/9466\/revisions"}],"predecessor-version":[{"id":9471,"href":"https:\/\/muraste.ee\/vana\/index.php?rest_route=\/wp\/v2\/pages\/9466\/revisions\/9471"}],"wp:featuredmedia":[{"embeddable":true,"href":"https:\/\/muraste.ee\/vana\/index.php?rest_route=\/wp\/v2\/media\/9460"}],"wp:attachment":[{"href":"https:\/\/muraste.ee\/vana\/index.php?rest_route=%2Fwp%2Fv2%2Fmedia&parent=9466"}],"curies":[{"name":"wp","href":"https:\/\/api.w.org\/{rel}","templated":true}]}}