{"id":95,"date":"2015-11-23T20:13:08","date_gmt":"2015-11-23T18:13:08","guid":{"rendered":"https:\/\/muraste.ee\/vana\/?page_id=95"},"modified":"2016-10-12T11:56:55","modified_gmt":"2016-10-12T08:56:55","slug":"vaartused","status":"publish","type":"page","link":"https:\/\/muraste.ee\/vana\/?page_id=95","title":{"rendered":"V\u00e4\u00e4rtused"},"content":{"rendered":"<p><strong>Visioon<\/strong><\/p>\n<p>Muraste k\u00fcla on kauni looduse ja aktiivse elanikkonnaga milj\u00f6\u00f6v\u00e4\u00e4rtuslik elukeskkond. K\u00fclas on \u00fchtne kogukond h\u00e4sti toimiva k\u00fclakeskuse ja vaba aja veetmise v\u00f5imalustega. Muraste k\u00fcla s\u00e4ilitab oman\u00e4olise looduskeskkonna ja pooldab keskkonnas\u00f5bralikke lahendusi. K\u00fclas on v\u00e4lja kujunenud oma traditsioonid, mida j\u00e4tkatakse ja arendatakse. Muraste k\u00fcla elanik tahab olla murastelane nii s\u00f5nas, m\u00f5ttes kui teos.<\/p>\n<p><strong>V\u00e4\u00e4rtused<\/strong><\/p>\n<p>Oma tegevuses l\u00e4htume Eesti Mittetulundus\u00fchenduste \u00dcmarlaua Suurkogul, 7. aprillil 2002. aastal, vastu v\u00f5etud <strong><a href=\"http:\/\/www.ngo.ee\/hk-pohimotted\">hea kodaniku p\u00f5him\u00f5tetest<\/a><\/strong> ja <strong><a href=\"http:\/\/www.ngo.ee\/eetikakoodeks\">vaba\u00fchenduste eetikakoodeksist<\/a><\/strong>. Nimetatud p\u00f5him\u00f5tted on aktsepteeritud ka Harku valla vaba\u00fchenduste \u00fcmarlaua tegevuses.<\/p>\n<p><strong>S\u00fcmboolika<\/strong><\/p>\n<p>Logol olev tunnuslause \u201eMuraste \u2013 loodus kodus\u201d v\u00f5tab kokku k\u00fcla olemuse. On ju tegemist p\u00f5lis- ning uutest asumitest koosneva k\u00fclaga, mida \u00fcmbritsevad meri, liigirikas rabamets ning selle s\u00fcdames paiknev looduskaitseala. Logo pildilise osa moodustab lille\u00f5itest moodustunud pall, mis t\u00e4histab loodusl\u00e4hedust ja looduse paljusust. Roheline v\u00e4rv v\u00e4ljendab looduskeskkonda, turvatunnet ja tervislikkust. Selles olev oran\u017e noot aga energiat, tasakaalu, soojust ja entusiasmi.<\/p>\n<p>Erinevad logovariandid leiad <span style=\"color: #ff0000;\"><strong><a style=\"color: #ff0000;\" href=\"https:\/\/muraste.ee\/vana\/wp-content\/uploads\/2015\/11\/Logo-pass.pdf\" rel=\"\">siit<\/a><\/strong><\/span><\/p>\n<p><a href=\"https:\/\/muraste.ee\/vana\/wp-content\/uploads\/2015\/11\/k\u00fclaselst.jpg\"><img decoding=\"async\" loading=\"lazy\" class=\"alignnone size-full wp-image-1009\" src=\"https:\/\/muraste.ee\/vana\/wp-content\/uploads\/2015\/11\/k\u00fclaselst.jpg\" alt=\"k\u00fclaselst\" width=\"960\" height=\"638\" srcset=\"https:\/\/muraste.ee\/vana\/wp-content\/uploads\/2015\/11\/k\u00fclaselst.jpg 960w, https:\/\/muraste.ee\/vana\/wp-content\/uploads\/2015\/11\/k\u00fclaselst-300x199.jpg 300w, https:\/\/muraste.ee\/vana\/wp-content\/uploads\/2015\/11\/k\u00fclaselst-624x415.jpg 624w\" sizes=\"(max-width: 960px) 100vw, 960px\" \/><\/a><\/p>\n<p><em>Pildil: Muraste k\u00fcla esindus Harku valla k\u00fclade p\u00e4eval Suurupis (juuni 2015)<\/em><\/p>\n","protected":false},"excerpt":{"rendered":"<p>Visioon Muraste k\u00fcla on kauni looduse ja aktiivse elanikkonnaga milj\u00f6\u00f6v\u00e4\u00e4rtuslik elukeskkond. K\u00fclas on \u00fchtne kogukond h\u00e4sti toimiva k\u00fclakeskuse ja vaba aja veetmise v\u00f5imalustega. Muraste k\u00fcla s\u00e4ilitab oman\u00e4olise looduskeskkonna ja pooldab keskkonnas\u00f5bralikke lahendusi. K\u00fclas on v\u00e4lja kujunenud oma traditsioonid, mida j\u00e4tkatakse ja arendatakse. Muraste k\u00fcla elanik tahab olla murastelane nii s\u00f5nas, m\u00f5ttes kui teos. V\u00e4\u00e4rtused Oma<a class=\"moretag\" href=\"https:\/\/muraste.ee\/vana\/?page_id=95\"><br \/>&#8230;Loe edasi<\/a><\/p>\n","protected":false},"author":1,"featured_media":0,"parent":0,"menu_order":0,"comment_status":"closed","ping_status":"closed","template":"page-templates\/full-width.php","meta":{"_bbp_topic_count":0,"_bbp_reply_count":0,"_bbp_total_topic_count":0,"_bbp_total_reply_count":0,"_bbp_voice_count":0,"_bbp_anonymous_reply_count":0,"_bbp_topic_count_hidden":0,"_bbp_reply_count_hidden":0,"_bbp_forum_subforum_count":0,"_mc_calendar":[]},"_links":{"self":[{"href":"https:\/\/muraste.ee\/vana\/index.php?rest_route=\/wp\/v2\/pages\/95"}],"collection":[{"href":"https:\/\/muraste.ee\/vana\/index.php?rest_route=\/wp\/v2\/pages"}],"about":[{"href":"https:\/\/muraste.ee\/vana\/index.php?rest_route=\/wp\/v2\/types\/page"}],"author":[{"embeddable":true,"href":"https:\/\/muraste.ee\/vana\/index.php?rest_route=\/wp\/v2\/users\/1"}],"replies":[{"embeddable":true,"href":"https:\/\/muraste.ee\/vana\/index.php?rest_route=%2Fwp%2Fv2%2Fcomments&post=95"}],"version-history":[{"count":9,"href":"https:\/\/muraste.ee\/vana\/index.php?rest_route=\/wp\/v2\/pages\/95\/revisions"}],"predecessor-version":[{"id":2520,"href":"https:\/\/muraste.ee\/vana\/index.php?rest_route=\/wp\/v2\/pages\/95\/revisions\/2520"}],"wp:attachment":[{"href":"https:\/\/muraste.ee\/vana\/index.php?rest_route=%2Fwp%2Fv2%2Fmedia&parent=95"}],"curies":[{"name":"wp","href":"https:\/\/api.w.org\/{rel}","templated":true}]}}