{"id":9516,"date":"2023-01-30T12:49:10","date_gmt":"2023-01-30T10:49:10","guid":{"rendered":"https:\/\/muraste.ee\/vana\/?page_id=9516"},"modified":"2023-01-30T12:49:11","modified_gmt":"2023-01-30T10:49:11","slug":"nadal-5","status":"publish","type":"page","link":"https:\/\/muraste.ee\/vana\/?page_id=9516","title":{"rendered":"N\u00e4dal 5"},"content":{"rendered":"\n<p>Tere, armas Muraste! Uue aasta esimene kuu hakkab l\u00f5ppema ja veebruar toob kaasa meie armsa Eesti 105 s\u00fcnniaastap\u00e4eva pidustused ja muidugi s\u00f5brap\u00e4eva. Muraste k\u00fclaselts pakub selleks puhuks toredaid \u00fcritusi. Ja \u00e4rgem unustagem meeletut reisi Las Vegasesse \u2013 kiirustage sm. unetud!<\/p>\n\n\n\n<p><strong>SARJAST: REISI KODUS<\/strong><\/p>\n\n\n\n<p>L A S V E G A S<\/p>\n\n\n\n<p><strong>3. veebruar REEDE. Uksed avatakse kell 18.00<\/strong><\/p>\n\n\n\n<p><strong>Eelm\u00fc\u00fcgist pilet: 15.00 eur.<\/strong><br><strong>Muraste k\u00fclaselts a\/a EE707700771008624144 M\u00e4rks\u00f5na \u201dLas Vegas\u201d<\/strong><br>Pidu toimub Muraste&nbsp;aatriumis Lee tee 9.<br><strong>Pokkeri alg\u00f5pe ja turniiril osalejatel palume registreeruda: muraste@muraste.ee&nbsp;<\/strong>(kohtade arv on piiratud)<\/p>\n\n\n\n<figure class=\"wp-block-image\"><a href=\"https:\/\/muraste.ee\/vana\/wp-content\/uploads\/2023\/01\/Las-Vegas-plakat.jpg\"><img decoding=\"async\" loading=\"lazy\" width=\"1024\" height=\"724\" src=\"https:\/\/muraste.ee\/vana\/wp-content\/uploads\/2023\/01\/Las-Vegas-plakat-1024x724.jpg\" alt=\"\" class=\"wp-image-9478\" srcset=\"https:\/\/muraste.ee\/vana\/wp-content\/uploads\/2023\/01\/Las-Vegas-plakat-1024x724.jpg 1024w, https:\/\/muraste.ee\/vana\/wp-content\/uploads\/2023\/01\/Las-Vegas-plakat-300x212.jpg 300w, https:\/\/muraste.ee\/vana\/wp-content\/uploads\/2023\/01\/Las-Vegas-plakat-768x543.jpg 768w, https:\/\/muraste.ee\/vana\/wp-content\/uploads\/2023\/01\/Las-Vegas-plakat-1536x1086.jpg 1536w, https:\/\/muraste.ee\/vana\/wp-content\/uploads\/2023\/01\/Las-Vegas-plakat-2048x1448.jpg 2048w, https:\/\/muraste.ee\/vana\/wp-content\/uploads\/2023\/01\/Las-Vegas-plakat-624x441.jpg 624w\" sizes=\"(max-width: 1024px) 100vw, 1024px\" \/><\/a><\/figure>\n\n\n\n<p>Muraste reisib\u00fcroo esitleb eelmisel aastal populaarsust kogunud pidude&nbsp;<strong>sarja \u201cReisi kodus\u201d<\/strong>&nbsp;j\u00e4rjekordset meeleolukat \u00fcritust:<\/p>\n\n\n\n<p><strong>LAS VEGAS PARTY<\/strong><br><strong>vanusest 21+<\/strong><\/p>\n\n\n\n<p><strong>Dresscode&nbsp;<\/strong>\u2013 sellel peol on nii palju v\u00f5imalusi valida endale \u00fcks \u00e4ge Las Vegase dresscode ja rockida terve \u00f5htu! Pokkerilauas muidugi pidulik riietus.<\/p>\n\n\n\n<p>Rockib elus&nbsp;<strong>ELVIS PRESLEY-<\/strong>&nbsp;rockikuninga tuntumad palad.<br><strong>TANTSUKS \u2013 ARE Jaama band \u201cOldies Goldies\u201d&nbsp;<\/strong>\u2013 tuntud rockiklassikaga.<\/p>\n\n\n\n<p><strong>POKKERITURNIIR<br>NB! kohtade arv piiratud!<br>Registreerimine al.vanudest 21+&nbsp;<a rel=\"noreferrer noopener\" href=\"mailto:muraste@muraste.ee\" target=\"_blank\">muraste@muraste.ee<\/a><\/strong><br><strong>kell 19.30<\/strong>&nbsp;pokkerim\u00e4ngu alg\u00f5petus ja peale seda turniir.<br>Ootame registreeruma ka<br>KOGENUD POKKERIM\u00c4NGIJAID!<br><strong>kell 20.00&nbsp;<\/strong>POKKERITURNIIR.<\/p>\n\n\n\n<p>Las Vegases on avatud&nbsp;pokkerituba, kus kell 20 toimub l\u00fchike algajate pokkerikoolitus ja sellele j\u00e4rgneb \u00fche laua turniir soovijatele igal tasemel.<br>Koolitust viib l\u00e4bi ja turniiri korraldab&nbsp;<strong>esimene Eesti Naisteliiga v\u00f5itja ja Eesti naiste meister 2021 Helina Tamm.<\/strong><br>Turniirikohtade arv on piiratud, lauas on 10 kohta. Huvilistel palume seet\u00f5ttu ette registreerida.<\/p>\n\n\n\n<p>Elust ja seiklustest LAS VEGASES r\u00e4\u00e4gib tuntud rock-kitarrist&nbsp;<strong>BRAD J\u00dcRJENS.<\/strong><\/p>\n\n\n\n<p>Kiiksuga&nbsp;<strong>FOTON\u00c4ITUS Kangelased<\/strong>&nbsp;\u2013 kus eakad kehastuvad erinevateks filmikangelasteks.. N\u00e4ituselt leiab Sherlock Holmesi, Miss Marply, detektiiv Vera, Batmani, Kassnaise ja palju teisi filmide protot\u00fc\u00fcpe. Modellid olid vanuses 60-84 eluaastat. Fotograaf Erik Riikoja ja stilist Tiina Kukk<br><strong>Avatud DINNER BUFFET<\/strong><\/p>\n\n\n\n<p><strong>Valmista ise oma armsamale, s\u00f5brale v\u00f5i perele \u00fcks kaunis s\u00f5brap\u00e4eva kink!<\/strong><\/p>\n\n\n\n<p><strong>Akvarelltehnika ja optilise mustri maal<\/strong><\/p>\n\n\n\n<p><strong>6. veebruar ESMASP\u00c4EV kell 18.30 Muraste k\u00fclaselts (Lee tee 9)<\/strong><\/p>\n\n\n\n<p>Osalustasu: 27. eur<\/p>\n\n\n\n<figure class=\"wp-block-image\"><a href=\"https:\/\/muraste.ee\/vana\/wp-content\/uploads\/2023\/01\/Akvarelltehnika-opituba-1.jpg\"><img decoding=\"async\" loading=\"lazy\" width=\"1024\" height=\"724\" src=\"https:\/\/muraste.ee\/vana\/wp-content\/uploads\/2023\/01\/Akvarelltehnika-opituba-1-1024x724.jpg\" alt=\"\" class=\"wp-image-9484\" srcset=\"https:\/\/muraste.ee\/vana\/wp-content\/uploads\/2023\/01\/Akvarelltehnika-opituba-1-1024x724.jpg 1024w, https:\/\/muraste.ee\/vana\/wp-content\/uploads\/2023\/01\/Akvarelltehnika-opituba-1-300x212.jpg 300w, https:\/\/muraste.ee\/vana\/wp-content\/uploads\/2023\/01\/Akvarelltehnika-opituba-1-768x543.jpg 768w, https:\/\/muraste.ee\/vana\/wp-content\/uploads\/2023\/01\/Akvarelltehnika-opituba-1-1536x1086.jpg 1536w, https:\/\/muraste.ee\/vana\/wp-content\/uploads\/2023\/01\/Akvarelltehnika-opituba-1-2048x1448.jpg 2048w, https:\/\/muraste.ee\/vana\/wp-content\/uploads\/2023\/01\/Akvarelltehnika-opituba-1-624x441.jpg 624w\" sizes=\"(max-width: 1024px) 100vw, 1024px\" \/><\/a><\/figure>\n\n\n\n<p>Akvarelltehnika ja optilise mustri maal<\/p>\n\n\n\n<p>\u00d5pitoas valmib akvarelltehnikas maaliline ja optiline teos. Tutvume vesiv\u00e4rvi- ehk akvarelltehnikatega ning optilise kunstistiiliga. \u00dchendame need kaks stiili omavahel ning igal osalejal valmib A3 formaadis teos.<br>See tehnika ei n\u00f5ua eelnevaid kogemusi maalimises ja joonistamises, \u00f5pituba on j\u00f5ukohane k\u00f5igile! Oodatud on nii lapsed kui ka t\u00e4iskasvanud. Pildiraam ei ole hinnas.<\/p>\n\n\n\n<p>\u00d5pitoa osaluspanus: 27 eurot<\/p>\n\n\n\n<p>Kestus: 18.30-20.30&nbsp;<\/p>\n\n\n\n<p>Marell on l\u00f5petanud Tartu Kunstikool Pallase naha- ja disaini eriala ning teinud Tartu \u00dclikoolis pedagoogika magistrikraadi. Igap\u00e4evaselt \u00f5petab ta p\u00f5hikoolis lapsi joonistama, maalima ja meisterdama. Lisaks koolit\u00f6\u00f6le on tema suureks kireks erinevatel teemadel \u00f5pitubade l\u00e4biviimine. \u00d5pitubade kohta saab t\u00e4psemat infot&nbsp;<a rel=\"noreferrer noopener\" href=\"http:\/\/www.sinuloovus.com\/\" target=\"_blank\">www.sinuloovus.com<\/a>. Loomult on Marell r\u00f5\u00f5msameelne, loominguline ning hea suhtleja.<\/p>\n\n\n\n<p><strong>laste \u00fcrituste sari KUKLIKOHVIK esitleb<\/strong>:<\/p>\n\n\n\n<p><strong>MAAGIAHOMMIK<\/strong><\/p>\n\n\n\n<p><strong>18. veebruar LAUP\u00c4EV kell 12.00 \u2013 14.00<\/strong><\/p>\n\n\n\n<p>Pilet: 5.00 eur<\/p>\n\n\n\n<figure class=\"wp-block-image\"><a href=\"https:\/\/muraste.ee\/vana\/wp-content\/uploads\/2023\/01\/Kuklikohvik.jpg\"><img decoding=\"async\" loading=\"lazy\" width=\"1024\" height=\"724\" src=\"https:\/\/muraste.ee\/vana\/wp-content\/uploads\/2023\/01\/Kuklikohvik-1024x724.jpg\" alt=\"\" class=\"wp-image-9503\" srcset=\"https:\/\/muraste.ee\/vana\/wp-content\/uploads\/2023\/01\/Kuklikohvik-1024x724.jpg 1024w, https:\/\/muraste.ee\/vana\/wp-content\/uploads\/2023\/01\/Kuklikohvik-300x212.jpg 300w, https:\/\/muraste.ee\/vana\/wp-content\/uploads\/2023\/01\/Kuklikohvik-768x543.jpg 768w, https:\/\/muraste.ee\/vana\/wp-content\/uploads\/2023\/01\/Kuklikohvik-1536x1086.jpg 1536w, https:\/\/muraste.ee\/vana\/wp-content\/uploads\/2023\/01\/Kuklikohvik-2048x1448.jpg 2048w, https:\/\/muraste.ee\/vana\/wp-content\/uploads\/2023\/01\/Kuklikohvik-624x441.jpg 624w\" sizes=\"(max-width: 1024px) 100vw, 1024px\" \/><\/a><\/figure>\n\n\n\n<p><strong>Kuklikohviku MAAGIAHOMMIK<\/strong><\/p>\n\n\n\n<p>K\u00fclla tulevad kaks vahvat N\u00d5IDA \u2013<strong>&nbsp;L\u00f5bus n\u00f5id Anna Skugen ja V\u00e4ike N\u00f5id<\/strong><\/p>\n\n\n\n<p>Koos m\u00e4ngitakse v\u00f5istlusm\u00e4nge ja laste seltskonnam\u00e4nge. Tantsime ja laulame k\u00f5ik koos. Meisterdatakse midagi v\u00e4ga p\u00f5nevat ja k\u00f5ige l\u00f5puks on SUUR MULLIPIDU, kus L\u00f5bus N\u00f5id Anna Skugen v\u00f5lub lapsi MULLI SISSE ja lapsed saavad ise v\u00f5luda suuri ja v\u00e4ikesi mulle.<\/p>\n\n\n\n<p>Avatud on Kuklikohvik, kus m\u00fc\u00fcakse saiakesi 1.00 euro\/tk. sularahas.<br>Morss on tasuta.<\/p>\n\n\n\n<p><strong>KINO\u00d5HTU: uus eesti k\u00f6m\u00f6\u00f6diafilm<\/strong><\/p>\n\n\n\n<p><strong>SUVITAJAD<\/strong><\/p>\n\n\n\n<p><strong>17. veebruar REEDE kell 19.00<\/strong>&nbsp;Muraste kinopunktis (Lee tee 9)<\/p>\n\n\n\n<p>Pilet: 5.00\/4.00 eur<\/p>\n\n\n\n<figure class=\"wp-block-image\"><a href=\"https:\/\/muraste.ee\/vana\/wp-content\/uploads\/2023\/01\/Suvitajad.jpg\"><img decoding=\"async\" loading=\"lazy\" width=\"724\" height=\"1024\" src=\"https:\/\/muraste.ee\/vana\/wp-content\/uploads\/2023\/01\/Suvitajad-724x1024.jpg\" alt=\"\" class=\"wp-image-9504\" srcset=\"https:\/\/muraste.ee\/vana\/wp-content\/uploads\/2023\/01\/Suvitajad-724x1024.jpg 724w, https:\/\/muraste.ee\/vana\/wp-content\/uploads\/2023\/01\/Suvitajad-212x300.jpg 212w, https:\/\/muraste.ee\/vana\/wp-content\/uploads\/2023\/01\/Suvitajad-768x1086.jpg 768w, https:\/\/muraste.ee\/vana\/wp-content\/uploads\/2023\/01\/Suvitajad-1086x1536.jpg 1086w, https:\/\/muraste.ee\/vana\/wp-content\/uploads\/2023\/01\/Suvitajad-1448x2048.jpg 1448w, https:\/\/muraste.ee\/vana\/wp-content\/uploads\/2023\/01\/Suvitajad-624x883.jpg 624w, https:\/\/muraste.ee\/vana\/wp-content\/uploads\/2023\/01\/Suvitajad.jpg 1587w\" sizes=\"(max-width: 724px) 100vw, 724px\" \/><\/a><\/figure>\n\n\n\n<p>\u201cSuvitajad\u201d on ehedat kirge ja nakatavat nalja t\u00e4is suvine kom\u00f6\u00f6dia, mis p\u00f5hineb Juhan Smuuli samanimelisel jutustusel. Film valmib armastatud kirjaniku sajandaks s\u00fcnniaastap\u00e4evaks ning on \u00fchtlasi ka austusavaldus kunagisele kultuskom\u00f6\u00f6diale \u201cSiin me oleme\u201d, mis v\u00e4ndati sama algmaterjali p\u00f5hjal. Imekauni Muhumaa looduse r\u00fcpes toimuv legendaarne lugu on toodud julgelt t\u00e4nap\u00e4eva, sest Smuuli terane n\u00e4gemus vastandlikest inimt\u00fc\u00fcpidest on ajatu.<\/p>\n\n\n\n<p>Kalur \u00c4rni on otsustanud nigela kalasaagi t\u00f5ttu jaaniajaks suvitajad v\u00f5tta. Plaan pole ju paha, kuid tema kaunisse Muhumaa tallu saabuvad \u00fclimalt t\u00fclikad k\u00fclalised: proua Sohvia, tema abikaasa Johan, nende poeg Juunior ja Sohvia kaunitarist \u00f5de Erna koos oma \u00e4rimehest kavaleri Ivoga. Juba esimesel pilgul on selge, et \u00c4rnil ja tema naisel Lainel l\u00e4heb suvitajatega v\u00e4ga keeruliseks. Pealinnast tulnud suvitajad pakatavad t\u00e4htsusest ja n\u00f5uavad erikohtlemist, samas on nende klantsi pealispinna all piinlikke saladusi, mis t\u00fcli k\u00e4igus avanema hakkavad. Linnarahva jagelustesse t\u00f5mmatud maarahvas avastab n\u00fc\u00fcd ka oma elus \u00fcllatavaid kitsaskohti. Naljakate segaduste ja intriigide saatel minnakse vastu jaani\u00f6\u00f6le ning koos v\u00f5imsa l\u00f5kkega s\u00fctivad peoplatsil ka viimseni pingule timmitud kired.<\/p>\n\n\n\n<p>Smuuli jutustuse ainetel kirjutas stsenaariumi Martin Algus ja filmi re\u017eiss\u00f6\u00f6riks on Ergo Kuld. Kom\u00f6\u00f6dia \u201cSuvitajad\u201d on \u201cTalve\u201d, \u201cSoo\u201d ja \u201cJahihooaja\u201d taga seisva meeskonna k\u00f5ige v\u00e4rskem linateos.<\/p>\n\n\n\n<p>Osades: Kaire Vilgats, Meelis R\u00e4mmeld, P\u00e4\u00e4ru Oja, Ago Anderson, Eva Koldits, Kristel Elling, Lauri Nebel, Adele Taska, Robert Klein jt.<\/p>\n\n\n\n<figure class=\"wp-block-embed is-type-rich is-provider-embed-handler wp-block-embed-embed-handler\"><div class=\"wp-block-embed__wrapper\">\nhttps:\/\/youtube.com\/watch?v=svWX4It1xXw%3Ffeature%3Doembed\n<\/div><\/figure>\n\n\n\n<p><strong>EESTI VABARIIGI 105 AASTAP\u00c4EVA \u00d6\u00d6MATK<\/strong><\/p>\n\n\n\n<p><strong>23. VEEBRUARIL<\/strong><\/p>\n\n\n\n<p><strong>V\u00f5ta kaasa Eesti lipp, t\u00f5rvikud v\u00f5i laternad ja rahvuss\u00fcmboolika!<\/strong><\/p>\n\n\n\n<figure class=\"wp-block-image\"><a href=\"https:\/\/muraste.ee\/vana\/wp-content\/uploads\/2023\/01\/EESTI-105.jpg\"><img decoding=\"async\" loading=\"lazy\" width=\"1024\" height=\"724\" src=\"https:\/\/muraste.ee\/vana\/wp-content\/uploads\/2023\/01\/EESTI-105-1024x724.jpg\" alt=\"\" class=\"wp-image-9502\" srcset=\"https:\/\/muraste.ee\/vana\/wp-content\/uploads\/2023\/01\/EESTI-105-1024x724.jpg 1024w, https:\/\/muraste.ee\/vana\/wp-content\/uploads\/2023\/01\/EESTI-105-300x212.jpg 300w, https:\/\/muraste.ee\/vana\/wp-content\/uploads\/2023\/01\/EESTI-105-768x543.jpg 768w, https:\/\/muraste.ee\/vana\/wp-content\/uploads\/2023\/01\/EESTI-105-1536x1086.jpg 1536w, https:\/\/muraste.ee\/vana\/wp-content\/uploads\/2023\/01\/EESTI-105-2048x1448.jpg 2048w, https:\/\/muraste.ee\/vana\/wp-content\/uploads\/2023\/01\/EESTI-105-624x441.jpg 624w\" sizes=\"(max-width: 1024px) 100vw, 1024px\" \/><\/a><\/figure>\n\n\n\n<p>Palju aastaid on Harku vallas traditsiooniks koguneda meie kalli Eesti Vabariigi s\u00fcnniaastap\u00e4eva t\u00e4histama \u00d6\u00d6MATKAGA. Nii ka sel aastal, mil Eesti saab t\u00e4histada 105 aastap\u00e4eva \u2013 2023 aastal, kus meie vabadus on v\u00f5tnud hoopis teistsuguse varjundi kui eelnevatel aastatel.<\/p>\n\n\n\n<p><strong>\u00d6\u00d6MATK:<\/strong><\/p>\n\n\n\n<ol type=\"1\">\n<li><strong>Alguspunkt &nbsp;kell 18.00 Muraste kooli juures (Lee tee 9)<\/strong>. Esineb Suurupi naiskoor Meretule. Matkatee kulgeb l\u00e4bi Suurupi metsa, m\u00f6\u00f6da merekallast Tilgu Sadamasse<\/li>\n\n\n\n<li><strong>Alguspunkt kell 18.30 Rannam\u00f5isa kiriku juures<\/strong>t. Kaitseliidu pidulik rivistus vabaduss\u00f5ja ausamba juures, p\u00e4rgade asetamine. Siirdutakse rongk\u00e4igus m\u00f6\u00f6da Tilgu teed Tilgu Sadamasse.<\/li>\n\n\n\n<li><strong>19.30 Tilgu sadamas s\u00fc\u00fcdatakse l\u00f5ke<\/strong>. Peetakse isamaalisi k\u00f5nesid. Naiskodukaitsjad pakuvad sooja katlasuppi ja kuuma teed. Toimuvad pidulikud s\u00f5nav\u00f5tud.&nbsp;<strong>Rahvast tantsutab rahvatantsu segar\u00fchm P\u00f6\u00f6reline ja esinevad Tuletantsijad.<\/strong><\/li>\n<\/ol>\n\n\n\n<p>Tulge t\u00e4histama meie kalli kodumaa s\u00fcnniaastap\u00e4eva kogu perega, v\u00f5tke kaasa lapsed, kellele selline isamaaline \u00fcritus j\u00e4\u00e4b meelde eluks ajaks. Saame koos sammuda rongk\u00e4igus laternate ja sinimustvalgete lippudega, m\u00f5tiskleda l\u00f5kke \u00e4\u00e4res Tallinna panoraami taustal, kuulata isamaalisi k\u00f5nesid ning laule, maitsta katlasuppi ja nautida esinejate etteasteid.<br>Tunneme taas, et oleme \u00fcks uhke ja tugev rahvas, kes oskab olla t\u00e4nulik selle \u00fcle, mis meil on k\u00f5ige kallim \u2013 see on vabadus.<br>V\u00f5ta kaasa latern v\u00f5i t\u00f5rvik, sobivas suuruses Eesti lipp, tule perega, kutsu s\u00f5brad ning naabrid l\u00e4hedalt ja kaugelt.<br>Jalgsimatkaks on kaks v\u00f5imalust \u2013 liituda veidi pikemale rajale, mis algab Muraste kooli juurest v\u00f5i koguneda Rannam\u00f5isa kiriku juurde, et sealt suunduda rongk\u00e4igus Tilgu sadamasse.<\/p>\n\n\n\n<p><strong>Varu kaasa ka 1.00 eur supikatla t\u00e4itmiseks.<\/strong><\/p>\n\n\n\n<figure class=\"wp-block-image\"><a href=\"https:\/\/muraste.ee\/vana\/wp-content\/uploads\/2023\/01\/unnamed.jpg\"><img decoding=\"async\" loading=\"lazy\" width=\"724\" height=\"1024\" src=\"https:\/\/muraste.ee\/vana\/wp-content\/uploads\/2023\/01\/unnamed-724x1024.jpg\" alt=\"\" class=\"wp-image-9485\" srcset=\"https:\/\/muraste.ee\/vana\/wp-content\/uploads\/2023\/01\/unnamed-724x1024.jpg 724w, https:\/\/muraste.ee\/vana\/wp-content\/uploads\/2023\/01\/unnamed-212x300.jpg 212w, https:\/\/muraste.ee\/vana\/wp-content\/uploads\/2023\/01\/unnamed-768x1086.jpg 768w, https:\/\/muraste.ee\/vana\/wp-content\/uploads\/2023\/01\/unnamed-1086x1536.jpg 1086w, https:\/\/muraste.ee\/vana\/wp-content\/uploads\/2023\/01\/unnamed-1448x2048.jpg 1448w, https:\/\/muraste.ee\/vana\/wp-content\/uploads\/2023\/01\/unnamed-624x883.jpg 624w, https:\/\/muraste.ee\/vana\/wp-content\/uploads\/2023\/01\/unnamed.jpg 1587w\" sizes=\"(max-width: 724px) 100vw, 724px\" \/><\/a><\/figure>\n\n\n\n<p><strong>TULE T\u00d6\u00d6LE KODU L\u00c4HEDALE!<\/strong><\/p>\n\n\n\n<figure class=\"wp-block-image\"><a href=\"https:\/\/muraste.ee\/vana\/wp-content\/uploads\/2023\/01\/Muraste-kuulutus-HV-teatajasse-okt2021-002.png\"><img decoding=\"async\" loading=\"lazy\" width=\"1024\" height=\"1024\" src=\"https:\/\/muraste.ee\/vana\/wp-content\/uploads\/2023\/01\/Muraste-kuulutus-HV-teatajasse-okt2021-002-1024x1024.png\" alt=\"\" class=\"wp-image-9512\" srcset=\"https:\/\/muraste.ee\/vana\/wp-content\/uploads\/2023\/01\/Muraste-kuulutus-HV-teatajasse-okt2021-002-1024x1024.png 1024w, https:\/\/muraste.ee\/vana\/wp-content\/uploads\/2023\/01\/Muraste-kuulutus-HV-teatajasse-okt2021-002-300x300.png 300w, https:\/\/muraste.ee\/vana\/wp-content\/uploads\/2023\/01\/Muraste-kuulutus-HV-teatajasse-okt2021-002-150x150.png 150w, https:\/\/muraste.ee\/vana\/wp-content\/uploads\/2023\/01\/Muraste-kuulutus-HV-teatajasse-okt2021-002-768x768.png 768w, https:\/\/muraste.ee\/vana\/wp-content\/uploads\/2023\/01\/Muraste-kuulutus-HV-teatajasse-okt2021-002-624x624.png 624w, https:\/\/muraste.ee\/vana\/wp-content\/uploads\/2023\/01\/Muraste-kuulutus-HV-teatajasse-okt2021-002.png 1080w\" sizes=\"(max-width: 1024px) 100vw, 1024px\" \/><\/a><\/figure>\n","protected":false},"excerpt":{"rendered":"<p>Tere, armas Muraste! Uue aasta esimene kuu hakkab l\u00f5ppema ja veebruar toob kaasa meie armsa Eesti 105 s\u00fcnniaastap\u00e4eva pidustused ja muidugi s\u00f5brap\u00e4eva. Muraste k\u00fclaselts pakub selleks puhuks toredaid \u00fcritusi. Ja \u00e4rgem unustagem meeletut reisi Las Vegasesse \u2013 kiirustage sm. unetud! SARJAST: REISI KODUS L A S V E G A S 3. veebruar REEDE. Uksed<a class=\"moretag\" href=\"https:\/\/muraste.ee\/vana\/?page_id=9516\"><br \/>&#8230;Loe edasi<\/a><\/p>\n","protected":false},"author":2,"featured_media":9505,"parent":1269,"menu_order":0,"comment_status":"closed","ping_status":"closed","template":"nadalakava.php","meta":{"_bbp_topic_count":0,"_bbp_reply_count":0,"_bbp_total_topic_count":0,"_bbp_total_reply_count":0,"_bbp_voice_count":0,"_bbp_anonymous_reply_count":0,"_bbp_topic_count_hidden":0,"_bbp_reply_count_hidden":0,"_bbp_forum_subforum_count":0,"_mc_calendar":[]},"_links":{"self":[{"href":"https:\/\/muraste.ee\/vana\/index.php?rest_route=\/wp\/v2\/pages\/9516"}],"collection":[{"href":"https:\/\/muraste.ee\/vana\/index.php?rest_route=\/wp\/v2\/pages"}],"about":[{"href":"https:\/\/muraste.ee\/vana\/index.php?rest_route=\/wp\/v2\/types\/page"}],"author":[{"embeddable":true,"href":"https:\/\/muraste.ee\/vana\/index.php?rest_route=\/wp\/v2\/users\/2"}],"replies":[{"embeddable":true,"href":"https:\/\/muraste.ee\/vana\/index.php?rest_route=%2Fwp%2Fv2%2Fcomments&post=9516"}],"version-history":[{"count":1,"href":"https:\/\/muraste.ee\/vana\/index.php?rest_route=\/wp\/v2\/pages\/9516\/revisions"}],"predecessor-version":[{"id":9518,"href":"https:\/\/muraste.ee\/vana\/index.php?rest_route=\/wp\/v2\/pages\/9516\/revisions\/9518"}],"up":[{"embeddable":true,"href":"https:\/\/muraste.ee\/vana\/index.php?rest_route=\/wp\/v2\/pages\/1269"}],"wp:featuredmedia":[{"embeddable":true,"href":"https:\/\/muraste.ee\/vana\/index.php?rest_route=\/wp\/v2\/media\/9505"}],"wp:attachment":[{"href":"https:\/\/muraste.ee\/vana\/index.php?rest_route=%2Fwp%2Fv2%2Fmedia&parent=9516"}],"curies":[{"name":"wp","href":"https:\/\/api.w.org\/{rel}","templated":true}]}}