{"id":9545,"date":"2023-02-13T13:06:09","date_gmt":"2023-02-13T11:06:09","guid":{"rendered":"https:\/\/muraste.ee\/vana\/?page_id=9545"},"modified":"2023-02-13T13:06:09","modified_gmt":"2023-02-13T11:06:09","slug":"nadal-6-4","status":"publish","type":"page","link":"https:\/\/muraste.ee\/vana\/?page_id=9545","title":{"rendered":"N\u00e4dal 6"},"content":{"rendered":"\n<p><img decoding=\"async\" loading=\"lazy\" width=\"624\" height=\"441\" src=\"https:\/\/muraste.ee\/vana\/wp-content\/uploads\/2023\/01\/EESTI-105-624x441.jpg\" alt=\"\" srcset=\"https:\/\/muraste.ee\/vana\/wp-content\/uploads\/2023\/01\/EESTI-105-624x441.jpg 624w, https:\/\/muraste.ee\/vana\/wp-content\/uploads\/2023\/01\/EESTI-105-300x212.jpg 300w, https:\/\/muraste.ee\/vana\/wp-content\/uploads\/2023\/01\/EESTI-105-1024x724.jpg 1024w, https:\/\/muraste.ee\/vana\/wp-content\/uploads\/2023\/01\/EESTI-105-768x543.jpg 768w, https:\/\/muraste.ee\/vana\/wp-content\/uploads\/2023\/01\/EESTI-105-1536x1086.jpg 1536w, https:\/\/muraste.ee\/vana\/wp-content\/uploads\/2023\/01\/EESTI-105-2048x1448.jpg 2048w\"><\/p>\n\n\n\n<h1 class=\"wp-block-heading\">N\u00e4dal 6<\/h1>\n\n\n\n<p>Tere, armas Muraste! Kaunis p\u00e4ikeseline talvehommik tervitab meid. Muraste k\u00fclaselts tervitab veebruaris meie k\u00fcla elanikke, k\u00fclalisi ja valla elanikke p\u00f5nevate \u00fcritustega. Veebruar on ka meie armsa Eesti Vabariigi s\u00fcnnip\u00e4ev, seda t\u00e4histame nagu ikka traditsioonilise \u00d6\u00d6MATKAGA.<\/p>\n\n\n\n<p><strong>Veel t\u00e4na on v\u00f5imalik liituda<\/strong><\/p>\n\n\n\n<p><strong>AKVARELLTEHNIKA \u00d5PITUPPA.<\/strong><\/p>\n\n\n\n<p><strong>TULE LIHTSALT KOHALE!<\/strong><\/p>\n\n\n\n<p><strong>Mis oleks veel armsam kui ise tehtud kingitus s\u00f5brale, kallimale, perele.<\/strong><\/p>\n\n\n\n<figure class=\"wp-block-image\"><a href=\"https:\/\/muraste.ee\/vana\/wp-content\/uploads\/2023\/01\/Akvarelltehnika-opituba-1.jpg\"><img decoding=\"async\" loading=\"lazy\" width=\"1024\" height=\"724\" src=\"https:\/\/muraste.ee\/vana\/wp-content\/uploads\/2023\/01\/Akvarelltehnika-opituba-1-1024x724.jpg\" alt=\"\" class=\"wp-image-9484\" srcset=\"https:\/\/muraste.ee\/vana\/wp-content\/uploads\/2023\/01\/Akvarelltehnika-opituba-1-1024x724.jpg 1024w, https:\/\/muraste.ee\/vana\/wp-content\/uploads\/2023\/01\/Akvarelltehnika-opituba-1-300x212.jpg 300w, https:\/\/muraste.ee\/vana\/wp-content\/uploads\/2023\/01\/Akvarelltehnika-opituba-1-768x543.jpg 768w, https:\/\/muraste.ee\/vana\/wp-content\/uploads\/2023\/01\/Akvarelltehnika-opituba-1-1536x1086.jpg 1536w, https:\/\/muraste.ee\/vana\/wp-content\/uploads\/2023\/01\/Akvarelltehnika-opituba-1-2048x1448.jpg 2048w, https:\/\/muraste.ee\/vana\/wp-content\/uploads\/2023\/01\/Akvarelltehnika-opituba-1-624x441.jpg 624w\" sizes=\"(max-width: 1024px) 100vw, 1024px\" \/><\/a><\/figure>\n\n\n\n<p><strong>SUVITAJAD<\/strong><\/p>\n\n\n\n<p><strong>UUS kodumaine kom\u00f6\u00f6dia<\/strong><\/p>\n\n\n\n<p><strong>17. veebruar REEDE kell 19.00<\/strong>&nbsp;Muraste kinopunktis (Lee tee 9)<\/p>\n\n\n\n<p>Pilet: 5.00\/4.00 eur<\/p>\n\n\n\n<figure class=\"wp-block-image\"><a href=\"https:\/\/muraste.ee\/vana\/wp-content\/uploads\/2023\/01\/Suvitajad.jpg\"><img decoding=\"async\" loading=\"lazy\" width=\"724\" height=\"1024\" src=\"https:\/\/muraste.ee\/vana\/wp-content\/uploads\/2023\/01\/Suvitajad-724x1024.jpg\" alt=\"\" class=\"wp-image-9504\" srcset=\"https:\/\/muraste.ee\/vana\/wp-content\/uploads\/2023\/01\/Suvitajad-724x1024.jpg 724w, https:\/\/muraste.ee\/vana\/wp-content\/uploads\/2023\/01\/Suvitajad-212x300.jpg 212w, https:\/\/muraste.ee\/vana\/wp-content\/uploads\/2023\/01\/Suvitajad-768x1086.jpg 768w, https:\/\/muraste.ee\/vana\/wp-content\/uploads\/2023\/01\/Suvitajad-1086x1536.jpg 1086w, https:\/\/muraste.ee\/vana\/wp-content\/uploads\/2023\/01\/Suvitajad-1448x2048.jpg 1448w, https:\/\/muraste.ee\/vana\/wp-content\/uploads\/2023\/01\/Suvitajad-624x883.jpg 624w, https:\/\/muraste.ee\/vana\/wp-content\/uploads\/2023\/01\/Suvitajad.jpg 1587w\" sizes=\"(max-width: 724px) 100vw, 724px\" \/><\/a><\/figure>\n\n\n\n<p>\u201cSuvitajad\u201d on ehedat kirge ja nakatavat nalja t\u00e4is suvine kom\u00f6\u00f6dia, mis p\u00f5hineb Juhan Smuuli samanimelisel jutustusel. Film valmib armastatud kirjaniku sajandaks s\u00fcnniaastap\u00e4evaks ning on \u00fchtlasi ka austusavaldus kunagisele kultuskom\u00f6\u00f6diale \u201cSiin me oleme\u201d, mis v\u00e4ndati sama algmaterjali p\u00f5hjal. Imekauni Muhumaa looduse r\u00fcpes toimuv legendaarne lugu on toodud julgelt t\u00e4nap\u00e4eva, sest Smuuli terane n\u00e4gemus vastandlikest inimt\u00fc\u00fcpidest on ajatu.<\/p>\n\n\n\n<p>Kalur \u00c4rni on otsustanud nigela kalasaagi t\u00f5ttu jaaniajaks suvitajad v\u00f5tta. Plaan pole ju paha, kuid tema kaunisse Muhumaa tallu saabuvad \u00fclimalt t\u00fclikad k\u00fclalised: proua Sohvia, tema abikaasa Johan, nende poeg Juunior ja Sohvia kaunitarist \u00f5de Erna koos oma \u00e4rimehest kavaleri Ivoga. Juba esimesel pilgul on selge, et \u00c4rnil ja tema naisel Lainel l\u00e4heb suvitajatega v\u00e4ga keeruliseks. Pealinnast tulnud suvitajad pakatavad t\u00e4htsusest ja n\u00f5uavad erikohtlemist, samas on nende klantsi pealispinna all piinlikke saladusi, mis t\u00fcli k\u00e4igus avanema hakkavad. Linnarahva jagelustesse t\u00f5mmatud maarahvas avastab n\u00fc\u00fcd ka oma elus \u00fcllatavaid kitsaskohti. Naljakate segaduste ja intriigide saatel minnakse vastu jaani\u00f6\u00f6le ning koos v\u00f5imsa l\u00f5kkega s\u00fctivad peoplatsil ka viimseni pingule timmitud kired.<\/p>\n\n\n\n<p>Smuuli jutustuse ainetel kirjutas stsenaariumi Martin Algus ja filmi re\u017eiss\u00f6\u00f6riks on Ergo Kuld. Kom\u00f6\u00f6dia \u201cSuvitajad\u201d on \u201cTalve\u201d, \u201cSoo\u201d ja \u201cJahihooaja\u201d taga seisva meeskonna k\u00f5ige v\u00e4rskem linateos.<\/p>\n\n\n\n<p>Osades: Kaire Vilgats, Meelis R\u00e4mmeld, P\u00e4\u00e4ru Oja, Ago Anderson, Eva Koldits, Kristel Elling, Lauri Nebel, Adele Taska, Robert Klein jt.<\/p>\n\n\n\n<p><strong>MAAGIAHOMMIK<\/strong>&nbsp;ja<\/p>\n\n\n\n<p>MUTLIKAS KAKA ja KEVAD<\/p>\n\n\n\n<p><strong>18. veebruar LAUP\u00c4EV kell 12.00 \u2013 14.00<\/strong><\/p>\n\n\n\n<p>Pilet:&nbsp;<strong>7.00 eur<\/strong><\/p>\n\n\n\n<figure class=\"wp-block-image\"><a href=\"https:\/\/muraste.ee\/vana\/wp-content\/uploads\/2023\/02\/Kuklikohvik.jpg\"><img decoding=\"async\" loading=\"lazy\" width=\"1024\" height=\"724\" src=\"https:\/\/muraste.ee\/vana\/wp-content\/uploads\/2023\/02\/Kuklikohvik-1024x724.jpg\" alt=\"\" class=\"wp-image-9531\" srcset=\"https:\/\/muraste.ee\/vana\/wp-content\/uploads\/2023\/02\/Kuklikohvik-1024x724.jpg 1024w, https:\/\/muraste.ee\/vana\/wp-content\/uploads\/2023\/02\/Kuklikohvik-300x212.jpg 300w, https:\/\/muraste.ee\/vana\/wp-content\/uploads\/2023\/02\/Kuklikohvik-768x543.jpg 768w, https:\/\/muraste.ee\/vana\/wp-content\/uploads\/2023\/02\/Kuklikohvik-1536x1086.jpg 1536w, https:\/\/muraste.ee\/vana\/wp-content\/uploads\/2023\/02\/Kuklikohvik-2048x1448.jpg 2048w, https:\/\/muraste.ee\/vana\/wp-content\/uploads\/2023\/02\/Kuklikohvik-624x441.jpg 624w\" sizes=\"(max-width: 1024px) 100vw, 1024px\" \/><\/a><\/figure>\n\n\n\n<p><strong>Kuklikohviku MAAGIAHOMMIK<\/strong>&nbsp;ja MULTIKAS<\/p>\n\n\n\n<p><strong>UUS eesti multifilm: KAKA ja KEVAD<\/strong><\/p>\n\n\n\n<p>Andrus Kivir\u00e4hki raamatute \u201cKaka ja kevad\u201d, \u201cKarneval ja kartulisalat\u201d ja \u201cTont ja Facebook\u201d ainetel valminud film r\u00e4\u00e4gib igatsusest, s\u00f5prusest, armastusest, perekonnast ja hirmudest, millel on sageli suured silmad. Kummaliste tegelaste seiklused on v\u00fcrtsitatud Kivir\u00e4hkile iseloomuliku sooja ja julge huumoriga, kududes vaimukalt kokku lastele omase piiritu fantaasia ja moodsa maailma eluolu. Film pakub emotsioone, p\u00f5nevust ja tibake ka n\u00e4rvik\u00f5di nii v\u00e4ikestele kui suurtele vaatajatele.<\/p>\n\n\n\n<p>K\u00fclla tulevad kaks vahvat N\u00d5IDA \u2013<strong>&nbsp;L\u00f5bus n\u00f5id Anna Skugen ja V\u00e4ike N\u00f5id<\/strong><\/p>\n\n\n\n<p>Koos m\u00e4ngitakse v\u00f5istlusm\u00e4nge ja laste seltskonnam\u00e4nge. Tantsime ja laulame k\u00f5ik koos. Meisterdatakse midagi v\u00e4ga p\u00f5nevat ja k\u00f5ige l\u00f5puks on SUUR MULLIPIDU, kus L\u00f5bus N\u00f5id Anna Skugen v\u00f5lub lapsi MULLI SISSE ja lapsed saavad ise v\u00f5luda suuri ja v\u00e4ikesi mulle.<\/p>\n\n\n\n<p>Avatud on Kuklikohvik, kus m\u00fc\u00fcakse saiakesi 1.00 euro\/tk. sularahas.<br>Morss on tasuta.<\/p>\n\n\n\n<p><strong>EESTI VABARIIGI 105 AASTAP\u00c4EVA \u00d6\u00d6MATK<\/strong><\/p>\n\n\n\n<p><strong>23. VEEBRUARIL<\/strong><\/p>\n\n\n\n<p><strong>V\u00f5ta kaasa Eesti lipp, t\u00f5rvikud v\u00f5i laternad ja rahvuss\u00fcmboolika!<\/strong><\/p>\n\n\n\n<figure class=\"wp-block-image\"><a href=\"https:\/\/muraste.ee\/vana\/wp-content\/uploads\/2023\/01\/EESTI-105.jpg\"><img decoding=\"async\" loading=\"lazy\" width=\"1024\" height=\"724\" src=\"https:\/\/muraste.ee\/vana\/wp-content\/uploads\/2023\/01\/EESTI-105-1024x724.jpg\" alt=\"\" class=\"wp-image-9502\" srcset=\"https:\/\/muraste.ee\/vana\/wp-content\/uploads\/2023\/01\/EESTI-105-1024x724.jpg 1024w, https:\/\/muraste.ee\/vana\/wp-content\/uploads\/2023\/01\/EESTI-105-300x212.jpg 300w, https:\/\/muraste.ee\/vana\/wp-content\/uploads\/2023\/01\/EESTI-105-768x543.jpg 768w, https:\/\/muraste.ee\/vana\/wp-content\/uploads\/2023\/01\/EESTI-105-1536x1086.jpg 1536w, https:\/\/muraste.ee\/vana\/wp-content\/uploads\/2023\/01\/EESTI-105-2048x1448.jpg 2048w, https:\/\/muraste.ee\/vana\/wp-content\/uploads\/2023\/01\/EESTI-105-624x441.jpg 624w\" sizes=\"(max-width: 1024px) 100vw, 1024px\" \/><\/a><\/figure>\n\n\n\n<p>Palju aastaid on Harku vallas traditsiooniks koguneda meie kalli Eesti Vabariigi s\u00fcnniaastap\u00e4eva t\u00e4histama \u00d6\u00d6MATKAGA. Nii ka sel aastal, mil Eesti saab t\u00e4histada 105 aastap\u00e4eva \u2013 2023 aastal, kus meie vabadus on v\u00f5tnud hoopis teistsuguse varjundi kui eelnevatel aastatel.<\/p>\n\n\n\n<p><strong>\u00d6\u00d6MATK:<\/strong><\/p>\n\n\n\n<ol type=\"1\">\n<li><strong>Alguspunkt &nbsp;kell 18.00 Muraste kooli juures (Lee tee 9)<\/strong>. Esineb Suurupi naiskoor Meretule. Matkatee kulgeb l\u00e4bi Suurupi metsa, m\u00f6\u00f6da merekallast Tilgu Sadamasse<\/li>\n\n\n\n<li><strong>Alguspunkt kell 18.30 Rannam\u00f5isa kiriku juures<\/strong>t. Kaitseliidu pidulik rivistus vabaduss\u00f5ja ausamba juures, p\u00e4rgade asetamine. Siirdutakse rongk\u00e4igus m\u00f6\u00f6da Tilgu teed Tilgu Sadamasse.<\/li>\n\n\n\n<li><strong>19.30 Tilgu sadamas s\u00fc\u00fcdatakse l\u00f5ke<\/strong>. Peetakse isamaalisi k\u00f5nesid. Naiskodukaitsjad pakuvad sooja katlasuppi ja kuuma teed. Toimuvad pidulikud s\u00f5nav\u00f5tud.&nbsp;<strong>Rahvast tantsutab rahvatantsu segar\u00fchm P\u00f6\u00f6reline ja esinevad Tuletantsijad.<\/strong><\/li>\n<\/ol>\n\n\n\n<p>Tulge t\u00e4histama meie kalli kodumaa s\u00fcnniaastap\u00e4eva kogu perega, v\u00f5tke kaasa lapsed, kellele selline isamaaline \u00fcritus j\u00e4\u00e4b meelde eluks ajaks. Saame koos sammuda rongk\u00e4igus laternate ja sinimustvalgete lippudega, m\u00f5tiskleda l\u00f5kke \u00e4\u00e4res Tallinna panoraami taustal, kuulata isamaalisi k\u00f5nesid ning laule, maitsta katlasuppi ja nautida esinejate etteasteid.<br>Tunneme taas, et oleme \u00fcks uhke ja tugev rahvas, kes oskab olla t\u00e4nulik selle \u00fcle, mis meil on k\u00f5ige kallim \u2013 see on vabadus.<br>V\u00f5ta kaasa latern v\u00f5i t\u00f5rvik, sobivas suuruses Eesti lipp, tule perega, kutsu s\u00f5brad ning naabrid l\u00e4hedalt ja kaugelt.<br>Jalgsimatkaks on kaks v\u00f5imalust \u2013 liituda veidi pikemale rajale, mis algab Muraste kooli juurest v\u00f5i koguneda Rannam\u00f5isa kiriku juurde, et sealt suunduda rongk\u00e4igus Tilgu sadamasse.<\/p>\n\n\n\n<p><strong>Varu kaasa ka 1.00 eur supikatla t\u00e4itmiseks.<\/strong><\/p>\n\n\n\n<p><strong>TEENUSED MURASTES<\/strong><\/p>\n\n\n\n<figure class=\"wp-block-image is-resized\"><a href=\"https:\/\/muraste.ee\/vana\/wp-content\/uploads\/2023\/02\/Ripsmed.jpg\"><img decoding=\"async\" loading=\"lazy\" src=\"https:\/\/muraste.ee\/vana\/wp-content\/uploads\/2023\/02\/Ripsmed-1024x724.jpg\" alt=\"\" class=\"wp-image-9532\" width=\"588\" height=\"416\" srcset=\"https:\/\/muraste.ee\/vana\/wp-content\/uploads\/2023\/02\/Ripsmed-1024x724.jpg 1024w, https:\/\/muraste.ee\/vana\/wp-content\/uploads\/2023\/02\/Ripsmed-300x212.jpg 300w, https:\/\/muraste.ee\/vana\/wp-content\/uploads\/2023\/02\/Ripsmed-768x543.jpg 768w, https:\/\/muraste.ee\/vana\/wp-content\/uploads\/2023\/02\/Ripsmed-1536x1086.jpg 1536w, https:\/\/muraste.ee\/vana\/wp-content\/uploads\/2023\/02\/Ripsmed-2048x1448.jpg 2048w, https:\/\/muraste.ee\/vana\/wp-content\/uploads\/2023\/02\/Ripsmed-624x441.jpg 624w\" sizes=\"(max-width: 588px) 100vw, 588px\" \/><\/a><\/figure>\n\n\n\n<p><strong>M\u00c4RTS ON TEATRIKUU<\/strong><\/p>\n\n\n\n<p><strong>3 toredat \u00fcritust<\/strong><\/p>\n\n\n\n<figure class=\"wp-block-image is-resized\"><a href=\"https:\/\/muraste.ee\/vana\/wp-content\/uploads\/2023\/02\/marts-teatrikuu.jpg\"><img decoding=\"async\" loading=\"lazy\" src=\"https:\/\/muraste.ee\/vana\/wp-content\/uploads\/2023\/02\/marts-teatrikuu-1024x724.jpg\" alt=\"\" class=\"wp-image-9533\" width=\"538\" height=\"380\" srcset=\"https:\/\/muraste.ee\/vana\/wp-content\/uploads\/2023\/02\/marts-teatrikuu-1024x724.jpg 1024w, https:\/\/muraste.ee\/vana\/wp-content\/uploads\/2023\/02\/marts-teatrikuu-300x212.jpg 300w, https:\/\/muraste.ee\/vana\/wp-content\/uploads\/2023\/02\/marts-teatrikuu-768x543.jpg 768w, https:\/\/muraste.ee\/vana\/wp-content\/uploads\/2023\/02\/marts-teatrikuu-1536x1086.jpg 1536w, https:\/\/muraste.ee\/vana\/wp-content\/uploads\/2023\/02\/marts-teatrikuu-2048x1448.jpg 2048w, https:\/\/muraste.ee\/vana\/wp-content\/uploads\/2023\/02\/marts-teatrikuu-624x441.jpg 624w\" sizes=\"(max-width: 538px) 100vw, 538px\" \/><\/a><\/figure>\n\n\n\n<figure class=\"wp-block-image is-resized\"><a href=\"https:\/\/muraste.ee\/vana\/wp-content\/uploads\/2023\/01\/unnamed.jpg\"><img decoding=\"async\" loading=\"lazy\" src=\"https:\/\/muraste.ee\/vana\/wp-content\/uploads\/2023\/01\/unnamed-724x1024.jpg\" alt=\"\" class=\"wp-image-9485\" width=\"510\" height=\"721\" srcset=\"https:\/\/muraste.ee\/vana\/wp-content\/uploads\/2023\/01\/unnamed-724x1024.jpg 724w, https:\/\/muraste.ee\/vana\/wp-content\/uploads\/2023\/01\/unnamed-212x300.jpg 212w, https:\/\/muraste.ee\/vana\/wp-content\/uploads\/2023\/01\/unnamed-768x1086.jpg 768w, https:\/\/muraste.ee\/vana\/wp-content\/uploads\/2023\/01\/unnamed-1086x1536.jpg 1086w, https:\/\/muraste.ee\/vana\/wp-content\/uploads\/2023\/01\/unnamed-1448x2048.jpg 1448w, https:\/\/muraste.ee\/vana\/wp-content\/uploads\/2023\/01\/unnamed-624x883.jpg 624w, https:\/\/muraste.ee\/vana\/wp-content\/uploads\/2023\/01\/unnamed.jpg 1587w\" sizes=\"(max-width: 510px) 100vw, 510px\" \/><\/a><\/figure>\n","protected":false},"excerpt":{"rendered":"<p>N\u00e4dal 6 Tere, armas Muraste! Kaunis p\u00e4ikeseline talvehommik tervitab meid. Muraste k\u00fclaselts tervitab veebruaris meie k\u00fcla elanikke, k\u00fclalisi ja valla elanikke p\u00f5nevate \u00fcritustega. Veebruar on ka meie armsa Eesti Vabariigi s\u00fcnnip\u00e4ev, seda t\u00e4histame nagu ikka traditsioonilise \u00d6\u00d6MATKAGA. Veel t\u00e4na on v\u00f5imalik liituda AKVARELLTEHNIKA \u00d5PITUPPA. TULE LIHTSALT KOHALE! Mis oleks veel armsam kui ise tehtud kingitus<a class=\"moretag\" href=\"https:\/\/muraste.ee\/vana\/?page_id=9545\"><br \/>&#8230;Loe edasi<\/a><\/p>\n","protected":false},"author":2,"featured_media":0,"parent":0,"menu_order":0,"comment_status":"closed","ping_status":"closed","template":"nadalakava.php","meta":{"_bbp_topic_count":0,"_bbp_reply_count":0,"_bbp_total_topic_count":0,"_bbp_total_reply_count":0,"_bbp_voice_count":0,"_bbp_anonymous_reply_count":0,"_bbp_topic_count_hidden":0,"_bbp_reply_count_hidden":0,"_bbp_forum_subforum_count":0,"_mc_calendar":[]},"_links":{"self":[{"href":"https:\/\/muraste.ee\/vana\/index.php?rest_route=\/wp\/v2\/pages\/9545"}],"collection":[{"href":"https:\/\/muraste.ee\/vana\/index.php?rest_route=\/wp\/v2\/pages"}],"about":[{"href":"https:\/\/muraste.ee\/vana\/index.php?rest_route=\/wp\/v2\/types\/page"}],"author":[{"embeddable":true,"href":"https:\/\/muraste.ee\/vana\/index.php?rest_route=\/wp\/v2\/users\/2"}],"replies":[{"embeddable":true,"href":"https:\/\/muraste.ee\/vana\/index.php?rest_route=%2Fwp%2Fv2%2Fcomments&post=9545"}],"version-history":[{"count":1,"href":"https:\/\/muraste.ee\/vana\/index.php?rest_route=\/wp\/v2\/pages\/9545\/revisions"}],"predecessor-version":[{"id":9547,"href":"https:\/\/muraste.ee\/vana\/index.php?rest_route=\/wp\/v2\/pages\/9545\/revisions\/9547"}],"wp:attachment":[{"href":"https:\/\/muraste.ee\/vana\/index.php?rest_route=%2Fwp%2Fv2%2Fmedia&parent=9545"}],"curies":[{"name":"wp","href":"https:\/\/api.w.org\/{rel}","templated":true}]}}