{"id":9549,"date":"2023-02-13T13:09:05","date_gmt":"2023-02-13T11:09:05","guid":{"rendered":"https:\/\/muraste.ee\/vana\/?page_id=9549"},"modified":"2023-02-13T13:09:06","modified_gmt":"2023-02-13T11:09:06","slug":"nadal-7-5","status":"publish","type":"page","link":"https:\/\/muraste.ee\/vana\/?page_id=9549","title":{"rendered":"N\u00e4dal 7"},"content":{"rendered":"\n<p><img decoding=\"async\" loading=\"lazy\" width=\"624\" height=\"416\" src=\"https:\/\/muraste.ee\/vana\/wp-content\/uploads\/2023\/02\/valentines-day-gea79f7255_1920-624x416.jpg\" alt=\"\" srcset=\"https:\/\/muraste.ee\/vana\/wp-content\/uploads\/2023\/02\/valentines-day-gea79f7255_1920-624x416.jpg 624w, https:\/\/muraste.ee\/vana\/wp-content\/uploads\/2023\/02\/valentines-day-gea79f7255_1920-300x200.jpg 300w, https:\/\/muraste.ee\/vana\/wp-content\/uploads\/2023\/02\/valentines-day-gea79f7255_1920-1024x683.jpg 1024w, https:\/\/muraste.ee\/vana\/wp-content\/uploads\/2023\/02\/valentines-day-gea79f7255_1920-768x512.jpg 768w, https:\/\/muraste.ee\/vana\/wp-content\/uploads\/2023\/02\/valentines-day-gea79f7255_1920-1536x1024.jpg 1536w, https:\/\/muraste.ee\/vana\/wp-content\/uploads\/2023\/02\/valentines-day-gea79f7255_1920.jpg 1920w\"><\/p>\n\n\n\n<h1 class=\"wp-block-heading\">N\u00e4dal 7<\/h1>\n\n\n\n<p>Tere, armas Muraste! Soovime k\u00f5igile Muraste k\u00fclaseltsi s\u00f5pradele toredat s\u00f5bra p\u00e4eva ja kutsume k\u00f5iki kinno. Sellel n\u00e4dalal on tunda juba kevadeh\u00f5ngu ja meie kinokava on ka kevadine. Lastele esilinastub multifilm Kaka ja kevad ja t\u00e4iskasvanutele t\u00e4iesti tuttuus eesti kom\u00f6\u00f6diafilm Suvitajad.<\/p>\n\n\n\n<p><strong>KERAAMIKA \u00d5PITUBA<\/strong><\/p>\n\n\n\n<p><strong>20.veebruar kell 18.30<\/strong><\/p>\n\n\n\n<p>Muraste k\u00fclaselts (Lee tee 9)<br>Osaluspanus: 33.00 eur<\/p>\n\n\n\n<figure class=\"wp-block-image\"><a href=\"https:\/\/muraste.ee\/vana\/wp-content\/uploads\/2023\/02\/Keraamika-1.jpg\"><img decoding=\"async\" loading=\"lazy\" width=\"1024\" height=\"724\" src=\"https:\/\/muraste.ee\/vana\/wp-content\/uploads\/2023\/02\/Keraamika-1-1024x724.jpg\" alt=\"\" class=\"wp-image-9539\" srcset=\"https:\/\/muraste.ee\/vana\/wp-content\/uploads\/2023\/02\/Keraamika-1-1024x724.jpg 1024w, https:\/\/muraste.ee\/vana\/wp-content\/uploads\/2023\/02\/Keraamika-1-300x212.jpg 300w, https:\/\/muraste.ee\/vana\/wp-content\/uploads\/2023\/02\/Keraamika-1-768x543.jpg 768w, https:\/\/muraste.ee\/vana\/wp-content\/uploads\/2023\/02\/Keraamika-1-1536x1086.jpg 1536w, https:\/\/muraste.ee\/vana\/wp-content\/uploads\/2023\/02\/Keraamika-1-2048x1448.jpg 2048w, https:\/\/muraste.ee\/vana\/wp-content\/uploads\/2023\/02\/Keraamika-1-624x441.jpg 624w\" sizes=\"(max-width: 1024px) 100vw, 1024px\" \/><\/a><\/figure>\n\n\n\n<p>Keraamika \u00f5pitoas \u00f5pime tundma materjali savi ning selle omadusi. R\u00e4\u00e4gime sellest, kust ja kuidas tuleb savi ning mida see materjal meil teha v\u00f5imaldab.<br>\u00d5pitoas valmib igal osalejal kaks isikup\u00e4rast dekoratiivset alust, mille peal saab hiljem asju hoida (v\u00f5tmed, kirjatarbed, ehted..). Savist aluste v\u00e4ljan\u00e4gemine on osaleja enda v\u00e4lja m\u00f5elda. Kasutame v\u00e4rvimiseks akr\u00fc\u00fclv\u00e4rve, mis on veekindlad ning v\u00f5imaldavad esemed vahvalt v\u00e4rviliseks teha.<\/p>\n\n\n\n<p>Juhendaja Marell on l\u00f5petanud Kunstikool Pallase naha- ja disaini eriala ning teinud Tartu \u00dclikoolis pedagoogika magistrikraadi. Igap\u00e4evaselt \u00f5petab ta p\u00f5hikoolis lapsi joonistama, maalima ja meisterdama. Lisaks koolit\u00f6\u00f6le on tema kireks erinevatel teemadel \u00f5pitubade l\u00e4biviimine. \u00d5pitubade kohta saab t\u00e4psemat infot&nbsp;<a href=\"https:\/\/l.facebook.com\/l.php?u=http%3A%2F%2Fwww.sinuloovus.com%2F%3Ffbclid%3DIwAR1FHNV6SORmGlj8Gy3dnT1gFfyGNc-UOOyUUXab-lfFW9hItoSuVTIiSTU&amp;h=AT0hhTWD-fDKFnR1L6mUKWmDoClgEL0TNsZqYRJdRYeNtGorpHGMh154BVal5pFXSJvDP2eEMEYZ4SDajv0fDJgQkK4pIzlPgSjlR1EAzWacz_f7DlnQ46n5JEyWr4UerEhs&amp;__tn__=q&amp;c[0]=AT3ojWGCFGFkMo1udZ75RLz8MND-u25rjv_tvrsi9T7xBx7uZnFITo8eg38GeRjE3o-odSdYA9rD_MOEYbTSFJvCMOUVbxj8DAWAxxk5xN0aS5gPq1GlFatXhBZWd0axJmreT1qC6CQO0F1N9uoYHwEewFS0\" rel=\"noreferrer noopener\" target=\"_blank\">www.sinuloovus.com.<\/a>&nbsp;Loomult on Marell r\u00f5\u00f5msameelne, loominguline ning hea suhtleja.<\/p>\n\n\n\n<p>\u00d5pitoa osaluspanus: 33 eurot<br>Kestus: 18.30-20.30<br>\u00d5pituppa on oodatud igas vanuses osalejad.<\/p>\n\n\n\n<p><strong>SUVITAJAD<\/strong><\/p>\n\n\n\n<p><strong>UUS kodumaine kom\u00f6\u00f6dia<\/strong><\/p>\n\n\n\n<p><strong>17. veebruar REEDE kell 19.00<\/strong>&nbsp;Muraste kinopunktis (Lee tee 9)<\/p>\n\n\n\n<p>Pilet: 5.00\/4.00 eur<\/p>\n\n\n\n<figure class=\"wp-block-image\"><a href=\"https:\/\/muraste.ee\/vana\/wp-content\/uploads\/2023\/01\/Suvitajad.jpg\"><img decoding=\"async\" loading=\"lazy\" width=\"724\" height=\"1024\" src=\"https:\/\/muraste.ee\/vana\/wp-content\/uploads\/2023\/01\/Suvitajad-724x1024.jpg\" alt=\"\" class=\"wp-image-9504\" srcset=\"https:\/\/muraste.ee\/vana\/wp-content\/uploads\/2023\/01\/Suvitajad-724x1024.jpg 724w, https:\/\/muraste.ee\/vana\/wp-content\/uploads\/2023\/01\/Suvitajad-212x300.jpg 212w, https:\/\/muraste.ee\/vana\/wp-content\/uploads\/2023\/01\/Suvitajad-768x1086.jpg 768w, https:\/\/muraste.ee\/vana\/wp-content\/uploads\/2023\/01\/Suvitajad-1086x1536.jpg 1086w, https:\/\/muraste.ee\/vana\/wp-content\/uploads\/2023\/01\/Suvitajad-1448x2048.jpg 1448w, https:\/\/muraste.ee\/vana\/wp-content\/uploads\/2023\/01\/Suvitajad-624x883.jpg 624w, https:\/\/muraste.ee\/vana\/wp-content\/uploads\/2023\/01\/Suvitajad.jpg 1587w\" sizes=\"(max-width: 724px) 100vw, 724px\" \/><\/a><\/figure>\n\n\n\n<p>\u201cSuvitajad\u201d on ehedat kirge ja nakatavat nalja t\u00e4is suvine kom\u00f6\u00f6dia, mis p\u00f5hineb Juhan Smuuli samanimelisel jutustusel. Film valmib armastatud kirjaniku sajandaks s\u00fcnniaastap\u00e4evaks ning on \u00fchtlasi ka austusavaldus kunagisele kultuskom\u00f6\u00f6diale \u201cSiin me oleme\u201d, mis v\u00e4ndati sama algmaterjali p\u00f5hjal. Imekauni Muhumaa looduse r\u00fcpes toimuv legendaarne lugu on toodud julgelt t\u00e4nap\u00e4eva, sest Smuuli terane n\u00e4gemus vastandlikest inimt\u00fc\u00fcpidest on ajatu.<\/p>\n\n\n\n<p>Kalur \u00c4rni on otsustanud nigela kalasaagi t\u00f5ttu jaaniajaks suvitajad v\u00f5tta. Plaan pole ju paha, kuid tema kaunisse Muhumaa tallu saabuvad \u00fclimalt t\u00fclikad k\u00fclalised: proua Sohvia, tema abikaasa Johan, nende poeg Juunior ja Sohvia kaunitarist \u00f5de Erna koos oma \u00e4rimehest kavaleri Ivoga. Juba esimesel pilgul on selge, et \u00c4rnil ja tema naisel Lainel l\u00e4heb suvitajatega v\u00e4ga keeruliseks. Pealinnast tulnud suvitajad pakatavad t\u00e4htsusest ja n\u00f5uavad erikohtlemist, samas on nende klantsi pealispinna all piinlikke saladusi, mis t\u00fcli k\u00e4igus avanema hakkavad. Linnarahva jagelustesse t\u00f5mmatud maarahvas avastab n\u00fc\u00fcd ka oma elus \u00fcllatavaid kitsaskohti. Naljakate segaduste ja intriigide saatel minnakse vastu jaani\u00f6\u00f6le ning koos v\u00f5imsa l\u00f5kkega s\u00fctivad peoplatsil ka viimseni pingule timmitud kired.<\/p>\n\n\n\n<p>Smuuli jutustuse ainetel kirjutas stsenaariumi Martin Algus ja filmi re\u017eiss\u00f6\u00f6riks on Ergo Kuld. Kom\u00f6\u00f6dia \u201cSuvitajad\u201d on \u201cTalve\u201d, \u201cSoo\u201d ja \u201cJahihooaja\u201d taga seisva meeskonna k\u00f5ige v\u00e4rskem linateos.<\/p>\n\n\n\n<p>Osades: Kaire Vilgats, Meelis R\u00e4mmeld, P\u00e4\u00e4ru Oja, Ago Anderson, Eva Koldits, Kristel Elling, Lauri Nebel, Adele Taska, Robert Klein jt.<\/p>\n\n\n\n<p><strong>MAAGIAHOMMIK<\/strong>&nbsp;ja<\/p>\n\n\n\n<p>MUTLIKAS KAKA ja KEVAD<\/p>\n\n\n\n<p><strong>18. veebruar LAUP\u00c4EV kell 12.00 \u2013 14.00<\/strong><\/p>\n\n\n\n<p>Pilet:&nbsp;<strong>7.00 eur<\/strong><\/p>\n\n\n\n<p><strong>Kuklikohviku MAAGIAHOMMIK<\/strong>&nbsp;ja MULTIKAS<\/p>\n\n\n\n<figure class=\"wp-block-image\"><a href=\"https:\/\/muraste.ee\/vana\/wp-content\/uploads\/2023\/02\/Kuklikohvik-1.jpg\"><img decoding=\"async\" loading=\"lazy\" width=\"1024\" height=\"724\" src=\"https:\/\/muraste.ee\/vana\/wp-content\/uploads\/2023\/02\/Kuklikohvik-1-1024x724.jpg\" alt=\"\" class=\"wp-image-9538\" srcset=\"https:\/\/muraste.ee\/vana\/wp-content\/uploads\/2023\/02\/Kuklikohvik-1-1024x724.jpg 1024w, https:\/\/muraste.ee\/vana\/wp-content\/uploads\/2023\/02\/Kuklikohvik-1-300x212.jpg 300w, https:\/\/muraste.ee\/vana\/wp-content\/uploads\/2023\/02\/Kuklikohvik-1-768x543.jpg 768w, https:\/\/muraste.ee\/vana\/wp-content\/uploads\/2023\/02\/Kuklikohvik-1-1536x1086.jpg 1536w, https:\/\/muraste.ee\/vana\/wp-content\/uploads\/2023\/02\/Kuklikohvik-1-2048x1448.jpg 2048w, https:\/\/muraste.ee\/vana\/wp-content\/uploads\/2023\/02\/Kuklikohvik-1-624x441.jpg 624w\" sizes=\"(max-width: 1024px) 100vw, 1024px\" \/><\/a><\/figure>\n\n\n\n<p><strong>UUS eesti multifilm: KAKA ja KEVAD<\/strong><\/p>\n\n\n\n<p>Andrus Kivir\u00e4hki raamatute \u201cKaka ja kevad\u201d, \u201cKarneval ja kartulisalat\u201d ja \u201cTont ja Facebook\u201d ainetel valminud film r\u00e4\u00e4gib igatsusest, s\u00f5prusest, armastusest, perekonnast ja hirmudest, millel on sageli suured silmad. Kummaliste tegelaste seiklused on v\u00fcrtsitatud Kivir\u00e4hkile iseloomuliku sooja ja julge huumoriga, kududes vaimukalt kokku lastele omase piiritu fantaasia ja moodsa maailma eluolu. Film pakub emotsioone, p\u00f5nevust ja tibake ka n\u00e4rvik\u00f5di nii v\u00e4ikestele kui suurtele vaatajatele.<\/p>\n\n\n\n<p>K\u00fclla tulevad kaks vahvat N\u00d5IDA \u2013<strong>&nbsp;L\u00f5bus n\u00f5id Anna Skugen ja V\u00e4ike N\u00f5id<\/strong><\/p>\n\n\n\n<p>Koos m\u00e4ngitakse v\u00f5istlusm\u00e4nge ja laste seltskonnam\u00e4nge. Tantsime ja laulame k\u00f5ik koos. Meisterdatakse midagi v\u00e4ga p\u00f5nevat ja k\u00f5ige l\u00f5puks on SUUR MULLIPIDU, kus L\u00f5bus N\u00f5id Anna Skugen v\u00f5lub lapsi MULLI SISSE ja lapsed saavad ise v\u00f5luda suuri ja v\u00e4ikesi mulle.<\/p>\n\n\n\n<p>Avatud on Kuklikohvik, kus m\u00fc\u00fcakse saiakesi 1.00 euro\/tk. sularahas.<\/p>\n\n\n\n<p><strong>EESTI VABARIIGI 105 AASTAP\u00c4EVA \u00d6\u00d6MATK<\/strong><\/p>\n\n\n\n<p><strong>23. VEEBRUARIL<\/strong><\/p>\n\n\n\n<p><strong>V\u00f5ta kaasa Eesti lipp, t\u00f5rvikud v\u00f5i laternad ja rahvuss\u00fcmboolika!<\/strong><\/p>\n\n\n\n<figure class=\"wp-block-image\"><a href=\"https:\/\/muraste.ee\/vana\/wp-content\/uploads\/2023\/01\/EESTI-105.jpg\"><img decoding=\"async\" loading=\"lazy\" width=\"1024\" height=\"724\" src=\"https:\/\/muraste.ee\/vana\/wp-content\/uploads\/2023\/01\/EESTI-105-1024x724.jpg\" alt=\"\" class=\"wp-image-9502\" srcset=\"https:\/\/muraste.ee\/vana\/wp-content\/uploads\/2023\/01\/EESTI-105-1024x724.jpg 1024w, https:\/\/muraste.ee\/vana\/wp-content\/uploads\/2023\/01\/EESTI-105-300x212.jpg 300w, https:\/\/muraste.ee\/vana\/wp-content\/uploads\/2023\/01\/EESTI-105-768x543.jpg 768w, https:\/\/muraste.ee\/vana\/wp-content\/uploads\/2023\/01\/EESTI-105-1536x1086.jpg 1536w, https:\/\/muraste.ee\/vana\/wp-content\/uploads\/2023\/01\/EESTI-105-2048x1448.jpg 2048w, https:\/\/muraste.ee\/vana\/wp-content\/uploads\/2023\/01\/EESTI-105-624x441.jpg 624w\" sizes=\"(max-width: 1024px) 100vw, 1024px\" \/><\/a><\/figure>\n\n\n\n<p>Juba 12-ndat aastat on Harku vallas traditsiooniks koguneda meie kalli Eesti Vabariigi s\u00fcnniaastap\u00e4eva t\u00e4histama \u00d6\u00d6MATKAGA. Nii ka sel aastal, mil Eesti saab t\u00e4histada 105 aastap\u00e4eva \u2013 2023 aastal, kus meie vabadus on v\u00f5tnud hoopis teistsuguse varjundi kui eelnevatel aastatel.<\/p>\n\n\n\n<p><strong>\u00d6\u00d6MATK:<\/strong><\/p>\n\n\n\n<ol type=\"1\">\n<li><strong>Alguspunkt &nbsp;kell 18.00 Muraste kooli juures (Lee tee 9)<\/strong>. Esineb Suurupi naiskoor Meretule. Matkatee kulgeb l\u00e4bi Suurupi metsa, m\u00f6\u00f6da merekallast Tilgu Sadamasse<\/li>\n\n\n\n<li><strong>Alguspunkt kell 18.30 Rannam\u00f5isa kiriku juures<\/strong>t. Kaitseliidu pidulik rivistus vabaduss\u00f5ja ausamba juures, p\u00e4rgade asetamine. Siirdutakse rongk\u00e4igus m\u00f6\u00f6da Tilgu teed Tilgu Sadamasse.<\/li>\n\n\n\n<li><strong>19.30 Tilgu sadamas s\u00fc\u00fcdatakse l\u00f5ke<\/strong>. Peetakse isamaalisi k\u00f5nesid. Naiskodukaitsjad pakuvad sooja katlasuppi ja kuuma teed. Toimuvad pidulikud s\u00f5nav\u00f5tud.&nbsp;<strong>Rahvast tantsutab rahvatantsu segar\u00fchm P\u00f6\u00f6reline ja esinevad Tuletantsijad.<\/strong><\/li>\n<\/ol>\n\n\n\n<p>Tulge t\u00e4histama meie kalli kodumaa s\u00fcnniaastap\u00e4eva kogu perega, v\u00f5tke kaasa lapsed, kellele selline isamaaline \u00fcritus j\u00e4\u00e4b meelde eluks ajaks. Saame koos sammuda rongk\u00e4igus laternate ja sinimustvalgete lippudega, m\u00f5tiskleda l\u00f5kke \u00e4\u00e4res Tallinna panoraami taustal, kuulata isamaalisi k\u00f5nesid ning laule, maitsta katlasuppi ja nautida esinejate etteasteid.<br>Tunneme taas, et oleme \u00fcks uhke ja tugev rahvas, kes oskab olla t\u00e4nulik selle \u00fcle, mis meil on k\u00f5ige kallim \u2013 see on vabadus.<br>V\u00f5ta kaasa latern v\u00f5i t\u00f5rvik, sobivas suuruses Eesti lipp, tule perega, kutsu s\u00f5brad ning naabrid l\u00e4hedalt ja kaugelt.<br>Jalgsimatkaks on kaks v\u00f5imalust \u2013 liituda veidi pikemale rajale, mis algab Muraste kooli juurest v\u00f5i koguneda Rannam\u00f5isa kiriku juurde, et sealt suunduda rongk\u00e4igus Tilgu sadamasse.<\/p>\n\n\n\n<p><strong>Varu kaasa ka 1.00 eur supikatla t\u00e4itmiseks.<\/strong><\/p>\n\n\n\n<p><strong>M\u00c4RTS ON TEATRIKUU<\/strong><\/p>\n\n\n\n<p><strong>3 toredat \u00fcritust<\/strong><\/p>\n\n\n\n<figure class=\"wp-block-image\"><a href=\"https:\/\/muraste.ee\/vana\/wp-content\/uploads\/2023\/02\/marts-teatrikuu.jpg\"><img decoding=\"async\" loading=\"lazy\" width=\"1024\" height=\"724\" src=\"https:\/\/muraste.ee\/vana\/wp-content\/uploads\/2023\/02\/marts-teatrikuu-1024x724.jpg\" alt=\"\" class=\"wp-image-9533\" srcset=\"https:\/\/muraste.ee\/vana\/wp-content\/uploads\/2023\/02\/marts-teatrikuu-1024x724.jpg 1024w, https:\/\/muraste.ee\/vana\/wp-content\/uploads\/2023\/02\/marts-teatrikuu-300x212.jpg 300w, https:\/\/muraste.ee\/vana\/wp-content\/uploads\/2023\/02\/marts-teatrikuu-768x543.jpg 768w, https:\/\/muraste.ee\/vana\/wp-content\/uploads\/2023\/02\/marts-teatrikuu-1536x1086.jpg 1536w, https:\/\/muraste.ee\/vana\/wp-content\/uploads\/2023\/02\/marts-teatrikuu-2048x1448.jpg 2048w, https:\/\/muraste.ee\/vana\/wp-content\/uploads\/2023\/02\/marts-teatrikuu-624x441.jpg 624w\" sizes=\"(max-width: 1024px) 100vw, 1024px\" \/><\/a><\/figure>\n\n\n\n<p><strong>M\u00c4RTS on TEATRIKUU<\/strong><\/p>\n\n\n\n<p>Nii ka Murastes.<\/p>\n\n\n\n<p><strong>10. m\u00e4rtsil kell 19.00 tuleb meile k\u00fclla LOODETEATER<\/strong>.<\/p>\n\n\n\n<p>Etendub Andrus Kivir\u00e4hki naljakas, kuid t\u00f5sieluline etendus:<\/p>\n\n\n\n<p><strong>ALIAS<\/strong><br>\u017danr: kom\u00f6\u00f6dia<br>Osaluspanus: 10.00 eur<\/p>\n\n\n\n<p>N\u00e4idendi autor Andrus Kivir\u00e4hk<br>Lavastaja ja n\u00e4itejuht \u2013 Virko Annus<br>Osades \u2013 Marii Olivia Steinberg ja Airi Kontson<br>Muusikaline kujundaja \u2013 Urmas Meri<\/p>\n\n\n\n<p>Mis on meie maailma inimese suurimad hirmud praegu, 21 sajandil? Me kardame vananeda ja \u00fcksi j\u00e4\u00e4da\u2026.<\/p>\n\n\n\n<p>Klassi\u00f5ed Piret ja Julia, kes p\u00f5rkavad ootamatult kokku palju aastaid p\u00e4rast kooli l\u00f5ppu, hakkavad n\u00fc\u00fcd tihedasti Pireti juures Aliast m\u00e4ngimas k\u00e4ima. Missuguseid kingitusi pakub elu, kui on julgust ja lusti m\u00e4nguga kaasa minna? Kui muutlikul ajal kohtuvad erinevad v\u00e4ljakujunenud inimhinged, kas on soovi, ruumi ja v\u00f5imalust ennast ja enda maailma muuta ja muutuda?<\/p>\n\n\n\n<p><strong>24. m\u00e4rtsil kell 19.00 ESIETENDUS meie Muraste teatrilt.<br>Muraste NIMETU N\u00c4ITEM\u00c4NGUSELTSKOND:<\/strong><\/p>\n\n\n\n<p><strong>KAUNITAR ja KOLETIS<\/strong><br>osaluspanus 7.00 eur<br>Kaunitar Belle on armas ja heatahtlik neiu, kes satub elama kaugesse lossi, kus k\u00f5ik ei ole nii, nagu ta harjunud on. Lossi valitseb koletis, tema teenijaskond on pisut veider ja tagasiteed lossist koju juba naljalt ei leia. Kas ka seekord v\u00f5idab armastus needuse v\u00f5i koletis j\u00e4\u00e4b koletiseks? Seda saad sa ainult siis teada, kui tuled vaatama Anne Veesaare lavastatud \u201eKaunitari ja koletist\u201c meie oma Muraste Nimetu N\u00e4item\u00e4nguseltskonna ja Muraste Kooli n\u00e4iteringi laste esituses juba 24. m\u00e4rtsil kell 19 Muraste koolimajas.<br>Dramaturg ja lavastaja: Anne Veesaar<br>M\u00e4ngivad:<br>Belle \u2013 Evelin Tiirik<br>Koletis \u2013 Rainer Tsirk<br>Prints \u2013 Karel Alamaa<br>Teener\/K\u00fc\u00fcnlajalg \u2013 Urmo Lamp<br>\u00d5ukonnadaam\/Tolmuhari \u2013 Pille Lamp<br>\u00d5ukonnadaam\/Teekann \u2013 \u00dclle Jurtom<br>Kerjusnaine \u2013 Katrin Pebsen-Zachrau<br>Kaupmees \u2013 Armand Danilson<br>1. \u00f5de \u2013 Veronica Pebsen-Zachrau<br>2. \u00f5de \u2013 Anete Niinemets<br>1.turum\u00fc\u00fcja \u2013 Tessa Tsirk<br>2.turum\u00fc\u00fcja \u2013 Nora Lee Adamson<br>3.turum\u00fc\u00fcja \u2013 Maivi Vainola<br>4.turum\u00fc\u00fcja \u2013 Jakob J\u00e4rvam\u00e4gi<\/p>\n\n\n\n<p>Heli ja valgus: Sebastian Pebsen-Zachrau, Jako Jasper Lamp<\/p>\n\n\n\n<p>Lossi p\u00e4\u00e4seb 7 kuldm\u00fcndi eest alates kella 18.30. Kui kuldm\u00fcnte pole, v\u00f5ib pakkuda ka euroraha.<\/p>\n\n\n\n<p><strong>30. m\u00e4rtsil kell 19.00 IMPROTEATER<\/strong>&nbsp;ja kohtumine armastatud n\u00e4itleja&nbsp;<strong>Anne Veesaarega<\/strong><\/p>\n\n\n\n<p>Meie teatri lavastaja Anne Veesaar vastab meeleldi teie k\u00fcsimustele ja k\u00fcsib ka teie k\u00e4est. R\u00e4\u00e4gib n\u00e4itleja t\u00f6\u00f6st ja toredatest seikadest.<\/p>\n\n\n\n<p>Improteatris saab kaasa l\u00fc\u00fca ka publik. Improteatri v\u00f5lu peitub ootamatuses, situatsioonikoomikas ning artistide leidlikkuses. Keegi ei tea, mis juhtuma hakkab, k\u00f5ik on v\u00f5imalik ning see on meelierutavalt vaimukas!<br>Improteater on \u00fcle maailma palavalt armastatud teatrivorm, kus k\u00f5ik s\u00fcnnib publiku silme all. Etendused on improviseeritud, mis t\u00e4hendab, et k\u00f5ik s\u00fcnnib siin ja praegu, midagi eelnevalt kokku leppimata \u2013 teksti ei ole p\u00e4he \u00f5pitud ja m\u00e4ngitavat lugu v\u00e4lja m\u00f5eldud.<br>N\u00e4itlejad k\u00fcsivad publiku k\u00e4est m\u00e4rks\u00f5nu ja nendest inspireeritult hakkavad s\u00fcndima p\u00f5nevad stseenid, l\u00f5busad sket\u0161id, kaasahaaravad laulud ja vaimukad karakterid. L<br>Ladinakeelne s\u00f5na \u2019imperium\u2019 t\u00e4hendab v\u00f5imu. Soovime vallutada k\u00f5ikide eestlaste s\u00fcdamed ja tekitada maailmakaardile veel \u00fcks impro r\u00f5\u00f5must tulvil maa, kus inimesed v\u00e4\u00e4rtustavad koost\u00f6\u00f6d ja loovust ning kus valitseb kujutluse v\u00f5im.&nbsp;<\/p>\n\n\n\n<figure class=\"wp-block-image\"><a href=\"https:\/\/muraste.ee\/vana\/wp-content\/uploads\/2023\/02\/Revalia_1200x1200_muraste3187.png\"><img decoding=\"async\" loading=\"lazy\" width=\"1024\" height=\"1024\" src=\"https:\/\/muraste.ee\/vana\/wp-content\/uploads\/2023\/02\/Revalia_1200x1200_muraste3187-1024x1024.png\" alt=\"\" class=\"wp-image-9542\" srcset=\"https:\/\/muraste.ee\/vana\/wp-content\/uploads\/2023\/02\/Revalia_1200x1200_muraste3187-1024x1024.png 1024w, https:\/\/muraste.ee\/vana\/wp-content\/uploads\/2023\/02\/Revalia_1200x1200_muraste3187-300x300.png 300w, https:\/\/muraste.ee\/vana\/wp-content\/uploads\/2023\/02\/Revalia_1200x1200_muraste3187-150x150.png 150w, https:\/\/muraste.ee\/vana\/wp-content\/uploads\/2023\/02\/Revalia_1200x1200_muraste3187-768x768.png 768w, https:\/\/muraste.ee\/vana\/wp-content\/uploads\/2023\/02\/Revalia_1200x1200_muraste3187-624x624.png 624w, https:\/\/muraste.ee\/vana\/wp-content\/uploads\/2023\/02\/Revalia_1200x1200_muraste3187.png 1200w\" sizes=\"(max-width: 1024px) 100vw, 1024px\" \/><\/a><\/figure>\n\n\n\n<figure class=\"wp-block-image\"><a href=\"https:\/\/muraste.ee\/vana\/wp-content\/uploads\/2023\/01\/unnamed.jpg\"><img decoding=\"async\" loading=\"lazy\" width=\"724\" height=\"1024\" src=\"https:\/\/muraste.ee\/vana\/wp-content\/uploads\/2023\/01\/unnamed-724x1024.jpg\" alt=\"\" class=\"wp-image-9485\" srcset=\"https:\/\/muraste.ee\/vana\/wp-content\/uploads\/2023\/01\/unnamed-724x1024.jpg 724w, https:\/\/muraste.ee\/vana\/wp-content\/uploads\/2023\/01\/unnamed-212x300.jpg 212w, https:\/\/muraste.ee\/vana\/wp-content\/uploads\/2023\/01\/unnamed-768x1086.jpg 768w, https:\/\/muraste.ee\/vana\/wp-content\/uploads\/2023\/01\/unnamed-1086x1536.jpg 1086w, https:\/\/muraste.ee\/vana\/wp-content\/uploads\/2023\/01\/unnamed-1448x2048.jpg 1448w, https:\/\/muraste.ee\/vana\/wp-content\/uploads\/2023\/01\/unnamed-624x883.jpg 624w, https:\/\/muraste.ee\/vana\/wp-content\/uploads\/2023\/01\/unnamed.jpg 1587w\" sizes=\"(max-width: 724px) 100vw, 724px\" \/><\/a><\/figure>\n","protected":false},"excerpt":{"rendered":"<p>N\u00e4dal 7 Tere, armas Muraste! Soovime k\u00f5igile Muraste k\u00fclaseltsi s\u00f5pradele toredat s\u00f5bra p\u00e4eva ja kutsume k\u00f5iki kinno. Sellel n\u00e4dalal on tunda juba kevadeh\u00f5ngu ja meie kinokava on ka kevadine. Lastele esilinastub multifilm Kaka ja kevad ja t\u00e4iskasvanutele t\u00e4iesti tuttuus eesti kom\u00f6\u00f6diafilm Suvitajad. KERAAMIKA \u00d5PITUBA 20.veebruar kell 18.30 Muraste k\u00fclaselts (Lee tee 9)Osaluspanus: 33.00 eur Keraamika<a class=\"moretag\" href=\"https:\/\/muraste.ee\/vana\/?page_id=9549\"><br \/>&#8230;Loe edasi<\/a><\/p>\n","protected":false},"author":2,"featured_media":0,"parent":0,"menu_order":0,"comment_status":"closed","ping_status":"closed","template":"nadalakava.php","meta":{"_bbp_topic_count":0,"_bbp_reply_count":0,"_bbp_total_topic_count":0,"_bbp_total_reply_count":0,"_bbp_voice_count":0,"_bbp_anonymous_reply_count":0,"_bbp_topic_count_hidden":0,"_bbp_reply_count_hidden":0,"_bbp_forum_subforum_count":0,"_mc_calendar":[]},"_links":{"self":[{"href":"https:\/\/muraste.ee\/vana\/index.php?rest_route=\/wp\/v2\/pages\/9549"}],"collection":[{"href":"https:\/\/muraste.ee\/vana\/index.php?rest_route=\/wp\/v2\/pages"}],"about":[{"href":"https:\/\/muraste.ee\/vana\/index.php?rest_route=\/wp\/v2\/types\/page"}],"author":[{"embeddable":true,"href":"https:\/\/muraste.ee\/vana\/index.php?rest_route=\/wp\/v2\/users\/2"}],"replies":[{"embeddable":true,"href":"https:\/\/muraste.ee\/vana\/index.php?rest_route=%2Fwp%2Fv2%2Fcomments&post=9549"}],"version-history":[{"count":1,"href":"https:\/\/muraste.ee\/vana\/index.php?rest_route=\/wp\/v2\/pages\/9549\/revisions"}],"predecessor-version":[{"id":9551,"href":"https:\/\/muraste.ee\/vana\/index.php?rest_route=\/wp\/v2\/pages\/9549\/revisions\/9551"}],"wp:attachment":[{"href":"https:\/\/muraste.ee\/vana\/index.php?rest_route=%2Fwp%2Fv2%2Fmedia&parent=9549"}],"curies":[{"name":"wp","href":"https:\/\/api.w.org\/{rel}","templated":true}]}}