{"id":9598,"date":"2023-03-06T12:05:01","date_gmt":"2023-03-06T10:05:01","guid":{"rendered":"https:\/\/muraste.ee\/vana\/?page_id=9598"},"modified":"2023-03-06T12:05:01","modified_gmt":"2023-03-06T10:05:01","slug":"nadal-10-8","status":"publish","type":"page","link":"https:\/\/muraste.ee\/vana\/?page_id=9598","title":{"rendered":"N\u00e4dal 10"},"content":{"rendered":"\n<p>Tere, armas Muraste! M\u00e4rts ja juba on tunda kevade h\u00f5ngu. Murastes on m\u00e4rts teatrikuu. Soovime k\u00f5igile naistele r\u00f5\u00f5mu ja armastust 8. m\u00e4rtsiks ja kutsume k\u00f5iki teatrisse!<\/p>\n\n\n\n<figure class=\"wp-block-image\"><a href=\"https:\/\/muraste.ee\/vana\/wp-content\/uploads\/2023\/03\/Kaunist-naistepaeva.jpg\"><img decoding=\"async\" loading=\"lazy\" width=\"1024\" height=\"724\" src=\"https:\/\/muraste.ee\/vana\/wp-content\/uploads\/2023\/03\/Kaunist-naistepaeva-1024x724.jpg\" alt=\"\" class=\"wp-image-9590\" srcset=\"https:\/\/muraste.ee\/vana\/wp-content\/uploads\/2023\/03\/Kaunist-naistepaeva-1024x724.jpg 1024w, https:\/\/muraste.ee\/vana\/wp-content\/uploads\/2023\/03\/Kaunist-naistepaeva-300x212.jpg 300w, https:\/\/muraste.ee\/vana\/wp-content\/uploads\/2023\/03\/Kaunist-naistepaeva-768x543.jpg 768w, https:\/\/muraste.ee\/vana\/wp-content\/uploads\/2023\/03\/Kaunist-naistepaeva-1536x1086.jpg 1536w, https:\/\/muraste.ee\/vana\/wp-content\/uploads\/2023\/03\/Kaunist-naistepaeva-2048x1448.jpg 2048w, https:\/\/muraste.ee\/vana\/wp-content\/uploads\/2023\/03\/Kaunist-naistepaeva-624x441.jpg 624w\" sizes=\"(max-width: 1024px) 100vw, 1024px\" \/><\/a><\/figure>\n\n\n\n<p><strong>TEATRI\u00d5HTU: A L I A S<\/strong><\/p>\n\n\n\n<p><strong>10. m\u00e4rts kell 19.00<\/strong><\/p>\n\n\n\n<p><strong>Muraste kooli aatriumis (Lee tee 9)<\/strong><\/p>\n\n\n\n<p>Osaluspanus: 10.00 eur&nbsp;<strong>PILETID EELM\u00dc\u00dcGIS:&nbsp;<\/strong><a rel=\"noreferrer noopener\" href=\"https:\/\/fienta.com\/et\/s\/alias?fbclid=IwAR3xiCxE_tdRP8kv5mgKOZo0LsREEjnIH8rZGOPvWevGjSZVYn2LaL2Ks1k\" target=\"_blank\">https:\/\/fienta.com\/et\/s\/alias<\/a><\/p>\n\n\n\n<figure class=\"wp-block-image\"><a href=\"https:\/\/muraste.ee\/vana\/wp-content\/uploads\/2023\/02\/Alias.jpg\"><img decoding=\"async\" loading=\"lazy\" width=\"642\" height=\"1024\" src=\"https:\/\/muraste.ee\/vana\/wp-content\/uploads\/2023\/02\/Alias-642x1024.jpg\" alt=\"\" class=\"wp-image-9558\" srcset=\"https:\/\/muraste.ee\/vana\/wp-content\/uploads\/2023\/02\/Alias-642x1024.jpg 642w, https:\/\/muraste.ee\/vana\/wp-content\/uploads\/2023\/02\/Alias-188x300.jpg 188w, https:\/\/muraste.ee\/vana\/wp-content\/uploads\/2023\/02\/Alias-768x1226.jpg 768w, https:\/\/muraste.ee\/vana\/wp-content\/uploads\/2023\/02\/Alias-624x996.jpg 624w, https:\/\/muraste.ee\/vana\/wp-content\/uploads\/2023\/02\/Alias.jpg 802w\" sizes=\"(max-width: 642px) 100vw, 642px\" \/><\/a><\/figure>\n\n\n\n<p>Etendub Andrus Kivir\u00e4hki naljakas, kuid t\u00f5sieluline etendus: ALIAS<br>\u017danr: kom\u00f6\u00f6dia<\/p>\n\n\n\n<p>N\u00e4idendi autor Andrus Kivir\u00e4hk<br>Lavastaja ja n\u00e4itejuht \u2013 Virko Annus<br>Osades \u2013 Marii Olivia Steinberg ja Airi Kontson<br>Muusikaline kujundaja \u2013 Urmas Meri<\/p>\n\n\n\n<p>Mis on meie maailma inimese suurimad hirmud praegu, 21 sajandil? Me kardame vananeda ja \u00fcksi j\u00e4\u00e4da\u2026.<\/p>\n\n\n\n<p>Klassi\u00f5ed Piret ja Julia, kes p\u00f5rkavad ootamatult kokku palju aastaid p\u00e4rast kooli l\u00f5ppu, hakkavad n\u00fc\u00fcd tihedasti Pireti juures Aliast m\u00e4ngimas k\u00e4ima. Missuguseid kingitusi pakub elu, kui on julgust ja lusti m\u00e4nguga kaasa minna? Kui muutlikul ajal kohtuvad erinevad v\u00e4ljakujunenud inimhinged, kas on soovi, ruumi ja v\u00f5imalust ennast ja enda maailma muuta ja muutuda?<\/p>\n\n\n\n<p><strong>KINO\u00d5HTU: UUS EESTI FILM<\/strong><\/p>\n\n\n\n<p><strong>TAEVATREPP<\/strong><\/p>\n\n\n\n<p><strong>17. veebr. kell 19.00<\/strong><\/p>\n\n\n\n<p>Muraste kinopunkt (Lee tee 9)<\/p>\n\n\n\n<p>Pilet: 5.00\/4.00<\/p>\n\n\n\n<figure class=\"wp-block-image\"><a href=\"https:\/\/muraste.ee\/vana\/wp-content\/uploads\/2023\/02\/Taevatrepp.jpg\"><img decoding=\"async\" loading=\"lazy\" width=\"724\" height=\"1024\" src=\"https:\/\/muraste.ee\/vana\/wp-content\/uploads\/2023\/02\/Taevatrepp-724x1024.jpg\" alt=\"\" class=\"wp-image-9578\" srcset=\"https:\/\/muraste.ee\/vana\/wp-content\/uploads\/2023\/02\/Taevatrepp-724x1024.jpg 724w, https:\/\/muraste.ee\/vana\/wp-content\/uploads\/2023\/02\/Taevatrepp-212x300.jpg 212w, https:\/\/muraste.ee\/vana\/wp-content\/uploads\/2023\/02\/Taevatrepp-768x1086.jpg 768w, https:\/\/muraste.ee\/vana\/wp-content\/uploads\/2023\/02\/Taevatrepp-1086x1536.jpg 1086w, https:\/\/muraste.ee\/vana\/wp-content\/uploads\/2023\/02\/Taevatrepp-1448x2048.jpg 1448w, https:\/\/muraste.ee\/vana\/wp-content\/uploads\/2023\/02\/Taevatrepp-624x883.jpg 624w, https:\/\/muraste.ee\/vana\/wp-content\/uploads\/2023\/02\/Taevatrepp.jpg 1587w\" sizes=\"(max-width: 724px) 100vw, 724px\" \/><\/a><\/figure>\n\n\n\n<p>\u201cTaevatrepp\u201d on kirjanik ja re\u017eiss\u00f6\u00f6r Mart Kivastiku autorifilm, mis p\u00f5hineb re\u017eiss\u00f6\u00f6ri 2019. aastal ilmunud samanimelisel romaanil.<\/p>\n\n\n\n<p>\u201cTaevatrepp\u201d on lugu ajast ja muusikast, s\u00f5prusest ning armastusest ja surmast, elust t\u00e4nap\u00e4eval ja 70ndate lapsep\u00f5lves. Lugu saab alguse, kui oma viimsel hinget\u00f5mbel usaldab kunstnikust s\u00f5ber filmi peategelasele Uule saladuse, kuidas k\u00e4ia minevikus. Uu on insener ja imedesse ei usu, aga trikk toimib. Minevikus on m\u00f5nus, igavene suvi, pikad juuksed, t\u00fcdrukud ja Jenkki n\u00e4ts. Tema p\u00e4riselus on s\u00fcgis, s\u00f5brad on kibestunud, t\u00fcdrukud abielus ja isa raskelt haige. K\u00f5ige l\u00f5puks peab Uu siiski otsustama, millises ajas oma elu edasi elada \u2013 mineviku suves v\u00f5i oleviku s\u00fcgises.<\/p>\n\n\n\n<p>Ajar\u00e4ndajast Uud kehastab t\u00e4iskasvanuna Mait Malmsten ning noorena Timotheus Sammul. Teistes rollides teevad kaasa Raivo Trass (s\u00f5ber Georg), Ivo Uukkivi (noor Georg), Rita Raave (Georgi abikaasa Ruth), Harriet Toompere (Uu abikaasa Tiuks), T\u00f5nu Oja ja Kaarel Pogga (Uu sugulane Paul), Kersti Heinloo ja Lena Barbara Luhse (Pauli pruut \u00dclle), Kaie Mihkelson (Uu ema), Voldemar Kuslap (Uu isa), K\u00fclli Teetamm (noore Uu ema), Hannes Hermak\u00fcla (noore Uu isa), Taavi Teplenkov ja Rasmus Ermel (Uu s\u00f5ber Doktor) jt.<\/p>\n\n\n\n<p>Filmi re\u017eiss\u00f6\u00f6r ja stsenarist on Mart Kivastik, operaator Rein Kotov ja kunstnik Pille J\u00e4nes. Filmi tootis Filmivabrik ja produtsendid on Marju Lepp ning Manfred Vainokivi. Filmi levitab ACME Film. \u201cTaevatrepp\u201d linastub kinodes 3. m\u00e4rtsil 2023.<\/p>\n\n\n\n<p><strong>ESIETENDUS: KAUNITAR JA KOLETIS<\/strong><\/p>\n\n\n\n<p><strong>24. m\u00e4rtsil kell 19.00<\/strong><\/p>\n\n\n\n<p>Avatud kohvik kell 18.30<strong><br>Muraste NIMETU N\u00c4ITEM\u00c4NGUSELTSKOND<\/strong><\/p>\n\n\n\n<p>Muraste aatriumis (Lee tee 9)<br><strong>osaluspanus 7.00 eur<\/strong><\/p>\n\n\n\n<figure class=\"wp-block-image\"><a href=\"https:\/\/muraste.ee\/vana\/wp-content\/uploads\/2023\/02\/Kaunitar-ja-koletis.jpg\"><img decoding=\"async\" loading=\"lazy\" width=\"724\" height=\"1024\" src=\"https:\/\/muraste.ee\/vana\/wp-content\/uploads\/2023\/02\/Kaunitar-ja-koletis-724x1024.jpg\" alt=\"\" class=\"wp-image-9559\" srcset=\"https:\/\/muraste.ee\/vana\/wp-content\/uploads\/2023\/02\/Kaunitar-ja-koletis-724x1024.jpg 724w, https:\/\/muraste.ee\/vana\/wp-content\/uploads\/2023\/02\/Kaunitar-ja-koletis-212x300.jpg 212w, https:\/\/muraste.ee\/vana\/wp-content\/uploads\/2023\/02\/Kaunitar-ja-koletis-768x1086.jpg 768w, https:\/\/muraste.ee\/vana\/wp-content\/uploads\/2023\/02\/Kaunitar-ja-koletis-1086x1536.jpg 1086w, https:\/\/muraste.ee\/vana\/wp-content\/uploads\/2023\/02\/Kaunitar-ja-koletis-1448x2048.jpg 1448w, https:\/\/muraste.ee\/vana\/wp-content\/uploads\/2023\/02\/Kaunitar-ja-koletis-624x883.jpg 624w, https:\/\/muraste.ee\/vana\/wp-content\/uploads\/2023\/02\/Kaunitar-ja-koletis.jpg 1587w\" sizes=\"(max-width: 724px) 100vw, 724px\" \/><\/a><\/figure>\n\n\n\n<p><strong>Kogupere etendus.<\/strong><\/p>\n\n\n\n<p>Kaunitar Belle on armas ja heatahtlik neiu, kes satub elama kaugesse lossi, kus k\u00f5ik ei ole nii, nagu ta harjunud on. Lossi valitseb koletis, tema teenijaskond on pisut veider ja tagasiteed lossist koju juba naljalt ei leia. Kas ka seekord v\u00f5idab armastus needuse v\u00f5i koletis j\u00e4\u00e4b koletiseks? Seda saad sa ainult siis teada, kui tuled vaatama Anne Veesaare lavastatud \u201eKaunitari ja koletist\u201c meie oma Muraste Nimetu N\u00e4item\u00e4nguseltskonna ja Muraste Kooli n\u00e4iteringi laste esituses juba 24. m\u00e4rtsil kell 19 Muraste koolimajas.<br>Dramaturg ja lavastaja: Anne Veesaar<br>M\u00e4ngivad:<br>Belle \u2013 Evelin Tiirik<br>Koletis \u2013 Rainer Tsirk<br>Prints \u2013 Karel Alamaa<br>Teener\/K\u00fc\u00fcnlajalg \u2013 Urmo Lamp<br>\u00d5ukonnadaam\/Tolmuhari \u2013 Pille Lamp<br>\u00d5ukonnadaam\/Teekann \u2013 \u00dclle Jurtom<br>Kerjusnaine \u2013 Katrin Pebsen-Zachrau<br>Kaupmees \u2013 Armand Danilson<br>1. \u00f5de \u2013 Veronica Pebsen-Zachrau<br>2. \u00f5de \u2013 Anete Niinemets<br>1.turum\u00fc\u00fcja \u2013 Tessa Tsirk<br>2.turum\u00fc\u00fcja \u2013 Nora Lee Adamson<br>3.turum\u00fc\u00fcja \u2013 Maivi Vainola<br>4.turum\u00fc\u00fcja \u2013 Jakob J\u00e4rvam\u00e4gi<\/p>\n\n\n\n<p>Heli ja valgus: Sebastian Pebsen-Zachrau, Jako Jasper Lamp<\/p>\n\n\n\n<p>Lossi p\u00e4\u00e4seb 7 kuldm\u00fcndi eest alates kella 18.30.<\/p>\n\n\n\n<p>Kui kuldm\u00fcnte pole, v\u00f5ib pakkuda ka euroraha.<\/p>\n\n\n\n<p><strong>IMPROTEATRI ETENDUS:<\/strong><\/p>\n\n\n\n<p><strong>MASK MAHA<\/strong><\/p>\n\n\n\n<p><strong>30. m\u00e4rts kell 19.00<\/strong><\/p>\n\n\n\n<p>Muraste aatriumis (Lee tee 9)<\/p>\n\n\n\n<p>osaluspanus: 5.00 eur&nbsp;<strong>PILETID EELM\u00dc\u00dcGIS<\/strong>:&nbsp;<a rel=\"noreferrer noopener\" href=\"https:\/\/fienta.com\/et\/mask-maha?fbclid=IwAR1AJGm9N22CVNKMtvU2U9WmxmBN1EqLbTBG-mP9cSuX2ZGP3mOIqPEBVX8\" target=\"_blank\">https:\/\/fienta.com\/et\/mask-maha<\/a><\/p>\n\n\n\n<figure class=\"wp-block-image\"><a href=\"https:\/\/muraste.ee\/vana\/wp-content\/uploads\/2023\/02\/Maskid-langevad.jpg\"><img decoding=\"async\" loading=\"lazy\" width=\"724\" height=\"1024\" src=\"https:\/\/muraste.ee\/vana\/wp-content\/uploads\/2023\/02\/Maskid-langevad-724x1024.jpg\" alt=\"\" class=\"wp-image-9560\" srcset=\"https:\/\/muraste.ee\/vana\/wp-content\/uploads\/2023\/02\/Maskid-langevad-724x1024.jpg 724w, https:\/\/muraste.ee\/vana\/wp-content\/uploads\/2023\/02\/Maskid-langevad-212x300.jpg 212w, https:\/\/muraste.ee\/vana\/wp-content\/uploads\/2023\/02\/Maskid-langevad-768x1086.jpg 768w, https:\/\/muraste.ee\/vana\/wp-content\/uploads\/2023\/02\/Maskid-langevad-1086x1536.jpg 1086w, https:\/\/muraste.ee\/vana\/wp-content\/uploads\/2023\/02\/Maskid-langevad-624x883.jpg 624w, https:\/\/muraste.ee\/vana\/wp-content\/uploads\/2023\/02\/Maskid-langevad.jpg 1414w\" sizes=\"(max-width: 724px) 100vw, 724px\" \/><\/a><\/figure>\n\n\n\n<p>Esimeses osas kohtume armastatud&nbsp;<strong>n\u00e4itleja Anne Veesaarega<\/strong>. K\u00fcsida v\u00f5ib k\u00f5ike ja ka Anne esitab ise k\u00fcsimusi.<\/p>\n\n\n\n<p>Teieses osas: Improteatri v\u00f5lu peitub ootamatuses, situatsioonikoomikas ning artistide leidlikkuses. Keegi ei tea, mis juhtuma hakkab, k\u00f5ik on v\u00f5imalik ning see on meelierutavalt vaimukas!<\/p>\n\n\n\n<p>Improteater on \u00fcle maailma palavalt armastatud teatrivorm, kus k\u00f5ik s\u00fcnnib publiku silme all. Etendused on improviseeritud, mis t\u00e4hendab, et k\u00f5ik s\u00fcnnib siin ja praegu, midagi eelnevalt kokku leppimata \u2013 teksti ei ole p\u00e4he \u00f5pitud ja m\u00e4ngitavat lugu v\u00e4lja m\u00f5eldud.&nbsp;<\/p>\n\n\n\n<p>N\u00e4itlejad k\u00fcsivad publiku k\u00e4est m\u00e4rks\u00f5nu ja nendest inspireeritult hakkavad s\u00fcndima p\u00f5nevad stseenid, l\u00f5busad sket\u0161id, kaasahaaravad laulud ja vaimukad karakterid. L<\/p>\n\n\n\n<p>Ladinakeelne s\u00f5na \u2019imperium\u2019 t\u00e4hendab v\u00f5imu. Soovime vallutada k\u00f5ikide eestlaste s\u00fcdamed ja tekitada maailmakaardile veel \u00fcks impro r\u00f5\u00f5must tulvil maa, kus inimesed v\u00e4\u00e4rtustavad koost\u00f6\u00f6d ja loovust ning kus valitseb&nbsp;kujutluse v\u00f5im.<\/p>\n\n\n\n<p>Ja Murastesse tulevad:&nbsp;<strong>Tarvo Krall &amp; Maarius P\u00e4rn<\/strong>.<\/p>\n\n\n\n<p><strong>V\u00c4IKELAEVAJUHI KOOLITUS<\/strong><\/p>\n\n\n\n<p><strong>11. ja 12. m\u00e4rts kell 11.00-18.00<\/strong><\/p>\n\n\n\n<p><strong>V\u00f5imalik veel liituda!<\/strong>&nbsp;muraste@muraste.ee<\/p>\n\n\n\n<p><strong>Muraste k\u00fclaselts (Lee tee 9) spordihoone uksest<\/strong><\/p>\n\n\n\n<figure class=\"wp-block-image\"><a href=\"https:\/\/muraste.ee\/vana\/wp-content\/uploads\/2023\/03\/Vaikelaevajuhi-kursus.jpg\"><img decoding=\"async\" loading=\"lazy\" width=\"724\" height=\"1024\" src=\"https:\/\/muraste.ee\/vana\/wp-content\/uploads\/2023\/03\/Vaikelaevajuhi-kursus-724x1024.jpg\" alt=\"\" class=\"wp-image-9591\" srcset=\"https:\/\/muraste.ee\/vana\/wp-content\/uploads\/2023\/03\/Vaikelaevajuhi-kursus-724x1024.jpg 724w, https:\/\/muraste.ee\/vana\/wp-content\/uploads\/2023\/03\/Vaikelaevajuhi-kursus-212x300.jpg 212w, https:\/\/muraste.ee\/vana\/wp-content\/uploads\/2023\/03\/Vaikelaevajuhi-kursus-768x1086.jpg 768w, https:\/\/muraste.ee\/vana\/wp-content\/uploads\/2023\/03\/Vaikelaevajuhi-kursus-1086x1536.jpg 1086w, https:\/\/muraste.ee\/vana\/wp-content\/uploads\/2023\/03\/Vaikelaevajuhi-kursus-1448x2048.jpg 1448w, https:\/\/muraste.ee\/vana\/wp-content\/uploads\/2023\/03\/Vaikelaevajuhi-kursus-624x883.jpg 624w, https:\/\/muraste.ee\/vana\/wp-content\/uploads\/2023\/03\/Vaikelaevajuhi-kursus.jpg 1587w\" sizes=\"(max-width: 724px) 100vw, 724px\" \/><\/a><\/figure>\n\n\n\n<figure class=\"wp-block-image\"><a href=\"https:\/\/muraste.ee\/vana\/wp-content\/uploads\/2023\/03\/2.jpg\"><img decoding=\"async\" loading=\"lazy\" width=\"724\" height=\"1024\" src=\"https:\/\/muraste.ee\/vana\/wp-content\/uploads\/2023\/03\/2-724x1024.jpg\" alt=\"\" class=\"wp-image-9593\" srcset=\"https:\/\/muraste.ee\/vana\/wp-content\/uploads\/2023\/03\/2-724x1024.jpg 724w, https:\/\/muraste.ee\/vana\/wp-content\/uploads\/2023\/03\/2-212x300.jpg 212w, https:\/\/muraste.ee\/vana\/wp-content\/uploads\/2023\/03\/2-768x1086.jpg 768w, https:\/\/muraste.ee\/vana\/wp-content\/uploads\/2023\/03\/2-1086x1536.jpg 1086w, https:\/\/muraste.ee\/vana\/wp-content\/uploads\/2023\/03\/2-1448x2048.jpg 1448w, https:\/\/muraste.ee\/vana\/wp-content\/uploads\/2023\/03\/2-624x883.jpg 624w, https:\/\/muraste.ee\/vana\/wp-content\/uploads\/2023\/03\/2.jpg 1587w\" sizes=\"(max-width: 724px) 100vw, 724px\" \/><\/a><\/figure>\n\n\n\n<figure class=\"wp-block-image\"><a href=\"https:\/\/muraste.ee\/vana\/wp-content\/uploads\/2023\/02\/Revalia_1200x1200_muraste3187.png\"><img decoding=\"async\" loading=\"lazy\" width=\"1024\" height=\"1024\" src=\"https:\/\/muraste.ee\/vana\/wp-content\/uploads\/2023\/02\/Revalia_1200x1200_muraste3187-1024x1024.png\" alt=\"\" class=\"wp-image-9542\" srcset=\"https:\/\/muraste.ee\/vana\/wp-content\/uploads\/2023\/02\/Revalia_1200x1200_muraste3187-1024x1024.png 1024w, https:\/\/muraste.ee\/vana\/wp-content\/uploads\/2023\/02\/Revalia_1200x1200_muraste3187-300x300.png 300w, https:\/\/muraste.ee\/vana\/wp-content\/uploads\/2023\/02\/Revalia_1200x1200_muraste3187-150x150.png 150w, https:\/\/muraste.ee\/vana\/wp-content\/uploads\/2023\/02\/Revalia_1200x1200_muraste3187-768x768.png 768w, https:\/\/muraste.ee\/vana\/wp-content\/uploads\/2023\/02\/Revalia_1200x1200_muraste3187-624x624.png 624w, https:\/\/muraste.ee\/vana\/wp-content\/uploads\/2023\/02\/Revalia_1200x1200_muraste3187.png 1200w\" sizes=\"(max-width: 1024px) 100vw, 1024px\" \/><\/a><\/figure>\n\n\n\n<figure class=\"wp-block-image\"><a href=\"https:\/\/muraste.ee\/vana\/wp-content\/uploads\/2023\/02\/SAVI-TOOTUPPA-Toimumise-kuupaevad-14.02-7.0321.03-katsetused-saviga-18.04-toode-glasuurimine-varvimine-Aeg-17.00-19.00.jpg\"><img decoding=\"async\" loading=\"lazy\" width=\"1024\" height=\"724\" src=\"https:\/\/muraste.ee\/vana\/wp-content\/uploads\/2023\/02\/SAVI-TOOTUPPA-Toimumise-kuupaevad-14.02-7.0321.03-katsetused-saviga-18.04-toode-glasuurimine-varvimine-Aeg-17.00-19.00-1024x724.jpg\" alt=\"\" class=\"wp-image-9564\" srcset=\"https:\/\/muraste.ee\/vana\/wp-content\/uploads\/2023\/02\/SAVI-TOOTUPPA-Toimumise-kuupaevad-14.02-7.0321.03-katsetused-saviga-18.04-toode-glasuurimine-varvimine-Aeg-17.00-19.00-1024x724.jpg 1024w, https:\/\/muraste.ee\/vana\/wp-content\/uploads\/2023\/02\/SAVI-TOOTUPPA-Toimumise-kuupaevad-14.02-7.0321.03-katsetused-saviga-18.04-toode-glasuurimine-varvimine-Aeg-17.00-19.00-300x212.jpg 300w, https:\/\/muraste.ee\/vana\/wp-content\/uploads\/2023\/02\/SAVI-TOOTUPPA-Toimumise-kuupaevad-14.02-7.0321.03-katsetused-saviga-18.04-toode-glasuurimine-varvimine-Aeg-17.00-19.00-768x543.jpg 768w, https:\/\/muraste.ee\/vana\/wp-content\/uploads\/2023\/02\/SAVI-TOOTUPPA-Toimumise-kuupaevad-14.02-7.0321.03-katsetused-saviga-18.04-toode-glasuurimine-varvimine-Aeg-17.00-19.00-1536x1086.jpg 1536w, https:\/\/muraste.ee\/vana\/wp-content\/uploads\/2023\/02\/SAVI-TOOTUPPA-Toimumise-kuupaevad-14.02-7.0321.03-katsetused-saviga-18.04-toode-glasuurimine-varvimine-Aeg-17.00-19.00-2048x1448.jpg 2048w, https:\/\/muraste.ee\/vana\/wp-content\/uploads\/2023\/02\/SAVI-TOOTUPPA-Toimumise-kuupaevad-14.02-7.0321.03-katsetused-saviga-18.04-toode-glasuurimine-varvimine-Aeg-17.00-19.00-624x441.jpg 624w\" sizes=\"(max-width: 1024px) 100vw, 1024px\" \/><\/a><\/figure>\n\n\n\n<figure class=\"wp-block-image\"><a href=\"https:\/\/muraste.ee\/vana\/wp-content\/uploads\/2023\/02\/Ripsmed.jpg\"><img decoding=\"async\" loading=\"lazy\" width=\"1024\" height=\"724\" src=\"https:\/\/muraste.ee\/vana\/wp-content\/uploads\/2023\/02\/Ripsmed-1024x724.jpg\" alt=\"\" class=\"wp-image-9532\" srcset=\"https:\/\/muraste.ee\/vana\/wp-content\/uploads\/2023\/02\/Ripsmed-1024x724.jpg 1024w, https:\/\/muraste.ee\/vana\/wp-content\/uploads\/2023\/02\/Ripsmed-300x212.jpg 300w, https:\/\/muraste.ee\/vana\/wp-content\/uploads\/2023\/02\/Ripsmed-768x543.jpg 768w, https:\/\/muraste.ee\/vana\/wp-content\/uploads\/2023\/02\/Ripsmed-1536x1086.jpg 1536w, https:\/\/muraste.ee\/vana\/wp-content\/uploads\/2023\/02\/Ripsmed-2048x1448.jpg 2048w, https:\/\/muraste.ee\/vana\/wp-content\/uploads\/2023\/02\/Ripsmed-624x441.jpg 624w\" sizes=\"(max-width: 1024px) 100vw, 1024px\" \/><\/a><\/figure>\n","protected":false},"excerpt":{"rendered":"<p>Tere, armas Muraste! M\u00e4rts ja juba on tunda kevade h\u00f5ngu. Murastes on m\u00e4rts teatrikuu. Soovime k\u00f5igile naistele r\u00f5\u00f5mu ja armastust 8. m\u00e4rtsiks ja kutsume k\u00f5iki teatrisse! TEATRI\u00d5HTU: A L I A S 10. m\u00e4rts kell 19.00 Muraste kooli aatriumis (Lee tee 9) Osaluspanus: 10.00 eur&nbsp;PILETID EELM\u00dc\u00dcGIS:&nbsp;https:\/\/fienta.com\/et\/s\/alias Etendub Andrus Kivir\u00e4hki naljakas, kuid t\u00f5sieluline etendus: ALIAS\u017danr: kom\u00f6\u00f6dia<a class=\"moretag\" href=\"https:\/\/muraste.ee\/vana\/?page_id=9598\"><br \/>&#8230;Loe edasi<\/a><\/p>\n","protected":false},"author":2,"featured_media":0,"parent":0,"menu_order":0,"comment_status":"closed","ping_status":"closed","template":"nadalakava.php","meta":{"_bbp_topic_count":0,"_bbp_reply_count":0,"_bbp_total_topic_count":0,"_bbp_total_reply_count":0,"_bbp_voice_count":0,"_bbp_anonymous_reply_count":0,"_bbp_topic_count_hidden":0,"_bbp_reply_count_hidden":0,"_bbp_forum_subforum_count":0,"_mc_calendar":[]},"_links":{"self":[{"href":"https:\/\/muraste.ee\/vana\/index.php?rest_route=\/wp\/v2\/pages\/9598"}],"collection":[{"href":"https:\/\/muraste.ee\/vana\/index.php?rest_route=\/wp\/v2\/pages"}],"about":[{"href":"https:\/\/muraste.ee\/vana\/index.php?rest_route=\/wp\/v2\/types\/page"}],"author":[{"embeddable":true,"href":"https:\/\/muraste.ee\/vana\/index.php?rest_route=\/wp\/v2\/users\/2"}],"replies":[{"embeddable":true,"href":"https:\/\/muraste.ee\/vana\/index.php?rest_route=%2Fwp%2Fv2%2Fcomments&post=9598"}],"version-history":[{"count":1,"href":"https:\/\/muraste.ee\/vana\/index.php?rest_route=\/wp\/v2\/pages\/9598\/revisions"}],"predecessor-version":[{"id":9600,"href":"https:\/\/muraste.ee\/vana\/index.php?rest_route=\/wp\/v2\/pages\/9598\/revisions\/9600"}],"wp:attachment":[{"href":"https:\/\/muraste.ee\/vana\/index.php?rest_route=%2Fwp%2Fv2%2Fmedia&parent=9598"}],"curies":[{"name":"wp","href":"https:\/\/api.w.org\/{rel}","templated":true}]}}