{"id":9611,"date":"2023-03-13T13:58:38","date_gmt":"2023-03-13T11:58:38","guid":{"rendered":"https:\/\/muraste.ee\/vana\/?page_id=9611"},"modified":"2023-03-13T13:58:39","modified_gmt":"2023-03-13T11:58:39","slug":"nadal-11-3","status":"publish","type":"page","link":"https:\/\/muraste.ee\/vana\/?page_id=9611","title":{"rendered":"N\u00e4dal 11"},"content":{"rendered":"\n<p><img decoding=\"async\" loading=\"lazy\" width=\"624\" height=\"883\" src=\"https:\/\/muraste.ee\/vana\/wp-content\/uploads\/2023\/03\/1-624x883.jpg\" alt=\"\" srcset=\"https:\/\/muraste.ee\/vana\/wp-content\/uploads\/2023\/03\/1-624x883.jpg 624w, https:\/\/muraste.ee\/vana\/wp-content\/uploads\/2023\/03\/1-212x300.jpg 212w, https:\/\/muraste.ee\/vana\/wp-content\/uploads\/2023\/03\/1-724x1024.jpg 724w, https:\/\/muraste.ee\/vana\/wp-content\/uploads\/2023\/03\/1-768x1086.jpg 768w, https:\/\/muraste.ee\/vana\/wp-content\/uploads\/2023\/03\/1-1086x1536.jpg 1086w, https:\/\/muraste.ee\/vana\/wp-content\/uploads\/2023\/03\/1-1448x2048.jpg 1448w, https:\/\/muraste.ee\/vana\/wp-content\/uploads\/2023\/03\/1.jpg 1587w\"><\/p>\n\n\n\n<h1 class=\"wp-block-heading\">N\u00e4dal 11<\/h1>\n\n\n\n<p>Tere, armas Muraste! Kevad hiilib kikivarvul l\u00e4hemale ja l\u00e4hemale. Murastes on teatrikuu t\u00e4ies hoos. Sai \u00e4ra vaadatud Loodeteatri k\u00fclalisetendus Alias, mis l\u00e4ks meil t\u00e4issaalile. Tulekul on Muraste oma teatri esietendus ja p\u00f5nev improteatri etendus.<br>Ootame k\u00f5iki teatrihuvilisi! Ja \u00e4rge unustage vaadata uut eesti m\u00e4ngufilmi\u2026<\/p>\n\n\n\n<p><strong>KINO\u00d5HTU: UUS EESTI FILM<\/strong><\/p>\n\n\n\n<p><strong>TAEVATREPP<\/strong><\/p>\n\n\n\n<p><strong>17. veebr. kell 19.00<\/strong><\/p>\n\n\n\n<p>Muraste kinopunkt (Lee tee 9)<\/p>\n\n\n\n<p>Pilet: 5.00\/4.00<\/p>\n\n\n\n<figure class=\"wp-block-image is-resized\"><a href=\"https:\/\/muraste.ee\/vana\/wp-content\/uploads\/2023\/02\/Taevatrepp.jpg\"><img decoding=\"async\" loading=\"lazy\" src=\"https:\/\/muraste.ee\/vana\/wp-content\/uploads\/2023\/02\/Taevatrepp-724x1024.jpg\" alt=\"\" class=\"wp-image-9578\" width=\"543\" height=\"768\" srcset=\"https:\/\/muraste.ee\/vana\/wp-content\/uploads\/2023\/02\/Taevatrepp-724x1024.jpg 724w, https:\/\/muraste.ee\/vana\/wp-content\/uploads\/2023\/02\/Taevatrepp-212x300.jpg 212w, https:\/\/muraste.ee\/vana\/wp-content\/uploads\/2023\/02\/Taevatrepp-768x1086.jpg 768w, https:\/\/muraste.ee\/vana\/wp-content\/uploads\/2023\/02\/Taevatrepp-1086x1536.jpg 1086w, https:\/\/muraste.ee\/vana\/wp-content\/uploads\/2023\/02\/Taevatrepp-1448x2048.jpg 1448w, https:\/\/muraste.ee\/vana\/wp-content\/uploads\/2023\/02\/Taevatrepp-624x883.jpg 624w, https:\/\/muraste.ee\/vana\/wp-content\/uploads\/2023\/02\/Taevatrepp.jpg 1587w\" sizes=\"(max-width: 543px) 100vw, 543px\" \/><\/a><\/figure>\n\n\n\n<p>\u201cTaevatrepp\u201d on kirjanik ja re\u017eiss\u00f6\u00f6r Mart Kivastiku autorifilm, mis p\u00f5hineb re\u017eiss\u00f6\u00f6ri 2019. aastal ilmunud samanimelisel romaanil.<\/p>\n\n\n\n<p>\u201cTaevatrepp\u201d on lugu ajast ja muusikast, s\u00f5prusest ning armastusest ja surmast, elust t\u00e4nap\u00e4eval ja 70ndate lapsep\u00f5lves. Lugu saab alguse, kui oma viimsel hinget\u00f5mbel usaldab kunstnikust s\u00f5ber filmi peategelasele Uule saladuse, kuidas k\u00e4ia minevikus. Uu on insener ja imedesse ei usu, aga trikk toimib. Minevikus on m\u00f5nus, igavene suvi, pikad juuksed, t\u00fcdrukud ja Jenkki n\u00e4ts. Tema p\u00e4riselus on s\u00fcgis, s\u00f5brad on kibestunud, t\u00fcdrukud abielus ja isa raskelt haige. K\u00f5ige l\u00f5puks peab Uu siiski otsustama, millises ajas oma elu edasi elada \u2013 mineviku suves v\u00f5i oleviku s\u00fcgises.<\/p>\n\n\n\n<p>Ajar\u00e4ndajast Uud kehastab t\u00e4iskasvanuna Mait Malmsten ning noorena Timotheus Sammul. Teistes rollides teevad kaasa Raivo Trass (s\u00f5ber Georg), Ivo Uukkivi (noor Georg), Rita Raave (Georgi abikaasa Ruth), Harriet Toompere (Uu abikaasa Tiuks), T\u00f5nu Oja ja Kaarel Pogga (Uu sugulane Paul), Kersti Heinloo ja Lena Barbara Luhse (Pauli pruut \u00dclle), Kaie Mihkelson (Uu ema), Voldemar Kuslap (Uu isa), K\u00fclli Teetamm (noore Uu ema), Hannes Hermak\u00fcla (noore Uu isa), Taavi Teplenkov ja Rasmus Ermel (Uu s\u00f5ber Doktor) jt.<\/p>\n\n\n\n<p>Filmi re\u017eiss\u00f6\u00f6r ja stsenarist on Mart Kivastik, operaator Rein Kotov ja kunstnik Pille J\u00e4nes. Filmi tootis Filmivabrik ja produtsendid on Marju Lepp ning Manfred Vainokivi. Filmi levitab ACME Film. \u201cTaevatrepp\u201d linastub kinodes 3. m\u00e4rtsil 2023.<\/p>\n\n\n\n<p><strong>ESIETENDUS: KAUNITAR JA KOLETIS<\/strong><\/p>\n\n\n\n<p><strong>24. m\u00e4rtsil kell 19.00<\/strong><\/p>\n\n\n\n<p>Avatud kohvik kell 18.30<strong><br>Muraste NIMETU N\u00c4ITEM\u00c4NGUSELTSKOND<\/strong><\/p>\n\n\n\n<p>Muraste aatriumis (Lee tee 9)<br><strong>osaluspanus 7.00 eur<\/strong><\/p>\n\n\n\n<figure class=\"wp-block-image is-resized\"><a href=\"https:\/\/muraste.ee\/vana\/wp-content\/uploads\/2023\/02\/Kaunitar-ja-koletis.jpg\"><img decoding=\"async\" loading=\"lazy\" src=\"https:\/\/muraste.ee\/vana\/wp-content\/uploads\/2023\/02\/Kaunitar-ja-koletis-724x1024.jpg\" alt=\"\" class=\"wp-image-9559\" width=\"553\" height=\"782\" srcset=\"https:\/\/muraste.ee\/vana\/wp-content\/uploads\/2023\/02\/Kaunitar-ja-koletis-724x1024.jpg 724w, https:\/\/muraste.ee\/vana\/wp-content\/uploads\/2023\/02\/Kaunitar-ja-koletis-212x300.jpg 212w, https:\/\/muraste.ee\/vana\/wp-content\/uploads\/2023\/02\/Kaunitar-ja-koletis-768x1086.jpg 768w, https:\/\/muraste.ee\/vana\/wp-content\/uploads\/2023\/02\/Kaunitar-ja-koletis-1086x1536.jpg 1086w, https:\/\/muraste.ee\/vana\/wp-content\/uploads\/2023\/02\/Kaunitar-ja-koletis-1448x2048.jpg 1448w, https:\/\/muraste.ee\/vana\/wp-content\/uploads\/2023\/02\/Kaunitar-ja-koletis-624x883.jpg 624w, https:\/\/muraste.ee\/vana\/wp-content\/uploads\/2023\/02\/Kaunitar-ja-koletis.jpg 1587w\" sizes=\"(max-width: 553px) 100vw, 553px\" \/><\/a><\/figure>\n\n\n\n<p><strong>Kogupere etendus.<\/strong><\/p>\n\n\n\n<p>Kaunitar Belle on armas ja heatahtlik neiu, kes satub elama kaugesse lossi, kus k\u00f5ik ei ole nii, nagu ta harjunud on. Lossi valitseb koletis, tema teenijaskond on pisut veider ja tagasiteed lossist koju juba naljalt ei leia. Kas ka seekord v\u00f5idab armastus needuse v\u00f5i koletis j\u00e4\u00e4b koletiseks? Seda saad sa ainult siis teada, kui tuled vaatama Anne Veesaare lavastatud \u201eKaunitari ja koletist\u201c meie oma Muraste Nimetu N\u00e4item\u00e4nguseltskonna ja Muraste Kooli n\u00e4iteringi laste esituses juba 24. m\u00e4rtsil kell 19 Muraste koolimajas.<br>Dramaturg ja lavastaja: Anne Veesaar<br>M\u00e4ngivad:<br>Belle \u2013 Evelin Tiirik<br>Koletis \u2013 Rainer Tsirk<br>Prints \u2013 Karel Alamaa<br>Teener\/K\u00fc\u00fcnlajalg \u2013 Urmo Lamp<br>\u00d5ukonnadaam\/Tolmuhari \u2013 Pille Lamp<br>\u00d5ukonnadaam\/Teekann \u2013 \u00dclle Jurtom<br>Kerjusnaine \u2013 Katrin Pebsen-Zachrau<br>Kaupmees \u2013 Armand Danilson<br>1. \u00f5de \u2013 Veronica Pebsen-Zachrau<br>2. \u00f5de \u2013 Anete Niinemets<br>1.turum\u00fc\u00fcja \u2013 Tessa Tsirk<br>2.turum\u00fc\u00fcja \u2013 Nora Lee Adamson<br>3.turum\u00fc\u00fcja \u2013 Maivi Vainola<br>4.turum\u00fc\u00fcja \u2013 Jakob J\u00e4rvam\u00e4gi<\/p>\n\n\n\n<p>Heli ja valgus: Sebastian Pebsen-Zachrau,<\/p>\n\n\n\n<p>Lossi p\u00e4\u00e4seb 7 kuldm\u00fcndi eest alates kella 18.30.<\/p>\n\n\n\n<p>Kui kuldm\u00fcnte pole, v\u00f5ib pakkuda ka euroraha.<\/p>\n\n\n\n<p><strong>IMPROTEATRI ETENDUS:<\/strong><\/p>\n\n\n\n<p><strong>MASK MAHA<\/strong><\/p>\n\n\n\n<p><strong>30. m\u00e4rts kell 19.00<\/strong><\/p>\n\n\n\n<p>Muraste aatriumis (Lee tee 9)<\/p>\n\n\n\n<p>osaluspanus: 5.00 eur&nbsp;<strong>PILETID EELM\u00dc\u00dcGIS<\/strong>:&nbsp;<a rel=\"noreferrer noopener\" href=\"https:\/\/fienta.com\/et\/mask-maha?fbclid=IwAR1AJGm9N22CVNKMtvU2U9WmxmBN1EqLbTBG-mP9cSuX2ZGP3mOIqPEBVX8\" target=\"_blank\">https:\/\/fienta.com\/et\/mask-maha<\/a><\/p>\n\n\n\n<figure class=\"wp-block-image is-resized\"><a href=\"https:\/\/muraste.ee\/vana\/wp-content\/uploads\/2023\/02\/Maskid-langevad.jpg\"><img decoding=\"async\" loading=\"lazy\" src=\"https:\/\/muraste.ee\/vana\/wp-content\/uploads\/2023\/02\/Maskid-langevad-724x1024.jpg\" alt=\"\" class=\"wp-image-9560\" width=\"561\" height=\"793\" srcset=\"https:\/\/muraste.ee\/vana\/wp-content\/uploads\/2023\/02\/Maskid-langevad-724x1024.jpg 724w, https:\/\/muraste.ee\/vana\/wp-content\/uploads\/2023\/02\/Maskid-langevad-212x300.jpg 212w, https:\/\/muraste.ee\/vana\/wp-content\/uploads\/2023\/02\/Maskid-langevad-768x1086.jpg 768w, https:\/\/muraste.ee\/vana\/wp-content\/uploads\/2023\/02\/Maskid-langevad-1086x1536.jpg 1086w, https:\/\/muraste.ee\/vana\/wp-content\/uploads\/2023\/02\/Maskid-langevad-624x883.jpg 624w, https:\/\/muraste.ee\/vana\/wp-content\/uploads\/2023\/02\/Maskid-langevad.jpg 1414w\" sizes=\"(max-width: 561px) 100vw, 561px\" \/><\/a><\/figure>\n\n\n\n<p>Esimeses osas kohtume armastatud&nbsp;<strong>n\u00e4itleja Anne Veesaarega<\/strong>. K\u00fcsida v\u00f5ib k\u00f5ike ja ka Anne esitab ise k\u00fcsimusi.<\/p>\n\n\n\n<p>Teieses osas: Improteatri v\u00f5lu peitub ootamatuses, situatsioonikoomikas ning artistide leidlikkuses. Keegi ei tea, mis juhtuma hakkab, k\u00f5ik on v\u00f5imalik ning see on meelierutavalt vaimukas!<\/p>\n\n\n\n<p>Improteater on \u00fcle maailma palavalt armastatud teatrivorm, kus k\u00f5ik s\u00fcnnib publiku silme all. Etendused on improviseeritud, mis t\u00e4hendab, et k\u00f5ik s\u00fcnnib siin ja praegu, midagi eelnevalt kokku leppimata \u2013 teksti ei ole p\u00e4he \u00f5pitud ja m\u00e4ngitavat lugu v\u00e4lja m\u00f5eldud.&nbsp;<\/p>\n\n\n\n<p>N\u00e4itlejad k\u00fcsivad publiku k\u00e4est m\u00e4rks\u00f5nu ja nendest inspireeritult hakkavad s\u00fcndima p\u00f5nevad stseenid, l\u00f5busad sket\u0161id, kaasahaaravad laulud ja vaimukad karakterid. L<\/p>\n\n\n\n<p>Ladinakeelne s\u00f5na \u2019imperium\u2019 t\u00e4hendab v\u00f5imu. Soovime vallutada k\u00f5ikide eestlaste s\u00fcdamed ja tekitada maailmakaardile veel \u00fcks impro r\u00f5\u00f5must tulvil maa, kus inimesed v\u00e4\u00e4rtustavad koost\u00f6\u00f6d ja loovust ning kus valitseb&nbsp;kujutluse v\u00f5im.<\/p>\n\n\n\n<p>Ja Murastesse tulevad:&nbsp;<strong>Tarvo Krall &amp; Maarius P\u00e4rn<\/strong>.<\/p>\n\n\n\n<p><strong>V\u00c4IKELAEVAJUHI KOOLITUS<\/strong><\/p>\n\n\n\n<p>T\u00c4HELEPANU UUED AJAD: ESMASP\u00c4EVITI JA NELJAP\u00c4EVITI KELL 18.00<\/p>\n\n\n\n<p><strong>V\u00d5IMALIK VEEL LIITUDA: muraste@muraste.ee<\/strong><\/p>\n\n\n\n<p><strong>Muraste k\u00fclaselts (Lee tee 9) spordihoone uksest<\/strong><\/p>\n\n\n\n<figure class=\"wp-block-image is-resized\"><a href=\"https:\/\/muraste.ee\/vana\/wp-content\/uploads\/2023\/03\/Vaikelaevajuhi-kursus-2.jpg\"><img decoding=\"async\" loading=\"lazy\" src=\"https:\/\/muraste.ee\/vana\/wp-content\/uploads\/2023\/03\/Vaikelaevajuhi-kursus-2-724x1024.jpg\" alt=\"\" class=\"wp-image-9603\" width=\"538\" height=\"761\" srcset=\"https:\/\/muraste.ee\/vana\/wp-content\/uploads\/2023\/03\/Vaikelaevajuhi-kursus-2-724x1024.jpg 724w, https:\/\/muraste.ee\/vana\/wp-content\/uploads\/2023\/03\/Vaikelaevajuhi-kursus-2-212x300.jpg 212w, https:\/\/muraste.ee\/vana\/wp-content\/uploads\/2023\/03\/Vaikelaevajuhi-kursus-2-768x1086.jpg 768w, https:\/\/muraste.ee\/vana\/wp-content\/uploads\/2023\/03\/Vaikelaevajuhi-kursus-2-1086x1536.jpg 1086w, https:\/\/muraste.ee\/vana\/wp-content\/uploads\/2023\/03\/Vaikelaevajuhi-kursus-2-1448x2048.jpg 1448w, https:\/\/muraste.ee\/vana\/wp-content\/uploads\/2023\/03\/Vaikelaevajuhi-kursus-2-624x883.jpg 624w, https:\/\/muraste.ee\/vana\/wp-content\/uploads\/2023\/03\/Vaikelaevajuhi-kursus-2.jpg 1587w\" sizes=\"(max-width: 538px) 100vw, 538px\" \/><\/a><\/figure>\n\n\n\n<figure class=\"wp-block-image is-resized\"><a href=\"https:\/\/muraste.ee\/vana\/wp-content\/uploads\/2023\/02\/Revalia_1200x1200_muraste3187.png\"><img decoding=\"async\" loading=\"lazy\" src=\"https:\/\/muraste.ee\/vana\/wp-content\/uploads\/2023\/02\/Revalia_1200x1200_muraste3187-1024x1024.png\" alt=\"\" class=\"wp-image-9542\" width=\"540\" height=\"540\" srcset=\"https:\/\/muraste.ee\/vana\/wp-content\/uploads\/2023\/02\/Revalia_1200x1200_muraste3187-1024x1024.png 1024w, https:\/\/muraste.ee\/vana\/wp-content\/uploads\/2023\/02\/Revalia_1200x1200_muraste3187-300x300.png 300w, https:\/\/muraste.ee\/vana\/wp-content\/uploads\/2023\/02\/Revalia_1200x1200_muraste3187-150x150.png 150w, https:\/\/muraste.ee\/vana\/wp-content\/uploads\/2023\/02\/Revalia_1200x1200_muraste3187-768x768.png 768w, https:\/\/muraste.ee\/vana\/wp-content\/uploads\/2023\/02\/Revalia_1200x1200_muraste3187-624x624.png 624w, https:\/\/muraste.ee\/vana\/wp-content\/uploads\/2023\/02\/Revalia_1200x1200_muraste3187.png 1200w\" sizes=\"(max-width: 540px) 100vw, 540px\" \/><\/a><\/figure>\n\n\n\n<figure class=\"wp-block-image is-resized\"><a href=\"https:\/\/muraste.ee\/vana\/wp-content\/uploads\/2023\/02\/SAVI-TOOTUPPA-Toimumise-kuupaevad-14.02-7.0321.03-katsetused-saviga-18.04-toode-glasuurimine-varvimine-Aeg-17.00-19.00.jpg\"><img decoding=\"async\" loading=\"lazy\" src=\"https:\/\/muraste.ee\/vana\/wp-content\/uploads\/2023\/02\/SAVI-TOOTUPPA-Toimumise-kuupaevad-14.02-7.0321.03-katsetused-saviga-18.04-toode-glasuurimine-varvimine-Aeg-17.00-19.00-1024x724.jpg\" alt=\"\" class=\"wp-image-9564\" width=\"543\" height=\"384\" srcset=\"https:\/\/muraste.ee\/vana\/wp-content\/uploads\/2023\/02\/SAVI-TOOTUPPA-Toimumise-kuupaevad-14.02-7.0321.03-katsetused-saviga-18.04-toode-glasuurimine-varvimine-Aeg-17.00-19.00-1024x724.jpg 1024w, https:\/\/muraste.ee\/vana\/wp-content\/uploads\/2023\/02\/SAVI-TOOTUPPA-Toimumise-kuupaevad-14.02-7.0321.03-katsetused-saviga-18.04-toode-glasuurimine-varvimine-Aeg-17.00-19.00-300x212.jpg 300w, https:\/\/muraste.ee\/vana\/wp-content\/uploads\/2023\/02\/SAVI-TOOTUPPA-Toimumise-kuupaevad-14.02-7.0321.03-katsetused-saviga-18.04-toode-glasuurimine-varvimine-Aeg-17.00-19.00-768x543.jpg 768w, https:\/\/muraste.ee\/vana\/wp-content\/uploads\/2023\/02\/SAVI-TOOTUPPA-Toimumise-kuupaevad-14.02-7.0321.03-katsetused-saviga-18.04-toode-glasuurimine-varvimine-Aeg-17.00-19.00-1536x1086.jpg 1536w, https:\/\/muraste.ee\/vana\/wp-content\/uploads\/2023\/02\/SAVI-TOOTUPPA-Toimumise-kuupaevad-14.02-7.0321.03-katsetused-saviga-18.04-toode-glasuurimine-varvimine-Aeg-17.00-19.00-2048x1448.jpg 2048w, https:\/\/muraste.ee\/vana\/wp-content\/uploads\/2023\/02\/SAVI-TOOTUPPA-Toimumise-kuupaevad-14.02-7.0321.03-katsetused-saviga-18.04-toode-glasuurimine-varvimine-Aeg-17.00-19.00-624x441.jpg 624w\" sizes=\"(max-width: 543px) 100vw, 543px\" \/><\/a><\/figure>\n\n\n\n<p><strong>PROFITROOLI \u00d5PITUBA<\/strong><\/p>\n\n\n\n<p><strong>03. aprillil kell 18.00<\/strong><\/p>\n\n\n\n<p>Muraste k\u00fclaselts (Lee tee 9) spordihoone uksest<\/p>\n\n\n\n<p><strong>Osalustasu: 20.00 eur<\/strong><\/p>\n\n\n\n<p>eelregistr.; muraste@aule<\/p>\n\n\n\n<figure class=\"wp-block-image is-resized\"><a href=\"https:\/\/muraste.ee\/vana\/wp-content\/uploads\/2023\/03\/Profitroolid.jpg\"><img decoding=\"async\" loading=\"lazy\" src=\"https:\/\/muraste.ee\/vana\/wp-content\/uploads\/2023\/03\/Profitroolid-724x1024.jpg\" alt=\"\" class=\"wp-image-9604\" width=\"478\" height=\"676\" srcset=\"https:\/\/muraste.ee\/vana\/wp-content\/uploads\/2023\/03\/Profitroolid-724x1024.jpg 724w, https:\/\/muraste.ee\/vana\/wp-content\/uploads\/2023\/03\/Profitroolid-212x300.jpg 212w, https:\/\/muraste.ee\/vana\/wp-content\/uploads\/2023\/03\/Profitroolid-768x1086.jpg 768w, https:\/\/muraste.ee\/vana\/wp-content\/uploads\/2023\/03\/Profitroolid-1086x1536.jpg 1086w, https:\/\/muraste.ee\/vana\/wp-content\/uploads\/2023\/03\/Profitroolid-1448x2048.jpg 1448w, https:\/\/muraste.ee\/vana\/wp-content\/uploads\/2023\/03\/Profitroolid-624x883.jpg 624w, https:\/\/muraste.ee\/vana\/wp-content\/uploads\/2023\/03\/Profitroolid.jpg 1587w\" sizes=\"(max-width: 478px) 100vw, 478px\" \/><\/a><\/figure>\n\n\n\n<p>P\u00fchadeks k\u00fcpsetame vahvaid profitroole ehk eesti keeles tuuletaskuid.<br>Teeme nii soolaseid kui magusaid, saame ise teha, maitsta ja kui \u00fcle j\u00e4\u00e4b saab koju kaasa.<br>\u00d5pitoas saab alg\u00f5petuse k\u00fcpsetamiseks ja palju ideid t\u00e4idiste kohta.<br>\u00d5pitoa jaoks varu aega umbes 3 tundi. Niisiis\u2026 v\u00f5tame ette keedutaigna tegemise, mida paljud kardavad ja k\u00fcpsetame kolme erikujulist tuuletaskut ehk profidrooli. Profitrool on klassikaline kohupiima tasku ehk ekleer. T\u00e4idiseks \u00fcks soolane segu \u2013 suitsukana kreem ja kaks magusat \u2013 eriline kohupiima kreem ja keedukreem v\u00f5i sidruni toorjuustu kreem. Kaunistame ka oma k\u00fcpsetised.Tuleb tore \u00f5htu kus koos saab m\u00f5nusalt uusi teadmisi koguda<\/p>\n\n\n\n<p><strong>Parima re\u017aiss\u00f6\u00f6ri preemia \u2013&nbsp;<\/strong>SUNDANCE festivalilt<\/p>\n\n\n\n<p><strong>SAVUSANNA S\u00d5SARAD<\/strong><\/p>\n\n\n\n<p><strong>5. aprillil kell 19.00<\/strong><\/p>\n\n\n\n<p>Pilet: 5.00\/4.00<\/p>\n\n\n\n<figure class=\"wp-block-image is-resized\"><a href=\"https:\/\/muraste.ee\/vana\/wp-content\/uploads\/2023\/03\/Savusanna.jpg\"><img decoding=\"async\" loading=\"lazy\" src=\"https:\/\/muraste.ee\/vana\/wp-content\/uploads\/2023\/03\/Savusanna-724x1024.jpg\" alt=\"\" class=\"wp-image-9605\" width=\"514\" height=\"727\" srcset=\"https:\/\/muraste.ee\/vana\/wp-content\/uploads\/2023\/03\/Savusanna-724x1024.jpg 724w, https:\/\/muraste.ee\/vana\/wp-content\/uploads\/2023\/03\/Savusanna-212x300.jpg 212w, https:\/\/muraste.ee\/vana\/wp-content\/uploads\/2023\/03\/Savusanna-768x1086.jpg 768w, https:\/\/muraste.ee\/vana\/wp-content\/uploads\/2023\/03\/Savusanna-1086x1536.jpg 1086w, https:\/\/muraste.ee\/vana\/wp-content\/uploads\/2023\/03\/Savusanna-1448x2048.jpg 1448w, https:\/\/muraste.ee\/vana\/wp-content\/uploads\/2023\/03\/Savusanna-624x883.jpg 624w, https:\/\/muraste.ee\/vana\/wp-content\/uploads\/2023\/03\/Savusanna.jpg 1587w\" sizes=\"(max-width: 514px) 100vw, 514px\" \/><\/a><\/figure>\n\n\n\n<p>Esimese Eesti dokumentaalfilmina maineka Sundance\u00b4i filmifestivali v\u00f5istlusprogrammis esilinastunud ja seal maailmakino dokumentaalfilmide v\u00f5istlusprogrammi parima re\u017eiss\u00f6\u00f6ri preemia v\u00f5itnud \u201eSavvusanna s\u00f5sarad\u201c on kaasaegne portreefilm naistest, kes suitsusauna kaitsvas pimeduses kokku tulevad, oma s\u00fcgavamaid saladusi jagavad ning kehasse kogunenud h\u00e4bi ja valu maha pesevad.<\/p>\n\n\n\n<p>\u201eSavvusanna s\u00f5sarad\u201c tutvustab ka L\u00f5una-Eesti suitsusauna kombestikku (\u201esavvusanna komb\u00f5\u201c), mis on kantud UNESCO inimkonna vaimse kultuurip\u00e4randi esindusnimekirja.<br><a href=\"https:\/\/www.youtube.com\/watch?v=8Yq9Fej3xGo&amp;fbclid=IwAR3cYJOvTLA4g1oMlyeHVgaNEQobQ79SWvTW2hggr-GG49oqFrrF_t3jOHo\" rel=\"noreferrer noopener\" target=\"_blank\">https:\/\/www.youtube.com\/watch?v=8Yq9Fej3xGo<\/a><\/p>\n\n\n\n<p>Filmi \u201eSavvusanna s\u00f5sarad\u201c re\u017eiss\u00f6\u00f6r ja stsenarist on Anna Hints. Produtsent on Marianne Ostrat (Alexandra Film, Eesti), kaasprodutsendid on Juliette Cazanave (Kepler22 Productions, Prantsusmaa), Hl\u00edn J\u00f3hannesd\u00f3ttir (Ursus Parvus Island) ja Eero Talvistu \u2020 (Eesti). Filmi operaator on Ants Tammik, monteerijad Hendrik M\u00e4gar, Tushar Prakash, Qutaiba Barhamji, Martin M\u00e4nnik ja Anna Hints. Heli salvestas Tanel Kadalipp ja Patrick McGinley. Helire\u017eiss\u00f6\u00f6r on Huldar Freyr Arnarson ning heliloojad Edvard Egilsson ja ansambel EETER (Anna Hints, Marja-Liisa Plats, Ann Reimann).<\/p>\n\n\n\n<p>Filmi valmimist toetasid Eesti Filmi Instituut, Eesti Kultuurkapital, Centre national du cin\u00e9ma et de l\u2019image anim\u00e9e, SACEM, Sundance Institute Documentary Fund, Islandi Filmikeskus ning Tartu Filmifond. Projekti arendati Ice &amp; Fire Docs dokfilmide arendusprogrammis. Projekti esitleti IDFA Forumil ja Nordisk Forumil.<br>\u201eSavvusanna s\u00f5sarad\u201c on esimene Eesti dokumentaalfilm, mis esilinastus mainekal Sundance\u00b4i filmifestivalil maailmakino dokumentaalfilmide v\u00f5istlusprogrammis. Sundance\u2019i filmifestival on iga-aastane k\u00f5rgetasemeline filmis\u00fcndmus, mida korraldab Sundance\u2019i Instituut. See on Ameerika \u00dchendriikide olulisim s\u00f5ltumatute filmide festival ning aasta esimene viiest maailma tippfestivalist, mille hulka kuuluvad veel Berliini, Cannes\u2019i, Veneetsia ja Toronto filmifestival<\/p>\n","protected":false},"excerpt":{"rendered":"<p>N\u00e4dal 11 Tere, armas Muraste! Kevad hiilib kikivarvul l\u00e4hemale ja l\u00e4hemale. Murastes on teatrikuu t\u00e4ies hoos. Sai \u00e4ra vaadatud Loodeteatri k\u00fclalisetendus Alias, mis l\u00e4ks meil t\u00e4issaalile. Tulekul on Muraste oma teatri esietendus ja p\u00f5nev improteatri etendus.Ootame k\u00f5iki teatrihuvilisi! Ja \u00e4rge unustage vaadata uut eesti m\u00e4ngufilmi\u2026 KINO\u00d5HTU: UUS EESTI FILM TAEVATREPP 17. veebr. kell 19.00 Muraste<a class=\"moretag\" href=\"https:\/\/muraste.ee\/vana\/?page_id=9611\"><br \/>&#8230;Loe edasi<\/a><\/p>\n","protected":false},"author":2,"featured_media":0,"parent":0,"menu_order":0,"comment_status":"closed","ping_status":"closed","template":"nadalakava.php","meta":{"_bbp_topic_count":0,"_bbp_reply_count":0,"_bbp_total_topic_count":0,"_bbp_total_reply_count":0,"_bbp_voice_count":0,"_bbp_anonymous_reply_count":0,"_bbp_topic_count_hidden":0,"_bbp_reply_count_hidden":0,"_bbp_forum_subforum_count":0,"_mc_calendar":[]},"_links":{"self":[{"href":"https:\/\/muraste.ee\/vana\/index.php?rest_route=\/wp\/v2\/pages\/9611"}],"collection":[{"href":"https:\/\/muraste.ee\/vana\/index.php?rest_route=\/wp\/v2\/pages"}],"about":[{"href":"https:\/\/muraste.ee\/vana\/index.php?rest_route=\/wp\/v2\/types\/page"}],"author":[{"embeddable":true,"href":"https:\/\/muraste.ee\/vana\/index.php?rest_route=\/wp\/v2\/users\/2"}],"replies":[{"embeddable":true,"href":"https:\/\/muraste.ee\/vana\/index.php?rest_route=%2Fwp%2Fv2%2Fcomments&post=9611"}],"version-history":[{"count":1,"href":"https:\/\/muraste.ee\/vana\/index.php?rest_route=\/wp\/v2\/pages\/9611\/revisions"}],"predecessor-version":[{"id":9613,"href":"https:\/\/muraste.ee\/vana\/index.php?rest_route=\/wp\/v2\/pages\/9611\/revisions\/9613"}],"wp:attachment":[{"href":"https:\/\/muraste.ee\/vana\/index.php?rest_route=%2Fwp%2Fv2%2Fmedia&parent=9611"}],"curies":[{"name":"wp","href":"https:\/\/api.w.org\/{rel}","templated":true}]}}