{"id":9654,"date":"2023-04-03T16:36:49","date_gmt":"2023-04-03T13:36:49","guid":{"rendered":"https:\/\/muraste.ee\/vana\/?page_id=9654"},"modified":"2023-04-03T16:36:50","modified_gmt":"2023-04-03T13:36:50","slug":"nadal-14-4","status":"publish","type":"page","link":"https:\/\/muraste.ee\/vana\/?page_id=9654","title":{"rendered":"N\u00e4dal 14"},"content":{"rendered":"\n<p><img decoding=\"async\" loading=\"lazy\" width=\"624\" height=\"416\" src=\"https:\/\/muraste.ee\/vana\/wp-content\/uploads\/2023\/04\/marzenbecher-275367_1920-624x416.jpg\" alt=\"\" srcset=\"https:\/\/muraste.ee\/vana\/wp-content\/uploads\/2023\/04\/marzenbecher-275367_1920-624x416.jpg 624w, https:\/\/muraste.ee\/vana\/wp-content\/uploads\/2023\/04\/marzenbecher-275367_1920-300x200.jpg 300w, https:\/\/muraste.ee\/vana\/wp-content\/uploads\/2023\/04\/marzenbecher-275367_1920-1024x683.jpg 1024w, https:\/\/muraste.ee\/vana\/wp-content\/uploads\/2023\/04\/marzenbecher-275367_1920-768x512.jpg 768w, https:\/\/muraste.ee\/vana\/wp-content\/uploads\/2023\/04\/marzenbecher-275367_1920-1536x1024.jpg 1536w, https:\/\/muraste.ee\/vana\/wp-content\/uploads\/2023\/04\/marzenbecher-275367_1920.jpg 1920w\"><\/p>\n\n\n\n<h1 class=\"wp-block-heading\">N\u00e4dal 14<\/h1>\n\n\n\n<p>Tere, armas Muraste! Samm sammult kevade poole, suure suve ootuses. Murastes on nii palju p\u00f5nevat tulekul\u2026 aga j\u00e4tame m\u00f5ned \u00fcllatused j\u00e4rgmiseks n\u00e4dalaks. Filmihuvilistele on meil suurep\u00e4rane uudis \u2013 kinos saavad kiiremad k\u00fclastajad istuda mugavas tugitoolis.<\/p>\n\n\n\n<figure class=\"wp-block-image\"><a href=\"https:\/\/muraste.ee\/vana\/wp-content\/uploads\/2023\/04\/339140194_926874665300021_6291806897720495157_n.jpg\"><img decoding=\"async\" loading=\"lazy\" width=\"724\" height=\"1024\" src=\"https:\/\/muraste.ee\/vana\/wp-content\/uploads\/2023\/04\/339140194_926874665300021_6291806897720495157_n-724x1024.jpg\" alt=\"\" class=\"wp-image-9646\" srcset=\"https:\/\/muraste.ee\/vana\/wp-content\/uploads\/2023\/04\/339140194_926874665300021_6291806897720495157_n-724x1024.jpg 724w, https:\/\/muraste.ee\/vana\/wp-content\/uploads\/2023\/04\/339140194_926874665300021_6291806897720495157_n-212x300.jpg 212w, https:\/\/muraste.ee\/vana\/wp-content\/uploads\/2023\/04\/339140194_926874665300021_6291806897720495157_n-768x1087.jpg 768w, https:\/\/muraste.ee\/vana\/wp-content\/uploads\/2023\/04\/339140194_926874665300021_6291806897720495157_n-1085x1536.jpg 1085w, https:\/\/muraste.ee\/vana\/wp-content\/uploads\/2023\/04\/339140194_926874665300021_6291806897720495157_n-624x883.jpg 624w, https:\/\/muraste.ee\/vana\/wp-content\/uploads\/2023\/04\/339140194_926874665300021_6291806897720495157_n.jpg 1424w\" sizes=\"(max-width: 724px) 100vw, 724px\" \/><\/a><\/figure>\n\n\n\n<p><strong>Esimene KINOKLUBI film on juba 5. aprillil \u2013 \u201cSavvusanna s\u00f5sarad\u201d, mis p\u00e4lvis mainekal Sundance filmifestivalil re\u017aiss\u00f6\u00f6rit\u00f6\u00f6 peapreemia.<\/strong><\/p>\n\n\n\n<p><strong>SAVVUSANNA S\u00d5SARAD<\/strong><\/p>\n\n\n\n<p><strong>5. aprill kell 19.00 Muraste aatrium (Lee tee 9)<\/strong><\/p>\n\n\n\n<p>Pilet: 5.00\/4.00 eur<\/p>\n\n\n\n<p>Esimese Eesti dokumentaalfilmina maineka Sundance\u00b4i filmifestivali v\u00f5istlusprogrammis esilinastunud ja seal maailmakino dokumentaalfilmide v\u00f5istlusprogrammi parima re\u017eiss\u00f6\u00f6ri preemia v\u00f5itnud \u201eSavvusanna s\u00f5sarad\u201c on kaasaegne portreefilm naistest, kes suitsusauna kaitsvas pimeduses kokku tulevad, oma s\u00fcgavamaid saladusi jagavad ning kehasse kogunenud h\u00e4bi ja valu maha pesevad.<\/p>\n\n\n\n<p>\u201eSavvusanna s\u00f5sarad\u201c tutvustab ka L\u00f5una-Eesti suitsusauna kombestikku (\u201esavvusanna komb\u00f5\u201c), mis on kantud UNESCO inimkonna vaimse kultuurip\u00e4randi esindusnimekirja.<br><a rel=\"noreferrer noopener\" href=\"https:\/\/www.youtube.com\/watch?v=8Yq9Fej3xGo&amp;fbclid=IwAR3cYJOvTLA4g1oMlyeHVgaNEQobQ79SWvTW2hggr-GG49oqFrrF_t3jOHo\" target=\"_blank\">https:\/\/www.youtube.com\/watch?v=8Yq9Fej3xGo<\/a><\/p>\n\n\n\n<p>Filmi \u201eSavvusanna s\u00f5sarad\u201c re\u017eiss\u00f6\u00f6r ja stsenarist on Anna Hints. Produtsent on Marianne Ostrat (Alexandra Film, Eesti), kaasprodutsendid on Juliette Cazanave (Kepler22 Productions, Prantsusmaa), Hl\u00edn J\u00f3hannesd\u00f3ttir (Ursus Parvus Island) ja Eero Talvistu \u2020 (Eesti). Filmi operaator on Ants Tammik, monteerijad Hendrik M\u00e4gar, Tushar Prakash, Qutaiba Barhamji, Martin M\u00e4nnik ja Anna Hints. Heli salvestas Tanel Kadalipp ja Patrick McGinley. Helire\u017eiss\u00f6\u00f6r on Huldar Freyr Arnarson ning heliloojad Edvard Egilsson ja ansambel EETER (Anna Hints, Marja-Liisa Plats, Ann Reimann).<\/p>\n\n\n\n<p>Filmi valmimist toetasid Eesti Filmi Instituut, Eesti Kultuurkapital, Centre national du cin\u00e9ma et de l\u2019image anim\u00e9e, SACEM, Sundance Institute Documentary Fund, Islandi Filmikeskus ning Tartu Filmifond. Projekti arendati Ice &amp; Fire Docs dokfilmide arendusprogrammis. Projekti esitleti IDFA Forumil ja Nordisk Forumil.<br>\u201eSavvusanna s\u00f5sarad\u201c on esimene Eesti dokumentaalfilm, mis esilinastus mainekal Sundance\u00b4i filmifestivalil maailmakino dokumentaalfilmide v\u00f5istlusprogrammis. Sundance\u2019i filmifestival on iga-aastane k\u00f5rgetasemeline filmis\u00fcndmus, mida korraldab Sundance\u2019i Instituut. See on Ameerika \u00dchendriikide olulisim s\u00f5ltumatute filmide festival ning aasta esimene viiest maailma tippfestivalist, mille hulka kuuluvad veel Berliini, Cannes\u2019i, Veneetsia ja Toronto filmifestival.<\/p>\n\n\n\n<p><strong>UUS!<\/strong><\/p>\n\n\n\n<p><strong>TERVISEAMPSU \u00f5pituba ja loeng<\/strong><\/p>\n\n\n\n<p><strong>17. aprillil kell 18.30<\/strong><\/p>\n\n\n\n<p>Muraste k\u00fclaseltsis (Lee tee 9)<br>Osaluspanus: 20.00 eur<\/p>\n\n\n\n<p><strong>Vajalik registreerimine: muraste@muraste.ee<\/strong><\/p>\n\n\n\n<figure class=\"wp-block-image\"><a href=\"https:\/\/muraste.ee\/vana\/wp-content\/uploads\/2023\/04\/Terviseampsu.jpg\"><img decoding=\"async\" loading=\"lazy\" width=\"1024\" height=\"724\" src=\"https:\/\/muraste.ee\/vana\/wp-content\/uploads\/2023\/04\/Terviseampsu-1024x724.jpg\" alt=\"\" class=\"wp-image-9647\" srcset=\"https:\/\/muraste.ee\/vana\/wp-content\/uploads\/2023\/04\/Terviseampsu-1024x724.jpg 1024w, https:\/\/muraste.ee\/vana\/wp-content\/uploads\/2023\/04\/Terviseampsu-300x212.jpg 300w, https:\/\/muraste.ee\/vana\/wp-content\/uploads\/2023\/04\/Terviseampsu-768x543.jpg 768w, https:\/\/muraste.ee\/vana\/wp-content\/uploads\/2023\/04\/Terviseampsu-1536x1086.jpg 1536w, https:\/\/muraste.ee\/vana\/wp-content\/uploads\/2023\/04\/Terviseampsu-2048x1448.jpg 2048w, https:\/\/muraste.ee\/vana\/wp-content\/uploads\/2023\/04\/Terviseampsu-624x441.jpg 624w\" sizes=\"(max-width: 1024px) 100vw, 1024px\" \/><\/a><\/figure>\n\n\n\n<p>Tervise\u00f5htu<br>Osalustasu: 20.00 eur, mis sisaldab k\u00f5iki toiduaineid.<\/p>\n\n\n\n<p>Vestlusring ja tervisliku ampsu valmistamise t\u00f6\u00f6tuba&nbsp;<img decoding=\"async\" loading=\"lazy\" height=\"16\" width=\"16\" alt=\"\ud83e\udd57\" src=\"https:\/\/static.xx.fbcdn.net\/images\/emoji.php\/v9\/t8c\/1.5\/16\/1f957.png\"><img decoding=\"async\" loading=\"lazy\" height=\"16\" width=\"16\" alt=\"\ud83c\udf4d\" src=\"https:\/\/static.xx.fbcdn.net\/images\/emoji.php\/v9\/t14\/1.5\/16\/1f34d.png\"><img decoding=\"async\" loading=\"lazy\" height=\"16\" width=\"16\" alt=\"\ud83d\udeb6\u200d\u2640\ufe0f\" src=\"https:\/\/static.xx.fbcdn.net\/images\/emoji.php\/v9\/ta9\/1.5\/16\/1f6b6_200d_2640.png\"><img decoding=\"async\" loading=\"lazy\" height=\"16\" width=\"16\" alt=\"\ud83e\udd51\" src=\"https:\/\/static.xx.fbcdn.net\/images\/emoji.php\/v9\/t86\/1.5\/16\/1f951.png\"><img decoding=\"async\" loading=\"lazy\" height=\"16\" width=\"16\" alt=\"\ud83c\udf53\" src=\"https:\/\/static.xx.fbcdn.net\/images\/emoji.php\/v9\/t2\/1.5\/16\/1f353.png\"><br>Vestleme teemadel, kuidas \u00f5htused n\u00e4ksimised muuta tervist ja salenevat joont hoidvaks eluviisiks. Jagame soovitusi, kuidas j\u00e4rk-j\u00e4rgult saab tervislik toitumine ja liikumine eluviisiks!&nbsp;<img decoding=\"async\" loading=\"lazy\" height=\"16\" width=\"16\" alt=\"\ud83d\udc96\" src=\"https:\/\/static.xx.fbcdn.net\/images\/emoji.php\/v9\/t42\/1.5\/16\/1f496.png\"><\/p>\n\n\n\n<p>T\u00f6\u00f6toas valmistame koos tervislikke ampse, teeme hummust ja maiustusi. Naudime meeldivat seltskonda ja maitseme omavalmistatud maitseelamusi!<br>Vastame k\u00fcsimustele:<br><img decoding=\"async\" loading=\"lazy\" height=\"16\" width=\"16\" alt=\"\u2728\" src=\"https:\/\/static.xx.fbcdn.net\/images\/emoji.php\/v9\/t7b\/1.5\/16\/2728.png\">Milliseid toite eelistada ja mida v\u00e4ltida?<br><img decoding=\"async\" loading=\"lazy\" height=\"16\" width=\"16\" alt=\"\u2728\" src=\"https:\/\/static.xx.fbcdn.net\/images\/emoji.php\/v9\/t7b\/1.5\/16\/2728.png\">Kui palju ja millal s\u00fc\u00fca?<br><img decoding=\"async\" loading=\"lazy\" height=\"16\" width=\"16\" alt=\"\u2728\" src=\"https:\/\/static.xx.fbcdn.net\/images\/emoji.php\/v9\/t7b\/1.5\/16\/2728.png\">Kuidas teha \u00f5igeid valikuid?<br><img decoding=\"async\" loading=\"lazy\" height=\"16\" width=\"16\" alt=\"\u2728\" src=\"https:\/\/static.xx.fbcdn.net\/images\/emoji.php\/v9\/t7b\/1.5\/16\/2728.png\">Mis soodustab head und?<br><img decoding=\"async\" loading=\"lazy\" height=\"16\" width=\"16\" alt=\"\u2728\" src=\"https:\/\/static.xx.fbcdn.net\/images\/emoji.php\/v9\/t7b\/1.5\/16\/2728.png\">\u00d5htune liikumine ?<\/p>\n\n\n\n<p>K\u00fclli Raudsepp-Vihuri (sertifitseeritud toitumis- ja liikumisn\u00f5ustaja)<br><a rel=\"noreferrer noopener\" href=\"https:\/\/l.facebook.com\/l.php?u=https%3A%2F%2Felumuutus.ee%2F%3Ffbclid%3DIwAR1jir0jTaXgeL79I3-ffYh_ogyjwo9kFBIQV8zlD47p5OiAcLva-txMHVc&amp;h=AT0UkhrvvVNlG4qpfVSIhsacFAjTdIuwiteqfI_P3O55GyR5kYbgUl7XCOA_wTs6Qi-cnIF1WZQTXh93ddEx3T3U4ljhUayrxZbTh0UCGIgm_y3UfI5-PTfsKcL8emRAbxML&amp;__tn__=q&amp;c[0]=AT3tI1moNVavEZvEIyuT4ZxLvKvgiFM5wZ2z-WJYQ8V5596qBii1zT1fJ6nOqLn_2mDl95iCPzM4MkapFed33hYZZTpt_xD86Z1PzL1XiS13R_JPorfNEPhbuGUn9-vYU0KasdGEbTyqDfsKBENNleK18tBy\" target=\"_blank\">https:\/\/elumuutus.ee\/<\/a><\/p>\n\n\n\n<p><strong>GRILLIKOOL<\/strong><br>Muraste kooli \u00f5uel<\/p>\n\n\n\n<p><strong>11. mail kell 18.00<\/strong><\/p>\n\n\n\n<p><strong>Osalustasu: 50.00 eur, sisaldab grilli degustatsiooni + kaasa 1 kg BBQ grillliha (12 h k\u00fcpsenud)<\/strong><\/p>\n\n\n\n<p>Vajalik registreeruda hiljemalt 9. maiks muraste@muraste.ee<\/p>\n\n\n\n<figure class=\"wp-block-image\"><a href=\"https:\/\/muraste.ee\/vana\/wp-content\/uploads\/2023\/04\/1.jpg\"><img decoding=\"async\" loading=\"lazy\" width=\"724\" height=\"1024\" src=\"https:\/\/muraste.ee\/vana\/wp-content\/uploads\/2023\/04\/1-724x1024.jpg\" alt=\"\" class=\"wp-image-9648\" srcset=\"https:\/\/muraste.ee\/vana\/wp-content\/uploads\/2023\/04\/1-724x1024.jpg 724w, https:\/\/muraste.ee\/vana\/wp-content\/uploads\/2023\/04\/1-212x300.jpg 212w, https:\/\/muraste.ee\/vana\/wp-content\/uploads\/2023\/04\/1-768x1086.jpg 768w, https:\/\/muraste.ee\/vana\/wp-content\/uploads\/2023\/04\/1-1086x1536.jpg 1086w, https:\/\/muraste.ee\/vana\/wp-content\/uploads\/2023\/04\/1-1448x2048.jpg 1448w, https:\/\/muraste.ee\/vana\/wp-content\/uploads\/2023\/04\/1-624x883.jpg 624w, https:\/\/muraste.ee\/vana\/wp-content\/uploads\/2023\/04\/1.jpg 1587w\" sizes=\"(max-width: 724px) 100vw, 724px\" \/><\/a><\/figure>\n\n\n\n<p>GRILLIKOOL<br>Muraste kooli \u00f5uel Lee tee 9<br>Osalustasu: 50.00 eur, mis sisaldab grillitud lihade ja aedviljade degusteerimist + SAAB KAASA 1 kg. BBQ GRILLLIHA, mis on 12 h valminud<\/p>\n\n\n\n<p><strong>Registreerumine hiljemalt 9. MAIKS<\/strong><br>muraste@muraste.ee<\/p>\n\n\n\n<p>KAVAS:Kohapeal (tegevuste j\u00e4rjekord v\u00f5ib muutuda, jooksvalt korrigeerime vajadusel):<br>\u2022 Erinevate keraamiliste grillide tutvustus, erinevate br\u00e4ndide erip\u00e4rade ja iseloomude v\u00e4ljatoomine<br>\u2022 K\u00fcpsetame ja s\u00f6\u00f6me koos k\u00f5hu t\u00e4is:<br>o K\u00f6\u00f6givilja<br>o Kana<br>o Kala<br>o Magusrooga<br>\u2022 R\u00e4\u00e4gime keraamilise grilli erinevatest v\u00f5imalustest \u2013 otsene grillimine, kaudne k\u00fcpsetamine ehk BBQ, suitsutamine jne<br>\u2022 \u00d5htu l\u00f5puks v\u00f5tame ahjust v\u00e4lja hommikust saati k\u00fcpsenud BBQ liha mida pakime kaasa igale osalejale ca 1kg<br>\u2022 \u00dcritust viib l\u00e4bi Grillimaailm<br><a rel=\"noreferrer noopener\" href=\"https:\/\/l.facebook.com\/l.php?u=http%3A%2F%2Fwww.grillimaailm.ee%2F%3Ffbclid%3DIwAR39xsCOTKPe1EHGTvUHE2xE5psg0o-RvXtwR2ExQZjB0f35LAfzZcCoU3c&amp;h=AT28x81jOCLiaK6MKceZepMu-sHmEHkXoeg3YuBayTgYtmoZZBp6tanlwT12HjT6bjOJnVrVcoVtJ9Wp5Vd6cqpobffw0gbXem2UoMng-7INY_6gjPVIXPVBJj0PdhkUxT9u&amp;__tn__=q&amp;c[0]=AT2s98txbEPTMqfgPEepocrPId4FSj5AC7-UmGVxGGdb5wxxFYWmh9LzbM-w1NfY5ZLJl0RPcrRDyEx8fmlBfHTtwEIvAQDtvO4xLDwWuwE03ijopWQrY1QrOLmP5zIGTyBlKozELK-nfOpmXddQpXbQlVU5\" target=\"_blank\">www.grillimaailm.ee<\/a><br>Peaesineja on televisioonist tuttav grillikokk Tarmo Griffel ja Andrus.<br>Kestvus kokku ca 4h.<\/p>\n\n\n\n<p><strong>KUKLIKOHVIK<\/strong><br>PIPI tembutab ja multikas \u201cMinu ahvist emme\u201d<\/p>\n\n\n\n<p><strong>7. mail kell 12.00-14.00<\/strong><\/p>\n\n\n\n<p><strong>Pilet: 7.00 eur<\/strong><\/p>\n\n\n\n<figure class=\"wp-block-image\"><a href=\"https:\/\/muraste.ee\/vana\/wp-content\/uploads\/2023\/04\/tembutab.jpg\"><img decoding=\"async\" loading=\"lazy\" width=\"1024\" height=\"576\" src=\"https:\/\/muraste.ee\/vana\/wp-content\/uploads\/2023\/04\/tembutab-1024x576.jpg\" alt=\"\" class=\"wp-image-9649\" srcset=\"https:\/\/muraste.ee\/vana\/wp-content\/uploads\/2023\/04\/tembutab-1024x576.jpg 1024w, https:\/\/muraste.ee\/vana\/wp-content\/uploads\/2023\/04\/tembutab-300x169.jpg 300w, https:\/\/muraste.ee\/vana\/wp-content\/uploads\/2023\/04\/tembutab-768x432.jpg 768w, https:\/\/muraste.ee\/vana\/wp-content\/uploads\/2023\/04\/tembutab-1536x864.jpg 1536w, https:\/\/muraste.ee\/vana\/wp-content\/uploads\/2023\/04\/tembutab-624x351.jpg 624w, https:\/\/muraste.ee\/vana\/wp-content\/uploads\/2023\/04\/tembutab-128x72.jpg 128w, https:\/\/muraste.ee\/vana\/wp-content\/uploads\/2023\/04\/tembutab.jpg 1920w\" sizes=\"(max-width: 1024px) 100vw, 1024px\" \/><\/a><\/figure>\n\n\n\n<p><strong>KUKLIKOHVIK<\/strong><br>on j\u00e4lle avatudSaiake 1.00<br>Morss ja vesi tasuta.<br><strong>Maksmine sularahas PILET: 7.00 eur<\/strong><\/p>\n\n\n\n<p><strong>PIPI tembutab j\u00e4lle, m\u00e4ngib lastega, teeb v\u00f5istlusi ja viskab nalja<\/strong><\/p>\n\n\n\n<p><strong>Kell 13.00 MULTIFILM<\/strong><br>\u201cMinu ahvist emme\u201d<br>Orvuks j\u00e4\u00e4nud tragi t\u00fcdruk Jonna ootab, et keegi ta lapsendaks. Tal pole muid tingimusi, kui vaid teda armastataks. Kui aga vana autologu lastekodu ette veereb ja potentsiaalne ema v\u00e4lja ronib, on lapsed \u0161okis \u2013 see on gorilla. Jonna kahtleb algul, kas minna kaasa suure karvase loomaga, kuid laps ja ahv harjuvad \u00fcksteisega ruttu. Kalkide ametnike skeemitamine \u00e4hvardab uue pere lahutada. Kas ema ja t\u00fctar leiavad j\u00f5udu sellele vastu seista?<\/p>\n\n\n\n<p>Linda Hamb\u00e4cki animatsioon, Frida Nilssoni raamatu \u201cAhvit\u00e4ht\u201d p\u00f5hjal, r\u00e4\u00e4gib hoolimisest ja tingimusteta armastusest.<br><a href=\"https:\/\/www.youtube.com\/watch?v=qVH582T93Bo&amp;fbclid=IwAR2Q00AHgR4pJTyclD9w6W01CLTo1eN7k2QJSEs_ornVkGiuLgDOWkbOVkQ\" rel=\"noreferrer noopener\" target=\"_blank\">https:\/\/www.youtube.com\/watch?v=qVH582T93Bo<\/a><\/p>\n","protected":false},"excerpt":{"rendered":"<p>N\u00e4dal 14 Tere, armas Muraste! Samm sammult kevade poole, suure suve ootuses. Murastes on nii palju p\u00f5nevat tulekul\u2026 aga j\u00e4tame m\u00f5ned \u00fcllatused j\u00e4rgmiseks n\u00e4dalaks. Filmihuvilistele on meil suurep\u00e4rane uudis \u2013 kinos saavad kiiremad k\u00fclastajad istuda mugavas tugitoolis. Esimene KINOKLUBI film on juba 5. aprillil \u2013 \u201cSavvusanna s\u00f5sarad\u201d, mis p\u00e4lvis mainekal Sundance filmifestivalil re\u017aiss\u00f6\u00f6rit\u00f6\u00f6 peapreemia. SAVVUSANNA<a class=\"moretag\" href=\"https:\/\/muraste.ee\/vana\/?page_id=9654\"><br \/>&#8230;Loe edasi<\/a><\/p>\n","protected":false},"author":2,"featured_media":9652,"parent":0,"menu_order":0,"comment_status":"closed","ping_status":"closed","template":"nadalakava.php","meta":{"_bbp_topic_count":0,"_bbp_reply_count":0,"_bbp_total_topic_count":0,"_bbp_total_reply_count":0,"_bbp_voice_count":0,"_bbp_anonymous_reply_count":0,"_bbp_topic_count_hidden":0,"_bbp_reply_count_hidden":0,"_bbp_forum_subforum_count":0,"_mc_calendar":[]},"_links":{"self":[{"href":"https:\/\/muraste.ee\/vana\/index.php?rest_route=\/wp\/v2\/pages\/9654"}],"collection":[{"href":"https:\/\/muraste.ee\/vana\/index.php?rest_route=\/wp\/v2\/pages"}],"about":[{"href":"https:\/\/muraste.ee\/vana\/index.php?rest_route=\/wp\/v2\/types\/page"}],"author":[{"embeddable":true,"href":"https:\/\/muraste.ee\/vana\/index.php?rest_route=\/wp\/v2\/users\/2"}],"replies":[{"embeddable":true,"href":"https:\/\/muraste.ee\/vana\/index.php?rest_route=%2Fwp%2Fv2%2Fcomments&post=9654"}],"version-history":[{"count":1,"href":"https:\/\/muraste.ee\/vana\/index.php?rest_route=\/wp\/v2\/pages\/9654\/revisions"}],"predecessor-version":[{"id":9656,"href":"https:\/\/muraste.ee\/vana\/index.php?rest_route=\/wp\/v2\/pages\/9654\/revisions\/9656"}],"wp:featuredmedia":[{"embeddable":true,"href":"https:\/\/muraste.ee\/vana\/index.php?rest_route=\/wp\/v2\/media\/9652"}],"wp:attachment":[{"href":"https:\/\/muraste.ee\/vana\/index.php?rest_route=%2Fwp%2Fv2%2Fmedia&parent=9654"}],"curies":[{"name":"wp","href":"https:\/\/api.w.org\/{rel}","templated":true}]}}