{"id":9760,"date":"2023-05-02T21:15:18","date_gmt":"2023-05-02T18:15:18","guid":{"rendered":"https:\/\/muraste.ee\/vana\/?page_id=9760"},"modified":"2023-05-02T21:15:19","modified_gmt":"2023-05-02T18:15:19","slug":"nadal-18-5","status":"publish","type":"page","link":"https:\/\/muraste.ee\/vana\/?page_id=9760","title":{"rendered":"N\u00e4dal 18"},"content":{"rendered":"\n<h1 class=\"wp-block-heading\">N\u00e4dal 18<\/h1>\n\n\n\n<p>Tere, armas Muraste! Tore n\u00e4dal on ootamas. Saladused, saladused, saladused\u2026tule kuula ja kui tead, siis tule r\u00e4\u00e4gi ja \u00e4ra unusta laup\u00e4eval TEEME \u00c4RA koristusp\u00e4eva Muraste kooli juures ja p\u00fchap\u00e4eval Sillatalgud. P\u00fchap\u00e4eval tembutab PIPI ja lapsed saavad vaadata vahvat multikat Minu ahvist emme.<\/p>\n\n\n\n<figure class=\"wp-block-image\"><a href=\"https:\/\/muraste.ee\/vana\/wp-content\/uploads\/2023\/04\/Kulasaladus.jpg\"><img decoding=\"async\" loading=\"lazy\" width=\"1024\" height=\"724\" src=\"https:\/\/muraste.ee\/vana\/wp-content\/uploads\/2023\/04\/Kulasaladus-1024x724.jpg\" alt=\"\" class=\"wp-image-9690\" srcset=\"https:\/\/muraste.ee\/vana\/wp-content\/uploads\/2023\/04\/Kulasaladus-1024x724.jpg 1024w, https:\/\/muraste.ee\/vana\/wp-content\/uploads\/2023\/04\/Kulasaladus-300x212.jpg 300w, https:\/\/muraste.ee\/vana\/wp-content\/uploads\/2023\/04\/Kulasaladus-768x543.jpg 768w, https:\/\/muraste.ee\/vana\/wp-content\/uploads\/2023\/04\/Kulasaladus-1536x1086.jpg 1536w, https:\/\/muraste.ee\/vana\/wp-content\/uploads\/2023\/04\/Kulasaladus-2048x1448.jpg 2048w, https:\/\/muraste.ee\/vana\/wp-content\/uploads\/2023\/04\/Kulasaladus-624x441.jpg 624w\" sizes=\"(max-width: 1024px) 100vw, 1024px\" \/><\/a><\/figure>\n\n\n\n<figure class=\"wp-block-image\"><a href=\"https:\/\/muraste.ee\/vana\/wp-content\/uploads\/2023\/05\/TALGUD.jpg\"><img decoding=\"async\" loading=\"lazy\" width=\"1024\" height=\"724\" src=\"https:\/\/muraste.ee\/vana\/wp-content\/uploads\/2023\/05\/TALGUD-1024x724.jpg\" alt=\"\" class=\"wp-image-9753\" srcset=\"https:\/\/muraste.ee\/vana\/wp-content\/uploads\/2023\/05\/TALGUD-1024x724.jpg 1024w, https:\/\/muraste.ee\/vana\/wp-content\/uploads\/2023\/05\/TALGUD-300x212.jpg 300w, https:\/\/muraste.ee\/vana\/wp-content\/uploads\/2023\/05\/TALGUD-768x543.jpg 768w, https:\/\/muraste.ee\/vana\/wp-content\/uploads\/2023\/05\/TALGUD-1536x1086.jpg 1536w, https:\/\/muraste.ee\/vana\/wp-content\/uploads\/2023\/05\/TALGUD-2048x1448.jpg 2048w, https:\/\/muraste.ee\/vana\/wp-content\/uploads\/2023\/05\/TALGUD-624x441.jpg 624w\" sizes=\"(max-width: 1024px) 100vw, 1024px\" \/><\/a><\/figure>\n\n\n\n<figure class=\"wp-block-image\"><a href=\"https:\/\/muraste.ee\/vana\/wp-content\/uploads\/2023\/04\/tembutab-1.jpg\"><img decoding=\"async\" loading=\"lazy\" width=\"1024\" height=\"576\" src=\"https:\/\/muraste.ee\/vana\/wp-content\/uploads\/2023\/04\/tembutab-1-1024x576.jpg\" alt=\"\" class=\"wp-image-9674\" srcset=\"https:\/\/muraste.ee\/vana\/wp-content\/uploads\/2023\/04\/tembutab-1-1024x576.jpg 1024w, https:\/\/muraste.ee\/vana\/wp-content\/uploads\/2023\/04\/tembutab-1-300x169.jpg 300w, https:\/\/muraste.ee\/vana\/wp-content\/uploads\/2023\/04\/tembutab-1-768x432.jpg 768w, https:\/\/muraste.ee\/vana\/wp-content\/uploads\/2023\/04\/tembutab-1-1536x864.jpg 1536w, https:\/\/muraste.ee\/vana\/wp-content\/uploads\/2023\/04\/tembutab-1-624x351.jpg 624w, https:\/\/muraste.ee\/vana\/wp-content\/uploads\/2023\/04\/tembutab-1-128x72.jpg 128w, https:\/\/muraste.ee\/vana\/wp-content\/uploads\/2023\/04\/tembutab-1.jpg 1920w\" sizes=\"(max-width: 1024px) 100vw, 1024px\" \/><\/a><\/figure>\n\n\n\n<figure class=\"wp-block-image\"><a href=\"https:\/\/muraste.ee\/vana\/wp-content\/uploads\/2023\/05\/SILLATALGUD.jpg\"><img decoding=\"async\" loading=\"lazy\" width=\"724\" height=\"1024\" src=\"https:\/\/muraste.ee\/vana\/wp-content\/uploads\/2023\/05\/SILLATALGUD-724x1024.jpg\" alt=\"\" class=\"wp-image-9754\" srcset=\"https:\/\/muraste.ee\/vana\/wp-content\/uploads\/2023\/05\/SILLATALGUD-724x1024.jpg 724w, https:\/\/muraste.ee\/vana\/wp-content\/uploads\/2023\/05\/SILLATALGUD-212x300.jpg 212w, https:\/\/muraste.ee\/vana\/wp-content\/uploads\/2023\/05\/SILLATALGUD-768x1086.jpg 768w, https:\/\/muraste.ee\/vana\/wp-content\/uploads\/2023\/05\/SILLATALGUD-1086x1536.jpg 1086w, https:\/\/muraste.ee\/vana\/wp-content\/uploads\/2023\/05\/SILLATALGUD-624x883.jpg 624w, https:\/\/muraste.ee\/vana\/wp-content\/uploads\/2023\/05\/SILLATALGUD.jpg 1414w\" sizes=\"(max-width: 724px) 100vw, 724px\" \/><\/a><\/figure>\n\n\n\n<figure class=\"wp-block-image\"><a href=\"https:\/\/muraste.ee\/vana\/wp-content\/uploads\/2023\/05\/2.jpg\"><img decoding=\"async\" loading=\"lazy\" width=\"724\" height=\"1024\" src=\"https:\/\/muraste.ee\/vana\/wp-content\/uploads\/2023\/05\/2-724x1024.jpg\" alt=\"\" class=\"wp-image-9751\" srcset=\"https:\/\/muraste.ee\/vana\/wp-content\/uploads\/2023\/05\/2-724x1024.jpg 724w, https:\/\/muraste.ee\/vana\/wp-content\/uploads\/2023\/05\/2-212x300.jpg 212w, https:\/\/muraste.ee\/vana\/wp-content\/uploads\/2023\/05\/2-768x1086.jpg 768w, https:\/\/muraste.ee\/vana\/wp-content\/uploads\/2023\/05\/2-1086x1536.jpg 1086w, https:\/\/muraste.ee\/vana\/wp-content\/uploads\/2023\/05\/2-1448x2048.jpg 1448w, https:\/\/muraste.ee\/vana\/wp-content\/uploads\/2023\/05\/2-624x883.jpg 624w, https:\/\/muraste.ee\/vana\/wp-content\/uploads\/2023\/05\/2.jpg 1587w\" sizes=\"(max-width: 724px) 100vw, 724px\" \/><\/a><\/figure>\n\n\n\n<figure class=\"wp-block-image\"><a href=\"https:\/\/muraste.ee\/vana\/wp-content\/uploads\/2023\/05\/T-SARK.jpg\"><img decoding=\"async\" loading=\"lazy\" width=\"1024\" height=\"724\" src=\"https:\/\/muraste.ee\/vana\/wp-content\/uploads\/2023\/05\/T-SARK-1024x724.jpg\" alt=\"\" class=\"wp-image-9752\" srcset=\"https:\/\/muraste.ee\/vana\/wp-content\/uploads\/2023\/05\/T-SARK-1024x724.jpg 1024w, https:\/\/muraste.ee\/vana\/wp-content\/uploads\/2023\/05\/T-SARK-300x212.jpg 300w, https:\/\/muraste.ee\/vana\/wp-content\/uploads\/2023\/05\/T-SARK-768x543.jpg 768w, https:\/\/muraste.ee\/vana\/wp-content\/uploads\/2023\/05\/T-SARK-1536x1086.jpg 1536w, https:\/\/muraste.ee\/vana\/wp-content\/uploads\/2023\/05\/T-SARK-2048x1448.jpg 2048w, https:\/\/muraste.ee\/vana\/wp-content\/uploads\/2023\/05\/T-SARK-624x441.jpg 624w\" sizes=\"(max-width: 1024px) 100vw, 1024px\" \/><\/a><\/figure>\n","protected":false},"excerpt":{"rendered":"<p>N\u00e4dal 18 Tere, armas Muraste! Tore n\u00e4dal on ootamas. Saladused, saladused, saladused\u2026tule kuula ja kui tead, siis tule r\u00e4\u00e4gi ja \u00e4ra unusta laup\u00e4eval TEEME \u00c4RA koristusp\u00e4eva Muraste kooli juures ja p\u00fchap\u00e4eval Sillatalgud. P\u00fchap\u00e4eval tembutab PIPI ja lapsed saavad vaadata vahvat multikat Minu ahvist emme.<\/p>\n","protected":false},"author":2,"featured_media":0,"parent":0,"menu_order":0,"comment_status":"closed","ping_status":"closed","template":"nadalakava.php","meta":{"_bbp_topic_count":0,"_bbp_reply_count":0,"_bbp_total_topic_count":0,"_bbp_total_reply_count":0,"_bbp_voice_count":0,"_bbp_anonymous_reply_count":0,"_bbp_topic_count_hidden":0,"_bbp_reply_count_hidden":0,"_bbp_forum_subforum_count":0,"_mc_calendar":[]},"_links":{"self":[{"href":"https:\/\/muraste.ee\/vana\/index.php?rest_route=\/wp\/v2\/pages\/9760"}],"collection":[{"href":"https:\/\/muraste.ee\/vana\/index.php?rest_route=\/wp\/v2\/pages"}],"about":[{"href":"https:\/\/muraste.ee\/vana\/index.php?rest_route=\/wp\/v2\/types\/page"}],"author":[{"embeddable":true,"href":"https:\/\/muraste.ee\/vana\/index.php?rest_route=\/wp\/v2\/users\/2"}],"replies":[{"embeddable":true,"href":"https:\/\/muraste.ee\/vana\/index.php?rest_route=%2Fwp%2Fv2%2Fcomments&post=9760"}],"version-history":[{"count":1,"href":"https:\/\/muraste.ee\/vana\/index.php?rest_route=\/wp\/v2\/pages\/9760\/revisions"}],"predecessor-version":[{"id":9762,"href":"https:\/\/muraste.ee\/vana\/index.php?rest_route=\/wp\/v2\/pages\/9760\/revisions\/9762"}],"wp:attachment":[{"href":"https:\/\/muraste.ee\/vana\/index.php?rest_route=%2Fwp%2Fv2%2Fmedia&parent=9760"}],"curies":[{"name":"wp","href":"https:\/\/api.w.org\/{rel}","templated":true}]}}