{"id":9788,"date":"2023-05-22T09:41:42","date_gmt":"2023-05-22T06:41:42","guid":{"rendered":"https:\/\/muraste.ee\/vana\/?page_id=9788"},"modified":"2023-05-22T09:41:42","modified_gmt":"2023-05-22T06:41:42","slug":"nadal-21-4","status":"publish","type":"page","link":"https:\/\/muraste.ee\/vana\/?page_id=9788","title":{"rendered":"N\u00e4dal 21"},"content":{"rendered":"\n<p><img decoding=\"async\" loading=\"lazy\" width=\"624\" height=\"416\" src=\"https:\/\/muraste.ee\/vana\/wp-content\/uploads\/2023\/05\/tulips-3365630_1920-624x416.jpg\" alt=\"\" srcset=\"https:\/\/muraste.ee\/vana\/wp-content\/uploads\/2023\/05\/tulips-3365630_1920-624x416.jpg 624w, https:\/\/muraste.ee\/vana\/wp-content\/uploads\/2023\/05\/tulips-3365630_1920-300x200.jpg 300w, https:\/\/muraste.ee\/vana\/wp-content\/uploads\/2023\/05\/tulips-3365630_1920-1024x683.jpg 1024w, https:\/\/muraste.ee\/vana\/wp-content\/uploads\/2023\/05\/tulips-3365630_1920-768x512.jpg 768w, https:\/\/muraste.ee\/vana\/wp-content\/uploads\/2023\/05\/tulips-3365630_1920-1536x1024.jpg 1536w, https:\/\/muraste.ee\/vana\/wp-content\/uploads\/2023\/05\/tulips-3365630_1920.jpg 1920w\"><\/p>\n\n\n\n<h1 class=\"wp-block-heading\">N\u00e4dal 21<\/h1>\n\n\n\n<p>Tere, armas Muraste! K\u00e4es on aasta kaunimad hetked \u2013 \u00f5itsevad tulbid, kohe avanevad sirelite kaunid \u00f5ied ja toomingad l\u00f5hnavad pead p\u00f6\u00f6ritavalt. Homme on v\u00f5imalus s\u00f5ita bussiga Kirna m\u00f5isa seda hunnitut tulbimerd vaatama\u2026.<\/p>\n\n\n\n<p><strong>BUSSIGA KIRNA M\u00d5ISA<\/strong><\/p>\n\n\n\n<p><strong>23. MAI on v\u00f5imalus bussiga s\u00f5ita imekaunist tulpide v\u00e4lu imetlema<\/strong><\/p>\n\n\n\n<p><strong>KIRNA M\u00d5ISA<\/strong><\/p>\n\n\n\n<p><strong>bussid v\u00e4ljuvad: Tabasalust, V\u00e4\u00e4nast ja Kumnast.<\/strong><\/p>\n\n\n\n<p><strong>Registreerimine: kumnakultuuriait@harku.ee<\/strong><\/p>\n\n\n\n<figure class=\"wp-block-image\"><a href=\"https:\/\/muraste.ee\/vana\/wp-content\/uploads\/2023\/05\/Kirna.jpg\"><img decoding=\"async\" loading=\"lazy\" width=\"1024\" height=\"724\" src=\"https:\/\/muraste.ee\/vana\/wp-content\/uploads\/2023\/05\/Kirna-1024x724.jpg\" alt=\"\" class=\"wp-image-9773\" srcset=\"https:\/\/muraste.ee\/vana\/wp-content\/uploads\/2023\/05\/Kirna-1024x724.jpg 1024w, https:\/\/muraste.ee\/vana\/wp-content\/uploads\/2023\/05\/Kirna-300x212.jpg 300w, https:\/\/muraste.ee\/vana\/wp-content\/uploads\/2023\/05\/Kirna-768x543.jpg 768w, https:\/\/muraste.ee\/vana\/wp-content\/uploads\/2023\/05\/Kirna-1536x1086.jpg 1536w, https:\/\/muraste.ee\/vana\/wp-content\/uploads\/2023\/05\/Kirna-2048x1448.jpg 2048w, https:\/\/muraste.ee\/vana\/wp-content\/uploads\/2023\/05\/Kirna-624x441.jpg 624w\" sizes=\"(max-width: 1024px) 100vw, 1024px\" \/><\/a><\/figure>\n\n\n\n<p><strong>23. 05. 23<br>Osalustasu 40\u20ac<\/strong><br>Sisaldab sissep\u00e4\u00e4su, ekskursiooni koos giidiga, toitlustust ja transporti.<br>V\u00e4ljas\u00f5it<br>* Tabasalu raamatukogu parkla kl 09:50<br>* Muraste bussipeatus Kolmiku Konsumi poolel kl 10:00<br>* V\u00e4\u00e4na kooli bussipeatus kl 10:10<br>* Kumna Kultuuriait kl 10:20<br>* Kirna M\u00f5isas kl 11:50<br>* Kell 12:00-12:45 ekskursioon giidiga<br>* Kell 12:45 vaba aeg<br>* Kell 15:00 grupitoitlustus<br>* Kell 16:00 Koju tagasi<br>Lisainfo ja registreerimine kuni 19. maini.<br>tel. +372 5553 8009<br>kumnakultuuriait@harku.ee&nbsp;<\/p>\n\n\n\n<p>T\u00c4NA V\u00d5IMALUS VEEL LIITUDA<\/p>\n\n\n\n<p><strong>MOBIILIGA PILDISTAMISE \u00d5PITUBA<\/strong><\/p>\n\n\n\n<p><strong>Muraste k\u00fclaseltsis Lee tee 9 KELL 18.00<\/strong><\/p>\n\n\n\n<figure class=\"wp-block-image\"><a href=\"https:\/\/muraste.ee\/vana\/wp-content\/uploads\/2023\/04\/Mobiiliga.jpg\"><img decoding=\"async\" loading=\"lazy\" width=\"724\" height=\"1024\" src=\"https:\/\/muraste.ee\/vana\/wp-content\/uploads\/2023\/04\/Mobiiliga-724x1024.jpg\" alt=\"\" class=\"wp-image-9694\" srcset=\"https:\/\/muraste.ee\/vana\/wp-content\/uploads\/2023\/04\/Mobiiliga-724x1024.jpg 724w, https:\/\/muraste.ee\/vana\/wp-content\/uploads\/2023\/04\/Mobiiliga-212x300.jpg 212w, https:\/\/muraste.ee\/vana\/wp-content\/uploads\/2023\/04\/Mobiiliga-768x1086.jpg 768w, https:\/\/muraste.ee\/vana\/wp-content\/uploads\/2023\/04\/Mobiiliga-1086x1536.jpg 1086w, https:\/\/muraste.ee\/vana\/wp-content\/uploads\/2023\/04\/Mobiiliga-1448x2048.jpg 1448w, https:\/\/muraste.ee\/vana\/wp-content\/uploads\/2023\/04\/Mobiiliga-624x883.jpg 624w, https:\/\/muraste.ee\/vana\/wp-content\/uploads\/2023\/04\/Mobiiliga.jpg 1587w\" sizes=\"(max-width: 724px) 100vw, 724px\" \/><\/a><\/figure>\n\n\n\n<p>Ilusa ilmaga pildistame ka \u00f5ues!<\/p>\n\n\n\n<p>Mobiiliga pildistada on imelihtne \u2013 kl\u00f5ps ja valmis.<br>Hea kvaliteedi, fookusega, kunstip\u00e4rased v\u00f5tted ja abivahendid, mis teevad fotost professionaalse foto \u2013 neid nippe \u00f5petab meile fotograaf ja koolitaja AIVAR PIHELGAS. Saame teada, milline on hea pildi saladus. P\u00fc\u00fcame harjutada, pildistame m\u00f5testatult ja vaatame, kuidas selle seadmega on v\u00f5imalik salvestada lisaks kujutisele ka emotsiooni ja ajalugu. Kuidas mobiiltelefoni k\u00e4sitseda? Vaatame mida telefoni p\u00fc\u00fctud piltidega on v\u00f5imalik veel edasi teha. Kuidas pildile anda lisav\u00e4\u00e4rtust.<br>Aivar Pihelgas on fotograaf ja fotograafia \u00f5petaja. Lisaks on ta tuntud kui kirglik r\u00e4ndaja, kes on koos oma kaameraga k\u00fclastanud paljusid p\u00f5nevaid paikasid maailmas.<br>Temalt on k\u00fcsitud, et kas maailma vaatamine l\u00e4bi fotokaamera kaadri pole piirav tegur reisilt t\u00e4ieliku emotsiooni saamiseks? Tema vastus on j\u00e4rgmine: \u201cKaamera kaader on nagu raam \u2013 sinna ei saa mahutada korraga k\u00f5ike! Pildistamine muudab hetke ajajoonel v\u00e4\u00e4rtuslikuks, paneb mu suhtuma olukordadesse m\u00f5testatult ja eristama olulist v\u00e4hemolulisest.<br>Aivar Pihelgas on raamatu \u201c Praktiline fotograafia\u201d (kirjastus Varrak 2014) autor. Tema koolitustest v\u00f5tavad igal aastal osa sajad inimesed, kes leiavad endas p\u00e4rast kursuseid tugevalt areneva fotograafiahuvi.<br>Vastus k\u00fcsimusele-Mis teeb sinu arvates fotost hea foto?<br>Hea foto on see, kui fotograaf on n\u00e4inud valgust. Fotograafia olemus on valgus. Kui fotograaf oskab n\u00e4ha valgust, siis see on k\u00f5ige alus. Teine on see, kuidas ta on osanud tabada hetke ja kolmas on see, kuidas ta on seda komponeerinud ehk kuidas ta paigutab selle, mida ta n\u00e4eb, piiratud kaadrisse. V\u00f5ib-olla k\u00f5ige enam meeldivad mulle need pildid, mis lisaks h\u00e4sti tabatud hetkele ja valgusele omavad emotsiooni ja lugu.&nbsp;<\/p>\n\n\n\n<p><strong>Lastekaitsep\u00e4ev. LASTELUSTIPIDU<\/strong><\/p>\n\n\n\n<p><strong>TASUTA \u00dcRITUS Muraste kooli \u00f5uel<\/strong><\/p>\n\n\n\n<p><strong>4. JUUNIL kell 12.00 \u2013 15.00<\/strong><\/p>\n\n\n\n<figure class=\"wp-block-image\"><a href=\"https:\/\/muraste.ee\/vana\/wp-content\/uploads\/2023\/05\/LASTELUSTIPIDU-1.jpg\"><img decoding=\"async\" loading=\"lazy\" width=\"1024\" height=\"724\" src=\"https:\/\/muraste.ee\/vana\/wp-content\/uploads\/2023\/05\/LASTELUSTIPIDU-1-1024x724.jpg\" alt=\"\" class=\"wp-image-9775\" srcset=\"https:\/\/muraste.ee\/vana\/wp-content\/uploads\/2023\/05\/LASTELUSTIPIDU-1-1024x724.jpg 1024w, https:\/\/muraste.ee\/vana\/wp-content\/uploads\/2023\/05\/LASTELUSTIPIDU-1-300x212.jpg 300w, https:\/\/muraste.ee\/vana\/wp-content\/uploads\/2023\/05\/LASTELUSTIPIDU-1-768x543.jpg 768w, https:\/\/muraste.ee\/vana\/wp-content\/uploads\/2023\/05\/LASTELUSTIPIDU-1-1536x1086.jpg 1536w, https:\/\/muraste.ee\/vana\/wp-content\/uploads\/2023\/05\/LASTELUSTIPIDU-1-2048x1448.jpg 2048w, https:\/\/muraste.ee\/vana\/wp-content\/uploads\/2023\/05\/LASTELUSTIPIDU-1-624x441.jpg 624w\" sizes=\"(max-width: 1024px) 100vw, 1024px\" \/><\/a><\/figure>\n\n\n\n<p><strong>SEE VAHVA P\u00c4EV TULEB J\u00c4LLE!<\/strong><\/p>\n\n\n\n<p><strong>\u00dcritus on tasuta.<\/strong><\/p>\n\n\n\n<p>Muraste kooli \u00f5ues on BATUUDID, kus saab l\u00f5putult h\u00fcpata.<br>K\u00fclla tulevad PIPI ja tema t\u00e4piline hobu T\u00c4PI.<br>Avatud on NIKERDAMISE ja k\u00e4sit\u00f6\u00f6 toad.<br>Kellade ja vilede saatel s\u00f5idab kooli\u00f5uele J\u00c4TSIABI.<br>Lapsed saavad muutuda kelleks iganes nad soovivad, sest N\u00c4OMAALIJA teeb 6 euro eest imesid.<br>Toimub suur LASTERIIETE KIRBUKAS.<\/p>\n\n\n\n<p>K\u00f5ik lapsed on oodatud!<\/p>\n\n\n\n<figure class=\"wp-block-image\"><a href=\"https:\/\/muraste.ee\/vana\/wp-content\/uploads\/2023\/05\/KIRBUKAS.jpg\"><img decoding=\"async\" loading=\"lazy\" width=\"1024\" height=\"724\" src=\"https:\/\/muraste.ee\/vana\/wp-content\/uploads\/2023\/05\/KIRBUKAS-1024x724.jpg\" alt=\"\" class=\"wp-image-9776\" srcset=\"https:\/\/muraste.ee\/vana\/wp-content\/uploads\/2023\/05\/KIRBUKAS-1024x724.jpg 1024w, https:\/\/muraste.ee\/vana\/wp-content\/uploads\/2023\/05\/KIRBUKAS-300x212.jpg 300w, https:\/\/muraste.ee\/vana\/wp-content\/uploads\/2023\/05\/KIRBUKAS-768x543.jpg 768w, https:\/\/muraste.ee\/vana\/wp-content\/uploads\/2023\/05\/KIRBUKAS-1536x1086.jpg 1536w, https:\/\/muraste.ee\/vana\/wp-content\/uploads\/2023\/05\/KIRBUKAS-2048x1448.jpg 2048w, https:\/\/muraste.ee\/vana\/wp-content\/uploads\/2023\/05\/KIRBUKAS-624x441.jpg 624w\" sizes=\"(max-width: 1024px) 100vw, 1024px\" \/><\/a><\/figure>\n\n\n\n<p><strong>MURASTE K\u00dcLAP\u00c4EV<\/strong><\/p>\n\n\n\n<p><strong>29. JUULI<\/strong><\/p>\n\n\n\n<p>HARKU VALLA KODUKOHVIKUTE N\u00c4DAL<\/p>\n\n\n\n<p><strong>Armsad Muraste perenaised ja peremehed<\/strong>! Ootame ka sel aastal m\u00f5nusaid kodukohvikuid, mida k\u00fclastada sumedal suvep\u00e4eval&nbsp;<strong>Murastes 29. juulil.<\/strong><\/p>\n\n\n\n<figure class=\"wp-block-image\"><a href=\"https:\/\/muraste.ee\/vana\/wp-content\/uploads\/2023\/05\/Kodukohvikud.jpg\"><img decoding=\"async\" loading=\"lazy\" width=\"1024\" height=\"577\" src=\"https:\/\/muraste.ee\/vana\/wp-content\/uploads\/2023\/05\/Kodukohvikud-1024x577.jpg\" alt=\"\" class=\"wp-image-9782\" srcset=\"https:\/\/muraste.ee\/vana\/wp-content\/uploads\/2023\/05\/Kodukohvikud-1024x577.jpg 1024w, https:\/\/muraste.ee\/vana\/wp-content\/uploads\/2023\/05\/Kodukohvikud-300x169.jpg 300w, https:\/\/muraste.ee\/vana\/wp-content\/uploads\/2023\/05\/Kodukohvikud-768x433.jpg 768w, https:\/\/muraste.ee\/vana\/wp-content\/uploads\/2023\/05\/Kodukohvikud-1536x866.jpg 1536w, https:\/\/muraste.ee\/vana\/wp-content\/uploads\/2023\/05\/Kodukohvikud-624x352.jpg 624w, https:\/\/muraste.ee\/vana\/wp-content\/uploads\/2023\/05\/Kodukohvikud-128x72.jpg 128w, https:\/\/muraste.ee\/vana\/wp-content\/uploads\/2023\/05\/Kodukohvikud.jpg 2048w\" sizes=\"(max-width: 1024px) 100vw, 1024px\" \/><\/a><\/figure>\n\n\n\n<p>Avasta kodukohta ja kasvata kogukonnatunnet!<\/p>\n\n\n\n<p>Harku valla k\u00fclad avavad oma kodukohvikud sellel suvel:<br>21.07.2023 Tabasalu ja Rannam\u00f5isa<br>22.07.2023 Ilmandu, Laabi, S\u00f5rve ja Tilgu sadam<br>23.07.2023 Suurupi<br>25.07.2023 Humala ja Adra ning Harku alevik<br>26.07.2023 Harkuj\u00e4rve, Alasniidu ja Tiskre<br>27.07.2023 T\u00fcrisalu ja Naage<br>28.07.2023 Kumna ja Tutermaa<br><strong>29.07.2023 Muraste<\/strong>&nbsp;ja Merik\u00fcla<br>30.07.2023 V\u00e4\u00e4na-J\u00f5esuu, Liikva, Viti, Vaila ja V\u00e4\u00e4na<\/p>\n\n\n\n<p>Registreeri oma kohvik varakult!<br><a href=\"https:\/\/forms.gle\/XMqtsUV8voJTXaY56?fbclid=IwAR35SArVWI9-i-FWGNxGelpwa-ocA5DoLnmTYZCfRbth5fRAQSYAVsBMmww\" rel=\"noreferrer noopener\" target=\"_blank\">https:\/\/forms.gle\/XMqtsUV8voJTXaY56<\/a><\/p>\n\n\n\n<p>Lisak\u00fcsimuste korral kirjuta: harku.villages@gmail.com<\/p>\n\n\n\n<p>Selleks, Sinu kodukohvik j\u00f5ukas Kodukohvikute kaardile ja reklaamidesse, palun registreeri ennast kindlasti enne 1. juulit!<br>Kohvikute registreerumine on avatud 17.juulini, kell 12.00<br>Ava oma kohvik \u00fcheks p\u00e4evaks Harku valla \u00e4gedaimal suve festivalil, mille loojaks me oleme k\u00f5ik koos!<\/p>\n\n\n\n<p>Hea kodukohvikupidaja meelespea!<\/p>\n\n\n\n<p>*Loo vahva ja eristuv kohvik, restoran v\u00f5i baar.<br>M\u00f5tle l\u00e4bi men\u00fc\u00fc ja tee prooviks samu toite endale suve jooksul. M\u00f5tle ka m\u00f5ni soolane valik v\u00e4lja ning lisaks kaalu hoolega portsude suuruseid ning m\u00f5tle ka kaasaostmise v\u00f5imaluse peale.<br>*Sellel aastal uurime saladusi ja loome r\u00f5\u00f5mu liikumisest!<br>Aasta 2023 on Sauna-aasta, v\u00f5ibolla on Sinu kohviku t\u00f5mbenumbriks saun v\u00f5i saunalood?<br>M\u00f5tle l\u00e4bi, kuidas saaksid ka oma kohvikus sellesse panuse anda.<br>*V\u00f5ib pakkuda juurde vahvaid lisategevusi- k\u00e4sit\u00f6\u00f6, elav v\u00f5i taustamuusika, n\u00e4omaalingud, tegevused lastele.<br>*M\u00f5tle k\u00fclastajakogemusele \u2013 loo atmosf\u00e4\u00e4r(laudlinad, vaasid, lilled, kaunistused, pildid jne.).<br>* Kui Sul pole piisavalt toole laudu, m\u00f5tle alternatiivselt ja s\u00e4ti maha piknikutekid, matid, kaltsuvaibad, vms.<br>*Hoovis vaata, et poleks ohtlike kohti ja muru v\u00f5iks olla niidetud&nbsp;<img decoding=\"async\" loading=\"lazy\" height=\"16\" width=\"16\" alt=\"\ud83d\ude42\" src=\"https:\/\/static.xx.fbcdn.net\/images\/emoji.php\/v9\/ta5\/1.5\/16\/1f642.png\">&nbsp;Kui sul on koduloomad, siis hoolitse, et nad ei p\u00e4\u00e4seks toidule ligi ega ehmataks k\u00fclastajaid.<br>*Ole n\u00e4htav! \u2013 tee oma kohvikule event FB ja jaga infot Facebookis v\u00f5i m\u00f5nes muus kanalis. Ja loomulikult kutsu oma s\u00f5pru ja tuttavaid ja r\u00e4\u00e4gi neile kohvikup\u00e4evast aegsasti.<br>*Hinnasildid \u2013 tee need enne avamist valmis. Pane v\u00e4lja men\u00fc\u00fc.<br>*Vahetusraha \u2013 ole varustatud kindlasti vahetusrahaga!<br>*Ole \u00e4ratuntav ka t\u00e4navalt! \u2013 Kohvikutep\u00e4eval v\u00f5iksid paigalda v\u00e4ravale info (nimi, ajakava, men\u00fc\u00fc)<br>*Saabumine ja parkimine. Katsu oma auto eest \u00e4ra parkida, et su hoovis oleks v\u00f5imalikult palju ruumi. Anna k\u00fclalistele teada, kuhu nad auto parkida saavad. V\u00f5imalusel loo jalgrattaparkla.<br>*Kutsu s\u00f5brad v\u00f5i pereliikmed appi \u2013 koos on l\u00f5busam!<br>Teavita ka naabreid oma plaanist ja palu neil olla tolerantsed v\u00f5i kaasa nad kohvikupidamisse.<br>*Kindlasti paku kohviku k\u00fclastajatele k\u00e4tepesu v\u00f5imalust ( kauss veega\/ r\u00e4tik v\u00f5i niisked salvr\u00e4tikud), v\u00f5imalusel varusta m\u00fc\u00fcgilett desinfitseerimisvahendiga.<br>*M\u00fc\u00fcgileti l\u00e4hedusse paigalda kindlasti pr\u00fcgikast.<br>*M\u00f5tle, millist tualetti saavad k\u00fclastajad vajadusel kasutada.<br>*Kohvikupidajad koristavad ise oma kohviku \u00fcmbruse ja hoolitsevad ka krundiga piirnevatel t\u00e4navatel tekkinud prahi \u00e4raviimise eest.&nbsp;<img decoding=\"async\" loading=\"lazy\" height=\"16\" width=\"16\" alt=\"\ud83d\udeae\" src=\"https:\/\/static.xx.fbcdn.net\/images\/emoji.php\/v9\/t4b\/1.5\/16\/1f6ae.png\"><\/p>\n\n\n\n<p>Soovitused toidu valmistamiseks ja m\u00fc\u00fcmiseks Veterinaar- ja Toiduametilt:<br>*Toidu valmistaja ning m\u00fc\u00fcja peab olema terve.<br>*Kui Te m\u00fc\u00fcte m\u00fc\u00fcgipakendisse pakendamata toitu v\u00f5i valmistate toitu kohapeal, siis k\u00f5ik pinnad, millega toit kokku puutub peavad olema puhtad ja terved. Vajadusel tuleb t\u00f6\u00f6pindu puhastada ka laadap\u00e4eva jooksul, et v\u00e4listada ristsaastumist;<br>*Kui Teil on vaja ka p\u00e4eva jooksul puhastada t\u00f6\u00f6vahendeid v\u00f5i pesta toitu, siis m\u00f5elge l\u00e4bi, kuidas saate seda teha h\u00fcgieeniliselt.<br>*Toit, mis vajab s\u00e4ilimiseks k\u00fclmkapi temperatuuri, tuleb sellisel temperatuuril hoida kogu m\u00fc\u00fcgiaja jooksul. K\u00fclmkapi temperatuuri vajava toidu hoidmine k\u00f5rgemal temperatuuril, tekitab soodsa keskkonna bakterite arenguks. Bakterid tekitavad erinevaid terviseprobleeme, millest m\u00f5nedel v\u00f5ivad olla t\u00f5sised tagaj\u00e4rjed;<br>k\u00fcpsetage toitu p\u00f5hjalikult eriti liha, muna ja mereande. Sea- ja kanaliha sisetemperatuur peab olema v\u00e4hemalt 75\u00b0C;<br>*Hoia valmistoit ja toores toit eraldi;<br>*M\u00e4rkige hinnasildile ka allergeenide kohta infot.<\/p>\n\n\n\n<p>Oluline info:<br>Palume tutvuda Keskkonnahoidlike s\u00fcndmuste juhendiga&nbsp;<a href=\"https:\/\/drive.google.com\/file\/d\/195UoPFZhqDVeJV4eXkf17zv4rBAqV3-J\/view?usp=sharing&amp;fbclid=IwAR0JsQTaUQdtBcVIvaCaH4Gszdv_vdnq6dNSUjO9vxyYUInJoJGesJrP5XE\" rel=\"noreferrer noopener\" target=\"_blank\">https:\/\/drive.google.com\/\u2026\/195UoPFZhqDVeJV4eXkf\u2026\/view\u2026<\/a><br>J\u00e4\u00e4tmete liigiti kogumine: Avaliku \u00fcrituse alale tuleb paigutada piisavalt j\u00e4\u00e4tmemahuteid, et v\u00e4ltida nende \u00fclet\u00e4itumist \u00fcrituse ajal. Igas kogumiskohas tuleb liigiti koguda v\u00e4hemalt: \u2022 segaolmej\u00e4\u00e4tmed \u2022 biolagunevad j\u00e4\u00e4tmed \u2022 pakendij\u00e4\u00e4tmed J\u00e4\u00e4tmemahuti peab olema t\u00e4histatud selgelt ja arusaadavalt.<br>Soovitatav on kasutada Keskkonnaministeeriumi veebilehelt<br>Liigiti kogumise juhendid ja sildid<br><a href=\"https:\/\/l.facebook.com\/l.php?u=https%3A%2F%2Fenvir.ee%2Fliigiti-kogumise-juhendid-ja-sildid%3Ffbclid%3DIwAR3HowoNHzHqBi23bLsL1VPFgOTYI6mfkONI4uQOyPYJTjro-UMSYjXNEpU&amp;h=AT03VhhSNBof2aAycJMm473eTpbkHQ2edmJdG5HvnbX1r_JThG4XYCAPReXEbZkk9KC1cqAniyIy5HupyiADp18-qKZs5UvlJ-2pTgmFZA-fDc3E7h4qm9QEGSe2uqnMyNBc&amp;__tn__=q&amp;c[0]=AT03og01YRNiEkLyAUcba5ZOdWaXu8S4VHXU4yVIdqp8220x8hLYYvMr3567O2lKkkZgDXXFWI3gBxhhqbUcKSRF7Wev9ePqmImxzl_QBk-KmppQsvnXDNBtznyUOBQf2BcrKgK_hwFeAe5La0rve_5Wt0_n\" rel=\"noreferrer noopener\" target=\"_blank\">https:\/\/envir.ee\/liigiti-kogumise-juhendid-ja-sildid<\/a><\/p>\n\n\n\n<p>ALKOHOLI M\u00dc\u00dcK JA SERVEERIMINE ON KEELATUD.&nbsp;<\/p>\n\n\n\n<p><strong>SAUNA ORIENTEERUMINE<\/strong><\/p>\n\n\n\n<p><strong>LAUP\u00c4EV 22. juuli on SAUNAP\u00c4EV<\/strong>&nbsp;ehk toimub \u00fcks lahe ettev\u00f5tmine<strong>: Sul on v\u00f5imalik pakkuda v\u00e4lja oma saun osalemiseks v\u00f5i siis osaleda orienteerumisel.<\/strong><\/p>\n\n\n\n<figure class=\"wp-block-image\"><a href=\"https:\/\/muraste.ee\/vana\/wp-content\/uploads\/2023\/05\/SAUN.jpg\"><img decoding=\"async\" loading=\"lazy\" width=\"1024\" height=\"577\" src=\"https:\/\/muraste.ee\/vana\/wp-content\/uploads\/2023\/05\/SAUN-1024x577.jpg\" alt=\"\" class=\"wp-image-9783\" srcset=\"https:\/\/muraste.ee\/vana\/wp-content\/uploads\/2023\/05\/SAUN-1024x577.jpg 1024w, https:\/\/muraste.ee\/vana\/wp-content\/uploads\/2023\/05\/SAUN-300x169.jpg 300w, https:\/\/muraste.ee\/vana\/wp-content\/uploads\/2023\/05\/SAUN-768x433.jpg 768w, https:\/\/muraste.ee\/vana\/wp-content\/uploads\/2023\/05\/SAUN-1536x866.jpg 1536w, https:\/\/muraste.ee\/vana\/wp-content\/uploads\/2023\/05\/SAUN-624x352.jpg 624w, https:\/\/muraste.ee\/vana\/wp-content\/uploads\/2023\/05\/SAUN-128x72.jpg 128w, https:\/\/muraste.ee\/vana\/wp-content\/uploads\/2023\/05\/SAUN.jpg 2048w\" sizes=\"(max-width: 1024px) 100vw, 1024px\" \/><\/a><\/figure>\n\n\n\n<p>2023 on nii liikumisaasta kui sauna aasta! Saunaorienteerumine on kaks \u00fches ja aitab v\u00e4\u00e4rikalt<br>edendada saunakultuuri ja paneb inimesed liikuma. Boonuseks tutvumine uute p\u00f5nevate kohtade ja<br>inimestega. Ilmandu Vanatehnika ja Saunaklubi eestvedamisel korraldame Harku valla k\u00fclade<br>p\u00e4evade raames suure \u00fclevallalise saunaorienteerumise.<br>Saunaorienteerumine saab alguse 22.07 kell 15:00 Tabasalus Klooga mnt 10 (Realiseerimiskeskuse ja<br>Rimi vaheline plats), kus osalejatele antakse kaart koos juhistega. Viimane saunask\u00e4ik on l\u00f5ppeb<br>20:30, hiljemalt 21:00 kogunevad nii v\u00f5istlejad kui sauna pererahvas 21:00 Humala tallis saunabussi<br>juures, kus toimub parimate v\u00e4ljaselgitamine ja auhindade \u00fcleandmine.<br>Reeglid saunadele:<\/p>\n\n\n\n<p>1) Registreerimine siin kuni 31.05.2023. Kui sind ei ole siin, siis sind ei ole olemas\ufffd\ufffd<br>2) Leiliruumi peab mahtuma v\u00e4hemalt \u00fcks inimene. Temperatuur iga\u00fche valida. Ka<br>Tootsi saun on saun;<br>3) Erin\u00f5uete korral pane need n\u00e4htavalt kirja v\u00f5i r\u00e4\u00e4gi saunalistega;<br>4) Kohtle saunalisi kui kaua oodatud k\u00fclalisi;<br>5) Pererahvas v\u00f5ib alati koos k\u00fclalistega leili v\u00f5tta;<br>6) Palun hinda oma k\u00fclalisi ja esita omapoolsed parima allj\u00e4rgnevates kategooriates:<br>a. K\u00f5ige s\u00f5bralikum seltskond<br>b. K\u00f5ige paremad saunakultuuri nautijad<br>c. Parima saunajutuga k\u00fclalised<br>d. Parima k\u00fclakostiga k\u00fclaline<br>e. Harku valla aasta saunaline 2023<br>7) Soovi korral v\u00f5ib pererahvas pakkuda suupisteid ja jooke v\u00f5i avada kodukohviku.<\/p>\n\n\n\n<p>Reeglid osalejatele:<br>1) V\u00f5istkond on kuni 4 liikmeline, v\u00e4ljaarvatud sama pere 3. ja j\u00e4rgnevad lapsed.<br>Registreerimine avaneb 1.06 juhul, kui on registreerunud v\u00e4hemalt 10 sauna.<br>Registreerimine l\u00f5ppeb 20.07;<br>2) Osalustasu v\u00f5istkonna kohta on 10 EUR. Selle eest saavad v\u00f5itjad diplomi;<br>3) K\u00f5ik saunas vajaminev nagu r\u00e4tikud, pl\u00e4tud jne tuleb ise kaasa v\u00f5tta ja kaasas kanda;<br>4) Registreeri oma osalus pererahva juures;<br>5) Kingitus pererahvale pole kohustuslik, kuid see kompenseerib v\u00f5\u00f5rustamisvaeva;<br>6) Saunajuttude vestmine pererahvaga on pigem soovitatav;<br>7) Iga osaleja kinnitab, et tema tervislik seisund v\u00f5imaldab leili v\u00f5tta;<br><img decoding=\"async\" loading=\"lazy\" height=\"16\" width=\"16\" alt=\"\ud83d\ude0e\" src=\"https:\/\/static.xx.fbcdn.net\/images\/emoji.php\/v9\/tdc\/1.5\/16\/1f60e.png\">&nbsp;Iga v\u00f5istkond peab esitama oma parimad allj\u00e4rgnevates kategooriates:<br>a. K\u00f5ige hubasem saun<br>b. K\u00f5ige teravama leiliga saun<br>c. K\u00f5ige k\u00fclalislahkema pererahvaga saun<br>d. K\u00f5ige omap\u00e4rasem saun<br>e. K\u00f5ige stiilsema eesruumiga saun<br>f. Harku valla aasta saun 2023<br>9) L\u00e4bida tuleb k\u00f5ik saunad m\u00e4\u00e4ratud ajavahemikul. Kiirustamine lisapunkte ei anna, kuid ukse<br>taga ootav j\u00e4rgmine seltskond tahab ka leili nautida;<br>10) Dresscode on vaba. Saunas k\u00e4iakse nii paljalt kui r\u00e4tikuga, vajadusel ujumisriietes v\u00f5i trikoos.<br>Seakost\u00fc\u00fcmiga leili ei v\u00f5eta;<br>11) Ujumas k\u00e4iakse kaine peaga;<br>12) S\u00f5ltumata saunast pea meeles, et oled k\u00fclas ja austa pererahva soove;<\/p>\n\n\n\n<p>13) Saunade vahel v\u00f5ib liikuda nii jalgsi, ratta \u00fchistranspordi v\u00f5i autoga. Kiirust ei \u00fcletata ning<br>roolis on alati kaine inimene!<br>14) K\u00f5ik endaga kaasav\u00f5etud asjad palun v\u00f5ta lahkudes taas kaasa!<br>15) Naudi ise ja lase ka teistel nautida!<\/p>\n\n\n\n<p>Registreeri oma Saun siin&nbsp;<a href=\"https:\/\/docs.google.com\/forms\/d\/e\/1FAIpQLScKldUEWzThuGqeKJhpAwJ9_TydnMXMbMCQdjzGn_Hsr6OXYw\/viewform?usp=sf_link&amp;fbclid=IwAR1z_zKQ7W50M2YGb1jrwOrFF7dpFqb4SMqhP9uVwQe5ORh5sqZN5mwpazg\" rel=\"noreferrer noopener\" target=\"_blank\">https:\/\/docs.google.com\/\u2026\/1FAIpQLScKldUEWzT\u2026\/viewform\u2026<\/a><\/p>\n\n\n\n<p><a href=\"https:\/\/www.facebook.com\/hashtag\/saunaaasta?__eep__=6&amp;__cft__[0]=AZVmThzMet_8YiUE-NqcFJnJniAJXbDsRC9haJHhPLk4kS9BXiWZQhGpzew2GKJrib1Fpf4fHoImlb0IV3Z4LmCSm4umIW7VjCSWlnCer86FVjMrCLQ8ekREHvb8r50My2c&amp;__tn__=q\">#saunaaasta<\/a>&nbsp;<a href=\"https:\/\/www.facebook.com\/hashtag\/kohtume%C3%B5ues?__eep__=6&amp;__cft__[0]=AZVmThzMet_8YiUE-NqcFJnJniAJXbDsRC9haJHhPLk4kS9BXiWZQhGpzew2GKJrib1Fpf4fHoImlb0IV3Z4LmCSm4umIW7VjCSWlnCer86FVjMrCLQ8ekREHvb8r50My2c&amp;__tn__=q\">#kohtume\u00f5ues<\/a>&nbsp;<a href=\"https:\/\/www.facebook.com\/hashtag\/harku?__eep__=6&amp;__cft__[0]=AZVmThzMet_8YiUE-NqcFJnJniAJXbDsRC9haJHhPLk4kS9BXiWZQhGpzew2GKJrib1Fpf4fHoImlb0IV3Z4LmCSm4umIW7VjCSWlnCer86FVjMrCLQ8ekREHvb8r50My2c&amp;__tn__=q\">#harku<\/a>&nbsp;<a href=\"https:\/\/www.facebook.com\/hashtag\/visitharku?__eep__=6&amp;__cft__[0]=AZVmThzMet_8YiUE-NqcFJnJniAJXbDsRC9haJHhPLk4kS9BXiWZQhGpzew2GKJrib1Fpf4fHoImlb0IV3Z4LmCSm4umIW7VjCSWlnCer86FVjMrCLQ8ekREHvb8r50My2c&amp;__tn__=q\">#visitharku<\/a>&nbsp;<a href=\"https:\/\/www.facebook.com\/hashtag\/saun?__eep__=6&amp;__cft__[0]=AZVmThzMet_8YiUE-NqcFJnJniAJXbDsRC9haJHhPLk4kS9BXiWZQhGpzew2GKJrib1Fpf4fHoImlb0IV3Z4LmCSm4umIW7VjCSWlnCer86FVjMrCLQ8ekREHvb8r50My2c&amp;__tn__=q\">#saun<\/a>&nbsp;<a href=\"https:\/\/www.facebook.com\/hashtag\/saunaorienteerumine?__eep__=6&amp;__cft__[0]=AZVmThzMet_8YiUE-NqcFJnJniAJXbDsRC9haJHhPLk4kS9BXiWZQhGpzew2GKJrib1Fpf4fHoImlb0IV3Z4LmCSm4umIW7VjCSWlnCer86FVjMrCLQ8ekREHvb8r50My2c&amp;__tn__=q\">#saunaorienteerumine<\/a><\/p>\n","protected":false},"excerpt":{"rendered":"<p>N\u00e4dal 21 Tere, armas Muraste! K\u00e4es on aasta kaunimad hetked \u2013 \u00f5itsevad tulbid, kohe avanevad sirelite kaunid \u00f5ied ja toomingad l\u00f5hnavad pead p\u00f6\u00f6ritavalt. Homme on v\u00f5imalus s\u00f5ita bussiga Kirna m\u00f5isa seda hunnitut tulbimerd vaatama\u2026. BUSSIGA KIRNA M\u00d5ISA 23. MAI on v\u00f5imalus bussiga s\u00f5ita imekaunist tulpide v\u00e4lu imetlema KIRNA M\u00d5ISA bussid v\u00e4ljuvad: Tabasalust, V\u00e4\u00e4nast ja Kumnast.<a class=\"moretag\" href=\"https:\/\/muraste.ee\/vana\/?page_id=9788\"><br \/>&#8230;Loe edasi<\/a><\/p>\n","protected":false},"author":2,"featured_media":0,"parent":0,"menu_order":0,"comment_status":"closed","ping_status":"closed","template":"nadalakava.php","meta":{"_bbp_topic_count":0,"_bbp_reply_count":0,"_bbp_total_topic_count":0,"_bbp_total_reply_count":0,"_bbp_voice_count":0,"_bbp_anonymous_reply_count":0,"_bbp_topic_count_hidden":0,"_bbp_reply_count_hidden":0,"_bbp_forum_subforum_count":0,"_mc_calendar":[]},"_links":{"self":[{"href":"https:\/\/muraste.ee\/vana\/index.php?rest_route=\/wp\/v2\/pages\/9788"}],"collection":[{"href":"https:\/\/muraste.ee\/vana\/index.php?rest_route=\/wp\/v2\/pages"}],"about":[{"href":"https:\/\/muraste.ee\/vana\/index.php?rest_route=\/wp\/v2\/types\/page"}],"author":[{"embeddable":true,"href":"https:\/\/muraste.ee\/vana\/index.php?rest_route=\/wp\/v2\/users\/2"}],"replies":[{"embeddable":true,"href":"https:\/\/muraste.ee\/vana\/index.php?rest_route=%2Fwp%2Fv2%2Fcomments&post=9788"}],"version-history":[{"count":1,"href":"https:\/\/muraste.ee\/vana\/index.php?rest_route=\/wp\/v2\/pages\/9788\/revisions"}],"predecessor-version":[{"id":9790,"href":"https:\/\/muraste.ee\/vana\/index.php?rest_route=\/wp\/v2\/pages\/9788\/revisions\/9790"}],"wp:attachment":[{"href":"https:\/\/muraste.ee\/vana\/index.php?rest_route=%2Fwp%2Fv2%2Fmedia&parent=9788"}],"curies":[{"name":"wp","href":"https:\/\/api.w.org\/{rel}","templated":true}]}}