{"id":9792,"date":"2023-05-22T09:44:16","date_gmt":"2023-05-22T06:44:16","guid":{"rendered":"https:\/\/muraste.ee\/vana\/?page_id=9792"},"modified":"2023-05-22T09:44:16","modified_gmt":"2023-05-22T06:44:16","slug":"nadal-19-6","status":"publish","type":"page","link":"https:\/\/muraste.ee\/vana\/?page_id=9792","title":{"rendered":"N\u00e4dal 19"},"content":{"rendered":"\n<h1 class=\"wp-block-heading\">N\u00e4dal 19<\/h1>\n\n\n\n<p>Tere, armas Muraste! Kaunid kevadilmad on meid r\u00f5\u00f5mustanud ja kolm toredat \u00fcritust sai eelmisel n\u00e4dalal tehtud. Kaunil jahedal, kuid p\u00e4ikesepaistelisel \u00f5htupoolikul kuulasime linnulaulu saatel Muraste k\u00fcla vanu saladusi, mis siiski p\u00e4evavalgele on tulnud. Laup\u00e4eval sai Muraste kooli \u00f5uel korrastatud kooliaed ja p\u00fchap\u00e4eval tembutas Pipi ning k\u00f5ik osalejad said pannkooki moosiga.<\/p>\n\n\n\n<figure class=\"wp-block-image\"><a href=\"https:\/\/muraste.ee\/vana\/wp-content\/uploads\/2023\/05\/344735466_1954245551594382_5073096397748036291_n.jpg\"><img decoding=\"async\" loading=\"lazy\" width=\"768\" height=\"1024\" src=\"https:\/\/muraste.ee\/vana\/wp-content\/uploads\/2023\/05\/344735466_1954245551594382_5073096397748036291_n-768x1024.jpg\" alt=\"\" class=\"wp-image-9766\" srcset=\"https:\/\/muraste.ee\/vana\/wp-content\/uploads\/2023\/05\/344735466_1954245551594382_5073096397748036291_n-768x1024.jpg 768w, https:\/\/muraste.ee\/vana\/wp-content\/uploads\/2023\/05\/344735466_1954245551594382_5073096397748036291_n-225x300.jpg 225w, https:\/\/muraste.ee\/vana\/wp-content\/uploads\/2023\/05\/344735466_1954245551594382_5073096397748036291_n-1152x1536.jpg 1152w, https:\/\/muraste.ee\/vana\/wp-content\/uploads\/2023\/05\/344735466_1954245551594382_5073096397748036291_n-624x832.jpg 624w, https:\/\/muraste.ee\/vana\/wp-content\/uploads\/2023\/05\/344735466_1954245551594382_5073096397748036291_n.jpg 1536w\" sizes=\"(max-width: 768px) 100vw, 768px\" \/><\/a><figcaption class=\"wp-element-caption\">ptr<\/figcaption><\/figure>\n\n\n\n<p>T\u00e4nane soe p\u00e4ike aitas k\u00f5igil talgulistel palju \u00e4ra teha. Meil ka. Lisaks p\u00e4ikesele oli Muraste kooli juures kohal ka mituk\u00fcmmend vabatahtlikku abilist.&nbsp;<a><\/a>Kinnitust sai, et koost\u00f6\u00f6s peitub t\u00f5esti suur j\u00f5ud. K\u00f5ik, kes meie paesele pinnasele on p\u00fc\u00fcdnud midagi istutada, teavad, et lisaks f\u00fc\u00fcsilisele j\u00f5ule on vaja ka tahtej\u00f5udu. Ja t\u00e4na seda meie kooli juures oli. Seda j\u00f5udu. Ja koost\u00f6\u00f6d. Ja nalja. Ja r\u00f5\u00f5mu koos tehtust. Peenrakastid, mis p\u00e4rit kooli algusaastatest, said \u00fcmber korraldatud. S\u00fcnnip\u00e4evakingiks saadud marjap\u00f5\u00f5sad istutatud. Elupuud leidsid uue koha, et \u00f5ues\u00f5ppeklassi \u00fcmber tuul nii k\u00f5vasti enam ei puhuks. Lillekastides on taas v\u00e4rve. Suured paekivit\u00fckid muruplatsil leidsid parema paiga. Staadionimuru on riisutud ja Muraste tee\u00e4\u00e4rtest palju pr\u00fcgi kokku korjatud. T\u00f6\u00f6tegijad said k\u00f5hut\u00e4iteks Julia tehtud talgusuppi ning Kaire k\u00fcpsetatud talgukooki.<\/p>\n\n\n\n<p>Ait\u00e4h k\u00f5igile panustajatele, kes laup\u00e4evasel p\u00e4eval tulid ja tegid palju t\u00f6\u00f6d! Koos j\u00f5uab alati rohkem.<\/p>\n\n\n\n<p><strong>SALADUSED\u2026.<\/strong><\/p>\n\n\n\n<p>Kaunis kevadine p\u00e4ikseline, kuid jahe \u00f5htupoolik linnulaulu ja l\u00f5kketule \u00e4\u00e4res, kuuma tee ja k\u00fcpsistega. Huvtavad lood Muraste m\u00f5isarahvast ja k\u00fclaelanikest. T\u00f5esti s\u00fcndinud lood, mis dokumenteeritud ja niisama k\u00fclalegendid. Tore \u00f5htu oli. T\u00e4name Val Rajasaart ja Meelis Merik\u00fcla p\u00f5nevate lugude eest.<video controls=\"\" src=\"https:\/\/muraste.ee\/vana\/wp-content\/uploads\/2023\/05\/Saladused.mp4\"><\/video><\/p>\n\n\n\n<p><strong>PIPI ja KOOKI MOOSIGA<\/strong><\/p>\n\n\n\n<p><strong>No oli see vast vahva pidu PIPIGA!<\/strong><video controls=\"\" src=\"https:\/\/muraste.ee\/vana\/wp-content\/uploads\/2023\/05\/pipi-pidu.mp4\"><\/video><\/p>\n\n\n\n<p><strong>MOBIILIGA PILDISTAMISE \u00d5PITUBA<\/strong><\/p>\n\n\n\n<figure class=\"wp-block-image\"><a href=\"https:\/\/muraste.ee\/vana\/wp-content\/uploads\/2023\/04\/Mobiiliga.jpg\"><img decoding=\"async\" loading=\"lazy\" width=\"724\" height=\"1024\" src=\"https:\/\/muraste.ee\/vana\/wp-content\/uploads\/2023\/04\/Mobiiliga-724x1024.jpg\" alt=\"\" class=\"wp-image-9694\" srcset=\"https:\/\/muraste.ee\/vana\/wp-content\/uploads\/2023\/04\/Mobiiliga-724x1024.jpg 724w, https:\/\/muraste.ee\/vana\/wp-content\/uploads\/2023\/04\/Mobiiliga-212x300.jpg 212w, https:\/\/muraste.ee\/vana\/wp-content\/uploads\/2023\/04\/Mobiiliga-768x1086.jpg 768w, https:\/\/muraste.ee\/vana\/wp-content\/uploads\/2023\/04\/Mobiiliga-1086x1536.jpg 1086w, https:\/\/muraste.ee\/vana\/wp-content\/uploads\/2023\/04\/Mobiiliga-1448x2048.jpg 1448w, https:\/\/muraste.ee\/vana\/wp-content\/uploads\/2023\/04\/Mobiiliga-624x883.jpg 624w, https:\/\/muraste.ee\/vana\/wp-content\/uploads\/2023\/04\/Mobiiliga.jpg 1587w\" sizes=\"(max-width: 724px) 100vw, 724px\" \/><\/a><\/figure>\n\n\n\n<p>Ilusa ilmaga pildistame ka \u00f5ues!<\/p>\n\n\n\n<p>Mobiiliga pildistada on imelihtne \u2013 kl\u00f5ps ja valmis.<br>Hea kvaliteedi, fookusega, kunstip\u00e4rased v\u00f5tted ja abivahendid, mis teevad fotost professionaalse foto \u2013 neid nippe \u00f5petab meile fotograaf ja koolitaja AIVAR PIHELGAS. Saame teada, milline on hea pildi saladus. P\u00fc\u00fcame harjutada, pildistame m\u00f5testatult ja vaatame, kuidas selle seadmega on v\u00f5imalik salvestada lisaks kujutisele ka emotsiooni ja ajalugu. Kuidas mobiiltelefoni k\u00e4sitseda? Vaatame mida telefoni p\u00fc\u00fctud piltidega on v\u00f5imalik veel edasi teha. Kuidas pildile anda lisav\u00e4\u00e4rtust.<br>Aivar Pihelgas on fotograaf ja fotograafia \u00f5petaja. Lisaks on ta tuntud kui kirglik r\u00e4ndaja, kes on koos oma kaameraga k\u00fclastanud paljusid p\u00f5nevaid paikasid maailmas.<br>Temalt on k\u00fcsitud, et kas maailma vaatamine l\u00e4bi fotokaamera kaadri pole piirav tegur reisilt t\u00e4ieliku emotsiooni saamiseks? Tema vastus on j\u00e4rgmine: \u201cKaamera kaader on nagu raam \u2013 sinna ei saa mahutada korraga k\u00f5ike! Pildistamine muudab hetke ajajoonel v\u00e4\u00e4rtuslikuks, paneb mu suhtuma olukordadesse m\u00f5testatult ja eristama olulist v\u00e4hemolulisest.<br>Aivar Pihelgas on raamatu \u201c Praktiline fotograafia\u201d (kirjastus Varrak 2014) autor. Tema koolitustest v\u00f5tavad igal aastal osa sajad inimesed, kes leiavad endas p\u00e4rast kursuseid tugevalt areneva fotograafiahuvi.<br>Vastus k\u00fcsimusele-Mis teeb sinu arvates fotost hea foto?<br>Hea foto on see, kui fotograaf on n\u00e4inud valgust. Fotograafia olemus on valgus. Kui fotograaf oskab n\u00e4ha valgust, siis see on k\u00f5ige alus. Teine on see, kuidas ta on osanud tabada hetke ja kolmas on see, kuidas ta on seda komponeerinud ehk kuidas ta paigutab selle, mida ta n\u00e4eb, piiratud kaadrisse. V\u00f5ib-olla k\u00f5ige enam meeldivad mulle need pildid, mis lisaks h\u00e4sti tabatud hetkele ja valgusele omavad emotsiooni ja lugu.&nbsp;<\/p>\n\n\n\n<p>UUS!&nbsp;<strong>BUSSIGA KIRNA M\u00d5ISA<\/strong><\/p>\n\n\n\n<p>23. MAI on v\u00f5imalus bussiga s\u00f5ita imekaunist tulpide v\u00e4lu imetlema<\/p>\n\n\n\n<p>KIRNA M\u00d5ISA<\/p>\n\n\n\n<p>bussid v\u00e4ljuvad: Tabasalust, Murastest, V\u00e4\u00e4nast ja Kumnast.<\/p>\n\n\n\n<p>Registreerimine: kumnakultuuriait@harku.ee<\/p>\n\n\n\n<figure class=\"wp-block-image\"><a href=\"https:\/\/muraste.ee\/vana\/wp-content\/uploads\/2023\/05\/Kirna.jpg\"><img decoding=\"async\" loading=\"lazy\" width=\"1024\" height=\"724\" src=\"https:\/\/muraste.ee\/vana\/wp-content\/uploads\/2023\/05\/Kirna-1024x724.jpg\" alt=\"\" class=\"wp-image-9773\" srcset=\"https:\/\/muraste.ee\/vana\/wp-content\/uploads\/2023\/05\/Kirna-1024x724.jpg 1024w, https:\/\/muraste.ee\/vana\/wp-content\/uploads\/2023\/05\/Kirna-300x212.jpg 300w, https:\/\/muraste.ee\/vana\/wp-content\/uploads\/2023\/05\/Kirna-768x543.jpg 768w, https:\/\/muraste.ee\/vana\/wp-content\/uploads\/2023\/05\/Kirna-1536x1086.jpg 1536w, https:\/\/muraste.ee\/vana\/wp-content\/uploads\/2023\/05\/Kirna-2048x1448.jpg 2048w, https:\/\/muraste.ee\/vana\/wp-content\/uploads\/2023\/05\/Kirna-624x441.jpg 624w\" sizes=\"(max-width: 1024px) 100vw, 1024px\" \/><\/a><\/figure>\n\n\n\n<p><strong>23. 05. 23<br>Osalustasu 40\u20ac<\/strong><br>Sisaldab sissep\u00e4\u00e4su, ekskursiooni koos giidiga, toitlustust ja transporti.<br>V\u00e4ljas\u00f5it<br>* Tabasalu raamatukogu parkla kl 09:50<br>* Muraste bussipeatus Kolmiku Konsumi poolel kl 10:00<br>* V\u00e4\u00e4na kooli bussipeatus kl 10:10<br>* Kumna Kultuuriait kl 10:20<br>* Kirna M\u00f5isas kl 11:50<br>* Kell 12:00-12:45 ekskursioon giidiga<br>* Kell 12:45 vaba aeg<br>* Kell 15:00 grupitoitlustus<br>* Kell 16:00 Koju tagasi<br>Lisainfo ja registreerimine kuni 19. maini.<br>tel. +372 5553 8009<br>kumnakultuuriait@harku.ee&nbsp;<\/p>\n\n\n\n<p><strong>Lastekaitsep\u00e4ev. LASTELUSTIPIDU<\/strong><\/p>\n\n\n\n<figure class=\"wp-block-image\"><a href=\"https:\/\/muraste.ee\/vana\/wp-content\/uploads\/2023\/05\/LASTELUSTIPIDU-1.jpg\"><img decoding=\"async\" loading=\"lazy\" width=\"1024\" height=\"724\" src=\"https:\/\/muraste.ee\/vana\/wp-content\/uploads\/2023\/05\/LASTELUSTIPIDU-1-1024x724.jpg\" alt=\"\" class=\"wp-image-9775\" srcset=\"https:\/\/muraste.ee\/vana\/wp-content\/uploads\/2023\/05\/LASTELUSTIPIDU-1-1024x724.jpg 1024w, https:\/\/muraste.ee\/vana\/wp-content\/uploads\/2023\/05\/LASTELUSTIPIDU-1-300x212.jpg 300w, https:\/\/muraste.ee\/vana\/wp-content\/uploads\/2023\/05\/LASTELUSTIPIDU-1-768x543.jpg 768w, https:\/\/muraste.ee\/vana\/wp-content\/uploads\/2023\/05\/LASTELUSTIPIDU-1-1536x1086.jpg 1536w, https:\/\/muraste.ee\/vana\/wp-content\/uploads\/2023\/05\/LASTELUSTIPIDU-1-2048x1448.jpg 2048w, https:\/\/muraste.ee\/vana\/wp-content\/uploads\/2023\/05\/LASTELUSTIPIDU-1-624x441.jpg 624w\" sizes=\"(max-width: 1024px) 100vw, 1024px\" \/><\/a><\/figure>\n\n\n\n<p><strong>SEE VAHVA P\u00c4EV TULEB J\u00c4LLE!<\/strong><\/p>\n\n\n\n<p><strong>\u00dcritus on tasuta.<\/strong><\/p>\n\n\n\n<p>Muraste kooli \u00f5ues on BATUUDID, kus saab l\u00f5putult h\u00fcpata.<br>K\u00fclla tulevad PIPI ja tema t\u00e4piline hobu T\u00c4PI.<br>Avatud on NIKERDAMISE ja k\u00e4sit\u00f6\u00f6 toad.<br>Kellade ja vilede saatel s\u00f5idab kooli\u00f5uele J\u00c4TSIABI.<br>Lapsed saavad muutuda kelleks iganes nad soovivad, sest N\u00c4OMAALIJA teeb 6 euro eest imesid.<br>Toimub suur LASTERIIETE KIRBUKAS.<\/p>\n\n\n\n<p>K\u00f5ik lapsed on oodatud!<\/p>\n\n\n\n<figure class=\"wp-block-image\"><a href=\"https:\/\/muraste.ee\/vana\/wp-content\/uploads\/2023\/05\/KIRBUKAS.jpg\"><img decoding=\"async\" loading=\"lazy\" width=\"1024\" height=\"724\" src=\"https:\/\/muraste.ee\/vana\/wp-content\/uploads\/2023\/05\/KIRBUKAS-1024x724.jpg\" alt=\"\" class=\"wp-image-9776\" srcset=\"https:\/\/muraste.ee\/vana\/wp-content\/uploads\/2023\/05\/KIRBUKAS-1024x724.jpg 1024w, https:\/\/muraste.ee\/vana\/wp-content\/uploads\/2023\/05\/KIRBUKAS-300x212.jpg 300w, https:\/\/muraste.ee\/vana\/wp-content\/uploads\/2023\/05\/KIRBUKAS-768x543.jpg 768w, https:\/\/muraste.ee\/vana\/wp-content\/uploads\/2023\/05\/KIRBUKAS-1536x1086.jpg 1536w, https:\/\/muraste.ee\/vana\/wp-content\/uploads\/2023\/05\/KIRBUKAS-2048x1448.jpg 2048w, https:\/\/muraste.ee\/vana\/wp-content\/uploads\/2023\/05\/KIRBUKAS-624x441.jpg 624w\" sizes=\"(max-width: 1024px) 100vw, 1024px\" \/><\/a><\/figure>\n\n\n\n<figure class=\"wp-block-image\"><a href=\"https:\/\/muraste.ee\/vana\/wp-content\/uploads\/2023\/05\/Kulapaev.jpg\"><img decoding=\"async\" loading=\"lazy\" width=\"1024\" height=\"724\" src=\"https:\/\/muraste.ee\/vana\/wp-content\/uploads\/2023\/05\/Kulapaev-1024x724.jpg\" alt=\"\" class=\"wp-image-9777\" srcset=\"https:\/\/muraste.ee\/vana\/wp-content\/uploads\/2023\/05\/Kulapaev-1024x724.jpg 1024w, https:\/\/muraste.ee\/vana\/wp-content\/uploads\/2023\/05\/Kulapaev-300x212.jpg 300w, https:\/\/muraste.ee\/vana\/wp-content\/uploads\/2023\/05\/Kulapaev-768x543.jpg 768w, https:\/\/muraste.ee\/vana\/wp-content\/uploads\/2023\/05\/Kulapaev-1536x1086.jpg 1536w, https:\/\/muraste.ee\/vana\/wp-content\/uploads\/2023\/05\/Kulapaev-2048x1448.jpg 2048w, https:\/\/muraste.ee\/vana\/wp-content\/uploads\/2023\/05\/Kulapaev-624x441.jpg 624w\" sizes=\"(max-width: 1024px) 100vw, 1024px\" \/><\/a><\/figure>\n","protected":false},"excerpt":{"rendered":"<p>N\u00e4dal 19 Tere, armas Muraste! Kaunid kevadilmad on meid r\u00f5\u00f5mustanud ja kolm toredat \u00fcritust sai eelmisel n\u00e4dalal tehtud. Kaunil jahedal, kuid p\u00e4ikesepaistelisel \u00f5htupoolikul kuulasime linnulaulu saatel Muraste k\u00fcla vanu saladusi, mis siiski p\u00e4evavalgele on tulnud. Laup\u00e4eval sai Muraste kooli \u00f5uel korrastatud kooliaed ja p\u00fchap\u00e4eval tembutas Pipi ning k\u00f5ik osalejad said pannkooki moosiga. T\u00e4nane soe p\u00e4ike<a class=\"moretag\" href=\"https:\/\/muraste.ee\/vana\/?page_id=9792\"><br \/>&#8230;Loe edasi<\/a><\/p>\n","protected":false},"author":2,"featured_media":0,"parent":0,"menu_order":0,"comment_status":"closed","ping_status":"closed","template":"nadalakava.php","meta":{"_bbp_topic_count":0,"_bbp_reply_count":0,"_bbp_total_topic_count":0,"_bbp_total_reply_count":0,"_bbp_voice_count":0,"_bbp_anonymous_reply_count":0,"_bbp_topic_count_hidden":0,"_bbp_reply_count_hidden":0,"_bbp_forum_subforum_count":0,"_mc_calendar":[]},"_links":{"self":[{"href":"https:\/\/muraste.ee\/vana\/index.php?rest_route=\/wp\/v2\/pages\/9792"}],"collection":[{"href":"https:\/\/muraste.ee\/vana\/index.php?rest_route=\/wp\/v2\/pages"}],"about":[{"href":"https:\/\/muraste.ee\/vana\/index.php?rest_route=\/wp\/v2\/types\/page"}],"author":[{"embeddable":true,"href":"https:\/\/muraste.ee\/vana\/index.php?rest_route=\/wp\/v2\/users\/2"}],"replies":[{"embeddable":true,"href":"https:\/\/muraste.ee\/vana\/index.php?rest_route=%2Fwp%2Fv2%2Fcomments&post=9792"}],"version-history":[{"count":1,"href":"https:\/\/muraste.ee\/vana\/index.php?rest_route=\/wp\/v2\/pages\/9792\/revisions"}],"predecessor-version":[{"id":9794,"href":"https:\/\/muraste.ee\/vana\/index.php?rest_route=\/wp\/v2\/pages\/9792\/revisions\/9794"}],"wp:attachment":[{"href":"https:\/\/muraste.ee\/vana\/index.php?rest_route=%2Fwp%2Fv2%2Fmedia&parent=9792"}],"curies":[{"name":"wp","href":"https:\/\/api.w.org\/{rel}","templated":true}]}}