{"id":9806,"date":"2023-05-29T12:41:00","date_gmt":"2023-05-29T09:41:00","guid":{"rendered":"https:\/\/muraste.ee\/vana\/?page_id=9806"},"modified":"2023-05-29T12:41:00","modified_gmt":"2023-05-29T09:41:00","slug":"nadal-22-7","status":"publish","type":"page","link":"https:\/\/muraste.ee\/vana\/?page_id=9806","title":{"rendered":"N\u00e4dal 22"},"content":{"rendered":"\n<p><img decoding=\"async\" loading=\"lazy\" width=\"624\" height=\"441\" src=\"https:\/\/muraste.ee\/vana\/wp-content\/uploads\/2023\/05\/Kulapaev-1-624x441.jpg\" alt=\"\" srcset=\"https:\/\/muraste.ee\/vana\/wp-content\/uploads\/2023\/05\/Kulapaev-1-624x441.jpg 624w, https:\/\/muraste.ee\/vana\/wp-content\/uploads\/2023\/05\/Kulapaev-1-300x212.jpg 300w, https:\/\/muraste.ee\/vana\/wp-content\/uploads\/2023\/05\/Kulapaev-1-1024x724.jpg 1024w, https:\/\/muraste.ee\/vana\/wp-content\/uploads\/2023\/05\/Kulapaev-1-768x543.jpg 768w, https:\/\/muraste.ee\/vana\/wp-content\/uploads\/2023\/05\/Kulapaev-1-1536x1086.jpg 1536w, https:\/\/muraste.ee\/vana\/wp-content\/uploads\/2023\/05\/Kulapaev-1-2048x1448.jpg 2048w\"><\/p>\n\n\n\n<h1 class=\"wp-block-heading\">N\u00e4dal 22<\/h1>\n\n\n\n<p>Tere, armas Muraste! Elame juba suures suves, \u00f5hus on niidetud muru l\u00f5hn, viimased tulbid annavad \u00f5itsemis\u00f5igused \u00fcle suvelilledele, p\u00e4ike on suviselt soe. Aga p\u00fchap\u00e4eval t\u00e4histab Harku Lastekaitse \u00fching koost\u00f6\u00f6s Muraste k\u00fclaseltsiga lastekaitsep\u00e4eva LASTELUSTI peoga. Oodatud on k\u00f5ik lapsed, emad, isad, vanavanemad.<\/p>\n\n\n\n<figure class=\"wp-block-image\"><a href=\"https:\/\/muraste.ee\/vana\/wp-content\/uploads\/2023\/05\/LASTELUSTIPIDU-1.jpg\"><img decoding=\"async\" loading=\"lazy\" width=\"1024\" height=\"724\" src=\"https:\/\/muraste.ee\/vana\/wp-content\/uploads\/2023\/05\/LASTELUSTIPIDU-1-1024x724.jpg\" alt=\"\" class=\"wp-image-9775\" srcset=\"https:\/\/muraste.ee\/vana\/wp-content\/uploads\/2023\/05\/LASTELUSTIPIDU-1-1024x724.jpg 1024w, https:\/\/muraste.ee\/vana\/wp-content\/uploads\/2023\/05\/LASTELUSTIPIDU-1-300x212.jpg 300w, https:\/\/muraste.ee\/vana\/wp-content\/uploads\/2023\/05\/LASTELUSTIPIDU-1-768x543.jpg 768w, https:\/\/muraste.ee\/vana\/wp-content\/uploads\/2023\/05\/LASTELUSTIPIDU-1-1536x1086.jpg 1536w, https:\/\/muraste.ee\/vana\/wp-content\/uploads\/2023\/05\/LASTELUSTIPIDU-1-2048x1448.jpg 2048w, https:\/\/muraste.ee\/vana\/wp-content\/uploads\/2023\/05\/LASTELUSTIPIDU-1-624x441.jpg 624w\" sizes=\"(max-width: 1024px) 100vw, 1024px\" \/><\/a><\/figure>\n\n\n\n<p><strong>SEE VAHVA P\u00c4EV TULEB J\u00c4LLE!<\/strong><\/p>\n\n\n\n<p><strong>\u00dcritus on tasuta.<\/strong><\/p>\n\n\n\n<p>Muraste kooli \u00f5ues on BATUUDID, kus saab l\u00f5putult h\u00fcpata.<br>K\u00fclla tulevad PIPI ja tema t\u00e4piline hobu T\u00c4PI.<br>Avatud on NIKERDAMISE ja k\u00e4sit\u00f6\u00f6 toad.<br>Kellade ja vilede saatel s\u00f5idab kooli\u00f5uele J\u00c4TSIABI.<br>Lapsed saavad muutuda kelleks iganes nad soovivad, sest N\u00c4OMAALIJA teeb 6 euro eest imesid.<br><strong>Toimub suur LASTERIIETE KIRBUKAS.<\/strong><\/p>\n\n\n\n<p>K\u00f5ik lapsed on oodatud!<\/p>\n\n\n\n<figure class=\"wp-block-image\"><a href=\"https:\/\/muraste.ee\/vana\/wp-content\/uploads\/2023\/05\/KIRBUKAS.jpg\"><img decoding=\"async\" loading=\"lazy\" width=\"1024\" height=\"724\" src=\"https:\/\/muraste.ee\/vana\/wp-content\/uploads\/2023\/05\/KIRBUKAS-1024x724.jpg\" alt=\"\" class=\"wp-image-9776\" srcset=\"https:\/\/muraste.ee\/vana\/wp-content\/uploads\/2023\/05\/KIRBUKAS-1024x724.jpg 1024w, https:\/\/muraste.ee\/vana\/wp-content\/uploads\/2023\/05\/KIRBUKAS-300x212.jpg 300w, https:\/\/muraste.ee\/vana\/wp-content\/uploads\/2023\/05\/KIRBUKAS-768x543.jpg 768w, https:\/\/muraste.ee\/vana\/wp-content\/uploads\/2023\/05\/KIRBUKAS-1536x1086.jpg 1536w, https:\/\/muraste.ee\/vana\/wp-content\/uploads\/2023\/05\/KIRBUKAS-2048x1448.jpg 2048w, https:\/\/muraste.ee\/vana\/wp-content\/uploads\/2023\/05\/KIRBUKAS-624x441.jpg 624w\" sizes=\"(max-width: 1024px) 100vw, 1024px\" \/><\/a><\/figure>\n\n\n\n<p>UUS!&nbsp;<strong>BRAD JURJENSI KITARRI WORKSHOP<\/strong><\/p>\n\n\n\n<p><strong>13, 14, 15 JUUNI kell 18.00-21.00<\/strong><\/p>\n\n\n\n<p>Muraste k\u00fclaseltsis (Lee tee 9)<\/p>\n\n\n\n<p>Pilet: 75.00 eur\/ 1 p\u00e4ev<\/p>\n\n\n\n<p><strong>Registreeri: muraste@muraste.ee<\/strong><\/p>\n\n\n\n<figure class=\"wp-block-image\"><a href=\"https:\/\/muraste.ee\/vana\/wp-content\/uploads\/2023\/05\/Kitarri-suvelaager-2.jpg\"><img decoding=\"async\" loading=\"lazy\" width=\"819\" height=\"1024\" src=\"https:\/\/muraste.ee\/vana\/wp-content\/uploads\/2023\/05\/Kitarri-suvelaager-2-819x1024.jpg\" alt=\"\" class=\"wp-image-9798\" srcset=\"https:\/\/muraste.ee\/vana\/wp-content\/uploads\/2023\/05\/Kitarri-suvelaager-2-819x1024.jpg 819w, https:\/\/muraste.ee\/vana\/wp-content\/uploads\/2023\/05\/Kitarri-suvelaager-2-240x300.jpg 240w, https:\/\/muraste.ee\/vana\/wp-content\/uploads\/2023\/05\/Kitarri-suvelaager-2-768x960.jpg 768w, https:\/\/muraste.ee\/vana\/wp-content\/uploads\/2023\/05\/Kitarri-suvelaager-2-624x780.jpg 624w, https:\/\/muraste.ee\/vana\/wp-content\/uploads\/2023\/05\/Kitarri-suvelaager-2.jpg 1080w\" sizes=\"(max-width: 819px) 100vw, 819px\" \/><\/a><\/figure>\n\n\n\n<p><strong>Brad Jurjens\u2019i kitarriworkshop.<\/strong><\/p>\n\n\n\n<p>Vajalik registreerimine: muraste@muraste.ee<br>Kohtade arv on piiratud \/ 8 in. p\u00e4evas.<\/p>\n\n\n\n<p>Seminarid\/workshopid toimuvad iga p\u00e4ev kell 18-21.<br>P\u00e4evapilet maksab 75 eurot.<\/p>\n\n\n\n<p>13, 14 ja 15. juunil toimuvad Muraste seltsimajas \u00fche eesti parima kitarristi Brad Jurjens\u2019i seminarid ja workshopid.<br>Keskendutakse erinevatele elektri,-akustilise-ja basskitarri tehnikatele nii algajaile kui edasij\u00f5udnutele.<br>* Toimub kitarrikliinik: kohal on k\u00f5ik Bradi instrumendid huvilistele proovida ja m\u00e4ngida.<br>* P\u00fcsti on ka stuudiotehnika, et iga\u00fcks saaks soovi korral endale midagi m\u00e4lestuseks salvestada.<br>* Soovi korral v\u00f5ta kaasa oma kitarr<br>* Kerge eine ja joogid on hinna sees.<\/p>\n\n\n\n<p><strong>MURASTE K\u00dcLAP\u00c4EV<\/strong><\/p>\n\n\n\n<p><strong>29. JUULI<\/strong><\/p>\n\n\n\n<p>LOTTEMAA<\/p>\n\n\n\n<p>BATUUDID<\/p>\n\n\n\n<p>T\u00d5UKSIRETK Merik\u00fclla kontserdile<\/p>\n\n\n\n<figure class=\"wp-block-image\"><a href=\"https:\/\/muraste.ee\/vana\/wp-content\/uploads\/2023\/05\/o-1.jpg\"><img decoding=\"async\" loading=\"lazy\" width=\"1024\" height=\"724\" src=\"https:\/\/muraste.ee\/vana\/wp-content\/uploads\/2023\/05\/o-1-1024x724.jpg\" alt=\"\" class=\"wp-image-9799\" srcset=\"https:\/\/muraste.ee\/vana\/wp-content\/uploads\/2023\/05\/o-1-1024x724.jpg 1024w, https:\/\/muraste.ee\/vana\/wp-content\/uploads\/2023\/05\/o-1-300x212.jpg 300w, https:\/\/muraste.ee\/vana\/wp-content\/uploads\/2023\/05\/o-1-768x543.jpg 768w, https:\/\/muraste.ee\/vana\/wp-content\/uploads\/2023\/05\/o-1-1536x1086.jpg 1536w, https:\/\/muraste.ee\/vana\/wp-content\/uploads\/2023\/05\/o-1-2048x1448.jpg 2048w, https:\/\/muraste.ee\/vana\/wp-content\/uploads\/2023\/05\/o-1-624x441.jpg 624w\" sizes=\"(max-width: 1024px) 100vw, 1024px\" \/><\/a><\/figure>\n\n\n\n<p><strong>MURASTE \u2013 MERIK\u00dcLA K\u00dcLAP\u00c4EV<\/strong><br><strong>kell 12.00 \u2013 18.00<br>Muraste kooli \u00f5uel (Lee tee 9)<\/strong><\/p>\n\n\n\n<p><strong>kell 12.00 LOTTEMAA KONTSERT<\/strong><br>Lotte esineb koos oma s\u00f5braga, m\u00e4ngivad ja laulavad koos lastega<br>H\u00fcppamiseks on 1 SUUR BATUUT ja 1 V\u00c4IKE BATUUT<br>Jahutust pakub J\u00c4TSIABI<br>Laheda N\u00c4OMAALINGU saab 6.00 euri eest<\/p>\n\n\n\n<p><strong>kell 14.00 algab T\u00d5UKSIRETK Muraste-Merik\u00fcla<\/strong><br>Muraste kooli juurest saab laenutada mehaanilisi T\u00d5UKERATTAID nii lastele kui t\u00e4iskasvanutele.<br><strong>EEELREGISTREERIMINE: muraste@muraste.ee<\/strong><\/p>\n\n\n\n<p>Retk kulgeb l\u00e4bi Suurupi metsaradade MERIK\u00dcLLA, kus toimub<br><strong>kell 16.00 KATUSEKONTSERT<br>Esineb orkester TABASALU BR\u00c4SS<br>Avatud on KOHVIK.<\/strong><\/p>\n\n\n\n<p>Retke juhib VAL RAJASAAR, kellel on varuks r\u00e4\u00e4kida palju Muraste k\u00fcla ja m\u00f5isa SALADUSI.<\/p>\n\n\n\n<p>T\u00f5ukeratastega on v\u00f5imalik s\u00f5ita tagasi Merik\u00fcla-Muraste, aga kokkuleppel saab rattad j\u00e4tta Merik\u00fclla.<video controls=\"\" src=\"https:\/\/muraste.ee\/vana\/wp-content\/uploads\/2023\/05\/Muraste-kulapaev.mp4\"><\/video><\/p>\n\n\n\n<p><strong>\u00d6\u00d6KINO \u2013 AUTOKINO<\/strong><\/p>\n\n\n\n<p><strong>Paeplatsil kell 22.00<\/strong><\/p>\n\n\n\n<figure class=\"wp-block-image\"><a href=\"https:\/\/muraste.ee\/vana\/wp-content\/uploads\/2023\/05\/o.jpg\"><img decoding=\"async\" loading=\"lazy\" width=\"1024\" height=\"724\" src=\"https:\/\/muraste.ee\/vana\/wp-content\/uploads\/2023\/05\/o-1024x724.jpg\" alt=\"\" class=\"wp-image-9800\" srcset=\"https:\/\/muraste.ee\/vana\/wp-content\/uploads\/2023\/05\/o-1024x724.jpg 1024w, https:\/\/muraste.ee\/vana\/wp-content\/uploads\/2023\/05\/o-300x212.jpg 300w, https:\/\/muraste.ee\/vana\/wp-content\/uploads\/2023\/05\/o-768x543.jpg 768w, https:\/\/muraste.ee\/vana\/wp-content\/uploads\/2023\/05\/o-1536x1086.jpg 1536w, https:\/\/muraste.ee\/vana\/wp-content\/uploads\/2023\/05\/o-2048x1448.jpg 2048w, https:\/\/muraste.ee\/vana\/wp-content\/uploads\/2023\/05\/o-624x441.jpg 624w\" sizes=\"(max-width: 1024px) 100vw, 1024px\" \/><\/a><\/figure>\n\n\n\n<p><strong>MURASTE K\u00dcLAP\u00c4EV<br>kell 22.00<br>Muraste PAEPLATSIL<br>M\u00fc\u00fcme pop corni, coca cola ja suupisteid.<br>V\u00f5ta kaasa oma PIKNIKUKORV ja veeda enneolematu \u00f5htu AUTOKINOS!<\/strong><\/p>\n\n\n\n<p>Pilet: 5.00 \/ in. v\u00f5imalik osta koos VisitHarku&nbsp;<a href=\"https:\/\/pilet.pro\/toode\/autokino-murastes\/?fbclid=IwAR0IlpULHSuxSV6moa0D7v5wNLRGjLaYwfOztVkZ1Hy4B7JNfiyRyyoO4kE\" rel=\"noreferrer noopener\" target=\"_blank\">https:\/\/pilet.pro\/toode\/autokino-murastes\/<\/a><\/p>\n\n\n\n<p>Film ei ole sobilik lastele.<\/p>\n\n\n\n<p>Palume kinok\u00fclastajatel varakult kohal olla, et leida autodele sobilikud asukohad.<br>Autokinno juhatavad tee\u00e4\u00e4rsed viidad.<br>Autode liikumist reguleerib reguleerija.<br>Piletid saab osta platsile sisses\u00f5idul.<br>LED ekraan on 5 x 3 m.<br>Filmi heli tuleb autoraadiost.<br>Film on eesti keelsete subtiitritega.<\/p>\n\n\n\n<p>TUTVUSTUS:<br>Sundance\u00b4i filmifestivalil esilinastunud t\u00f5sieluline draama legendaarse pornostaari Linda Lovelace\u2019i elust ja isiklikust trag\u00f6\u00f6diast. Nimiosas Amanda Seyfried, re\u017eiss\u00f6\u00f6rideks 2010. aasta indie-hiti \u201cHowl\u201d autorid Oscari-v\u00f5itja Rob Epstein (\u201cThe Times of Harvey Milk\u201d, 1984) ja Jeffrey Friedman.<\/p>\n\n\n\n<p>LOVELACE toob vaatajateni 1970. aastate legendaarse pornostaari Linda Lovelace\u2019i loo, kelle t\u00e4helend sai alguse kurikuulsast 1972. aasta hardcore pornofilmist \u201cDeep Throat\u201d, millest on kujunenud \u00fcks k\u00f5igi aegade legendaarsemaid ja suurima kassatuluga pornofilme.<\/p>\n\n\n\n<p>Linda Lovelace oli kunagi tavaline Florida koolit\u00fcdruk nimega Linda Susan Boreman, kellest sai peale isehakanud filmitegija Chuck Traynoriga (Peter Sarsgaard, \u201cJarhead\u201d, 2005) tutvumist maailmakuulus pornostaar. 1980. aastatel j\u00e4ttis Linda pornot\u00f6\u00f6stuse selja taha ning lahutas v\u00e4givaldsete kalduvustega Traynorist, keda ta s\u00fc\u00fcdistas oma naiivsuse \u00e4rakasutamises ning pornofilmidesse ja prostitutsiooni meelitamises. Hiljem sai Lindast \u00fcks feministliku pornograafiavastase v\u00f5itluse eestk\u00f5nelejatest.<\/p>\n\n\n\n<p>Osades: Amanda Seyfried, Peter Sarsgaard, Sharon Stone, Robert Patrick, Chris Noth, Hank Azaria, Chlo\u00eb Sevigny, James Franco, Eric Roberts jpt.&nbsp;<video controls=\"\" src=\"https:\/\/muraste.ee\/vana\/wp-content\/uploads\/2023\/05\/FILM-Lovelace.mp4\"><\/video><\/p>\n\n\n\n<figure class=\"wp-block-image\"><a href=\"https:\/\/muraste.ee\/vana\/wp-content\/uploads\/2023\/05\/Kodukohvikud.jpg\"><img decoding=\"async\" loading=\"lazy\" width=\"1024\" height=\"577\" src=\"https:\/\/muraste.ee\/vana\/wp-content\/uploads\/2023\/05\/Kodukohvikud-1024x577.jpg\" alt=\"\" class=\"wp-image-9782\" srcset=\"https:\/\/muraste.ee\/vana\/wp-content\/uploads\/2023\/05\/Kodukohvikud-1024x577.jpg 1024w, https:\/\/muraste.ee\/vana\/wp-content\/uploads\/2023\/05\/Kodukohvikud-300x169.jpg 300w, https:\/\/muraste.ee\/vana\/wp-content\/uploads\/2023\/05\/Kodukohvikud-768x433.jpg 768w, https:\/\/muraste.ee\/vana\/wp-content\/uploads\/2023\/05\/Kodukohvikud-1536x866.jpg 1536w, https:\/\/muraste.ee\/vana\/wp-content\/uploads\/2023\/05\/Kodukohvikud-624x352.jpg 624w, https:\/\/muraste.ee\/vana\/wp-content\/uploads\/2023\/05\/Kodukohvikud-128x72.jpg 128w, https:\/\/muraste.ee\/vana\/wp-content\/uploads\/2023\/05\/Kodukohvikud.jpg 2048w\" sizes=\"(max-width: 1024px) 100vw, 1024px\" \/><\/a><\/figure>\n\n\n\n<figure class=\"wp-block-image\"><a href=\"https:\/\/muraste.ee\/vana\/wp-content\/uploads\/2023\/05\/SAUN.jpg\"><img decoding=\"async\" loading=\"lazy\" width=\"1024\" height=\"577\" src=\"https:\/\/muraste.ee\/vana\/wp-content\/uploads\/2023\/05\/SAUN-1024x577.jpg\" alt=\"\" class=\"wp-image-9783\" srcset=\"https:\/\/muraste.ee\/vana\/wp-content\/uploads\/2023\/05\/SAUN-1024x577.jpg 1024w, https:\/\/muraste.ee\/vana\/wp-content\/uploads\/2023\/05\/SAUN-300x169.jpg 300w, https:\/\/muraste.ee\/vana\/wp-content\/uploads\/2023\/05\/SAUN-768x433.jpg 768w, https:\/\/muraste.ee\/vana\/wp-content\/uploads\/2023\/05\/SAUN-1536x866.jpg 1536w, https:\/\/muraste.ee\/vana\/wp-content\/uploads\/2023\/05\/SAUN-624x352.jpg 624w, https:\/\/muraste.ee\/vana\/wp-content\/uploads\/2023\/05\/SAUN-128x72.jpg 128w, https:\/\/muraste.ee\/vana\/wp-content\/uploads\/2023\/05\/SAUN.jpg 2048w\" sizes=\"(max-width: 1024px) 100vw, 1024px\" \/><\/a><\/figure>\n","protected":false},"excerpt":{"rendered":"<p>N\u00e4dal 22 Tere, armas Muraste! Elame juba suures suves, \u00f5hus on niidetud muru l\u00f5hn, viimased tulbid annavad \u00f5itsemis\u00f5igused \u00fcle suvelilledele, p\u00e4ike on suviselt soe. Aga p\u00fchap\u00e4eval t\u00e4histab Harku Lastekaitse \u00fching koost\u00f6\u00f6s Muraste k\u00fclaseltsiga lastekaitsep\u00e4eva LASTELUSTI peoga. Oodatud on k\u00f5ik lapsed, emad, isad, vanavanemad. SEE VAHVA P\u00c4EV TULEB J\u00c4LLE! \u00dcritus on tasuta. Muraste kooli \u00f5ues on<a class=\"moretag\" href=\"https:\/\/muraste.ee\/vana\/?page_id=9806\"><br \/>&#8230;Loe edasi<\/a><\/p>\n","protected":false},"author":2,"featured_media":0,"parent":0,"menu_order":0,"comment_status":"closed","ping_status":"closed","template":"nadalakava.php","meta":{"_bbp_topic_count":0,"_bbp_reply_count":0,"_bbp_total_topic_count":0,"_bbp_total_reply_count":0,"_bbp_voice_count":0,"_bbp_anonymous_reply_count":0,"_bbp_topic_count_hidden":0,"_bbp_reply_count_hidden":0,"_bbp_forum_subforum_count":0,"_mc_calendar":[]},"_links":{"self":[{"href":"https:\/\/muraste.ee\/vana\/index.php?rest_route=\/wp\/v2\/pages\/9806"}],"collection":[{"href":"https:\/\/muraste.ee\/vana\/index.php?rest_route=\/wp\/v2\/pages"}],"about":[{"href":"https:\/\/muraste.ee\/vana\/index.php?rest_route=\/wp\/v2\/types\/page"}],"author":[{"embeddable":true,"href":"https:\/\/muraste.ee\/vana\/index.php?rest_route=\/wp\/v2\/users\/2"}],"replies":[{"embeddable":true,"href":"https:\/\/muraste.ee\/vana\/index.php?rest_route=%2Fwp%2Fv2%2Fcomments&post=9806"}],"version-history":[{"count":1,"href":"https:\/\/muraste.ee\/vana\/index.php?rest_route=\/wp\/v2\/pages\/9806\/revisions"}],"predecessor-version":[{"id":9808,"href":"https:\/\/muraste.ee\/vana\/index.php?rest_route=\/wp\/v2\/pages\/9806\/revisions\/9808"}],"wp:attachment":[{"href":"https:\/\/muraste.ee\/vana\/index.php?rest_route=%2Fwp%2Fv2%2Fmedia&parent=9806"}],"curies":[{"name":"wp","href":"https:\/\/api.w.org\/{rel}","templated":true}]}}