{"id":9861,"date":"2023-06-19T19:51:43","date_gmt":"2023-06-19T16:51:43","guid":{"rendered":"https:\/\/muraste.ee\/vana\/?page_id=9861"},"modified":"2023-06-19T19:51:43","modified_gmt":"2023-06-19T16:51:43","slug":"nadal-25-4","status":"publish","type":"page","link":"https:\/\/muraste.ee\/vana\/?page_id=9861","title":{"rendered":"N\u00e4dal 25"},"content":{"rendered":"\n<p><img decoding=\"async\" loading=\"lazy\" width=\"624\" height=\"416\" src=\"https:\/\/muraste.ee\/vana\/wp-content\/uploads\/2023\/06\/bicycle-788733_1280-624x416.jpg\" alt=\"\" srcset=\"https:\/\/muraste.ee\/vana\/wp-content\/uploads\/2023\/06\/bicycle-788733_1280-624x416.jpg 624w, https:\/\/muraste.ee\/vana\/wp-content\/uploads\/2023\/06\/bicycle-788733_1280-300x200.jpg 300w, https:\/\/muraste.ee\/vana\/wp-content\/uploads\/2023\/06\/bicycle-788733_1280-1024x682.jpg 1024w, https:\/\/muraste.ee\/vana\/wp-content\/uploads\/2023\/06\/bicycle-788733_1280-768x512.jpg 768w, https:\/\/muraste.ee\/vana\/wp-content\/uploads\/2023\/06\/bicycle-788733_1280.jpg 1280w\"><\/p>\n\n\n\n<h1 class=\"wp-block-heading\"><\/h1>\n\n\n\n<p>Tere, armas Muraste! Suur suvi on k\u00e4es ja oleme Jaanide ootuses. Muraste k\u00fclaseltsis s\u00fcndis just uus rahvamuusikute punt, mis sai nimeks Muraste Kortsmoonikud<\/p>\n\n\n\n<figure class=\"wp-block-image\"><a href=\"https:\/\/muraste.ee\/vana\/wp-content\/uploads\/2023\/06\/20230618_135355-scaled.jpg\"><img decoding=\"async\" loading=\"lazy\" width=\"1024\" height=\"949\" src=\"https:\/\/muraste.ee\/vana\/wp-content\/uploads\/2023\/06\/20230618_135355-1024x949.jpg\" alt=\"\" class=\"wp-image-9843\" srcset=\"https:\/\/muraste.ee\/vana\/wp-content\/uploads\/2023\/06\/20230618_135355-1024x949.jpg 1024w, https:\/\/muraste.ee\/vana\/wp-content\/uploads\/2023\/06\/20230618_135355-300x278.jpg 300w, https:\/\/muraste.ee\/vana\/wp-content\/uploads\/2023\/06\/20230618_135355-768x712.jpg 768w, https:\/\/muraste.ee\/vana\/wp-content\/uploads\/2023\/06\/20230618_135355-1536x1424.jpg 1536w, https:\/\/muraste.ee\/vana\/wp-content\/uploads\/2023\/06\/20230618_135355-2048x1898.jpg 2048w, https:\/\/muraste.ee\/vana\/wp-content\/uploads\/2023\/06\/20230618_135355-624x578.jpg 624w\" sizes=\"(max-width: 1024px) 100vw, 1024px\" \/><\/a><\/figure>\n\n\n\n<p>Jaanuaris 2023 kuulutas Muraste k\u00fclaselts, et ootame \u00f5ppima karmoshka huvilisi. Kohale tuldi Murastest, Tabasalust, V\u00e4\u00e4nast ja Suurupist. \u00d5petaja Katrin L\u00e4ll oli \u00f5petanud juba aasta kahte Muraste poissi karmoskat m\u00e4ngima ja n\u00e4hes kui innukalt nad \u00f5pivad ja kui edukad nad \u00f5pingutes on ning juba mitmetel Muraste pidudel esinetud. Seega tuligi idee pakkuda v\u00f5imalust \u00f5ppimiseks ka t\u00e4iskasvanutele. Saatuse tahtel saime rentida karmoshkad Viljandist tuntud karmoshka \u00f5petajalt Piret Ausilt. \u00d5petaja olemas, pillid olemas ja huvilised ka, nii me alustasimegi. Esimene esinemine toimuski p\u00fchap\u00e4eval Kumna Laste Jaanitulel. Ruttu sai v\u00e4lja m\u00f5eldud rahvamuusikutele nimi . Muraste Kortsmoonikud. Peol esineti mitmete populaarsete lugudega nagu \u201cOma laulu ei leia\u2026\u201d, mille uuesti on kuulsaks laulnud ansambel Metsat\u00f6ll, \u201cKevade valss\u201d, mis on tuntud filmist \u201cSuvi\u201d ja paljude setomaalt p\u00e4rit karmoshka lugudega. Ees on suvi ja esinemised mitmetel koduaia pidudel. S\u00fcgisel ootame uusi karmoshka \u00f5pilasi Muraste k\u00fclaseltsi. V\u00f5ivad tulla igas vanuses huvilised, nii need, kellel on juba pill kui need, kellel pole.<\/p>\n\n\n\n<figure class=\"wp-block-image\"><a href=\"https:\/\/muraste.ee\/vana\/wp-content\/uploads\/2023\/06\/20230618_133522.jpg\"><img decoding=\"async\" loading=\"lazy\" width=\"1024\" height=\"337\" src=\"https:\/\/muraste.ee\/vana\/wp-content\/uploads\/2023\/06\/20230618_133522-1024x337.jpg\" alt=\"\" class=\"wp-image-9844\" srcset=\"https:\/\/muraste.ee\/vana\/wp-content\/uploads\/2023\/06\/20230618_133522-1024x337.jpg 1024w, https:\/\/muraste.ee\/vana\/wp-content\/uploads\/2023\/06\/20230618_133522-300x99.jpg 300w, https:\/\/muraste.ee\/vana\/wp-content\/uploads\/2023\/06\/20230618_133522-768x253.jpg 768w, https:\/\/muraste.ee\/vana\/wp-content\/uploads\/2023\/06\/20230618_133522-1536x505.jpg 1536w, https:\/\/muraste.ee\/vana\/wp-content\/uploads\/2023\/06\/20230618_133522-624x205.jpg 624w, https:\/\/muraste.ee\/vana\/wp-content\/uploads\/2023\/06\/20230618_133522.jpg 1872w\" sizes=\"(max-width: 1024px) 100vw, 1024px\" \/><\/a><\/figure>\n\n\n\n<figure class=\"wp-block-embed is-type-rich is-provider-embed-handler wp-block-embed-embed-handler\"><div class=\"wp-block-embed__wrapper\">\nhttps:\/\/youtube.com\/watch?v=GJr73aubQDU%3Ffeature%3Doembed\n<\/div><\/figure>\n\n\n\n<p><strong>HARKU VALLA K\u00dcLADEN\u00c4DAL 2023<\/strong><\/p>\n\n\n\n<p><strong>21.- 30. JUULI<\/strong><\/p>\n\n\n\n<figure class=\"wp-block-image\"><a href=\"https:\/\/muraste.ee\/vana\/wp-content\/uploads\/2023\/06\/kodukohvikud-1.jpg\"><img decoding=\"async\" loading=\"lazy\" width=\"724\" height=\"1024\" src=\"https:\/\/muraste.ee\/vana\/wp-content\/uploads\/2023\/06\/kodukohvikud-1-724x1024.jpg\" alt=\"\" class=\"wp-image-9850\" srcset=\"https:\/\/muraste.ee\/vana\/wp-content\/uploads\/2023\/06\/kodukohvikud-1-724x1024.jpg 724w, https:\/\/muraste.ee\/vana\/wp-content\/uploads\/2023\/06\/kodukohvikud-1-212x300.jpg 212w, https:\/\/muraste.ee\/vana\/wp-content\/uploads\/2023\/06\/kodukohvikud-1-768x1086.jpg 768w, https:\/\/muraste.ee\/vana\/wp-content\/uploads\/2023\/06\/kodukohvikud-1-1086x1536.jpg 1086w, https:\/\/muraste.ee\/vana\/wp-content\/uploads\/2023\/06\/kodukohvikud-1-1448x2048.jpg 1448w, https:\/\/muraste.ee\/vana\/wp-content\/uploads\/2023\/06\/kodukohvikud-1-624x883.jpg 624w, https:\/\/muraste.ee\/vana\/wp-content\/uploads\/2023\/06\/kodukohvikud-1.jpg 1587w\" sizes=\"(max-width: 724px) 100vw, 724px\" \/><\/a><\/figure>\n\n\n\n<p><strong>ROHKEM INFOT:<\/strong><\/p>\n\n\n\n<figure class=\"wp-block-embed\"><div class=\"wp-block-embed__wrapper\">\nhttps:\/\/visitharku.com\/artikkel\/harku-valla-avatud-kylade-nadal-2023.html?fbclid=IwAR06Go8w-Tq55lLmS0iw1FmLgdpvBsmS8EcO82Htv9UU19nNeCKhgaSdD8E\n<\/div><\/figure>\n\n\n\n<figure class=\"wp-block-image\"><a href=\"https:\/\/muraste.ee\/vana\/wp-content\/uploads\/2023\/06\/Muraste-1.jpg\"><img decoding=\"async\" loading=\"lazy\" width=\"724\" height=\"1024\" src=\"https:\/\/muraste.ee\/vana\/wp-content\/uploads\/2023\/06\/Muraste-1-724x1024.jpg\" alt=\"\" class=\"wp-image-9847\" srcset=\"https:\/\/muraste.ee\/vana\/wp-content\/uploads\/2023\/06\/Muraste-1-724x1024.jpg 724w, https:\/\/muraste.ee\/vana\/wp-content\/uploads\/2023\/06\/Muraste-1-212x300.jpg 212w, https:\/\/muraste.ee\/vana\/wp-content\/uploads\/2023\/06\/Muraste-1-768x1087.jpg 768w, https:\/\/muraste.ee\/vana\/wp-content\/uploads\/2023\/06\/Muraste-1-1085x1536.jpg 1085w, https:\/\/muraste.ee\/vana\/wp-content\/uploads\/2023\/06\/Muraste-1-624x883.jpg 624w, https:\/\/muraste.ee\/vana\/wp-content\/uploads\/2023\/06\/Muraste-1.jpg 1447w\" sizes=\"(max-width: 724px) 100vw, 724px\" \/><\/a><\/figure>\n\n\n\n<figure class=\"wp-block-image\"><a href=\"https:\/\/muraste.ee\/vana\/wp-content\/uploads\/2023\/06\/o-1.jpg\"><img decoding=\"async\" loading=\"lazy\" width=\"1024\" height=\"724\" src=\"https:\/\/muraste.ee\/vana\/wp-content\/uploads\/2023\/06\/o-1-1024x724.jpg\" alt=\"\" class=\"wp-image-9848\" srcset=\"https:\/\/muraste.ee\/vana\/wp-content\/uploads\/2023\/06\/o-1-1024x724.jpg 1024w, https:\/\/muraste.ee\/vana\/wp-content\/uploads\/2023\/06\/o-1-300x212.jpg 300w, https:\/\/muraste.ee\/vana\/wp-content\/uploads\/2023\/06\/o-1-768x543.jpg 768w, https:\/\/muraste.ee\/vana\/wp-content\/uploads\/2023\/06\/o-1-1536x1086.jpg 1536w, https:\/\/muraste.ee\/vana\/wp-content\/uploads\/2023\/06\/o-1-2048x1448.jpg 2048w, https:\/\/muraste.ee\/vana\/wp-content\/uploads\/2023\/06\/o-1-624x441.jpg 624w\" sizes=\"(max-width: 1024px) 100vw, 1024px\" \/><\/a><\/figure>\n\n\n\n<figure class=\"wp-block-image\"><a href=\"https:\/\/muraste.ee\/vana\/wp-content\/uploads\/2023\/06\/Muraste-Merikula.jpg\"><img decoding=\"async\" loading=\"lazy\" width=\"724\" height=\"1024\" src=\"https:\/\/muraste.ee\/vana\/wp-content\/uploads\/2023\/06\/Muraste-Merikula-724x1024.jpg\" alt=\"\" class=\"wp-image-9849\" srcset=\"https:\/\/muraste.ee\/vana\/wp-content\/uploads\/2023\/06\/Muraste-Merikula-724x1024.jpg 724w, https:\/\/muraste.ee\/vana\/wp-content\/uploads\/2023\/06\/Muraste-Merikula-212x300.jpg 212w, https:\/\/muraste.ee\/vana\/wp-content\/uploads\/2023\/06\/Muraste-Merikula-768x1087.jpg 768w, https:\/\/muraste.ee\/vana\/wp-content\/uploads\/2023\/06\/Muraste-Merikula-1085x1536.jpg 1085w, https:\/\/muraste.ee\/vana\/wp-content\/uploads\/2023\/06\/Muraste-Merikula-624x883.jpg 624w, https:\/\/muraste.ee\/vana\/wp-content\/uploads\/2023\/06\/Muraste-Merikula.jpg 1447w\" sizes=\"(max-width: 724px) 100vw, 724px\" \/><\/a><\/figure>\n\n\n\n<figure class=\"wp-block-image\"><a href=\"https:\/\/muraste.ee\/vana\/wp-content\/uploads\/2023\/05\/o.jpg\"><img decoding=\"async\" loading=\"lazy\" width=\"1024\" height=\"724\" src=\"https:\/\/muraste.ee\/vana\/wp-content\/uploads\/2023\/05\/o-1024x724.jpg\" alt=\"\" class=\"wp-image-9800\" srcset=\"https:\/\/muraste.ee\/vana\/wp-content\/uploads\/2023\/05\/o-1024x724.jpg 1024w, https:\/\/muraste.ee\/vana\/wp-content\/uploads\/2023\/05\/o-300x212.jpg 300w, https:\/\/muraste.ee\/vana\/wp-content\/uploads\/2023\/05\/o-768x543.jpg 768w, https:\/\/muraste.ee\/vana\/wp-content\/uploads\/2023\/05\/o-1536x1086.jpg 1536w, https:\/\/muraste.ee\/vana\/wp-content\/uploads\/2023\/05\/o-2048x1448.jpg 2048w, https:\/\/muraste.ee\/vana\/wp-content\/uploads\/2023\/05\/o-624x441.jpg 624w\" sizes=\"(max-width: 1024px) 100vw, 1024px\" \/><\/a><\/figure>\n\n\n\n<figure class=\"wp-block-image\"><a href=\"https:\/\/muraste.ee\/vana\/wp-content\/uploads\/2023\/06\/29.jpg\"><img decoding=\"async\" loading=\"lazy\" width=\"1024\" height=\"724\" src=\"https:\/\/muraste.ee\/vana\/wp-content\/uploads\/2023\/06\/29-1024x724.jpg\" alt=\"\" class=\"wp-image-9826\" srcset=\"https:\/\/muraste.ee\/vana\/wp-content\/uploads\/2023\/06\/29-1024x724.jpg 1024w, https:\/\/muraste.ee\/vana\/wp-content\/uploads\/2023\/06\/29-300x212.jpg 300w, https:\/\/muraste.ee\/vana\/wp-content\/uploads\/2023\/06\/29-768x543.jpg 768w, https:\/\/muraste.ee\/vana\/wp-content\/uploads\/2023\/06\/29-1536x1086.jpg 1536w, https:\/\/muraste.ee\/vana\/wp-content\/uploads\/2023\/06\/29-2048x1448.jpg 2048w, https:\/\/muraste.ee\/vana\/wp-content\/uploads\/2023\/06\/29-624x441.jpg 624w\" sizes=\"(max-width: 1024px) 100vw, 1024px\" \/><\/a><\/figure>\n\n\n\n<figure class=\"wp-block-image\"><a href=\"https:\/\/muraste.ee\/vana\/wp-content\/uploads\/2023\/06\/image-1.png\"><img decoding=\"async\" loading=\"lazy\" width=\"1024\" height=\"577\" src=\"https:\/\/muraste.ee\/vana\/wp-content\/uploads\/2023\/06\/image-1-1024x577.png\" alt=\"\" class=\"wp-image-9821\" srcset=\"https:\/\/muraste.ee\/vana\/wp-content\/uploads\/2023\/06\/image-1-1024x577.png 1024w, https:\/\/muraste.ee\/vana\/wp-content\/uploads\/2023\/06\/image-1-300x169.png 300w, https:\/\/muraste.ee\/vana\/wp-content\/uploads\/2023\/06\/image-1-768x433.png 768w, https:\/\/muraste.ee\/vana\/wp-content\/uploads\/2023\/06\/image-1-624x352.png 624w, https:\/\/muraste.ee\/vana\/wp-content\/uploads\/2023\/06\/image-1-128x72.png 128w, https:\/\/muraste.ee\/vana\/wp-content\/uploads\/2023\/06\/image-1.png 1536w\" sizes=\"(max-width: 1024px) 100vw, 1024px\" \/><\/a><\/figure>\n","protected":false},"excerpt":{"rendered":"<p>Tere, armas Muraste! Suur suvi on k\u00e4es ja oleme Jaanide ootuses. Muraste k\u00fclaseltsis s\u00fcndis just uus rahvamuusikute punt, mis sai nimeks Muraste Kortsmoonikud Jaanuaris 2023 kuulutas Muraste k\u00fclaselts, et ootame \u00f5ppima karmoshka huvilisi. Kohale tuldi Murastest, Tabasalust, V\u00e4\u00e4nast ja Suurupist. \u00d5petaja Katrin L\u00e4ll oli \u00f5petanud juba aasta kahte Muraste poissi karmoskat m\u00e4ngima ja n\u00e4hes kui<a class=\"moretag\" href=\"https:\/\/muraste.ee\/vana\/?page_id=9861\"><br \/>&#8230;Loe edasi<\/a><\/p>\n","protected":false},"author":2,"featured_media":0,"parent":0,"menu_order":0,"comment_status":"closed","ping_status":"closed","template":"nadalakava.php","meta":{"_bbp_topic_count":0,"_bbp_reply_count":0,"_bbp_total_topic_count":0,"_bbp_total_reply_count":0,"_bbp_voice_count":0,"_bbp_anonymous_reply_count":0,"_bbp_topic_count_hidden":0,"_bbp_reply_count_hidden":0,"_bbp_forum_subforum_count":0,"_mc_calendar":[]},"_links":{"self":[{"href":"https:\/\/muraste.ee\/vana\/index.php?rest_route=\/wp\/v2\/pages\/9861"}],"collection":[{"href":"https:\/\/muraste.ee\/vana\/index.php?rest_route=\/wp\/v2\/pages"}],"about":[{"href":"https:\/\/muraste.ee\/vana\/index.php?rest_route=\/wp\/v2\/types\/page"}],"author":[{"embeddable":true,"href":"https:\/\/muraste.ee\/vana\/index.php?rest_route=\/wp\/v2\/users\/2"}],"replies":[{"embeddable":true,"href":"https:\/\/muraste.ee\/vana\/index.php?rest_route=%2Fwp%2Fv2%2Fcomments&post=9861"}],"version-history":[{"count":1,"href":"https:\/\/muraste.ee\/vana\/index.php?rest_route=\/wp\/v2\/pages\/9861\/revisions"}],"predecessor-version":[{"id":9863,"href":"https:\/\/muraste.ee\/vana\/index.php?rest_route=\/wp\/v2\/pages\/9861\/revisions\/9863"}],"wp:attachment":[{"href":"https:\/\/muraste.ee\/vana\/index.php?rest_route=%2Fwp%2Fv2%2Fmedia&parent=9861"}],"curies":[{"name":"wp","href":"https:\/\/api.w.org\/{rel}","templated":true}]}}