{"id":9924,"date":"2023-07-17T15:34:24","date_gmt":"2023-07-17T12:34:24","guid":{"rendered":"https:\/\/muraste.ee\/vana\/?page_id=9924"},"modified":"2023-07-17T15:34:30","modified_gmt":"2023-07-17T12:34:30","slug":"nadal-29-3","status":"publish","type":"page","link":"https:\/\/muraste.ee\/vana\/?page_id=9924","title":{"rendered":"N\u00e4dal 29"},"content":{"rendered":"\n<p><img decoding=\"async\" loading=\"lazy\" width=\"417\" height=\"550\" src=\"https:\/\/muraste.ee\/vana\/wp-content\/uploads\/2023\/07\/a4e5cf1bc79e4a00a9670120afd968d1.jpg\" alt=\"\" srcset=\"https:\/\/muraste.ee\/vana\/wp-content\/uploads\/2023\/07\/a4e5cf1bc79e4a00a9670120afd968d1.jpg 417w, https:\/\/muraste.ee\/vana\/wp-content\/uploads\/2023\/07\/a4e5cf1bc79e4a00a9670120afd968d1-227x300.jpg 227w\"><\/p>\n\n\n\n<h1 class=\"wp-block-heading\">N\u00e4dal 29<\/h1>\n\n\n\n<p>Tere, armas Muraste! K\u00e4es on metsmaasika, v\u00e4rske heina ja lillel\u00f5hnaline puhkuste kuu. T\u00f5eline eesti suvi pakub m\u00f5nusaid ranna ja ujumise ilmasid, sekka ka jahutavaid vihmasagaraid, et kasta peenraid ja p\u00f5lde. Juuli teises pooles on traditsiooniks saanud Harku valla k\u00fcladen\u00e4dal, mis pakub m\u00f5nusaid varjulisi kodukohvikuid, kontserte, lastele lusti ja toimub ka&nbsp;<strong>Muraste traditsiooniline \u00d6\u00d6KINO, seekord Paeplatsil ja AUTOKINO<\/strong><\/p>\n\n\n\n<p><strong>Osta pilet juba eelm\u00fc\u00fcgist:<\/strong>&nbsp;https:\/\/pilet.pro\/toode\/autokino-murastes\/<\/p>\n\n\n\n<p><strong>Kino pilet 5 Eur \/ inimene.<\/strong><\/p>\n\n\n\n<p><strong>NB! Film EI OLE SOBILIK LASTEL<\/strong>E<\/p>\n\n\n\n<p><strong>ASUKOHT: Muraste Paeplats \u2013 Ristiv\u00e4lja tee, Muraste<\/strong><\/p>\n\n\n\n<figure class=\"wp-block-embed\"><div class=\"wp-block-embed__wrapper\">\nhttps:\/\/www.facebook.com\/events\/1886034005086833\/\n<\/div><\/figure>\n\n\n\n<figure class=\"wp-block-image\"><a href=\"https:\/\/muraste.ee\/vana\/wp-content\/uploads\/2023\/07\/Lotte-palakt-2.jpg\"><img decoding=\"async\" loading=\"lazy\" width=\"1024\" height=\"724\" src=\"https:\/\/muraste.ee\/vana\/wp-content\/uploads\/2023\/07\/Lotte-palakt-2-1024x724.jpg\" alt=\"\" class=\"wp-image-9898\" srcset=\"https:\/\/muraste.ee\/vana\/wp-content\/uploads\/2023\/07\/Lotte-palakt-2-1024x724.jpg 1024w, https:\/\/muraste.ee\/vana\/wp-content\/uploads\/2023\/07\/Lotte-palakt-2-300x212.jpg 300w, https:\/\/muraste.ee\/vana\/wp-content\/uploads\/2023\/07\/Lotte-palakt-2-768x543.jpg 768w, https:\/\/muraste.ee\/vana\/wp-content\/uploads\/2023\/07\/Lotte-palakt-2-1536x1086.jpg 1536w, https:\/\/muraste.ee\/vana\/wp-content\/uploads\/2023\/07\/Lotte-palakt-2-2048x1448.jpg 2048w, https:\/\/muraste.ee\/vana\/wp-content\/uploads\/2023\/07\/Lotte-palakt-2-624x441.jpg 624w\" sizes=\"(max-width: 1024px) 100vw, 1024px\" \/><\/a><\/figure>\n\n\n\n<p>Tere tulemast unustamatule seiklusele suve\u00f6isele autokinole Muraste k\u00fclas<br>Autokinno juhatavad tee\u00e4\u00e4rsed viidad. Autode liikumist reguleerib reguleerija. LED ekraan on 5 x 3 m. Piletid m\u00fc\u00fcgil eelm\u00fc\u00fcgis!<\/p>\n\n\n\n<p>Puhvetis pakutakse pop corni, coca colat ja pirukaid.&nbsp;<strong>Maksta saab sularahas.<\/strong>&nbsp;Kuid v\u00f5id v\u00f5tta kaasa ka oma pikniku korvi.<\/p>\n\n\n\n<p>Kujutlege hetkeks, et istute oma mugavas autos, suve\u00f5hk on t\u00e4is ootus\u00e4revust ja taevast t\u00e4idavad s\u00e4ravad t\u00e4hed. Olete j\u00f5udnud Muraste k\u00fclla, kus teid ootab elamusterohke autokino \u00f5htu. See on t\u00e4iuslik v\u00f5imalus \u00fchendada kaks armastatud tegevust \u2013 filmielamused ja suve\u00f5htu naudingud.<\/p>\n\n\n\n<p>Mis veelgi p\u00f5nevam, autokinoga kaasneb suve\u00f6\u00f6 v\u00f5lu. Pimeduse saabudes loovad t\u00e4hed \u00fcmberringi romantilise atmosf\u00e4\u00e4ri ning koos s\u00f5prade v\u00f5i perega mugavas autos istudes tunnete end justkui omaenda filmiloo peategelasena. V\u00f5tke kaasa tekk v\u00f5i istuge kapotile, v\u00f5tke s\u00f5pradega piknikukorv ja sukelduge \u00fchisesse filmielamusesse suve\u00f6\u00f6 maagilisel taustal.<\/p>\n\n\n\n<p>Muraste k\u00fcla autokino on rohkem kui lihtsalt filmi vaatamine. See on kogemus, mis toob inimesed kokku, loob m\u00e4lestusi ja pakub ainulaadset meelelahutust. Kino\u00f5htud on t\u00e4idetud naeru, emotsioonide ja p\u00f5nevusega ning annavad v\u00f5imaluse p\u00f5geneda argirutiinist ning sukelduda ajutiselt fantaasiamaailma.<video controls=\"\" src=\"https:\/\/muraste.ee\/vana\/wp-content\/uploads\/2023\/07\/FILM-Lovelace-1.mp4\"><\/video><\/p>\n\n\n\n<p><strong>LASTELE on Muraste kooli \u00f5uel (Lee tee 9)<\/strong><\/p>\n\n\n\n<p><strong>TASUTA<\/strong><\/p>\n\n\n\n<p><strong>L O T T E M A A<\/strong><a href=\"https:\/\/visitharku.com\/custom\/domain_1\/image_files\/sitemgr_photo_2196.jpg\"><\/a><video controls=\"\" src=\"https:\/\/muraste.ee\/vana\/wp-content\/uploads\/2023\/07\/Lotte-horisont.mp4\"><\/video><\/p>\n\n\n\n<p><strong>kell 12.00 \u2013 15.00 LOTTEMAA KONTSERT<br>Lotte esineb koos oma s\u00f5bra BRUNOGA m\u00e4ngivad ja laulavad koos lastega<br>H\u00fcppamiseks on 1 SUUR BATUUT ja 1 V\u00c4IKE BATUUT<br>Jahutust pakub J\u00c4TSIABI<br>Laheda N\u00c4OMAALINGU saab 6.00 euri eest.<br>Avatud on LOTTE PANNKOOGIKOHVIK<br>ja M\u00c4NGUDE ALA<\/strong><\/p>\n\n\n\n<p>Vaata: https:\/\/visitharku.com\/sundmus\/lottemaa-ja-batuudid.html<\/p>\n\n\n\n<p><strong>PEREDELE T\u00d5UKSIRETK<br>kell 14.00 MURASTE \u2013 MERIK\u00dcLA kontserdile, mis algab 16.00 esineb TABASALU BRASS, avatud on KOHVIK<\/strong><\/p>\n\n\n\n<p><strong>Registreeri t\u00f5ukeratta rendisoov: muraste@muraste.ee<\/strong><\/p>\n\n\n\n<p><strong>TASUTA<\/strong><\/p>\n\n\n\n<p><strong>T \u00d5 U K S I R E T K<\/strong><\/p>\n\n\n\n<figure class=\"wp-block-image\"><a href=\"https:\/\/muraste.ee\/vana\/wp-content\/uploads\/2023\/07\/touksi-plakat-1.jpg\"><img decoding=\"async\" loading=\"lazy\" width=\"724\" height=\"1024\" src=\"https:\/\/muraste.ee\/vana\/wp-content\/uploads\/2023\/07\/touksi-plakat-1-724x1024.jpg\" alt=\"\" class=\"wp-image-9904\" srcset=\"https:\/\/muraste.ee\/vana\/wp-content\/uploads\/2023\/07\/touksi-plakat-1-724x1024.jpg 724w, https:\/\/muraste.ee\/vana\/wp-content\/uploads\/2023\/07\/touksi-plakat-1-212x300.jpg 212w, https:\/\/muraste.ee\/vana\/wp-content\/uploads\/2023\/07\/touksi-plakat-1-768x1086.jpg 768w, https:\/\/muraste.ee\/vana\/wp-content\/uploads\/2023\/07\/touksi-plakat-1-1086x1536.jpg 1086w, https:\/\/muraste.ee\/vana\/wp-content\/uploads\/2023\/07\/touksi-plakat-1-1448x2048.jpg 1448w, https:\/\/muraste.ee\/vana\/wp-content\/uploads\/2023\/07\/touksi-plakat-1-624x883.jpg 624w, https:\/\/muraste.ee\/vana\/wp-content\/uploads\/2023\/07\/touksi-plakat-1.jpg 1587w\" sizes=\"(max-width: 724px) 100vw, 724px\" \/><\/a><\/figure>\n\n\n\n<p>kell 14.00 algab T\u00d5UKSIRETK Muraste-Merik\u00fcla<br>Muraste kooli juurest saab laenutada mehaanilisi T\u00d5UKERATTAID nii lastele kui t\u00e4iskasvanutele.<br>EEELREGISTREERIMINE: muraste@muraste.ee<\/p>\n\n\n\n<p>Retk kulgeb l\u00e4bi Suurupi metsaradade MERIK\u00dcLLA, kus toimub<br>kell 16.00 KATUSEKONTSERT<br>Esineb orkester TABASALU BRASS<br>Avatud on KOHVIK.<br>Vaata:&nbsp;<a href=\"https:\/\/www.facebook.com\/events\/1409901959852888\/?__cft__[0]=AZVT_-Ujzi9dcxc2fFzHY7SkZ50E85WCXUMojQtjfEKxAjmgewKrp3be8_8i8cse4Z6nq2mZqpL2Wi67W90dQDz88iwcja-1cuKU1JK7w_r28M_jJZDmEUyb0l0z8tlT5-s&amp;__tn__=q\">https:\/\/visitharku.com\/sundmus\/tabasalu-brass-katusekontsert.html<\/a><\/p>\n\n\n\n<p>Retke juhib VAL RAJASAAR, kellel on varuks r\u00e4\u00e4kida palju Muraste k\u00fcla ja m\u00f5isa SALADUSI.T\u00f5ukeratastega on v\u00f5imalik s\u00f5ita tagasi Merik\u00fcla-Muraste, aga kokkuleppel saab rattad j\u00e4tta Merik\u00fclla.<\/p>\n\n\n\n<p><strong>K O H V I K U D<\/strong><\/p>\n\n\n\n<p><strong>KAART:<\/strong><\/p>\n\n\n\n<figure class=\"wp-block-image\"><a href=\"https:\/\/muraste.ee\/vana\/wp-content\/uploads\/2023\/07\/UUs-kohvikute-kaart-1.jpg\"><img decoding=\"async\" loading=\"lazy\" width=\"1024\" height=\"858\" src=\"https:\/\/muraste.ee\/vana\/wp-content\/uploads\/2023\/07\/UUs-kohvikute-kaart-1-1024x858.jpg\" alt=\"\" class=\"wp-image-9906\" srcset=\"https:\/\/muraste.ee\/vana\/wp-content\/uploads\/2023\/07\/UUs-kohvikute-kaart-1-1024x858.jpg 1024w, https:\/\/muraste.ee\/vana\/wp-content\/uploads\/2023\/07\/UUs-kohvikute-kaart-1-300x252.jpg 300w, https:\/\/muraste.ee\/vana\/wp-content\/uploads\/2023\/07\/UUs-kohvikute-kaart-1-768x644.jpg 768w, https:\/\/muraste.ee\/vana\/wp-content\/uploads\/2023\/07\/UUs-kohvikute-kaart-1-624x523.jpg 624w, https:\/\/muraste.ee\/vana\/wp-content\/uploads\/2023\/07\/UUs-kohvikute-kaart-1.jpg 1293w\" sizes=\"(max-width: 1024px) 100vw, 1024px\" \/><\/a><\/figure>\n\n\n\n<p><strong>VAATA T\u00c4PSEMALT<\/strong><\/p>\n\n\n\n<figure class=\"wp-block-embed\"><div class=\"wp-block-embed__wrapper\">\nhttps:\/\/www.google.com\/maps\/d\/u\/0\/viewer?mid=1fXBFmnJoHYNIyrRM6EquRsKEWyTQJT4&#038;fbclid=IwAR1vrllRblHr7QJcj0KqwdDd3EYF7-biezrPbcOQ9CdfLa9CjLsRzOg_-vk&#038;ll=59.457852900000006%2C24.451125000000022&#038;z=10\n<\/div><\/figure>\n\n\n\n<p>MURASTE KOHVIKUD<\/p>\n\n\n\n<p><strong>Me(k)KiGe<\/strong><\/p>\n\n\n\n<p><strong>Pangapealse 3-2, Muraste<\/strong><\/p>\n\n\n\n<p>Hommikus\u00f6\u00f6k Me koduleivaga v\u00f5i juuretise saiaga, juuretise baasil valminud k\u00fcpsised (Men\u00fc\u00fc on t\u00e4iendamisel )<\/p>\n\n\n\n<p>Saab mekkida meie pere \u00fclimaitsvaid k\u00fcpsetisi. Meie kohviku p\u00f5hir\u00f5hk on juuretise baasil tehtud maiuspaladel, et enesetunne s\u00e4iliks kerge.<\/p>\n\n\n\n<p>Men\u00fc\u00fcs leiab Me kurikuulsat leivanumbrit \u2013 musta leiba, Ge m\u00f5nusa kr\u00f5beda koorikuga haputaignasaia ja Ki lemmikuid haputaigna k\u00fcpsiseid.<\/p>\n\n\n\n<p><strong>Avame 29. juulil juba kell 9:00, et varajasi \u00e4rkajaid tervitada sooja kohvi ja maitsva hommikus\u00f6\u00f6giga.<\/strong><\/p>\n\n\n\n<p><strong>Sulgeme arvatavalt kell 16:00, kuid kui mekkijaid ja palasid jagub, siis \u00fcletame piire!<\/strong><\/p>\n\n\n\n<figure class=\"wp-block-image\"><img decoding=\"async\" src=\"https:\/\/visitharku.com\/media\/cache\/medium\/custom\/domain_1\/image_files\/sitemgr_photo_2383.jpg\" alt=\"\"\/><\/figure>\n\n\n\n<h2 class=\"wp-block-heading\">N\u00d5LVAKU 9 kohvik<a href=\"https:\/\/visitharku.com\/custom\/domain_1\/image_files\/sitemgr_photo_2383.jpg\"><\/a><\/h2>\n\n\n\n<p><strong>N\u00f5lvaku 9, Muraste&nbsp;<\/strong><\/p>\n\n\n\n<p>Men\u00fc\u00fc<br>Kanavardad<br>Bruschetta<br>V\u00e4rske salat<br>Pirukad<br>Quiche<br>Focaccia<br>Marineeritud oliivid<\/p>\n\n\n\n<p>Tiramisu<br>Erinevad koogid Limonaadid<\/p>\n\n\n\n<p>Tule veeda meie juures \u00fcks tore p\u00e4ev, nautides nii kodutehtud kooke&nbsp;kui ka soolaseid ampse.<\/p>\n\n\n\n<figure class=\"wp-block-image\"><img decoding=\"async\" src=\"https:\/\/visitharku.com\/media\/cache\/medium\/custom\/domain_1\/image_files\/sitemgr_photo_2380.jpg\" alt=\"\"\/><\/figure>\n\n\n\n<p><a href=\"https:\/\/visitharku.com\/custom\/domain_1\/image_files\/sitemgr_photo_2380.jpg\"><\/a><\/p>\n\n\n\n<p>Pakume jahutavaid (vb ka soojendavaid) ja v\u00e4rskendavaid jooke.&nbsp;Olemas on ka grillmeister, kes hea ilma ja tuju korral teeb ka v\u00e4ikese kontserdikese. Oleme ammutanud palju inspiratsiooni just Itaalia k\u00f6\u00f6gist ning meie kohvikust leiab kindlasti midagi maitsvat iga\u00fcks (kui just v\u00e4lja tuleb).<\/p>\n\n\n\n<p><strong>Dreamfire BBQ kohvik<\/strong><\/p>\n\n\n\n<p><strong>Kiviranna 1a-1, Muraste<br>Avatud:&nbsp; 11-19<\/strong><\/p>\n\n\n\n<p>Men\u00fc\u00fcs:<br>Supp, salat, BBQ lihade valik, pitsa, maguskook. BBQ lihade kaasam\u00fc\u00fck.<\/p>\n\n\n\n<figure class=\"wp-block-image\"><a href=\"https:\/\/muraste.ee\/vana\/wp-content\/uploads\/2023\/07\/steak-g612eb5fcb_1280.jpg\"><img decoding=\"async\" loading=\"lazy\" width=\"1024\" height=\"641\" src=\"https:\/\/muraste.ee\/vana\/wp-content\/uploads\/2023\/07\/steak-g612eb5fcb_1280-1024x641.jpg\" alt=\"\" class=\"wp-image-9905\" srcset=\"https:\/\/muraste.ee\/vana\/wp-content\/uploads\/2023\/07\/steak-g612eb5fcb_1280-1024x641.jpg 1024w, https:\/\/muraste.ee\/vana\/wp-content\/uploads\/2023\/07\/steak-g612eb5fcb_1280-300x188.jpg 300w, https:\/\/muraste.ee\/vana\/wp-content\/uploads\/2023\/07\/steak-g612eb5fcb_1280-768x481.jpg 768w, https:\/\/muraste.ee\/vana\/wp-content\/uploads\/2023\/07\/steak-g612eb5fcb_1280-624x390.jpg 624w, https:\/\/muraste.ee\/vana\/wp-content\/uploads\/2023\/07\/steak-g612eb5fcb_1280.jpg 1280w\" sizes=\"(max-width: 1024px) 100vw, 1024px\" \/><\/a><\/figure>\n\n\n\n<p><strong>ANSAMBLI ANTSUD \u2013 kodukohvik<\/strong><\/p>\n\n\n\n<p><strong>Tedre tee 8, Muraste<br>Avatud: 13.30 \u2013 16.00<\/strong><br>Plaksumais, \u00f5unakook, seenepirukas. Rabarberi morss, kohv, tee.<\/p>\n\n\n\n<p>Men\u00fc\u00fcs: plaksumais, \u00f5unakook, seenepirukas. Joogiks: rabarberi morss, kohv, tee.<\/p>\n\n\n\n<p>P\u00f5hir\u00f5hk muusikal.&nbsp;<\/p>\n\n\n\n<p>Folk-rock-ansambel Antsud kutsub kodukontserdile. Muusikud astuvad lavale kell 14:00. M\u00e4ngime lugusid nii vanemast repertuaarist kui ka peagi ilmuvalt albumilt \u201cMAA\u201d. Kontserdi ajal on avatud kohvik.<\/p>\n\n\n\n<figure class=\"wp-block-image\"><img decoding=\"async\" src=\"https:\/\/visitharku.com\/media\/cache\/medium\/custom\/domain_1\/image_files\/sitemgr_photo_2372.jpg\" alt=\"\"\/><\/figure>\n\n\n\n<p><a href=\"https:\/\/visitharku.com\/custom\/domain_1\/image_files\/sitemgr_photo_2372.jpg\"><\/a><\/p>\n\n\n\n<h4 class=\"wp-block-heading\">Video<\/h4>\n\n\n\n<figure class=\"wp-block-embed is-type-rich is-provider-embed-handler wp-block-embed-embed-handler\"><div class=\"wp-block-embed__wrapper\">\nhttps:\/\/youtube.com\/watch?v=ZkRfNYmi7TQ%3Ffeature%3Doembed\n<\/div><\/figure>\n\n\n\n<p><strong>LEMMIKLOOMAP\u00c4EV<\/strong><br>Kallaste 7, Tabasalu, Harku<\/p>\n\n\n\n<figure class=\"wp-block-image\"><a href=\"https:\/\/muraste.ee\/vana\/wp-content\/uploads\/2023\/07\/Lemmikloom.jpg\"><img decoding=\"async\" loading=\"lazy\" width=\"1024\" height=\"577\" src=\"https:\/\/muraste.ee\/vana\/wp-content\/uploads\/2023\/07\/Lemmikloom-1024x577.jpg\" alt=\"\" class=\"wp-image-9911\" srcset=\"https:\/\/muraste.ee\/vana\/wp-content\/uploads\/2023\/07\/Lemmikloom-1024x577.jpg 1024w, https:\/\/muraste.ee\/vana\/wp-content\/uploads\/2023\/07\/Lemmikloom-300x169.jpg 300w, https:\/\/muraste.ee\/vana\/wp-content\/uploads\/2023\/07\/Lemmikloom-768x433.jpg 768w, https:\/\/muraste.ee\/vana\/wp-content\/uploads\/2023\/07\/Lemmikloom-1536x865.jpg 1536w, https:\/\/muraste.ee\/vana\/wp-content\/uploads\/2023\/07\/Lemmikloom-624x352.jpg 624w, https:\/\/muraste.ee\/vana\/wp-content\/uploads\/2023\/07\/Lemmikloom-128x72.jpg 128w, https:\/\/muraste.ee\/vana\/wp-content\/uploads\/2023\/07\/Lemmikloom.jpg 1640w\" sizes=\"(max-width: 1024px) 100vw, 1024px\" \/><\/a><\/figure>\n\n\n\n<p>21. juulil toimub Tabasalu Keskuse \u00f5uealal esimene \u201cLEMMIKLOOMAP\u00c4EV\u201d<\/p>\n\n\n\n<p>\ud835\udc0a\ud835\udc1e\ud835\udc25\ud835\udc25 \ud835\udfcf\ud835\udfd3.\ud835\udfce\ud835\udfce tutvustavad ja demonstreerivad \ud835\udc0a\ud835\udc28\ud835\udc1e\ud835\udc2b\ud835\udc2d\ud835\udc1e\ud835\udc24\ud835\udc28\ud835\udc28\ud835\udc25 \ud835\udc0a\ud835\udc2b\ud835\udc1a\ud835\udc2d\ud835\udc2d koolitaja Mari Teras ja pikakarvaline collie Neve viisaka koerajalutaja etiketti.<br>\ud835\udc0a\ud835\udc1e\ud835\udc25\ud835\udc25 \ud835\udfcf\ud835\udfd4.\ud835\udfce\ud835\udfce tutvustab \ud835\udc0a\ud835\udc28\ud835\udc1e\ud835\udc2b\ud835\udc2d\ud835\udc1e\ud835\udc24\ud835\udc28\ud835\udc28\ud835\udc25 \ud835\udc12\ud835\udc28\u0303\ud835\udc29\ud835\udc2b\ud835\udc2e\ud835\udc2c koeraspordiala agilityt ja r\u00e4\u00e4gib ka lapse ja koera vahelise usaldusliku suhte loomisest.<br>\ud835\udc0a\ud835\udc1e\ud835\udc25\ud835\udc25 \ud835\udfcf\ud835\udfd5.\ud835\udfce\ud835\udfce r\u00e4\u00e4gib Marika Algpeos \ud835\udc15\ud835\udc1a\ud835\udc2b\ud835\udc23\ud835\udc2e\ud835\udc29\ud835\udc1a\ud835\udc22\ud835\udc24\ud835\udc1a\ud835\udc1d\ud835\udc1e \ud835\udc0c\ud835\udc13\ud835\udc14\u0308-st lemmiklooma pidamise heast tavast ja kiibistamise olulisusest.<\/p>\n\n\n\n<p>Kohal on \ud835\udc15\ud835\udc1e\ud835\udc2d\ud835\udc26\ud835\udc28\ud835\udc1b\ud835\udc22\ud835\udc22\ud835\udc25, kes aitab mugavalt paigalda lemmikloomale kiibi v\u00f5i vaktsineerida lemmikut. Kiibi hind on Lemmikloomap\u00e4eval 13.50 eurot, kolmikvaktsiini hind 25.- eurot. Marutaudi vastane vaktsiin on tasuta.<\/p>\n\n\n\n<p>Oma telgiga on kohal \ud835\udc15\ud835\udc1a\ud835\udc2b\ud835\udc23\ud835\udc2e\ud835\udc29\ud835\udc1a\ud835\udc22\ud835\udc24\ud835\udc1a\ud835\udc1d\ud835\udc1e \ud835\udc0c\ud835\udc13\ud835\udc14\u0308, \ud835\udc0c\ud835\udc13\ud835\udc14\u0308 \ud835\udc0a\ud835\udc1a\ud835\udc2c\ud835\udc2c\ud835\udc22\ud835\udc1a\ud835\udc1b\ud835\udc22 \ud835\udc23\ud835\udc1a \ud835\udc0b\ud835\udc28\ud835\udc28\ud835\udc26\ud835\udc1a\ud835\udc29\ud835\udc1a\u0308\ud835\udc1a\u0308\ud835\udc2c\ud835\udc2d\ud835\udc1e\ud835\udc20\ud835\udc2b\ud835\udc2e\ud835\udc29\ud835\udc29.<br>Oma orgaanilisi ja keskkonnas\u00e4\u00e4stlikult valmistatud tooteid tutvustab ja pakub lemmikloomatoodete m\u00fc\u00fcja \ud835\udc03\ud835\udc0e\ud835\udc17.<br>Oma tooteid pakub kohalik lemmikloomatarvete pood \ud835\udc0c\ud835\udc22\ud835\udc27\ud835\udc2e \ud835\udc24\ud835\udc28\ud835\udc1e\ud835\udc2b.<br>Vahvate oman\u00e4oliste k\u00e4sitsi maalitud pusadega on kohal Johanna Randmann ja \ud835\udc01\ud835\udc28\ud835\udc27\ud835\udc19\ud835\udc28\ud835\udc28.<br>Lemmikloomade m\u00e4nguasju, treeningvahendeid ja riideid pakub \ud835\udc01\ud835\udc1e\ud835\udc2b\ud835\udc2b\ud835\udc1a.<br>16.00 \u2013 18.00 saavad huvilised koos oma koeraga proovida rallikuulekuse rada, n\u00e4pun\u00e4iteid jagab \ud835\udc0c\ud835\udc1a\ud835\udc23\ud835\udc1e\ud835\udc2c\ud835\udc2d\ud835\udc22\ud835\udc1c \ud835\udc03\ud835\udc28\ud835\udc20 \ud835\udc0a\ud835\udc28\ud835\udc1e\ud835\udc2b\ud835\udc2d\ud835\udc1e\ud835\udc24\ud835\udc28\ud835\udc28\ud835\udc25.<br>Kohal on \ud835\udc1f\ud835\udc28\ud835\udc2d\ud835\udc28\ud835\udc20\ud835\udc2b\ud835\udc1a\ud835\udc1a\ud835\udc1f \ud835\udc13\ud835\udc2b\ud835\udc22\ud835\udc22\ud835\udc27\ud835\udc2e \ud835\udc07\ud835\udc1a\ud835\udc25\ud835\udc25\ud835\udc1e\ud835\udc2b, kes lisaks meeleolupiltidele pildistab kohaletulnud lemmikuid.<br>Osalejaid lisandub jooksvalt.<\/p>\n\n\n\n<p>Kodutute loomadega tegelevate organisatsioonide toetamisele paneb \u00f5la alla \ud835\udc0a\ud835\udc1a\ud835\udc2b\ud835\udc2f\ud835\udc1a\ud835\udc27\ud835\udc22\ud835\udc27\ud835\udc1a lemmikloomapood Tabasalu Keskuse teisel korrusel. Sel p\u00e4eval on kaupluses allahindlus -20% k\u00f5igile toodetele ja nii on hea v\u00f5imalus osta tooteid annetuseks.<\/p>\n\n\n\n<p>Ootame kaasa l\u00f6\u00f6ma k\u00f5iki, kes tegelevad Harku vallas ja l\u00e4hi\u00fcmbruses lemmikloomade ja loomatarvetega. Tule ja tutvusta oma ettev\u00f5tet v\u00f5i koolitust! V\u00f5ta \u00fchendust harku.villages@gmail.com<br>Aitame koos t\u00f5sta teadlikkust lemmikloomapidamisest.<\/p>\n\n\n\n<p>\ud835\udc0a\ud835\udc1e\ud835\udc25\ud835\udc25 \ud835\udfcf\ud835\udfd7. \ud835\udfce\ud835\udfce \u2013 \ud835\udfd0\ud835\udfce.\ud835\udfd1\ud835\udfce \ud835\udc13\ud835\udc1a\ud835\udc1b\ud835\udc1a\ud835\udc2c\ud835\udc1a\ud835\udc25\ud835\udc2e \ud835\udc0b\ud835\udc28\ud835\udc28\ud835\udc1d\ud835\udc2e\ud835\udc2c\ud835\udc29\ud835\udc1a\ud835\udc2b\ud835\udc20\ud835\udc22\ud835\udc2c \ud835\udc2c\ud835\udc1e\ud835\udc25\ud835\udc2d\ud835\udc2c\ud835\udc24\ud835\udc28\ud835\udc27\ud835\udc1d\ud835\udc25\ud835\udc22\ud835\udc24 \ud835\udc2e\u0308\ud835\udc21\ud835\udc22\ud835\udc2c\ud835\udc23\ud835\udc1a\ud835\udc25\ud835\udc2e\ud835\udc2d\ud835\udc2e\ud835\udc2c\ud835\udc24\ud835\udc1a\u0308\ud835\udc22\ud835\udc24 \u201c\ud835\udc0a\ud835\udc28\u0303\ud835\udc22\ud835\udc20\ud835\udc1e \ud835\udc29\ud835\udc1a\ud835\udc2b\ud835\udc1e\ud835\udc26 \ud835\udc2c\ud835\udc28\u0303\ud835\udc1b\ud835\udc1e\ud835\udc2b!<\/p>\n\n\n\n<p>Kogunemine Tabasalu Looduspargi t\u00e4nava l\u00f5pus oleva v\u00e4rava juures.<\/p>\n\n\n\n<p>Jalutusk\u00e4igule on oodatud igas vanuses sotsialiseeritud ja s\u00f5bralikud koerad. Jalutusk\u00e4igule v\u00f5ib tulla kogu perega. Koer peab olema osalemiseks terve ja eakohaselt vaktsineeritud. Jalutusk\u00e4igule v\u00f5ta kaasa ohutu ja kindel kaelarihm v\u00f5i traksid, jalutusrihm 1-5m, maiused ja kilekotid koera j\u00e4relt koristamiseks.<\/p>\n\n\n\n<p><strong>Harku valla AVATUD K\u00dcLADE N\u00c4DAL<\/strong><\/p>\n\n\n\n<p><strong>Vaata ka teiste Harku valla k\u00fclade programme!<\/strong><\/p>\n\n\n\n<figure class=\"wp-block-embed\"><div class=\"wp-block-embed__wrapper\">\nhttps:\/\/visitharku.com\/artikkel\/harku-valla-avatud-kylade-nadal-2023.html\n<\/div><\/figure>\n\n\n\n<figure class=\"wp-block-image\"><a href=\"https:\/\/muraste.ee\/vana\/wp-content\/uploads\/2023\/07\/HVAKN-1.jpg\"><img decoding=\"async\" loading=\"lazy\" width=\"724\" height=\"1024\" src=\"https:\/\/muraste.ee\/vana\/wp-content\/uploads\/2023\/07\/HVAKN-1-724x1024.jpg\" alt=\"\" class=\"wp-image-9880\" srcset=\"https:\/\/muraste.ee\/vana\/wp-content\/uploads\/2023\/07\/HVAKN-1-724x1024.jpg 724w, https:\/\/muraste.ee\/vana\/wp-content\/uploads\/2023\/07\/HVAKN-1-212x300.jpg 212w, https:\/\/muraste.ee\/vana\/wp-content\/uploads\/2023\/07\/HVAKN-1-768x1086.jpg 768w, https:\/\/muraste.ee\/vana\/wp-content\/uploads\/2023\/07\/HVAKN-1-1086x1536.jpg 1086w, https:\/\/muraste.ee\/vana\/wp-content\/uploads\/2023\/07\/HVAKN-1-1448x2048.jpg 1448w, https:\/\/muraste.ee\/vana\/wp-content\/uploads\/2023\/07\/HVAKN-1-624x883.jpg 624w, https:\/\/muraste.ee\/vana\/wp-content\/uploads\/2023\/07\/HVAKN-1.jpg 1587w\" sizes=\"(max-width: 724px) 100vw, 724px\" \/><\/a><\/figure>\n","protected":false},"excerpt":{"rendered":"<p>N\u00e4dal 29 Tere, armas Muraste! K\u00e4es on metsmaasika, v\u00e4rske heina ja lillel\u00f5hnaline puhkuste kuu. T\u00f5eline eesti suvi pakub m\u00f5nusaid ranna ja ujumise ilmasid, sekka ka jahutavaid vihmasagaraid, et kasta peenraid ja p\u00f5lde. Juuli teises pooles on traditsiooniks saanud Harku valla k\u00fcladen\u00e4dal, mis pakub m\u00f5nusaid varjulisi kodukohvikuid, kontserte, lastele lusti ja toimub ka&nbsp;Muraste traditsiooniline \u00d6\u00d6KINO, seekord<a class=\"moretag\" href=\"https:\/\/muraste.ee\/vana\/?page_id=9924\"><br \/>&#8230;Loe edasi<\/a><\/p>\n","protected":false},"author":2,"featured_media":9907,"parent":0,"menu_order":0,"comment_status":"closed","ping_status":"closed","template":"nadalakava.php","meta":{"_bbp_topic_count":0,"_bbp_reply_count":0,"_bbp_total_topic_count":0,"_bbp_total_reply_count":0,"_bbp_voice_count":0,"_bbp_anonymous_reply_count":0,"_bbp_topic_count_hidden":0,"_bbp_reply_count_hidden":0,"_bbp_forum_subforum_count":0,"_mc_calendar":[]},"_links":{"self":[{"href":"https:\/\/muraste.ee\/vana\/index.php?rest_route=\/wp\/v2\/pages\/9924"}],"collection":[{"href":"https:\/\/muraste.ee\/vana\/index.php?rest_route=\/wp\/v2\/pages"}],"about":[{"href":"https:\/\/muraste.ee\/vana\/index.php?rest_route=\/wp\/v2\/types\/page"}],"author":[{"embeddable":true,"href":"https:\/\/muraste.ee\/vana\/index.php?rest_route=\/wp\/v2\/users\/2"}],"replies":[{"embeddable":true,"href":"https:\/\/muraste.ee\/vana\/index.php?rest_route=%2Fwp%2Fv2%2Fcomments&post=9924"}],"version-history":[{"count":1,"href":"https:\/\/muraste.ee\/vana\/index.php?rest_route=\/wp\/v2\/pages\/9924\/revisions"}],"predecessor-version":[{"id":9926,"href":"https:\/\/muraste.ee\/vana\/index.php?rest_route=\/wp\/v2\/pages\/9924\/revisions\/9926"}],"wp:featuredmedia":[{"embeddable":true,"href":"https:\/\/muraste.ee\/vana\/index.php?rest_route=\/wp\/v2\/media\/9907"}],"wp:attachment":[{"href":"https:\/\/muraste.ee\/vana\/index.php?rest_route=%2Fwp%2Fv2%2Fmedia&parent=9924"}],"curies":[{"name":"wp","href":"https:\/\/api.w.org\/{rel}","templated":true}]}}