{"id":9928,"date":"2023-07-17T15:36:22","date_gmt":"2023-07-17T12:36:22","guid":{"rendered":"https:\/\/muraste.ee\/vana\/?page_id=9928"},"modified":"2023-07-17T15:36:23","modified_gmt":"2023-07-17T12:36:23","slug":"nadal-27-3","status":"publish","type":"page","link":"https:\/\/muraste.ee\/vana\/?page_id=9928","title":{"rendered":"N\u00e4dal 27"},"content":{"rendered":"\n<p><img decoding=\"async\" loading=\"lazy\" width=\"624\" height=\"468\" src=\"https:\/\/muraste.ee\/vana\/wp-content\/uploads\/2023\/07\/DJI_0537-624x468.jpg\" alt=\"\" srcset=\"https:\/\/muraste.ee\/vana\/wp-content\/uploads\/2023\/07\/DJI_0537-624x468.jpg 624w, https:\/\/muraste.ee\/vana\/wp-content\/uploads\/2023\/07\/DJI_0537-300x225.jpg 300w, https:\/\/muraste.ee\/vana\/wp-content\/uploads\/2023\/07\/DJI_0537-1024x768.jpg 1024w, https:\/\/muraste.ee\/vana\/wp-content\/uploads\/2023\/07\/DJI_0537-768x576.jpg 768w, https:\/\/muraste.ee\/vana\/wp-content\/uploads\/2023\/07\/DJI_0537-1536x1151.jpg 1536w, https:\/\/muraste.ee\/vana\/wp-content\/uploads\/2023\/07\/DJI_0537-2048x1535.jpg 2048w\"><\/p>\n\n\n\n<h1 class=\"wp-block-heading\">N\u00e4dal 27<\/h1>\n\n\n\n<p>Tere, armas Muraste! Selja taha on j\u00e4\u00e4nud kaua oodatud suurp\u00e4ev \u2013 Noorte laulu- ja tantsupidu, kuid \u00fclevad emotsioonid j\u00e4\u00e4vad meid saatma kauaks. Tore oli kogeda, et vihm ei rikkunud piduliste tuju ega entsuaismi ning pidu ei tahtnud l\u00f5ppeda ja eestlaste s\u00fcdameid v\u00f5itnud laule lauldi mitmeid kordi. Armastus on k\u00f5ige all\u2026 laulsid noored, need s\u00f5nad j\u00e4\u00e4vad meie s\u00fcdameisse. Ka Muraste k\u00fclaseltsi laulu- ja pillilapsed Fa Stuudiost v\u00f5tsid osa sellest toredast peost.<\/p>\n\n\n\n<figure class=\"wp-block-image\"><a href=\"https:\/\/muraste.ee\/vana\/wp-content\/uploads\/2023\/07\/fa.jpg\"><img decoding=\"async\" loading=\"lazy\" width=\"640\" height=\"568\" src=\"https:\/\/muraste.ee\/vana\/wp-content\/uploads\/2023\/07\/fa.jpg\" alt=\"\" class=\"wp-image-9874\" srcset=\"https:\/\/muraste.ee\/vana\/wp-content\/uploads\/2023\/07\/fa.jpg 640w, https:\/\/muraste.ee\/vana\/wp-content\/uploads\/2023\/07\/fa-300x266.jpg 300w, https:\/\/muraste.ee\/vana\/wp-content\/uploads\/2023\/07\/fa-624x554.jpg 624w\" sizes=\"(max-width: 640px) 100vw, 640px\" \/><\/a><\/figure>\n\n\n\n<figure class=\"wp-block-image\"><a href=\"https:\/\/muraste.ee\/vana\/wp-content\/uploads\/2023\/07\/357692405_657235976429837_960559280096196862_n.jpg\"><img decoding=\"async\" loading=\"lazy\" width=\"1024\" height=\"866\" src=\"https:\/\/muraste.ee\/vana\/wp-content\/uploads\/2023\/07\/357692405_657235976429837_960559280096196862_n-1024x866.jpg\" alt=\"\" class=\"wp-image-9894\" srcset=\"https:\/\/muraste.ee\/vana\/wp-content\/uploads\/2023\/07\/357692405_657235976429837_960559280096196862_n-1024x866.jpg 1024w, https:\/\/muraste.ee\/vana\/wp-content\/uploads\/2023\/07\/357692405_657235976429837_960559280096196862_n-300x254.jpg 300w, https:\/\/muraste.ee\/vana\/wp-content\/uploads\/2023\/07\/357692405_657235976429837_960559280096196862_n-768x650.jpg 768w, https:\/\/muraste.ee\/vana\/wp-content\/uploads\/2023\/07\/357692405_657235976429837_960559280096196862_n-1536x1299.jpg 1536w, https:\/\/muraste.ee\/vana\/wp-content\/uploads\/2023\/07\/357692405_657235976429837_960559280096196862_n-624x528.jpg 624w, https:\/\/muraste.ee\/vana\/wp-content\/uploads\/2023\/07\/357692405_657235976429837_960559280096196862_n.jpg 2048w\" sizes=\"(max-width: 1024px) 100vw, 1024px\" \/><\/a><\/figure>\n\n\n\n<p>foto: Rene Mitt (VisitHarku)<\/p>\n\n\n\n<p><strong>Ees on puhkused ja ootamas veel \u00fcks tore p\u00e4ev<\/strong><\/p>\n\n\n\n<p><strong>MURASTE K\u00dcLAP\u00c4EV<\/strong><\/p>\n\n\n\n<p>Murastes on avatud mitmed&nbsp;<strong>KODUKOHVIKUD<\/strong><\/p>\n\n\n\n<p><strong>N\u00d5LVAKU KOHVIK \u2013 elav muusika<\/strong><\/p>\n\n\n\n<p><strong>KOLM KARU<\/strong><\/p>\n\n\n\n<p><strong>Ansambli ANTSUD kodukontsert<\/strong><\/p>\n\n\n\n<p><strong>LOTTE Pannkoogi kohvik<\/strong><\/p>\n\n\n\n<p><strong>Vaata kaardilt<\/strong>:&nbsp;<a rel=\"noreferrer noopener\" href=\"https:\/\/l.facebook.com\/l.php?u=https%3A%2F%2Fbit.ly%2F3C0QtkO%3Ffbclid%3DIwAR12O4pygXz5oNury36K-8toXPfuaDbylanfEbNuUmt7z9Jw_ltZYjtyrwE&amp;h=AT2D-NckzZIYGoCcoMf5jIvWSq70h2GOkxXYvo-BdZHucik204TgiWMxCXjvuvZPZjYnfO1bChOH8-7MNXOKr4QKjy43uEie3gEdbUked9Q4OdUMq901UAwDdgdkcuxV5-egfPa9GBoq7-qEiw&amp;__tn__=-UK-R&amp;c%5b0%5d=AT3mwP1JXZG3vLSOlyzk3TZYQayCCfBTpIZex9mdByf43vIyKde40-xnn2pZZ3pWZhI5EcNnm6S7KEP0ToO1ncRkmdmzeDpaLt4hmbxApooLvUt4m5Z-VgSl9UWJFpHedzF7aE35VUzB5K-pTXGSiTzkzO6RR_PqhMF6SHKMvfK2Ffk9Yj_uIrIb-dihWjbenSnpwEoCAqCoxvggygxWZEFe\" target=\"_blank\">bit.ly\/3C0QtkO<\/a><\/p>\n\n\n\n<p><strong>LOTTE kutsub k\u00f5iki lapsi<\/strong>&nbsp;<strong>peole<\/strong><\/p>\n\n\n\n<p><strong>29. juuli kell 12.00<\/strong><\/p>\n\n\n\n<p><strong>Muraste kooli \u00f5uele<\/strong><\/p>\n\n\n\n<p><strong>info:<\/strong>&nbsp;<a href=\"https:\/\/visitharku.com\/sundmus\/lottemaa-ja-batuudid.html\">https:\/\/visitharku.com\/sundmus\/lottemaa-ja-batuudid.html<\/a><video controls=\"\" src=\"https:\/\/muraste.ee\/vana\/wp-content\/uploads\/2023\/07\/LOTTE-video.mp4\"><\/video><\/p>\n\n\n\n<figure class=\"wp-block-image\"><a href=\"https:\/\/muraste.ee\/vana\/wp-content\/uploads\/2023\/05\/o-1.jpg\"><img decoding=\"async\" loading=\"lazy\" width=\"1024\" height=\"724\" src=\"https:\/\/muraste.ee\/vana\/wp-content\/uploads\/2023\/05\/o-1-1024x724.jpg\" alt=\"\" class=\"wp-image-9799\" srcset=\"https:\/\/muraste.ee\/vana\/wp-content\/uploads\/2023\/05\/o-1-1024x724.jpg 1024w, https:\/\/muraste.ee\/vana\/wp-content\/uploads\/2023\/05\/o-1-300x212.jpg 300w, https:\/\/muraste.ee\/vana\/wp-content\/uploads\/2023\/05\/o-1-768x543.jpg 768w, https:\/\/muraste.ee\/vana\/wp-content\/uploads\/2023\/05\/o-1-1536x1086.jpg 1536w, https:\/\/muraste.ee\/vana\/wp-content\/uploads\/2023\/05\/o-1-2048x1448.jpg 2048w, https:\/\/muraste.ee\/vana\/wp-content\/uploads\/2023\/05\/o-1-624x441.jpg 624w\" sizes=\"(max-width: 1024px) 100vw, 1024px\" \/><\/a><\/figure>\n\n\n\n<p><strong>T\u00d5UKSIGA Murastest Merik\u00fclla kontserdile<\/strong><\/p>\n\n\n\n<p><strong>info:&nbsp;<\/strong><a href=\"https:\/\/visitharku.com\/sundmus\/touksiretk.html\">https:\/\/visitharku.com\/sundmus\/touksiretk.html<\/a><\/p>\n\n\n\n<p>MERIK\u00dcLA KONTSERT: Tabasalu BRASS<\/p>\n\n\n\n<p>info:&nbsp;<a href=\"https:\/\/visitharku.com\/sundmus\/tabasalu-brass-katusekontsert.html\">https:\/\/visitharku.com\/sundmus\/tabasalu-brass-katusekontsert.html<\/a><\/p>\n\n\n\n<figure class=\"wp-block-image\"><a href=\"https:\/\/muraste.ee\/vana\/wp-content\/uploads\/2023\/07\/Muraste-Merikpula-STORY-1.png\"><img decoding=\"async\" loading=\"lazy\" width=\"576\" height=\"1024\" src=\"https:\/\/muraste.ee\/vana\/wp-content\/uploads\/2023\/07\/Muraste-Merikpula-STORY-1-576x1024.png\" alt=\"\" class=\"wp-image-9881\" srcset=\"https:\/\/muraste.ee\/vana\/wp-content\/uploads\/2023\/07\/Muraste-Merikpula-STORY-1-576x1024.png 576w, https:\/\/muraste.ee\/vana\/wp-content\/uploads\/2023\/07\/Muraste-Merikpula-STORY-1-169x300.png 169w, https:\/\/muraste.ee\/vana\/wp-content\/uploads\/2023\/07\/Muraste-Merikpula-STORY-1-768x1365.png 768w, https:\/\/muraste.ee\/vana\/wp-content\/uploads\/2023\/07\/Muraste-Merikpula-STORY-1-864x1536.png 864w, https:\/\/muraste.ee\/vana\/wp-content\/uploads\/2023\/07\/Muraste-Merikpula-STORY-1-624x1109.png 624w, https:\/\/muraste.ee\/vana\/wp-content\/uploads\/2023\/07\/Muraste-Merikpula-STORY-1.png 1080w\" sizes=\"(max-width: 576px) 100vw, 576px\" \/><\/a><\/figure>\n\n\n\n<p><strong>AUTOKINO Paeplatsil<\/strong><\/p>\n\n\n\n<p><strong>info:&nbsp;<\/strong><a href=\"https:\/\/visitharku.com\/sundmus\/autokino.html\">https:\/\/visitharku.com\/sundmus\/autokino.html<\/a><\/p>\n\n\n\n<p><strong>Piletid eelm\u00fc\u00fcgis:&nbsp;<\/strong><a href=\"https:\/\/pilet.pro\/toode\/autokino-murastes\/\">https:\/\/pilet.pro\/toode\/autokino-murastes\/<\/a><\/p>\n\n\n\n<p><strong>Pilet: 5.00 eur\/in.<\/strong><\/p>\n\n\n\n<figure class=\"wp-block-image\"><a href=\"https:\/\/muraste.ee\/vana\/wp-content\/uploads\/2023\/05\/o.jpg\"><img decoding=\"async\" loading=\"lazy\" width=\"1024\" height=\"724\" src=\"https:\/\/muraste.ee\/vana\/wp-content\/uploads\/2023\/05\/o-1024x724.jpg\" alt=\"\" class=\"wp-image-9800\" srcset=\"https:\/\/muraste.ee\/vana\/wp-content\/uploads\/2023\/05\/o-1024x724.jpg 1024w, https:\/\/muraste.ee\/vana\/wp-content\/uploads\/2023\/05\/o-300x212.jpg 300w, https:\/\/muraste.ee\/vana\/wp-content\/uploads\/2023\/05\/o-768x543.jpg 768w, https:\/\/muraste.ee\/vana\/wp-content\/uploads\/2023\/05\/o-1536x1086.jpg 1536w, https:\/\/muraste.ee\/vana\/wp-content\/uploads\/2023\/05\/o-2048x1448.jpg 2048w, https:\/\/muraste.ee\/vana\/wp-content\/uploads\/2023\/05\/o-624x441.jpg 624w\" sizes=\"(max-width: 1024px) 100vw, 1024px\" \/><\/a><\/figure>\n\n\n\n<p><video controls=\"\" src=\"https:\/\/muraste.ee\/vana\/wp-content\/uploads\/2023\/07\/FILM-Lovelace.mp4\"><\/video><\/p>\n\n\n\n<p><strong>H A R K U V A L L A<\/strong><\/p>\n\n\n\n<p><strong>AVATUD K\u00dcLADE N\u00c4DAL<\/strong><\/p>\n\n\n\n<p><strong>info:<\/strong>&nbsp;<a href=\"https:\/\/visitharku.com\/artikkel\/harku-valla-avatud-kylade-nadal-2023.html\">https:\/\/visitharku.com\/artikkel\/harku-valla-avatud-kylade-nadal-2023.html<\/a><\/p>\n\n\n\n<figure class=\"wp-block-image\"><a href=\"https:\/\/muraste.ee\/vana\/wp-content\/uploads\/2023\/07\/HVAKN-1.jpg\"><img decoding=\"async\" loading=\"lazy\" width=\"724\" height=\"1024\" src=\"https:\/\/muraste.ee\/vana\/wp-content\/uploads\/2023\/07\/HVAKN-1-724x1024.jpg\" alt=\"\" class=\"wp-image-9880\" srcset=\"https:\/\/muraste.ee\/vana\/wp-content\/uploads\/2023\/07\/HVAKN-1-724x1024.jpg 724w, https:\/\/muraste.ee\/vana\/wp-content\/uploads\/2023\/07\/HVAKN-1-212x300.jpg 212w, https:\/\/muraste.ee\/vana\/wp-content\/uploads\/2023\/07\/HVAKN-1-768x1086.jpg 768w, https:\/\/muraste.ee\/vana\/wp-content\/uploads\/2023\/07\/HVAKN-1-1086x1536.jpg 1086w, https:\/\/muraste.ee\/vana\/wp-content\/uploads\/2023\/07\/HVAKN-1-1448x2048.jpg 1448w, https:\/\/muraste.ee\/vana\/wp-content\/uploads\/2023\/07\/HVAKN-1-624x883.jpg 624w, https:\/\/muraste.ee\/vana\/wp-content\/uploads\/2023\/07\/HVAKN-1.jpg 1587w\" sizes=\"(max-width: 724px) 100vw, 724px\" \/><\/a><\/figure>\n","protected":false},"excerpt":{"rendered":"<p>N\u00e4dal 27 Tere, armas Muraste! Selja taha on j\u00e4\u00e4nud kaua oodatud suurp\u00e4ev \u2013 Noorte laulu- ja tantsupidu, kuid \u00fclevad emotsioonid j\u00e4\u00e4vad meid saatma kauaks. Tore oli kogeda, et vihm ei rikkunud piduliste tuju ega entsuaismi ning pidu ei tahtnud l\u00f5ppeda ja eestlaste s\u00fcdameid v\u00f5itnud laule lauldi mitmeid kordi. Armastus on k\u00f5ige all\u2026 laulsid noored, need<a class=\"moretag\" href=\"https:\/\/muraste.ee\/vana\/?page_id=9928\"><br \/>&#8230;Loe edasi<\/a><\/p>\n","protected":false},"author":2,"featured_media":0,"parent":0,"menu_order":0,"comment_status":"closed","ping_status":"closed","template":"","meta":{"_bbp_topic_count":0,"_bbp_reply_count":0,"_bbp_total_topic_count":0,"_bbp_total_reply_count":0,"_bbp_voice_count":0,"_bbp_anonymous_reply_count":0,"_bbp_topic_count_hidden":0,"_bbp_reply_count_hidden":0,"_bbp_forum_subforum_count":0,"_mc_calendar":[]},"_links":{"self":[{"href":"https:\/\/muraste.ee\/vana\/index.php?rest_route=\/wp\/v2\/pages\/9928"}],"collection":[{"href":"https:\/\/muraste.ee\/vana\/index.php?rest_route=\/wp\/v2\/pages"}],"about":[{"href":"https:\/\/muraste.ee\/vana\/index.php?rest_route=\/wp\/v2\/types\/page"}],"author":[{"embeddable":true,"href":"https:\/\/muraste.ee\/vana\/index.php?rest_route=\/wp\/v2\/users\/2"}],"replies":[{"embeddable":true,"href":"https:\/\/muraste.ee\/vana\/index.php?rest_route=%2Fwp%2Fv2%2Fcomments&post=9928"}],"version-history":[{"count":1,"href":"https:\/\/muraste.ee\/vana\/index.php?rest_route=\/wp\/v2\/pages\/9928\/revisions"}],"predecessor-version":[{"id":9930,"href":"https:\/\/muraste.ee\/vana\/index.php?rest_route=\/wp\/v2\/pages\/9928\/revisions\/9930"}],"wp:attachment":[{"href":"https:\/\/muraste.ee\/vana\/index.php?rest_route=%2Fwp%2Fv2%2Fmedia&parent=9928"}],"curies":[{"name":"wp","href":"https:\/\/api.w.org\/{rel}","templated":true}]}}