{"id":997,"date":"2016-03-17T18:36:04","date_gmt":"2016-03-17T16:36:04","guid":{"rendered":"https:\/\/muraste.ee\/vana\/?page_id=997"},"modified":"2016-03-17T19:01:47","modified_gmt":"2016-03-17T17:01:47","slug":"muraste-heatoe-fond","status":"publish","type":"page","link":"https:\/\/muraste.ee\/vana\/?page_id=997","title":{"rendered":"Muraste Heatoe Fond"},"content":{"rendered":"<p style=\"text-align: justify;\">Muraste k\u00fclaselts on loonud 2011. aasta alguses heateo fondi eesm\u00e4rgiga toetada abivajavaid peresid. 2015. aastal nimetati ettev\u00f5tmine \u00fcmber <strong>Muraste Heatoe Fondiks. <\/strong><\/p>\n<p style=\"text-align: justify;\">Fondi kogutakse raha \u00f5nneloosi m\u00fc\u00fcgi kaudu erinevatel k\u00fclaseltsi poolt korraldatavatel \u00fcritustel. \u00d5nneloosi auhinnafondi on paljud ettev\u00f5tted panustanud oma toodete ja reklaamkingitustega. Fondi kogunenud raha kasutamine otsustatakse juhatuse poolt, kaasatud on ka Harku valla sotsiaal- ja tervishoiuosakonda ning Harku valla Lastekaitse U\u0308hingut. Fondi kogunud rahasummaga soovitakse igal aastal anda v\u00e4ike panus Eesti elu edendavatele murastelastele.<\/p>\n<p><strong>M\u00f5ned n\u00e4ited:<\/strong><\/p>\n<p><a href=\"https:\/\/muraste.ee\/vana\/wp-content\/uploads\/2016\/03\/suurpere.jpg\"><img decoding=\"async\" loading=\"lazy\" class=\"wp-image-998 aligncenter\" src=\"https:\/\/muraste.ee\/vana\/wp-content\/uploads\/2016\/03\/suurpere-300x208.jpg\" alt=\"suurpere\" width=\"411\" height=\"285\" srcset=\"https:\/\/muraste.ee\/vana\/wp-content\/uploads\/2016\/03\/suurpere-300x208.jpg 300w, https:\/\/muraste.ee\/vana\/wp-content\/uploads\/2016\/03\/suurpere.jpg 520w\" sizes=\"(max-width: 411px) 100vw, 411px\" \/><\/a><\/p>\n<ul>\n<li>28. aprillil 1013.a toimus Muraste, Harku valla suurima k\u00fcla, lapserohkete perede bowlingu turniir Al Mare Bowlingus. Kohal oli viis peret ligi 25 suure ja v\u00e4ikese osav\u00f5tjaga.<\/li>\n<li style=\"text-align: justify;\">Muraste k\u00fclaselts algatas novembris 2013 koduste hoidiste kogumise aktsiooni. Juba esimesel aastal toodi hoidiseid-mahlu pea 75 purki, lisaks p\u00f5drakonserve ning koduseid \u00f5unu. Koos Harku Valla Lastekaitse \u00dchinguga valitakse v\u00e4lja pered, kellele head ja paremat koju viiakse. Traditsioon j\u00e4tkub ka t\u00e4navu!<\/li>\n<li style=\"text-align: justify;\">Korraldatud on mitmed lastele suunatud \u00fcritusi, \u00f5lg on alla pandud ka Tilgu H\u00fcljeste ehk talisuplejate saunaehitusele.<\/li>\n<\/ul>\n<p style=\"text-align: center;\"><a href=\"https:\/\/muraste.ee\/vana\/wp-content\/uploads\/2016\/03\/moos.png\"><img decoding=\"async\" loading=\"lazy\" class=\"alignnone size-medium wp-image-1004\" src=\"https:\/\/muraste.ee\/vana\/wp-content\/uploads\/2016\/03\/moos-300x113.png\" alt=\"moos\" width=\"300\" height=\"113\" srcset=\"https:\/\/muraste.ee\/vana\/wp-content\/uploads\/2016\/03\/moos-300x113.png 300w, https:\/\/muraste.ee\/vana\/wp-content\/uploads\/2016\/03\/moos-624x235.png 624w, https:\/\/muraste.ee\/vana\/wp-content\/uploads\/2016\/03\/moos.png 745w\" sizes=\"(max-width: 300px) 100vw, 300px\" \/><\/a><\/p>\n<p>&nbsp;<\/p>\n","protected":false},"excerpt":{"rendered":"<p>Muraste k\u00fclaselts on loonud 2011. aasta alguses heateo fondi eesm\u00e4rgiga toetada abivajavaid peresid. 2015. aastal nimetati ettev\u00f5tmine \u00fcmber Muraste Heatoe Fondiks. Fondi kogutakse raha \u00f5nneloosi m\u00fc\u00fcgi kaudu erinevatel k\u00fclaseltsi poolt korraldatavatel \u00fcritustel. \u00d5nneloosi auhinnafondi on paljud ettev\u00f5tted panustanud oma toodete ja reklaamkingitustega. Fondi kogunenud raha kasutamine otsustatakse juhatuse poolt, kaasatud on ka Harku valla sotsiaal-<a class=\"moretag\" href=\"https:\/\/muraste.ee\/vana\/?page_id=997\"><br \/>&#8230;Loe edasi<\/a><\/p>\n","protected":false},"author":2,"featured_media":0,"parent":0,"menu_order":0,"comment_status":"closed","ping_status":"closed","template":"","meta":{"_bbp_topic_count":0,"_bbp_reply_count":0,"_bbp_total_topic_count":0,"_bbp_total_reply_count":0,"_bbp_voice_count":0,"_bbp_anonymous_reply_count":0,"_bbp_topic_count_hidden":0,"_bbp_reply_count_hidden":0,"_bbp_forum_subforum_count":0,"_mc_calendar":[]},"_links":{"self":[{"href":"https:\/\/muraste.ee\/vana\/index.php?rest_route=\/wp\/v2\/pages\/997"}],"collection":[{"href":"https:\/\/muraste.ee\/vana\/index.php?rest_route=\/wp\/v2\/pages"}],"about":[{"href":"https:\/\/muraste.ee\/vana\/index.php?rest_route=\/wp\/v2\/types\/page"}],"author":[{"embeddable":true,"href":"https:\/\/muraste.ee\/vana\/index.php?rest_route=\/wp\/v2\/users\/2"}],"replies":[{"embeddable":true,"href":"https:\/\/muraste.ee\/vana\/index.php?rest_route=%2Fwp%2Fv2%2Fcomments&post=997"}],"version-history":[{"count":6,"href":"https:\/\/muraste.ee\/vana\/index.php?rest_route=\/wp\/v2\/pages\/997\/revisions"}],"predecessor-version":[{"id":1007,"href":"https:\/\/muraste.ee\/vana\/index.php?rest_route=\/wp\/v2\/pages\/997\/revisions\/1007"}],"wp:attachment":[{"href":"https:\/\/muraste.ee\/vana\/index.php?rest_route=%2Fwp%2Fv2%2Fmedia&parent=997"}],"curies":[{"name":"wp","href":"https:\/\/api.w.org\/{rel}","templated":true}]}}